{"id":32046,"date":"2015-08-18T11:18:15","date_gmt":"2015-08-18T09:18:15","guid":{"rendered":"https:\/\/lucie-hauri.hostpress.me\/cala-dor\/"},"modified":"2024-01-19T15:40:39","modified_gmt":"2024-01-19T14:40:39","slug":"cala-dor","status":"publish","type":"page","link":"https:\/\/www.lucie-hauri.com\/es\/region\/cala-dor\/","title":{"rendered":"Cala d&#8217;Or"},"content":{"rendered":"<div data-elementor-type=\"wp-page\" data-elementor-id=\"32046\" class=\"elementor elementor-32046\" data-elementor-post-type=\"page\">\n\t\t\t\t<div class=\"elementor-element elementor-element-2e9ea754 e-flex e-con-boxed e-con e-parent\" data-id=\"2e9ea754\" data-element_type=\"container\">\n\t\t\t\t\t<div class=\"e-con-inner\">\n\t\t\t\t<div class=\"elementor-element elementor-element-3bde5c2b elementor-widget elementor-widget-text-editor\" data-id=\"3bde5c2b\" data-element_type=\"widget\" data-widget_type=\"text-editor.default\">\n\t\t\t\t<div class=\"elementor-widget-container\">\n\t\t\t\t\t\t\t\t\t<p>Cala d\u2019Or es uno de los centros tur\u00edsticos mas importantes en la parte sudeste de Mallorca. Una gran zona peatonal atraviesa el pueblo, aqu\u00ed encontrar\u00e1 numerosos restaurantes, bares y tiendas. Durante los meses de verano, por las noches existe mucho ambiente en todas las discotecas y bares de copas.<\/p>\t\t\t\t\t\t\t\t<\/div>\n\t\t\t\t<\/div>\n\t\t\t\t\t<\/div>\n\t\t\t\t<\/div>\n\t\t<div class=\"elementor-element elementor-element-3014bc22 e-flex e-con-boxed e-con e-parent\" data-id=\"3014bc22\" data-element_type=\"container\">\n\t\t\t\t\t<div class=\"e-con-inner\">\n\t\t\t\t<div class=\"elementor-element elementor-element-3e1bd058 elementor-arrows-position-inside elementor-pagination-position-outside elementor-widget elementor-widget-image-carousel\" data-id=\"3e1bd058\" data-element_type=\"widget\" data-settings=\"{&quot;image_spacing_custom&quot;:{&quot;unit&quot;:&quot;px&quot;,&quot;size&quot;:15,&quot;sizes&quot;:[]},&quot;slides_to_show&quot;:&quot;3&quot;,&quot;navigation&quot;:&quot;both&quot;,&quot;autoplay&quot;:&quot;yes&quot;,&quot;pause_on_hover&quot;:&quot;yes&quot;,&quot;pause_on_interaction&quot;:&quot;yes&quot;,&quot;autoplay_speed&quot;:5000,&quot;infinite&quot;:&quot;yes&quot;,&quot;speed&quot;:500,&quot;image_spacing_custom_tablet&quot;:{&quot;unit&quot;:&quot;px&quot;,&quot;size&quot;:&quot;&quot;,&quot;sizes&quot;:[]},&quot;image_spacing_custom_mobile&quot;:{&quot;unit&quot;:&quot;px&quot;,&quot;size&quot;:&quot;&quot;,&quot;sizes&quot;:[]}}\" data-widget_type=\"image-carousel.default\">\n\t\t\t\t<div class=\"elementor-widget-container\">\n\t\t\t\t\t\t\t<div class=\"elementor-image-carousel-wrapper swiper\" role=\"region\" aria-roledescription=\"carousel\" aria-label=\"Bild Karussell\" dir=\"ltr\">\n\t\t\t<div class=\"elementor-image-carousel swiper-wrapper\" aria-live=\"off\">\n\t\t\t\t\t\t\t\t<div class=\"swiper-slide\" role=\"group\" aria-roledescription=\"slide\" aria-label=\"1 von 3\"><a data-elementor-open-lightbox=\"yes\" data-elementor-lightbox-slideshow=\"3e1bd058\" data-e-action-hash=\"#elementor-action%3Aaction%3Dlightbox%26settings%3DeyJpZCI6NTU1NzAsInVybCI6Imh0dHBzOlwvXC93d3cubHVjaWUtaGF1cmkuY29tXC93cC1jb250ZW50XC91cGxvYWRzXC8yMDE2XC8wNFwvQ2FsYS1kT3JfMS5qcGciLCJzbGlkZXNob3ciOiIzZTFiZDA1OCJ9\" href=\"https:\/\/www.lucie-hauri.com\/wp-content\/uploads\/2016\/04\/Cala-dOr_1.jpg\"><figure class=\"swiper-slide-inner\"><img decoding=\"async\" class=\"swiper-slide-image\" src=\"https:\/\/www.lucie-hauri.com\/wp-content\/uploads\/elementor\/thumbs\/Cala-dOr_1-qltvtkacvn5fjzngppohfarhqdq47pir62pwn789xy.jpg\" alt=\"Cala dOr\" \/><\/figure><\/a><\/div><div class=\"swiper-slide\" role=\"group\" aria-roledescription=\"slide\" aria-label=\"2 von 3\"><a data-elementor-open-lightbox=\"yes\" data-elementor-lightbox-slideshow=\"3e1bd058\" data-e-action-hash=\"#elementor-action%3Aaction%3Dlightbox%26settings%3DeyJpZCI6NTU1NzEsInVybCI6Imh0dHBzOlwvXC93d3cubHVjaWUtaGF1cmkuY29tXC93cC1jb250ZW50XC91cGxvYWRzXC8yMDE2XC8wNFwvQ2FsYS1kT3JfMi5qcGciLCJzbGlkZXNob3ciOiIzZTFiZDA1OCJ9\" href=\"https:\/\/www.lucie-hauri.com\/wp-content\/uploads\/2016\/04\/Cala-dOr_2.jpg\"><figure class=\"swiper-slide-inner\"><img decoding=\"async\" class=\"swiper-slide-image\" src=\"https:\/\/www.lucie-hauri.com\/wp-content\/uploads\/elementor\/thumbs\/Cala-dOr_2-qltvtkacvn5fjzngppohfarhqdq47pir62pwn789xy.jpg\" alt=\"Cala dOr\" \/><\/figure><\/a><\/div><div class=\"swiper-slide\" role=\"group\" aria-roledescription=\"slide\" aria-label=\"3 von 3\"><a data-elementor-open-lightbox=\"yes\" data-elementor-lightbox-slideshow=\"3e1bd058\" data-e-action-hash=\"#elementor-action%3Aaction%3Dlightbox%26settings%3DeyJpZCI6NTU1NzIsInVybCI6Imh0dHBzOlwvXC93d3cubHVjaWUtaGF1cmkuY29tXC93cC1jb250ZW50XC91cGxvYWRzXC8yMDE2XC8wNFwvQ2FsYS1kT3JfMy5qcGciLCJzbGlkZXNob3ciOiIzZTFiZDA1OCJ9\" href=\"https:\/\/www.lucie-hauri.com\/wp-content\/uploads\/2016\/04\/Cala-dOr_3.jpg\"><figure class=\"swiper-slide-inner\"><img decoding=\"async\" class=\"swiper-slide-image\" src=\"https:\/\/www.lucie-hauri.com\/wp-content\/uploads\/elementor\/thumbs\/Cala-dOr_3-qltvtkacvn5fjzngppohfarhqdq47pir62pwn789xy.jpg\" alt=\"Cala dOr\" \/><\/figure><\/a><\/div>\t\t\t<\/div>\n\t\t\t\t\t\t\t\t\t\t\t\t<div class=\"elementor-swiper-button elementor-swiper-button-prev\" role=\"button\" tabindex=\"0\">\n\t\t\t\t\t\t<i aria-hidden=\"true\" class=\"eicon-chevron-left\"><\/i>\t\t\t\t\t<\/div>\n\t\t\t\t\t<div class=\"elementor-swiper-button elementor-swiper-button-next\" role=\"button\" tabindex=\"0\">\n\t\t\t\t\t\t<i aria-hidden=\"true\" class=\"eicon-chevron-right\"><\/i>\t\t\t\t\t<\/div>\n\t\t\t\t\n\t\t\t\t\t\t\t\t\t<div class=\"swiper-pagination\"><\/div>\n\t\t\t\t\t\t\t\t\t<\/div>\n\t\t\t\t\t\t<\/div>\n\t\t\t\t<\/div>\n\t\t\t\t<div class=\"elementor-element elementor-element-60574c elementor-widget elementor-widget-text-editor\" data-id=\"60574c\" data-element_type=\"widget\" data-widget_type=\"text-editor.default\">\n\t\t\t\t<div class=\"elementor-widget-container\">\n\t\t\t\t\t\t\t\t\t<p>Cala d\u2019Or tiene varias preciosas playas tanto dentro del pueblo como por sus alrededores. Otro punto que mencionar es su preciosa marina con sus grandes barcos de recreo, veleros y lanchas. Recientemente se ha construido un lujoso club N\u00e1utico que ofrece todos los servicios relacionados con n\u00e1utica.<\/p><p>Cala d\u2019Or tambi\u00e9n tiene una zona antigua que a pesar de estar tan cerca del centro presenta pura tranquilidad y armon\u00eda, aqu\u00ed podr\u00e1 pasear entre las casas de estilo Ibizenco con jardines muy bien cuidados llenos de palmeras, flores y \u00e1rboles.<br><br>\n\nEl campo de golf Vall d\u2019Or est\u00e1 a unos 10 minutos en coche y la capital Palma y el a\u00e9ropuerto internacional a unos 50 min.<\/p>\t\t\t\t\t\t\t\t<\/div>\n\t\t\t\t<\/div>\n\t\t\t\t\t<\/div>\n\t\t\t\t<\/div>\n\t\t\t\t<\/div>","protected":false},"excerpt":{"rendered":"<p>Cala d\u2019Or geh\u00f6rt zu den wichtigsten touristischen Orten im S\u00fcdosten der Baleareninsel. Eine gro\u00dfe Fu\u00dfg\u00e4ngerzone durchzieht den Ort, hier sind zahlreiche Restaurants, Bars und Gesch\u00e4fte zu finden. Cala d\u2019Or besticht au\u00dferdem durch wundersch\u00f6ne Badebuchten, die sich sowohl innerhalb wie auch au\u00dferhalb des Ortes befinden. Ein weiteres Highlight ist der beeindruckende Sporthafen von Cala d\u2019Or, der zu den wichtigsten Anlegepl\u00e4tzen f\u00fcr Yachten, Segel- und Motorboote geh\u00f6rt. Cala d\u2019Or verf\u00fcgt auch \u00fcber einen sogenannten \u2018alten Ortsteil\u2019, der trotz unmittelbarer N\u00e4he zur Fu\u00dfg\u00e4ngerzone wunderbar ruhig ist und dessen Bild von H\u00e4usern im ibizenkischen Stil und vielen Baum- und Palmenarten bestimmt wird.<\/p>","protected":false},"author":5,"featured_media":134026,"parent":325,"menu_order":0,"comment_status":"closed","ping_status":"closed","template":"","meta":{"_acf_changed":false,"footnotes":""},"categories":[226],"tags":[],"class_list":["post-32046","page","type-page","status-publish","has-post-thumbnail","hentry","category-region"],"acf":[],"yoast_head":"<!-- This site is optimized with the Yoast SEO Premium plugin v24.4 (Yoast SEO v26.8) - https:\/\/yoast.com\/product\/yoast-seo-premium-wordpress\/ -->\n<title>Cala d&#039;Or - Lucie Hauri | Exclusive Real Estate<\/title>\n<meta name=\"robots\" content=\"index, follow, max-snippet:-1, max-image-preview:large, max-video-preview:-1\" \/>\n<link rel=\"canonical\" href=\"https:\/\/www.lucie-hauri.com\/es\/region\/cala-dor\/\" \/>\n<meta property=\"og:locale\" content=\"es_ES\" \/>\n<meta property=\"og:type\" content=\"article\" \/>\n<meta property=\"og:title\" content=\"Cala d&#039;Or - Lucie Hauri | Exclusive Real Estate\" \/>\n<meta property=\"og:description\" content=\"Cala d\u2019Or geh\u00f6rt zu den wichtigsten touristischen Orten im S\u00fcdosten der Baleareninsel. Eine gro\u00dfe Fu\u00dfg\u00e4ngerzone durchzieht den Ort, hier sind zahlreiche Restaurants, Bars und Gesch\u00e4fte zu finden. Cala d\u2019Or besticht au\u00dferdem durch wundersch\u00f6ne Badebuchten, die sich sowohl innerhalb wie auch au\u00dferhalb des Ortes befinden. Ein weiteres Highlight ist der beeindruckende Sporthafen von Cala d\u2019Or, der zu den wichtigsten Anlegepl\u00e4tzen f\u00fcr Yachten, Segel- und Motorboote geh\u00f6rt. Cala d\u2019Or verf\u00fcgt auch \u00fcber einen sogenannten \u2018alten Ortsteil\u2019, der trotz unmittelbarer N\u00e4he zur Fu\u00dfg\u00e4ngerzone wunderbar ruhig ist und dessen Bild von H\u00e4usern im ibizenkischen Stil und vielen Baum- und Palmenarten bestimmt wird.\" \/>\n<meta property=\"og:url\" content=\"https:\/\/www.lucie-hauri.com\/es\/region\/cala-dor\/\" \/>\n<meta property=\"og:site_name\" content=\"Lucie Hauri | Exclusive Real Estate\" \/>\n<meta property=\"article:modified_time\" content=\"2024-01-19T14:40:39+00:00\" \/>\n<meta property=\"og:image\" content=\"https:\/\/www.lucie-hauri.com\/wp-content\/uploads\/2023\/12\/cala-dor.webp\" \/>\n\t<meta property=\"og:image:width\" content=\"1400\" \/>\n\t<meta property=\"og:image:height\" content=\"600\" \/>\n\t<meta property=\"og:image:type\" content=\"image\/webp\" \/>\n<meta name=\"twitter:card\" content=\"summary_large_image\" \/>\n<meta name=\"twitter:label1\" content=\"Tiempo de lectura\" \/>\n\t<meta name=\"twitter:data1\" content=\"5 minutos\" \/>\n<script type=\"application\/ld+json\" class=\"yoast-schema-graph\">{\"@context\":\"https:\/\/schema.org\",\"@graph\":[{\"@type\":\"WebPage\",\"@id\":\"https:\/\/www.lucie-hauri.com\/en\/region\/cala-dor\/\",\"url\":\"https:\/\/www.lucie-hauri.com\/en\/region\/cala-dor\/\",\"name\":\"Cala d'Or - Lucie Hauri | Exclusive Real Estate\",\"isPartOf\":{\"@id\":\"https:\/\/www.lucie-hauri.com\/en\/#website\"},\"primaryImageOfPage\":{\"@id\":\"https:\/\/www.lucie-hauri.com\/en\/region\/cala-dor\/#primaryimage\"},\"image\":{\"@id\":\"https:\/\/www.lucie-hauri.com\/en\/region\/cala-dor\/#primaryimage\"},\"thumbnailUrl\":\"https:\/\/www.lucie-hauri.com\/wp-content\/uploads\/2023\/12\/cala-dor.webp\",\"datePublished\":\"2015-08-18T09:18:15+00:00\",\"dateModified\":\"2024-01-19T14:40:39+00:00\",\"breadcrumb\":{\"@id\":\"https:\/\/www.lucie-hauri.com\/en\/region\/cala-dor\/#breadcrumb\"},\"inLanguage\":\"es\",\"potentialAction\":[{\"@type\":\"ReadAction\",\"target\":[\"https:\/\/www.lucie-hauri.com\/en\/region\/cala-dor\/\"]}]},{\"@type\":\"ImageObject\",\"inLanguage\":\"es\",\"@id\":\"https:\/\/www.lucie-hauri.com\/en\/region\/cala-dor\/#primaryimage\",\"url\":\"https:\/\/www.lucie-hauri.com\/wp-content\/uploads\/2023\/12\/cala-dor.webp\",\"contentUrl\":\"https:\/\/www.lucie-hauri.com\/wp-content\/uploads\/2023\/12\/cala-dor.webp\",\"width\":1400,\"height\":600},{\"@type\":\"BreadcrumbList\",\"@id\":\"https:\/\/www.lucie-hauri.com\/en\/region\/cala-dor\/#breadcrumb\",\"itemListElement\":[{\"@type\":\"ListItem\",\"position\":1,\"name\":\"Region\",\"item\":\"https:\/\/www.lucie-hauri.com\/en\/region\/\"},{\"@type\":\"ListItem\",\"position\":2,\"name\":\"Cala d&#8217;Or\"}]},{\"@type\":\"WebSite\",\"@id\":\"https:\/\/www.lucie-hauri.com\/en\/#website\",\"url\":\"https:\/\/www.lucie-hauri.com\/en\/\",\"name\":\"Lucie Hauri | Exclusive Real Estate\",\"description\":\"\",\"potentialAction\":[{\"@type\":\"SearchAction\",\"target\":{\"@type\":\"EntryPoint\",\"urlTemplate\":\"https:\/\/www.lucie-hauri.com\/en\/?s={search_term_string}\"},\"query-input\":{\"@type\":\"PropertyValueSpecification\",\"valueRequired\":true,\"valueName\":\"search_term_string\"}}],\"inLanguage\":\"es\"}]}<\/script>\n<!-- \/ Yoast SEO Premium plugin. -->","yoast_head_json":{"title":"Cala d'Or - Lucie Hauri | Exclusive Real Estate","robots":{"index":"index","follow":"follow","max-snippet":"max-snippet:-1","max-image-preview":"max-image-preview:large","max-video-preview":"max-video-preview:-1"},"canonical":"https:\/\/www.lucie-hauri.com\/es\/region\/cala-dor\/","og_locale":"es_ES","og_type":"article","og_title":"Cala d'Or - Lucie Hauri | Exclusive Real Estate","og_description":"Cala d\u2019Or geh\u00f6rt zu den wichtigsten touristischen Orten im S\u00fcdosten der Baleareninsel. Eine gro\u00dfe Fu\u00dfg\u00e4ngerzone durchzieht den Ort, hier sind zahlreiche Restaurants, Bars und Gesch\u00e4fte zu finden. Cala d\u2019Or besticht au\u00dferdem durch wundersch\u00f6ne Badebuchten, die sich sowohl innerhalb wie auch au\u00dferhalb des Ortes befinden. Ein weiteres Highlight ist der beeindruckende Sporthafen von Cala d\u2019Or, der zu den wichtigsten Anlegepl\u00e4tzen f\u00fcr Yachten, Segel- und Motorboote geh\u00f6rt. Cala d\u2019Or verf\u00fcgt auch \u00fcber einen sogenannten \u2018alten Ortsteil\u2019, der trotz unmittelbarer N\u00e4he zur Fu\u00dfg\u00e4ngerzone wunderbar ruhig ist und dessen Bild von H\u00e4usern im ibizenkischen Stil und vielen Baum- und Palmenarten bestimmt wird.","og_url":"https:\/\/www.lucie-hauri.com\/es\/region\/cala-dor\/","og_site_name":"Lucie Hauri | Exclusive Real Estate","article_modified_time":"2024-01-19T14:40:39+00:00","og_image":[{"width":1400,"height":600,"url":"https:\/\/www.lucie-hauri.com\/wp-content\/uploads\/2023\/12\/cala-dor.webp","type":"image\/webp"}],"twitter_card":"summary_large_image","twitter_misc":{"Tiempo de lectura":"5 minutos"},"schema":{"@context":"https:\/\/schema.org","@graph":[{"@type":"WebPage","@id":"https:\/\/www.lucie-hauri.com\/en\/region\/cala-dor\/","url":"https:\/\/www.lucie-hauri.com\/en\/region\/cala-dor\/","name":"Cala d'Or - Lucie Hauri | Exclusive Real Estate","isPartOf":{"@id":"https:\/\/www.lucie-hauri.com\/en\/#website"},"primaryImageOfPage":{"@id":"https:\/\/www.lucie-hauri.com\/en\/region\/cala-dor\/#primaryimage"},"image":{"@id":"https:\/\/www.lucie-hauri.com\/en\/region\/cala-dor\/#primaryimage"},"thumbnailUrl":"https:\/\/www.lucie-hauri.com\/wp-content\/uploads\/2023\/12\/cala-dor.webp","datePublished":"2015-08-18T09:18:15+00:00","dateModified":"2024-01-19T14:40:39+00:00","breadcrumb":{"@id":"https:\/\/www.lucie-hauri.com\/en\/region\/cala-dor\/#breadcrumb"},"inLanguage":"es","potentialAction":[{"@type":"ReadAction","target":["https:\/\/www.lucie-hauri.com\/en\/region\/cala-dor\/"]}]},{"@type":"ImageObject","inLanguage":"es","@id":"https:\/\/www.lucie-hauri.com\/en\/region\/cala-dor\/#primaryimage","url":"https:\/\/www.lucie-hauri.com\/wp-content\/uploads\/2023\/12\/cala-dor.webp","contentUrl":"https:\/\/www.lucie-hauri.com\/wp-content\/uploads\/2023\/12\/cala-dor.webp","width":1400,"height":600},{"@type":"BreadcrumbList","@id":"https:\/\/www.lucie-hauri.com\/en\/region\/cala-dor\/#breadcrumb","itemListElement":[{"@type":"ListItem","position":1,"name":"Region","item":"https:\/\/www.lucie-hauri.com\/en\/region\/"},{"@type":"ListItem","position":2,"name":"Cala d&#8217;Or"}]},{"@type":"WebSite","@id":"https:\/\/www.lucie-hauri.com\/en\/#website","url":"https:\/\/www.lucie-hauri.com\/en\/","name":"Lucie Hauri | Exclusive Real Estate","description":"","potentialAction":[{"@type":"SearchAction","target":{"@type":"EntryPoint","urlTemplate":"https:\/\/www.lucie-hauri.com\/en\/?s={search_term_string}"},"query-input":{"@type":"PropertyValueSpecification","valueRequired":true,"valueName":"search_term_string"}}],"inLanguage":"es"}]}},"_links":{"self":[{"href":"https:\/\/www.lucie-hauri.com\/es\/wp-json\/wp\/v2\/pages\/32046","targetHints":{"allow":["GET"]}}],"collection":[{"href":"https:\/\/www.lucie-hauri.com\/es\/wp-json\/wp\/v2\/pages"}],"about":[{"href":"https:\/\/www.lucie-hauri.com\/es\/wp-json\/wp\/v2\/types\/page"}],"author":[{"embeddable":true,"href":"https:\/\/www.lucie-hauri.com\/es\/wp-json\/wp\/v2\/users\/5"}],"replies":[{"embeddable":true,"href":"https:\/\/www.lucie-hauri.com\/es\/wp-json\/wp\/v2\/comments?post=32046"}],"version-history":[{"count":0,"href":"https:\/\/www.lucie-hauri.com\/es\/wp-json\/wp\/v2\/pages\/32046\/revisions"}],"up":[{"embeddable":true,"href":"https:\/\/www.lucie-hauri.com\/es\/wp-json\/wp\/v2\/pages\/325"}],"wp:featuredmedia":[{"embeddable":true,"href":"https:\/\/www.lucie-hauri.com\/es\/wp-json\/wp\/v2\/media\/134026"}],"wp:attachment":[{"href":"https:\/\/www.lucie-hauri.com\/es\/wp-json\/wp\/v2\/media?parent=32046"}],"wp:term":[{"taxonomy":"category","embeddable":true,"href":"https:\/\/www.lucie-hauri.com\/es\/wp-json\/wp\/v2\/categories?post=32046"},{"taxonomy":"post_tag","embeddable":true,"href":"https:\/\/www.lucie-hauri.com\/es\/wp-json\/wp\/v2\/tags?post=32046"}],"curies":[{"name":"wp","href":"https:\/\/api.w.org\/{rel}","templated":true}]}}