{"id":167526,"date":"2025-02-13T13:29:20","date_gmt":"2025-02-13T12:29:20","guid":{"rendered":"https:\/\/www.lucie-hauri.com\/?page_id=167526"},"modified":"2025-02-18T08:25:27","modified_gmt":"2025-02-18T07:25:27","slug":"favoriten-wishlist","status":"publish","type":"page","link":"https:\/\/www.lucie-hauri.com\/es\/favoriten-wishlist\/","title":{"rendered":"Favoriten Wishlist"},"content":{"rendered":"<div data-elementor-type=\"wp-page\" data-elementor-id=\"167526\" class=\"elementor elementor-167526\" data-elementor-post-type=\"page\">\n\t\t\t\t<div class=\"elementor-element elementor-element-e30a0f3 e-flex e-con-boxed e-con e-parent\" data-id=\"e30a0f3\" data-element_type=\"container\">\n\t\t\t\t\t<div class=\"e-con-inner\">\n\t\t<div class=\"elementor-element elementor-element-78d1add0 e-flex e-con-boxed e-con e-child\" data-id=\"78d1add0\" data-element_type=\"container\">\n\t\t\t\t\t<div class=\"e-con-inner\">\n\t\t<div class=\"elementor-element elementor-element-2c34a410 e-con-full e-flex e-con e-child\" data-id=\"2c34a410\" data-element_type=\"container\" data-settings=\"{&quot;background_background&quot;:&quot;classic&quot;}\">\n\t\t<div class=\"elementor-element elementor-element-232df237 e-con-full e-flex e-con e-child\" data-id=\"232df237\" data-element_type=\"container\">\n\t\t\t\t<div class=\"elementor-element elementor-element-320297a elementor-widget elementor-widget-heading\" data-id=\"320297a\" data-element_type=\"widget\" data-widget_type=\"heading.default\">\n\t\t\t\t<div class=\"elementor-widget-container\">\n\t\t\t\t\t<h2 class=\"elementor-heading-title elementor-size-default\">Sus favoritos<\/h2>\t\t\t\t<\/div>\n\t\t\t\t<\/div>\n\t\t\t\t<div class=\"elementor-element elementor-element-bdf7421 elementor-widget elementor-widget-text-editor\" data-id=\"bdf7421\" data-element_type=\"widget\" data-widget_type=\"text-editor.default\">\n\t\t\t\t<div class=\"elementor-widget-container\">\n\t\t\t\t\t\t\t\t\t<p>Simplemente seleccione las propiedades deseadas para su consulta con \u00abA\u00f1adir a la consulta\u00bb para recibir una exposici\u00f3n o m\u00e1s informaci\u00f3n. Los ID de referencia seleccionados se mostrar\u00e1n en la consulta y se nos enviar\u00e1n.\u00a0<\/p><p>Con \u00abEliminar de favoritos\u00bb puedes borrar de tus favoritos los objetos que ya no te interesen.<\/p>\t\t\t\t\t\t\t\t<\/div>\n\t\t\t\t<\/div>\n\t\t\t\t<div class=\"elementor-element elementor-element-d60e14c elementor-widget elementor-widget-spacer\" data-id=\"d60e14c\" data-element_type=\"widget\" data-widget_type=\"spacer.default\">\n\t\t\t\t<div class=\"elementor-widget-container\">\n\t\t\t\t\t\t\t<div class=\"elementor-spacer\">\n\t\t\t<div class=\"elementor-spacer-inner\"><\/div>\n\t\t<\/div>\n\t\t\t\t\t\t<\/div>\n\t\t\t\t<\/div>\n\t\t<div class=\"elementor-element elementor-element-b00bd02 e-grid e-con-full wishlist-empty-container e-con e-child\" data-id=\"b00bd02\" data-element_type=\"container\">\n\t\t\t\t<div class=\"elementor-element elementor-element-7dc8d78 elementor-widget elementor-widget-text-editor\" data-id=\"7dc8d78\" data-element_type=\"widget\" data-widget_type=\"text-editor.default\">\n\t\t\t\t<div class=\"elementor-widget-container\">\n\t\t\t\t\t\t\t\t\t<p><span data-teams=\"true\">Haben Sie noch keine Favoriten gespeichert? <br \/>Dann geht es hier zur unseren Traummobilien.<\/span><\/p>\t\t\t\t\t\t\t\t<\/div>\n\t\t\t\t<\/div>\n\t\t\t\t<div class=\"elementor-element elementor-element-24ecc8f elementor-align-center elementor-widget elementor-widget-button\" data-id=\"24ecc8f\" data-element_type=\"widget\" data-widget_type=\"button.default\">\n\t\t\t\t<div class=\"elementor-widget-container\">\n\t\t\t\t\t\t\t\t\t<div class=\"elementor-button-wrapper\">\n\t\t\t\t\t<a class=\"elementor-button elementor-button-link elementor-size-sm\" href=\"https:\/\/www.lucie-hauri.com\/es\/alle-objekte\/\">\n\t\t\t\t\t\t<span class=\"elementor-button-content-wrapper\">\n\t\t\t\t\t\t\t\t\t<span class=\"elementor-button-text\">Todos los inmuebles<\/span>\n\t\t\t\t\t<\/span>\n\t\t\t\t\t<\/a>\n\t\t\t\t<\/div>\n\t\t\t\t\t\t\t\t<\/div>\n\t\t\t\t<\/div>\n\t\t\t\t<\/div>\n\t\t\t\t<div class=\"elementor-element elementor-element-cb05081 elementor-widget elementor-widget-adwishlistlist\" data-id=\"cb05081\" data-element_type=\"widget\" data-widget_type=\"adwishlistlist.default\">\n\t\t\t\t\t\r\n        <div id=\"cssload-loader\">\r\n            <ul>\r\n                <li><\/li>\r\n                <li><\/li>\r\n                <li><\/li>\r\n                <li><\/li>\r\n                <li><\/li>\r\n                <li><\/li>\r\n            <\/ul>\r\n        <\/div>\r\n        <div id=\"wishlist-container\" class=\"adwishlistlist-elementor-widget\">\r\n\r\n\r\n        <\/div>\r\n        \t\t\t\t<\/div>\n\t\t\t\t<\/div>\n\t\t\t\t<\/div>\n\t\t<div class=\"elementor-element elementor-element-59e11919 e-con-full e-flex e-con e-child\" data-id=\"59e11919\" data-element_type=\"container\" data-settings=\"{&quot;background_background&quot;:&quot;classic&quot;}\">\n\t\t<div class=\"elementor-element elementor-element-74781524 e-flex e-con-boxed e-con e-child\" data-id=\"74781524\" data-element_type=\"container\" data-settings=\"{&quot;background_background&quot;:&quot;classic&quot;}\">\n\t\t\t\t\t<div class=\"e-con-inner\">\n\t\t<div class=\"elementor-element elementor-element-95c1b46 e-flex e-con-boxed e-con e-child\" data-id=\"95c1b46\" data-element_type=\"container\" data-settings=\"{&quot;background_background&quot;:&quot;classic&quot;}\">\n\t\t\t\t\t<div class=\"e-con-inner\">\n\t\t\t\t<div class=\"elementor-element elementor-element-5feab02 elementor-widget__width-initial elementor-widget elementor-widget-heading\" data-id=\"5feab02\" data-element_type=\"widget\" data-widget_type=\"heading.default\">\n\t\t\t\t<div class=\"elementor-widget-container\">\n\t\t\t\t\t<h3 class=\"elementor-heading-title elementor-size-default\">Solicitar folleto<\/h3>\t\t\t\t<\/div>\n\t\t\t\t<\/div>\n\t\t\t\t<div class=\"elementor-element elementor-element-f28ede7 elementor-widget-divider--view-line elementor-widget elementor-widget-divider\" data-id=\"f28ede7\" data-element_type=\"widget\" data-widget_type=\"divider.default\">\n\t\t\t\t<div class=\"elementor-widget-container\">\n\t\t\t\t\t\t\t<div class=\"elementor-divider\">\n\t\t\t<span class=\"elementor-divider-separator\">\n\t\t\t\t\t\t<\/span>\n\t\t<\/div>\n\t\t\t\t\t\t<\/div>\n\t\t\t\t<\/div>\n\t\t\t\t<div class=\"elementor-element elementor-element-f4bdf92 fluentform-widget-submit-button-full-width fluent-form-widget-step-header-yes fluent-form-widget-step-progressbar-yes elementor-widget elementor-widget-fluent-form-widget\" data-id=\"f4bdf92\" data-element_type=\"widget\" data-widget_type=\"fluent-form-widget.default\">\n\t\t\t\t<div class=\"elementor-widget-container\">\n\t\t\t\t\t\n            <div class=\"fluentform-widget-wrapper hide-fluent-form-labels fluentform-widget-align-default\">\n\n            \n            <div class='fluentform ff-default fluentform_wrapper_3 ffs_custom_wrap'><form data-form_id=\"3\" id=\"fluentform_3\" class=\"frm-fluent-form fluent_form_3 ff-el-form-top ff_form_instance_3_1 ff-form-loading ffs_custom\" data-form_instance=\"ff_form_instance_3_1\" method=\"POST\" action=\"\" ><fieldset  style=\"border: none!important;margin: 0!important;padding: 0!important;background-color: transparent!important;box-shadow: none!important;outline: none!important; min-inline-size: 100%;\">\n                    <legend class=\"ff_screen_reader_title\" style=\"display: block; margin: 0!important;padding: 0!important;height: 0!important;text-indent: -999999px;width: 0!important;overflow:hidden;\">Favoritenliste anfragen<\/legend><p style=\"display: none !important;\" class=\"akismet-fields-container\" data-prefix=\"ak_\"><label>&#916;<textarea name=\"ak_hp_textarea\" cols=\"45\" rows=\"8\" maxlength=\"100\"><\/textarea><\/label><input type=\"hidden\" id=\"ak_js_1\" name=\"ak_js\" value=\"190\"\/><script>document.getElementById( \"ak_js_1\" ).setAttribute( \"value\", ( new Date() ).getTime() );<\/script><\/p>        <div\n                style=\"display: none!important; position: absolute!important; transform: translateX(1000%)!important;\"\n                class=\"ff-el-group ff-hpsf-container\"\n        >\n            <div class=\"ff-el-input--label asterisk-right\">\n                <label for=\"ff_3_item_sf\" aria-label=\"Notify\">\n                    Notify                <\/label>\n            <\/div>\n            <div class=\"ff-el-input--content\">\n                <input type=\"text\"\n                       name=\"item_3__fluent_sf\"\n                       class=\"ff-el-form-control\"\n                       id=\"ff_3_item_sf\"\n                \/>\n            <\/div>\n        <\/div>\n        <input type='hidden' name='__fluent_form_embded_post_id' value='167526' \/><input type=\"hidden\" id=\"_fluentform_3_fluentformnonce\" name=\"_fluentform_3_fluentformnonce\" value=\"8096949c40\" \/><input type=\"hidden\" name=\"_wp_http_referer\" value=\"\/es\/wp-json\/wp\/v2\/pages\/167526\" \/><div class='ff-el-group  ff-custom_html InquiryList' tabindex='-1' data-name=\"custom_html-3_1\" ><\/div><input type=\"hidden\" name=\"referenzAnfrage\" data-name=\"referenzAnfrage\" ><div class='ff-el-group'><div class=\"ff-el-input--label ff-el-is-required asterisk-right\"><label for='ff_3_input_text_1' id='label_ff_3_input_text_1' aria-label=\"Nombre\">Nombre<\/label><\/div><div class='ff-el-input--content'><input type=\"text\" name=\"input_text_1\" class=\"ff-el-form-control\" placeholder=\"Nombre *\" data-name=\"input_text_1\" id=\"ff_3_input_text_1\"  aria-invalid=\"false\" aria-required=\"true\"><\/div><\/div><div class='ff-el-group'><div class=\"ff-el-input--label ff-el-is-required asterisk-right\"><label for='ff_3_input_text_2' id='label_ff_3_input_text_2' aria-label=\"Apellido *\">Apellido *<\/label><\/div><div class='ff-el-input--content'><input type=\"text\" name=\"input_text_2\" class=\"ff-el-form-control\" placeholder=\"Apellido *\" data-name=\"input_text_2\" id=\"ff_3_input_text_2\"  aria-invalid=\"false\" aria-required=\"true\"><\/div><\/div><div class='ff-el-group'><div class=\"ff-el-input--label ff-el-is-required asterisk-right\"><label for='ff_3_email' id='label_ff_3_email' aria-label=\"Email\">Email<\/label><\/div><div class='ff-el-input--content'><input type=\"email\" name=\"email\" id=\"ff_3_email\" class=\"ff-el-form-control\" placeholder=\"E-Mail*\" data-name=\"email\"  aria-invalid=\"false\" aria-required=\"true\"><\/div><\/div><div class='ff-el-group'><div class=\"ff-el-input--label asterisk-right\"><label for='ff_3_input_text' id='label_ff_3_input_text' aria-label=\"Tel\u00e9fono *\">Tel\u00e9fono *<\/label><\/div><div class='ff-el-input--content'><input type=\"text\" name=\"input_text\" class=\"ff-el-form-control\" placeholder=\"Tel\u00e9fono *\" data-name=\"input_text\" id=\"ff_3_input_text\"  aria-invalid=\"false\" aria-required=\"false\"><\/div><\/div><div class='ff-el-group'><div class=\"ff-el-input--label ff-el-is-required asterisk-right\"><label for='ff_3_message' id='label_ff_3_message' aria-label=\"Ihre Nachricht\">Ihre Nachricht<\/label><\/div><div class='ff-el-input--content'><textarea aria-required=\"true\" aria-labelledby=\"label_ff_3_message\" name=\"message\" id=\"ff_3_message\" class=\"ff-el-form-control\" rows=\"6\" cols=\"2\" data-name=\"message\" >Ich interessiere mich f\u00fcr diese Objekte. Bitte senden Sie mir weitere Informationen zu.<\/textarea><\/div><\/div><div class='ff-el-group  terms-n-condition  ff-el-input--content'><div class='ff-el-form-check ff-el-tc'><label aria-label='T\u00e9rminos y condiciones: Ich akzeptiere die Datenschutzerkl\u00e4rung und stimme einer Kontaktaufnahme f\u00fcr R\u00fcckfragen oder zu Informationszwecken zu.*\u00a0 Contiene 1 enlace. Usa la navegaci\u00f3n por pesta\u00f1as para rese\u00f1ar.' class='ff-el-form-check-label ff_tc_label' for=\"terms-n-condition_910079fbbddc4c867d6abe0816854b73\"><span class='ff_tc_checkbox'><input type=\"checkbox\" name=\"terms-n-condition\" class=\"ff-el-form-check-input terms-n-condition\" data-name=\"terms-n-condition\" id=\"terms-n-condition_910079fbbddc4c867d6abe0816854b73\"  value='on' aria-invalid='false' aria-required=\"true\"><\/span> <div class='ff_t_c'><p>He le\u00eddo la <a href=\"https:\/\/www.lucie-hauri.com\/es\/politica-de-privacidad-aviso-legal\/\" target=\"_blank\" rel=\"noopener\"><a href=\"https:\/\/www.lucie-hauri.com\/es\/politica-de-privacidad-aviso-legal\/\" target=\"_blank\" rel=\"noopener\">pol\u00edtica de privacidad<\/a><\/a> y acepto recibir publicidad o informaci\u00f3n promocional.\u00a0<\/p><\/div><\/label><\/div><\/div><div class='ff-el-group ff-text-left ff_submit_btn_wrapper'><button type=\"submit\" class=\"ff-btn ff-btn-submit ff-btn-md ff_btn_style\"  aria-label=\"ENVIAR\">ENVIAR<\/button><\/div><\/fieldset><input type=\"hidden\" name=\"trp-form-language\" value=\"es\"\/><\/form><div id='fluentform_3_errors' class='ff-errors-in-stack ff_form_instance_3_1 ff-form-loading_errors ff_form_instance_3_1_errors'><\/div><\/div>            <script type=\"text\/javascript\">\n                window.fluent_form_ff_form_instance_3_1 = {\"id\":\"3\",\"settings\":{\"layout\":{\"labelPlacement\":\"top\",\"helpMessagePlacement\":\"with_label\",\"errorMessagePlacement\":\"inline\",\"cssClassName\":\"\",\"asteriskPlacement\":\"asterisk-right\"},\"restrictions\":{\"denyEmptySubmission\":{\"enabled\":false}}},\"form_instance\":\"ff_form_instance_3_1\",\"form_id_selector\":\"fluentform_3\",\"rules\":{\"input_text_1\":{\"required\":{\"value\":true,\"message\":\"Dieses Feld ist erforderlich\",\"global_message\":\"Dieses Feld ist erforderlich\",\"global\":true}},\"input_text_2\":{\"required\":{\"value\":true,\"message\":\"Dieses Feld ist erforderlich\",\"global_message\":\"Dieses Feld ist erforderlich\",\"global\":true}},\"email\":{\"required\":{\"value\":true,\"message\":\"Dieses Feld ist erforderlich\",\"global\":true,\"global_message\":\"Dieses Feld ist erforderlich\"},\"email\":{\"value\":true,\"message\":\"Dieses Feld muss eine g\\u00fcltige E-Mail-Adresse enthalten\",\"global\":true,\"global_message\":\"Dieses Feld muss eine g\\u00fcltige E-Mail-Adresse enthalten\"}},\"input_text\":{\"required\":{\"value\":false,\"message\":\"Dieses Feld ist erforderlich\",\"global_message\":\"Dieses Feld ist erforderlich\",\"global\":true}},\"message\":{\"required\":{\"value\":true,\"message\":\"Dieses Feld ist erforderlich\",\"global\":true,\"global_message\":\"Dieses Feld ist erforderlich\"}},\"terms-n-condition\":{\"required\":{\"value\":true,\"message\":\"Dieses Feld ist erforderlich\",\"global_message\":\"Dieses Feld ist erforderlich\",\"global\":true}}},\"debounce_time\":300};\n                            <\/script>\n                        <\/div>\n\n            \t\t\t\t<\/div>\n\t\t\t\t<\/div>\n\t\t\t\t\t<\/div>\n\t\t\t\t<\/div>\n\t\t\t\t\t<\/div>\n\t\t\t\t<\/div>\n\t\t\t\t<\/div>\n\t\t\t\t\t<\/div>\n\t\t\t\t<\/div>\n\t\t\t\t\t<\/div>\n\t\t\t\t<\/div>\n\t\t\t\t<\/div>","protected":false},"excerpt":{"rendered":"<p>Ihre Favoriten W\u00e4hlen Sie die gew\u00fcnschten Objekte f\u00fcr Ihre Anfrage einfach mit \u201eZur Anfrage hinzuf\u00fcgen\u201c aus, um ein Expos\u00e9 oder weitere Informationen zu erhalten. Die gew\u00e4hlten Referenz-IDs werden dann in der Anfrage angezeigt und an uns \u00fcbermittelt.\u00a0 Mit \u201eVon Favoriten entfernen\u201c k\u00f6nnen Sie Objekte, die Sie nicht mehr interessieren, aus Ihren Favoriten l\u00f6schen. Haben Sie noch keine Favoriten gespeichert? Dann geht es hier zur unseren Traummobilien. Alle Objekte Expos\u00e9 anfordern Favoritenliste anfragen &#916; Vorname*NachnameEmailTelefonIhre NachrichtIch interessiere mich f\u00fcr diese Objekte. Bitte senden Sie mir weitere Informationen zu.Absenden<\/p>","protected":false},"author":5,"featured_media":0,"parent":0,"menu_order":0,"comment_status":"closed","ping_status":"closed","template":"","meta":{"_acf_changed":false,"footnotes":""},"categories":[],"tags":[],"class_list":["post-167526","page","type-page","status-publish","hentry"],"acf":[],"yoast_head":"<!-- This site is optimized with the Yoast SEO Premium plugin v24.4 (Yoast SEO v26.8) - https:\/\/yoast.com\/product\/yoast-seo-premium-wordpress\/ -->\n<title>Favoriten Wishlist - Lucie Hauri | Exclusive Real Estate<\/title>\n<meta name=\"robots\" content=\"index, follow, max-snippet:-1, max-image-preview:large, max-video-preview:-1\" \/>\n<link rel=\"canonical\" href=\"https:\/\/www.lucie-hauri.com\/es\/favoriten-wishlist\/\" \/>\n<meta property=\"og:locale\" content=\"es_ES\" \/>\n<meta property=\"og:type\" content=\"article\" \/>\n<meta property=\"og:title\" content=\"Favoriten Wishlist - Lucie Hauri | Exclusive Real Estate\" \/>\n<meta property=\"og:description\" content=\"Ihre Favoriten W\u00e4hlen Sie die gew\u00fcnschten Objekte f\u00fcr Ihre Anfrage einfach mit \u201eZur Anfrage hinzuf\u00fcgen\u201c aus, um ein Expos\u00e9 oder weitere Informationen zu erhalten. Die gew\u00e4hlten Referenz-IDs werden dann in der Anfrage angezeigt und an uns \u00fcbermittelt.\u00a0 Mit \u201eVon Favoriten entfernen\u201c k\u00f6nnen Sie Objekte, die Sie nicht mehr interessieren, aus Ihren Favoriten l\u00f6schen. Haben Sie noch keine Favoriten gespeichert? Dann geht es hier zur unseren Traummobilien. Alle Objekte Expos\u00e9 anfordern Favoritenliste anfragen &#916; Vorname*NachnameEmailTelefonIhre NachrichtIch interessiere mich f\u00fcr diese Objekte. Bitte senden Sie mir weitere Informationen zu.Absenden\" \/>\n<meta property=\"og:url\" content=\"https:\/\/www.lucie-hauri.com\/es\/favoriten-wishlist\/\" \/>\n<meta property=\"og:site_name\" content=\"Lucie Hauri | Exclusive Real Estate\" \/>\n<meta property=\"article:modified_time\" content=\"2025-02-18T07:25:27+00:00\" \/>\n<meta name=\"twitter:card\" content=\"summary_large_image\" \/>\n<meta name=\"twitter:label1\" content=\"Tiempo de lectura\" \/>\n\t<meta name=\"twitter:data1\" content=\"1 minuto\" \/>\n<script type=\"application\/ld+json\" class=\"yoast-schema-graph\">{\"@context\":\"https:\/\/schema.org\",\"@graph\":[{\"@type\":\"WebPage\",\"@id\":\"https:\/\/www.lucie-hauri.com\/de\/favoriten-wishlist\/\",\"url\":\"https:\/\/www.lucie-hauri.com\/de\/favoriten-wishlist\/\",\"name\":\"Favoriten Wishlist - Lucie Hauri | Exclusive Real Estate\",\"isPartOf\":{\"@id\":\"https:\/\/www.lucie-hauri.com\/en\/#website\"},\"datePublished\":\"2025-02-13T12:29:20+00:00\",\"dateModified\":\"2025-02-18T07:25:27+00:00\",\"inLanguage\":\"es\",\"potentialAction\":[{\"@type\":\"ReadAction\",\"target\":[\"https:\/\/www.lucie-hauri.com\/de\/favoriten-wishlist\/\"]}]},{\"@type\":\"WebSite\",\"@id\":\"https:\/\/www.lucie-hauri.com\/en\/#website\",\"url\":\"https:\/\/www.lucie-hauri.com\/en\/\",\"name\":\"Lucie Hauri | Exclusive Real Estate\",\"description\":\"\",\"potentialAction\":[{\"@type\":\"SearchAction\",\"target\":{\"@type\":\"EntryPoint\",\"urlTemplate\":\"https:\/\/www.lucie-hauri.com\/en\/?s={search_term_string}\"},\"query-input\":{\"@type\":\"PropertyValueSpecification\",\"valueRequired\":true,\"valueName\":\"search_term_string\"}}],\"inLanguage\":\"es\"}]}<\/script>\n<!-- \/ Yoast SEO Premium plugin. -->","yoast_head_json":{"title":"Favoriten Wishlist - Lucie Hauri | Exclusive Real Estate","robots":{"index":"index","follow":"follow","max-snippet":"max-snippet:-1","max-image-preview":"max-image-preview:large","max-video-preview":"max-video-preview:-1"},"canonical":"https:\/\/www.lucie-hauri.com\/es\/favoriten-wishlist\/","og_locale":"es_ES","og_type":"article","og_title":"Favoriten Wishlist - Lucie Hauri | Exclusive Real Estate","og_description":"Ihre Favoriten W\u00e4hlen Sie die gew\u00fcnschten Objekte f\u00fcr Ihre Anfrage einfach mit \u201eZur Anfrage hinzuf\u00fcgen\u201c aus, um ein Expos\u00e9 oder weitere Informationen zu erhalten. Die gew\u00e4hlten Referenz-IDs werden dann in der Anfrage angezeigt und an uns \u00fcbermittelt.\u00a0 Mit \u201eVon Favoriten entfernen\u201c k\u00f6nnen Sie Objekte, die Sie nicht mehr interessieren, aus Ihren Favoriten l\u00f6schen. Haben Sie noch keine Favoriten gespeichert? Dann geht es hier zur unseren Traummobilien. Alle Objekte Expos\u00e9 anfordern Favoritenliste anfragen &#916; Vorname*NachnameEmailTelefonIhre NachrichtIch interessiere mich f\u00fcr diese Objekte. Bitte senden Sie mir weitere Informationen zu.Absenden","og_url":"https:\/\/www.lucie-hauri.com\/es\/favoriten-wishlist\/","og_site_name":"Lucie Hauri | Exclusive Real Estate","article_modified_time":"2025-02-18T07:25:27+00:00","twitter_card":"summary_large_image","twitter_misc":{"Tiempo de lectura":"1 minuto"},"schema":{"@context":"https:\/\/schema.org","@graph":[{"@type":"WebPage","@id":"https:\/\/www.lucie-hauri.com\/de\/favoriten-wishlist\/","url":"https:\/\/www.lucie-hauri.com\/de\/favoriten-wishlist\/","name":"Favoriten Wishlist - Lucie Hauri | Exclusive Real Estate","isPartOf":{"@id":"https:\/\/www.lucie-hauri.com\/en\/#website"},"datePublished":"2025-02-13T12:29:20+00:00","dateModified":"2025-02-18T07:25:27+00:00","inLanguage":"es","potentialAction":[{"@type":"ReadAction","target":["https:\/\/www.lucie-hauri.com\/de\/favoriten-wishlist\/"]}]},{"@type":"WebSite","@id":"https:\/\/www.lucie-hauri.com\/en\/#website","url":"https:\/\/www.lucie-hauri.com\/en\/","name":"Lucie Hauri | Exclusive Real Estate","description":"","potentialAction":[{"@type":"SearchAction","target":{"@type":"EntryPoint","urlTemplate":"https:\/\/www.lucie-hauri.com\/en\/?s={search_term_string}"},"query-input":{"@type":"PropertyValueSpecification","valueRequired":true,"valueName":"search_term_string"}}],"inLanguage":"es"}]}},"_links":{"self":[{"href":"https:\/\/www.lucie-hauri.com\/es\/wp-json\/wp\/v2\/pages\/167526","targetHints":{"allow":["GET"]}}],"collection":[{"href":"https:\/\/www.lucie-hauri.com\/es\/wp-json\/wp\/v2\/pages"}],"about":[{"href":"https:\/\/www.lucie-hauri.com\/es\/wp-json\/wp\/v2\/types\/page"}],"author":[{"embeddable":true,"href":"https:\/\/www.lucie-hauri.com\/es\/wp-json\/wp\/v2\/users\/5"}],"replies":[{"embeddable":true,"href":"https:\/\/www.lucie-hauri.com\/es\/wp-json\/wp\/v2\/comments?post=167526"}],"version-history":[{"count":0,"href":"https:\/\/www.lucie-hauri.com\/es\/wp-json\/wp\/v2\/pages\/167526\/revisions"}],"wp:attachment":[{"href":"https:\/\/www.lucie-hauri.com\/es\/wp-json\/wp\/v2\/media?parent=167526"}],"wp:term":[{"taxonomy":"category","embeddable":true,"href":"https:\/\/www.lucie-hauri.com\/es\/wp-json\/wp\/v2\/categories?post=167526"},{"taxonomy":"post_tag","embeddable":true,"href":"https:\/\/www.lucie-hauri.com\/es\/wp-json\/wp\/v2\/tags?post=167526"}],"curies":[{"name":"wp","href":"https:\/\/api.w.org\/{rel}","templated":true}]}}