{"id":163722,"date":"2024-06-14T13:54:59","date_gmt":"2024-06-14T12:54:59","guid":{"rendered":"https:\/\/www.lucie-hauri.com\/?page_id=163722"},"modified":"2024-09-27T11:10:34","modified_gmt":"2024-09-27T10:10:34","slug":"letzte-chance-exklusives-beachhaus-in-cala-llombards","status":"publish","type":"page","link":"https:\/\/www.lucie-hauri.com\/es\/newsletter\/letzte-chance-exklusives-beachhaus-in-cala-llombards\/","title":{"rendered":"\u00a1\u00daltima Oportunidad! Exclusiva Casa de Playa en Cala Llombards"},"content":{"rendered":"<div data-elementor-type=\"wp-page\" data-elementor-id=\"163722\" class=\"elementor elementor-163722\" data-elementor-post-type=\"page\">\n\t\t\t\t<div class=\"elementor-element elementor-element-70f91161 e-flex e-con-boxed e-con e-parent\" data-id=\"70f91161\" data-element_type=\"container\">\n\t\t\t\t\t<div class=\"e-con-inner\">\n\t\t\t\t<div class=\"elementor-element elementor-element-e265eab elementor-widget elementor-widget-text-editor\" data-id=\"e265eab\" data-element_type=\"widget\" data-widget_type=\"text-editor.default\">\n\t\t\t\t<div class=\"elementor-widget-container\">\n\t\t\t\t\t\t\t\t\t<p>Bienvenido a Cala Llombards, donde su sue\u00f1o de una casa de playa moderna se hace realidad. Esta joya es la \u00faltima casa disponible de la 1\u00aa fase de construcci\u00f3n. Con habitaciones llenas de luz, una elegante cocina abierta de dise\u00f1o y una acogedora sala de estar y comedor, no deja nada que desear.<br \/><br \/>En la planta baja tambi\u00e9n se encuentra un dormitorio con ba\u00f1o en suite, un aseo para invitados y una pr\u00e1ctica sala de lavander\u00eda. Disfrute de la vista del patio acristalado con fuente de agua o rel\u00e1jese en el jard\u00edn junto a la piscina. La planta superior ofrece dos dormitorios m\u00e1s con ba\u00f1os privados y terrazas, perfectos para noches tranquilas con impresionantes puestas de sol.<br \/><br \/><strong>Inicio de la 2\u00aa Fase de Construcci\u00f3n \u2013 Villa Son Amer<\/strong><strong><br \/><br \/><\/strong>Tras el \u00e9xito de la 1\u00aa fase de construcci\u00f3n, este a\u00f1o comenzamos con la 2\u00aa fase de construcci\u00f3n. En este tranquilo callej\u00f3n sin salida, a solo unos minutos a pie de la playa, se construir\u00e1n tres m\u00e1s de nuestras villas de ensue\u00f1o, ampliadas con un s\u00f3tano parcial y una terraza en la azotea.<br \/><br \/>Asegure ahora su pedazo de para\u00edso y experimente lo mejor que Mallorca tiene para ofrecer. <br \/><br \/>Le invitamos cordialmente a visitar nuestras otras ofertas inmobiliarias actuales, y esperamos darle la bienvenida personalmente aqu\u00ed en EAST26 en Santany\u00ed.<\/p>\t\t\t\t\t\t\t\t<\/div>\n\t\t\t\t<\/div>\n\t\t\t\t<div class=\"elementor-element elementor-element-40f074c elementor-widget elementor-widget-text-editor\" data-id=\"40f074c\" data-element_type=\"widget\" data-widget_type=\"text-editor.default\">\n\t\t\t\t<div class=\"elementor-widget-container\">\n\t\t\t\t\t\t\t\t\t<p>Lucie Hauri y su equipo<\/p>\t\t\t\t\t\t\t\t<\/div>\n\t\t\t\t<\/div>\n\t\t\t\t<div class=\"elementor-element elementor-element-fc8258a elementor-widget elementor-widget-image\" data-id=\"fc8258a\" data-element_type=\"widget\" data-widget_type=\"image.default\">\n\t\t\t\t<div class=\"elementor-widget-container\">\n\t\t\t\t\t\t\t\t\t\t\t\t\t\t\t<img decoding=\"async\" width=\"130\" height=\"47\" src=\"https:\/\/www.lucie-hauri.com\/wp-content\/uploads\/2024\/05\/lh_newsletter_sign_new.png\" class=\"attachment-large size-large wp-image-162638\" alt=\"\" srcset=\"https:\/\/www.lucie-hauri.com\/wp-content\/uploads\/2024\/05\/lh_newsletter_sign_new.png 130w, https:\/\/www.lucie-hauri.com\/wp-content\/uploads\/2024\/05\/lh_newsletter_sign_new-18x7.png 18w\" sizes=\"(max-width: 130px) 100vw, 130px\" \/>\t\t\t\t\t\t\t\t\t\t\t\t\t\t\t<\/div>\n\t\t\t\t<\/div>\n\t\t\t\t<div class=\"elementor-element elementor-element-0ebd4dc elementor-widget-divider--view-line elementor-widget elementor-widget-divider\" data-id=\"0ebd4dc\" data-element_type=\"widget\" data-widget_type=\"divider.default\">\n\t\t\t\t<div class=\"elementor-widget-container\">\n\t\t\t\t\t\t\t<div class=\"elementor-divider\">\n\t\t\t<span class=\"elementor-divider-separator\">\n\t\t\t\t\t\t<\/span>\n\t\t<\/div>\n\t\t\t\t\t\t<\/div>\n\t\t\t\t<\/div>\n\t\t\t\t<div class=\"elementor-element elementor-element-d9cc0ea elementor-widget elementor-widget-heading\" data-id=\"d9cc0ea\" data-element_type=\"widget\" data-widget_type=\"heading.default\">\n\t\t\t\t<div class=\"elementor-widget-container\">\n\t\t\t\t\t<h2 class=\"elementor-heading-title elementor-size-default\">Nuestra cuidadosa selecci\u00f3n de inmuebles\n<\/h2>\t\t\t\t<\/div>\n\t\t\t\t<\/div>\n\t\t\t\t<div class=\"elementor-element elementor-element-0688393 elementor-widget elementor-widget-spacer\" data-id=\"0688393\" data-element_type=\"widget\" data-widget_type=\"spacer.default\">\n\t\t\t\t<div class=\"elementor-widget-container\">\n\t\t\t\t\t\t\t<div class=\"elementor-spacer\">\n\t\t\t<div class=\"elementor-spacer-inner\"><\/div>\n\t\t<\/div>\n\t\t\t\t\t\t<\/div>\n\t\t\t\t<\/div>\n\t\t\t\t<div class=\"elementor-element elementor-element-7871e86 elementor-grid-1 elementor-grid-tablet-1 elementor-grid-mobile-1 elementor-widget elementor-widget-loop-grid\" data-id=\"7871e86\" data-element_type=\"widget\" data-settings=\"{&quot;template_id&quot;:&quot;162621&quot;,&quot;columns&quot;:1,&quot;row_gap&quot;:{&quot;unit&quot;:&quot;px&quot;,&quot;size&quot;:8,&quot;sizes&quot;:[]},&quot;columns_tablet&quot;:1,&quot;_skin&quot;:&quot;post&quot;,&quot;columns_mobile&quot;:&quot;1&quot;,&quot;edit_handle_selector&quot;:&quot;[data-elementor-type=\\&quot;loop-item\\&quot;]&quot;,&quot;row_gap_tablet&quot;:{&quot;unit&quot;:&quot;px&quot;,&quot;size&quot;:&quot;&quot;,&quot;sizes&quot;:[]},&quot;row_gap_mobile&quot;:{&quot;unit&quot;:&quot;px&quot;,&quot;size&quot;:&quot;&quot;,&quot;sizes&quot;:[]}}\" data-widget_type=\"loop-grid.post\">\n\t\t\t\t<div class=\"elementor-widget-container\">\n\t\t\t\t\t\t\t<div class=\"e-loop-nothing-found-message\">\n\t\t<\/div>\n\t\t\t\t\t\t<\/div>\n\t\t\t\t<\/div>\n\t\t\t\t\t<\/div>\n\t\t\t\t<\/div>\n\t\t\t\t<\/div>","protected":false},"excerpt":{"rendered":"<p>Newsletter 08 | 24<\/p>","protected":false},"author":7,"featured_media":165857,"parent":162631,"menu_order":0,"comment_status":"closed","ping_status":"closed","template":"","meta":{"_acf_changed":false,"footnotes":""},"categories":[],"tags":[],"class_list":["post-163722","page","type-page","status-publish","has-post-thumbnail","hentry"],"acf":[],"yoast_head":"<!-- This site is optimized with the Yoast SEO Premium plugin v24.4 (Yoast SEO v26.8) - https:\/\/yoast.com\/product\/yoast-seo-premium-wordpress\/ -->\n<title>Letzte Chance! Exklusives Beachhaus in Cala Llombards - Lucie Hauri | Exclusive Real Estate<\/title>\n<meta name=\"robots\" content=\"index, follow, max-snippet:-1, max-image-preview:large, max-video-preview:-1\" \/>\n<link rel=\"canonical\" href=\"https:\/\/www.lucie-hauri.com\/es\/newsletter\/letzte-chance-exklusives-beachhaus-in-cala-llombards\/\" \/>\n<meta property=\"og:locale\" content=\"es_ES\" \/>\n<meta property=\"og:type\" content=\"article\" \/>\n<meta property=\"og:title\" content=\"Letzte Chance! Exklusives Beachhaus in Cala Llombards - Lucie Hauri | Exclusive Real Estate\" \/>\n<meta property=\"og:description\" content=\"Newsletter 08 | 24\" \/>\n<meta property=\"og:url\" content=\"https:\/\/www.lucie-hauri.com\/es\/newsletter\/letzte-chance-exklusives-beachhaus-in-cala-llombards\/\" \/>\n<meta property=\"og:site_name\" content=\"Lucie Hauri | Exclusive Real Estate\" \/>\n<meta property=\"article:modified_time\" content=\"2024-09-27T10:10:34+00:00\" \/>\n<meta property=\"og:image\" content=\"https:\/\/www.lucie-hauri.com\/wp-content\/uploads\/2024\/09\/Startbild_08.jpg\" \/>\n\t<meta property=\"og:image:width\" content=\"1388\" \/>\n\t<meta property=\"og:image:height\" content=\"840\" \/>\n\t<meta property=\"og:image:type\" content=\"image\/jpeg\" \/>\n<meta name=\"twitter:card\" content=\"summary_large_image\" \/>\n<meta name=\"twitter:label1\" content=\"Tiempo de lectura\" \/>\n\t<meta name=\"twitter:data1\" content=\"2 minutos\" \/>\n<script type=\"application\/ld+json\" class=\"yoast-schema-graph\">{\"@context\":\"https:\/\/schema.org\",\"@graph\":[{\"@type\":\"WebPage\",\"@id\":\"https:\/\/www.lucie-hauri.com\/de\/newsletter\/letzte-chance-exklusives-beachhaus-in-cala-llombards\/\",\"url\":\"https:\/\/www.lucie-hauri.com\/de\/newsletter\/letzte-chance-exklusives-beachhaus-in-cala-llombards\/\",\"name\":\"Letzte Chance! Exklusives Beachhaus in Cala Llombards - Lucie Hauri | Exclusive Real Estate\",\"isPartOf\":{\"@id\":\"https:\/\/www.lucie-hauri.com\/en\/#website\"},\"primaryImageOfPage\":{\"@id\":\"https:\/\/www.lucie-hauri.com\/de\/newsletter\/letzte-chance-exklusives-beachhaus-in-cala-llombards\/#primaryimage\"},\"image\":{\"@id\":\"https:\/\/www.lucie-hauri.com\/de\/newsletter\/letzte-chance-exklusives-beachhaus-in-cala-llombards\/#primaryimage\"},\"thumbnailUrl\":\"https:\/\/www.lucie-hauri.com\/wp-content\/uploads\/2024\/09\/Startbild_08.jpg\",\"datePublished\":\"2024-06-14T12:54:59+00:00\",\"dateModified\":\"2024-09-27T10:10:34+00:00\",\"breadcrumb\":{\"@id\":\"https:\/\/www.lucie-hauri.com\/de\/newsletter\/letzte-chance-exklusives-beachhaus-in-cala-llombards\/#breadcrumb\"},\"inLanguage\":\"es\",\"potentialAction\":[{\"@type\":\"ReadAction\",\"target\":[\"https:\/\/www.lucie-hauri.com\/de\/newsletter\/letzte-chance-exklusives-beachhaus-in-cala-llombards\/\"]}]},{\"@type\":\"ImageObject\",\"inLanguage\":\"es\",\"@id\":\"https:\/\/www.lucie-hauri.com\/de\/newsletter\/letzte-chance-exklusives-beachhaus-in-cala-llombards\/#primaryimage\",\"url\":\"https:\/\/www.lucie-hauri.com\/wp-content\/uploads\/2024\/09\/Startbild_08.jpg\",\"contentUrl\":\"https:\/\/www.lucie-hauri.com\/wp-content\/uploads\/2024\/09\/Startbild_08.jpg\",\"width\":1388,\"height\":840},{\"@type\":\"BreadcrumbList\",\"@id\":\"https:\/\/www.lucie-hauri.com\/de\/newsletter\/letzte-chance-exklusives-beachhaus-in-cala-llombards\/#breadcrumb\",\"itemListElement\":[{\"@type\":\"ListItem\",\"position\":1,\"name\":\"Newsletter\",\"item\":\"https:\/\/www.lucie-hauri.com\/es\/newsletter\/\"},{\"@type\":\"ListItem\",\"position\":2,\"name\":\"Letzte Chance! Exklusives Beachhaus in Cala Llombards\"}]},{\"@type\":\"WebSite\",\"@id\":\"https:\/\/www.lucie-hauri.com\/en\/#website\",\"url\":\"https:\/\/www.lucie-hauri.com\/en\/\",\"name\":\"Lucie Hauri | Exclusive Real Estate\",\"description\":\"\",\"potentialAction\":[{\"@type\":\"SearchAction\",\"target\":{\"@type\":\"EntryPoint\",\"urlTemplate\":\"https:\/\/www.lucie-hauri.com\/en\/?s={search_term_string}\"},\"query-input\":{\"@type\":\"PropertyValueSpecification\",\"valueRequired\":true,\"valueName\":\"search_term_string\"}}],\"inLanguage\":\"es\"}]}<\/script>\n<!-- \/ Yoast SEO Premium plugin. -->","yoast_head_json":{"title":"Letzte Chance! Exklusives Beachhaus in Cala Llombards - Lucie Hauri | Exclusive Real Estate","robots":{"index":"index","follow":"follow","max-snippet":"max-snippet:-1","max-image-preview":"max-image-preview:large","max-video-preview":"max-video-preview:-1"},"canonical":"https:\/\/www.lucie-hauri.com\/es\/newsletter\/letzte-chance-exklusives-beachhaus-in-cala-llombards\/","og_locale":"es_ES","og_type":"article","og_title":"Letzte Chance! Exklusives Beachhaus in Cala Llombards - Lucie Hauri | Exclusive Real Estate","og_description":"Newsletter 08 | 24","og_url":"https:\/\/www.lucie-hauri.com\/es\/newsletter\/letzte-chance-exklusives-beachhaus-in-cala-llombards\/","og_site_name":"Lucie Hauri | Exclusive Real Estate","article_modified_time":"2024-09-27T10:10:34+00:00","og_image":[{"width":1388,"height":840,"url":"https:\/\/www.lucie-hauri.com\/wp-content\/uploads\/2024\/09\/Startbild_08.jpg","type":"image\/jpeg"}],"twitter_card":"summary_large_image","twitter_misc":{"Tiempo de lectura":"2 minutos"},"schema":{"@context":"https:\/\/schema.org","@graph":[{"@type":"WebPage","@id":"https:\/\/www.lucie-hauri.com\/de\/newsletter\/letzte-chance-exklusives-beachhaus-in-cala-llombards\/","url":"https:\/\/www.lucie-hauri.com\/de\/newsletter\/letzte-chance-exklusives-beachhaus-in-cala-llombards\/","name":"Letzte Chance! Exklusives Beachhaus in Cala Llombards - Lucie Hauri | Exclusive Real Estate","isPartOf":{"@id":"https:\/\/www.lucie-hauri.com\/en\/#website"},"primaryImageOfPage":{"@id":"https:\/\/www.lucie-hauri.com\/de\/newsletter\/letzte-chance-exklusives-beachhaus-in-cala-llombards\/#primaryimage"},"image":{"@id":"https:\/\/www.lucie-hauri.com\/de\/newsletter\/letzte-chance-exklusives-beachhaus-in-cala-llombards\/#primaryimage"},"thumbnailUrl":"https:\/\/www.lucie-hauri.com\/wp-content\/uploads\/2024\/09\/Startbild_08.jpg","datePublished":"2024-06-14T12:54:59+00:00","dateModified":"2024-09-27T10:10:34+00:00","breadcrumb":{"@id":"https:\/\/www.lucie-hauri.com\/de\/newsletter\/letzte-chance-exklusives-beachhaus-in-cala-llombards\/#breadcrumb"},"inLanguage":"es","potentialAction":[{"@type":"ReadAction","target":["https:\/\/www.lucie-hauri.com\/de\/newsletter\/letzte-chance-exklusives-beachhaus-in-cala-llombards\/"]}]},{"@type":"ImageObject","inLanguage":"es","@id":"https:\/\/www.lucie-hauri.com\/de\/newsletter\/letzte-chance-exklusives-beachhaus-in-cala-llombards\/#primaryimage","url":"https:\/\/www.lucie-hauri.com\/wp-content\/uploads\/2024\/09\/Startbild_08.jpg","contentUrl":"https:\/\/www.lucie-hauri.com\/wp-content\/uploads\/2024\/09\/Startbild_08.jpg","width":1388,"height":840},{"@type":"BreadcrumbList","@id":"https:\/\/www.lucie-hauri.com\/de\/newsletter\/letzte-chance-exklusives-beachhaus-in-cala-llombards\/#breadcrumb","itemListElement":[{"@type":"ListItem","position":1,"name":"Newsletter","item":"https:\/\/www.lucie-hauri.com\/es\/newsletter\/"},{"@type":"ListItem","position":2,"name":"Letzte Chance! Exklusives Beachhaus in Cala Llombards"}]},{"@type":"WebSite","@id":"https:\/\/www.lucie-hauri.com\/en\/#website","url":"https:\/\/www.lucie-hauri.com\/en\/","name":"Lucie Hauri | Exclusive Real Estate","description":"","potentialAction":[{"@type":"SearchAction","target":{"@type":"EntryPoint","urlTemplate":"https:\/\/www.lucie-hauri.com\/en\/?s={search_term_string}"},"query-input":{"@type":"PropertyValueSpecification","valueRequired":true,"valueName":"search_term_string"}}],"inLanguage":"es"}]}},"_links":{"self":[{"href":"https:\/\/www.lucie-hauri.com\/es\/wp-json\/wp\/v2\/pages\/163722","targetHints":{"allow":["GET"]}}],"collection":[{"href":"https:\/\/www.lucie-hauri.com\/es\/wp-json\/wp\/v2\/pages"}],"about":[{"href":"https:\/\/www.lucie-hauri.com\/es\/wp-json\/wp\/v2\/types\/page"}],"author":[{"embeddable":true,"href":"https:\/\/www.lucie-hauri.com\/es\/wp-json\/wp\/v2\/users\/7"}],"replies":[{"embeddable":true,"href":"https:\/\/www.lucie-hauri.com\/es\/wp-json\/wp\/v2\/comments?post=163722"}],"version-history":[{"count":0,"href":"https:\/\/www.lucie-hauri.com\/es\/wp-json\/wp\/v2\/pages\/163722\/revisions"}],"up":[{"embeddable":true,"href":"https:\/\/www.lucie-hauri.com\/es\/wp-json\/wp\/v2\/pages\/162631"}],"wp:featuredmedia":[{"embeddable":true,"href":"https:\/\/www.lucie-hauri.com\/es\/wp-json\/wp\/v2\/media\/165857"}],"wp:attachment":[{"href":"https:\/\/www.lucie-hauri.com\/es\/wp-json\/wp\/v2\/media?parent=163722"}],"wp:term":[{"taxonomy":"category","embeddable":true,"href":"https:\/\/www.lucie-hauri.com\/es\/wp-json\/wp\/v2\/categories?post=163722"},{"taxonomy":"post_tag","embeddable":true,"href":"https:\/\/www.lucie-hauri.com\/es\/wp-json\/wp\/v2\/tags?post=163722"}],"curies":[{"name":"wp","href":"https:\/\/api.w.org\/{rel}","templated":true}]}}