{"id":140808,"date":"2024-01-19T00:31:38","date_gmt":"2024-01-18T23:31:38","guid":{"rendered":"https:\/\/lucie-hauri.hostpress.me\/?page_id=140808"},"modified":"2024-01-19T00:32:23","modified_gmt":"2024-01-18T23:32:23","slug":"porto-cristo","status":"publish","type":"page","link":"https:\/\/www.lucie-hauri.com\/es\/region\/porto-cristo\/","title":{"rendered":"Porto Cristo"},"content":{"rendered":"<div data-elementor-type=\"wp-page\" data-elementor-id=\"140808\" class=\"elementor elementor-140808\" data-elementor-post-type=\"page\">\n\t\t\t\t<div class=\"elementor-element elementor-element-2e9ea754 e-flex e-con-boxed e-con e-parent\" data-id=\"2e9ea754\" data-element_type=\"container\">\n\t\t\t\t\t<div class=\"e-con-inner\">\n\t\t\t\t<div class=\"elementor-element elementor-element-3bde5c2b elementor-widget elementor-widget-text-editor\" data-id=\"3bde5c2b\" data-element_type=\"widget\" data-widget_type=\"text-editor.default\">\n\t\t\t\t<div class=\"elementor-widget-container\">\n\t\t\t\t\t\t\t\t\t<p>Porto Cristo es el antiguo puerto de la ciudad de Manacor y se encuentra a unos 10 minutos en coche del mismo. Es un peque\u00f1o pueblo de pescador, tiene una bah\u00eda protegida y una playa arenosa muy cerca del puerto. Especialmente en verano, este agradable lugar es un destino muy popular para los excursionistas. Puede pasear por sus calles y por su paseo y encontrara una gran variedad de restaurantes, bares, tiendas y boutiques. Los caf\u00e9s en la sombreada plaza mayor desde sus terrazas gozan de unas preciosas vistas hacia el puerto y al mar. Sus playas arenosas al igual que las rocosas son ideales para la nataci\u00f3n y el submarinismo.<\/p><p>En el sureste de Porto cristo se encuentran unas de las cuevas mas famosas de la Isla, \u2018Las cuevas del Drach\u2019. En el gran lago llamado Martel, se organizan conciertos cl\u00e1sicos para los visitantes.<\/p><p>Los campos de Golf mas cercanos est\u00e1n a unos 20-30 minutos en coche y la capital Palma y el aeropuerto a unos 50 minutos.<\/p>\t\t\t\t\t\t\t\t<\/div>\n\t\t\t\t<\/div>\n\t\t\t\t\t<\/div>\n\t\t\t\t<\/div>\n\t\t<div class=\"elementor-element elementor-element-3014bc22 e-flex e-con-boxed e-con e-parent\" data-id=\"3014bc22\" data-element_type=\"container\">\n\t\t\t\t\t<div class=\"e-con-inner\">\n\t\t\t\t\t<\/div>\n\t\t\t\t<\/div>\n\t\t\t\t<\/div>","protected":false},"excerpt":{"rendered":"<p>Porto Cristo ist der alte Hafen der Stadt Manacor, die ca. 10 Autominuten entfernt liegt. Der typische Fischerort liegt in einer gesch\u00fctzten Bucht und hat neben dem Hafen auch einen Sandstrand. Besonders im Sommer ist dieses h\u00fcbsche St\u00e4dtchen ein bevorzugtes Ausflugsziel. Die Strandpromenade entlang des Hafens mit Restaurants, Bars, L\u00e4den und Boutiquen l\u00e4dt zum Bummeln ein. Hinter der Promenade liegt die grosse, schattige Plaza mit vielen Cafes. Von hier aus haben Sie einen wundersch\u00f6nen Blick \u00fcber den Hafen und das Meer. Es gibt Sand- und Felsstr\u00e4nde, die ideal zum Schwimmen, Schnorcheln und Tauchen sind. Am s\u00fcdlichen Ortseingang von Porto Cristo sind die ber\u00fchmtesten Tropfsteinh\u00f6hlen der Insel, die \u2018Cuevas del Drach\u2019, mit dem grossen See, dem Lago Martel, wo auch klassische Konzerte gegeben werden. Die n\u00e4chsten Golfpl\u00e4tze liegen ca. 25 Minuten entfernt. Nach Palma und zum Flughafen f\u00e4hrt man ca. 50 Minuten.<\/p>","protected":false},"author":5,"featured_media":0,"parent":325,"menu_order":0,"comment_status":"closed","ping_status":"closed","template":"","meta":{"_acf_changed":false,"footnotes":""},"categories":[],"tags":[],"class_list":["post-140808","page","type-page","status-publish","hentry"],"acf":[],"yoast_head":"<!-- This site is optimized with the Yoast SEO Premium plugin v24.4 (Yoast SEO v26.8) - https:\/\/yoast.com\/product\/yoast-seo-premium-wordpress\/ -->\n<title>Porto Cristo - Lucie Hauri | Exclusive Real Estate<\/title>\n<meta name=\"robots\" content=\"index, follow, max-snippet:-1, max-image-preview:large, max-video-preview:-1\" \/>\n<link rel=\"canonical\" href=\"https:\/\/www.lucie-hauri.com\/es\/region\/porto-cristo\/\" \/>\n<meta property=\"og:locale\" content=\"es_ES\" \/>\n<meta property=\"og:type\" content=\"article\" \/>\n<meta property=\"og:title\" content=\"Porto Cristo - Lucie Hauri | Exclusive Real Estate\" \/>\n<meta property=\"og:description\" content=\"Porto Cristo ist der alte Hafen der Stadt Manacor, die ca. 10 Autominuten entfernt liegt. Der typische Fischerort liegt in einer gesch\u00fctzten Bucht und hat neben dem Hafen auch einen Sandstrand. Besonders im Sommer ist dieses h\u00fcbsche St\u00e4dtchen ein bevorzugtes Ausflugsziel. Die Strandpromenade entlang des Hafens mit Restaurants, Bars, L\u00e4den und Boutiquen l\u00e4dt zum Bummeln ein. Hinter der Promenade liegt die grosse, schattige Plaza mit vielen Cafes. Von hier aus haben Sie einen wundersch\u00f6nen Blick \u00fcber den Hafen und das Meer. Es gibt Sand- und Felsstr\u00e4nde, die ideal zum Schwimmen, Schnorcheln und Tauchen sind. Am s\u00fcdlichen Ortseingang von Porto Cristo sind die ber\u00fchmtesten Tropfsteinh\u00f6hlen der Insel, die \u2018Cuevas del Drach\u2019, mit dem grossen See, dem Lago Martel, wo auch klassische Konzerte gegeben werden. Die n\u00e4chsten Golfpl\u00e4tze liegen ca. 25 Minuten entfernt. Nach Palma und zum Flughafen f\u00e4hrt man ca. 50 Minuten.\" \/>\n<meta property=\"og:url\" content=\"https:\/\/www.lucie-hauri.com\/es\/region\/porto-cristo\/\" \/>\n<meta property=\"og:site_name\" content=\"Lucie Hauri | Exclusive Real Estate\" \/>\n<meta property=\"article:modified_time\" content=\"2024-01-18T23:32:23+00:00\" \/>\n<meta name=\"twitter:card\" content=\"summary_large_image\" \/>\n<meta name=\"twitter:label1\" content=\"Tiempo de lectura\" \/>\n\t<meta name=\"twitter:data1\" content=\"1 minuto\" \/>\n<script type=\"application\/ld+json\" class=\"yoast-schema-graph\">{\"@context\":\"https:\/\/schema.org\",\"@graph\":[{\"@type\":\"WebPage\",\"@id\":\"https:\/\/www.lucie-hauri.com\/de\/region\/porto-cristo\/\",\"url\":\"https:\/\/www.lucie-hauri.com\/de\/region\/porto-cristo\/\",\"name\":\"Porto Cristo - Lucie Hauri | Exclusive Real Estate\",\"isPartOf\":{\"@id\":\"https:\/\/www.lucie-hauri.com\/en\/#website\"},\"datePublished\":\"2024-01-18T23:31:38+00:00\",\"dateModified\":\"2024-01-18T23:32:23+00:00\",\"breadcrumb\":{\"@id\":\"https:\/\/www.lucie-hauri.com\/de\/region\/porto-cristo\/#breadcrumb\"},\"inLanguage\":\"es\",\"potentialAction\":[{\"@type\":\"ReadAction\",\"target\":[\"https:\/\/www.lucie-hauri.com\/de\/region\/porto-cristo\/\"]}]},{\"@type\":\"BreadcrumbList\",\"@id\":\"https:\/\/www.lucie-hauri.com\/de\/region\/porto-cristo\/#breadcrumb\",\"itemListElement\":[{\"@type\":\"ListItem\",\"position\":1,\"name\":\"Region\",\"item\":\"https:\/\/www.lucie-hauri.com\/en\/region\/\"},{\"@type\":\"ListItem\",\"position\":2,\"name\":\"Porto Cristo\"}]},{\"@type\":\"WebSite\",\"@id\":\"https:\/\/www.lucie-hauri.com\/en\/#website\",\"url\":\"https:\/\/www.lucie-hauri.com\/en\/\",\"name\":\"Lucie Hauri | Exclusive Real Estate\",\"description\":\"\",\"potentialAction\":[{\"@type\":\"SearchAction\",\"target\":{\"@type\":\"EntryPoint\",\"urlTemplate\":\"https:\/\/www.lucie-hauri.com\/en\/?s={search_term_string}\"},\"query-input\":{\"@type\":\"PropertyValueSpecification\",\"valueRequired\":true,\"valueName\":\"search_term_string\"}}],\"inLanguage\":\"es\"}]}<\/script>\n<!-- \/ Yoast SEO Premium plugin. -->","yoast_head_json":{"title":"Porto Cristo - Lucie Hauri | Exclusive Real Estate","robots":{"index":"index","follow":"follow","max-snippet":"max-snippet:-1","max-image-preview":"max-image-preview:large","max-video-preview":"max-video-preview:-1"},"canonical":"https:\/\/www.lucie-hauri.com\/es\/region\/porto-cristo\/","og_locale":"es_ES","og_type":"article","og_title":"Porto Cristo - Lucie Hauri | Exclusive Real Estate","og_description":"Porto Cristo ist der alte Hafen der Stadt Manacor, die ca. 10 Autominuten entfernt liegt. Der typische Fischerort liegt in einer gesch\u00fctzten Bucht und hat neben dem Hafen auch einen Sandstrand. Besonders im Sommer ist dieses h\u00fcbsche St\u00e4dtchen ein bevorzugtes Ausflugsziel. Die Strandpromenade entlang des Hafens mit Restaurants, Bars, L\u00e4den und Boutiquen l\u00e4dt zum Bummeln ein. Hinter der Promenade liegt die grosse, schattige Plaza mit vielen Cafes. Von hier aus haben Sie einen wundersch\u00f6nen Blick \u00fcber den Hafen und das Meer. Es gibt Sand- und Felsstr\u00e4nde, die ideal zum Schwimmen, Schnorcheln und Tauchen sind. Am s\u00fcdlichen Ortseingang von Porto Cristo sind die ber\u00fchmtesten Tropfsteinh\u00f6hlen der Insel, die \u2018Cuevas del Drach\u2019, mit dem grossen See, dem Lago Martel, wo auch klassische Konzerte gegeben werden. Die n\u00e4chsten Golfpl\u00e4tze liegen ca. 25 Minuten entfernt. Nach Palma und zum Flughafen f\u00e4hrt man ca. 50 Minuten.","og_url":"https:\/\/www.lucie-hauri.com\/es\/region\/porto-cristo\/","og_site_name":"Lucie Hauri | Exclusive Real Estate","article_modified_time":"2024-01-18T23:32:23+00:00","twitter_card":"summary_large_image","twitter_misc":{"Tiempo de lectura":"1 minuto"},"schema":{"@context":"https:\/\/schema.org","@graph":[{"@type":"WebPage","@id":"https:\/\/www.lucie-hauri.com\/de\/region\/porto-cristo\/","url":"https:\/\/www.lucie-hauri.com\/de\/region\/porto-cristo\/","name":"Porto Cristo - Lucie Hauri | Exclusive Real Estate","isPartOf":{"@id":"https:\/\/www.lucie-hauri.com\/en\/#website"},"datePublished":"2024-01-18T23:31:38+00:00","dateModified":"2024-01-18T23:32:23+00:00","breadcrumb":{"@id":"https:\/\/www.lucie-hauri.com\/de\/region\/porto-cristo\/#breadcrumb"},"inLanguage":"es","potentialAction":[{"@type":"ReadAction","target":["https:\/\/www.lucie-hauri.com\/de\/region\/porto-cristo\/"]}]},{"@type":"BreadcrumbList","@id":"https:\/\/www.lucie-hauri.com\/de\/region\/porto-cristo\/#breadcrumb","itemListElement":[{"@type":"ListItem","position":1,"name":"Region","item":"https:\/\/www.lucie-hauri.com\/en\/region\/"},{"@type":"ListItem","position":2,"name":"Porto Cristo"}]},{"@type":"WebSite","@id":"https:\/\/www.lucie-hauri.com\/en\/#website","url":"https:\/\/www.lucie-hauri.com\/en\/","name":"Lucie Hauri | Exclusive Real Estate","description":"","potentialAction":[{"@type":"SearchAction","target":{"@type":"EntryPoint","urlTemplate":"https:\/\/www.lucie-hauri.com\/en\/?s={search_term_string}"},"query-input":{"@type":"PropertyValueSpecification","valueRequired":true,"valueName":"search_term_string"}}],"inLanguage":"es"}]}},"_links":{"self":[{"href":"https:\/\/www.lucie-hauri.com\/es\/wp-json\/wp\/v2\/pages\/140808","targetHints":{"allow":["GET"]}}],"collection":[{"href":"https:\/\/www.lucie-hauri.com\/es\/wp-json\/wp\/v2\/pages"}],"about":[{"href":"https:\/\/www.lucie-hauri.com\/es\/wp-json\/wp\/v2\/types\/page"}],"author":[{"embeddable":true,"href":"https:\/\/www.lucie-hauri.com\/es\/wp-json\/wp\/v2\/users\/5"}],"replies":[{"embeddable":true,"href":"https:\/\/www.lucie-hauri.com\/es\/wp-json\/wp\/v2\/comments?post=140808"}],"version-history":[{"count":0,"href":"https:\/\/www.lucie-hauri.com\/es\/wp-json\/wp\/v2\/pages\/140808\/revisions"}],"up":[{"embeddable":true,"href":"https:\/\/www.lucie-hauri.com\/es\/wp-json\/wp\/v2\/pages\/325"}],"wp:attachment":[{"href":"https:\/\/www.lucie-hauri.com\/es\/wp-json\/wp\/v2\/media?parent=140808"}],"wp:term":[{"taxonomy":"category","embeddable":true,"href":"https:\/\/www.lucie-hauri.com\/es\/wp-json\/wp\/v2\/categories?post=140808"},{"taxonomy":"post_tag","embeddable":true,"href":"https:\/\/www.lucie-hauri.com\/es\/wp-json\/wp\/v2\/tags?post=140808"}],"curies":[{"name":"wp","href":"https:\/\/api.w.org\/{rel}","templated":true}]}}