{"id":140796,"date":"2024-01-19T00:22:32","date_gmt":"2024-01-18T23:22:32","guid":{"rendered":"https:\/\/lucie-hauri.hostpress.me\/?page_id=140796"},"modified":"2024-01-19T00:23:07","modified_gmt":"2024-01-18T23:23:07","slug":"sineu","status":"publish","type":"page","link":"https:\/\/www.lucie-hauri.com\/es\/region\/sineu\/","title":{"rendered":"Sineu"},"content":{"rendered":"<div data-elementor-type=\"wp-page\" data-elementor-id=\"140796\" class=\"elementor elementor-140796\" data-elementor-post-type=\"page\">\n\t\t\t\t<div class=\"elementor-element elementor-element-2e9ea754 e-flex e-con-boxed e-con e-parent\" data-id=\"2e9ea754\" data-element_type=\"container\">\n\t\t\t\t\t<div class=\"e-con-inner\">\n\t\t\t\t<div class=\"elementor-element elementor-element-3bde5c2b elementor-widget elementor-widget-text-editor\" data-id=\"3bde5c2b\" data-element_type=\"widget\" data-widget_type=\"text-editor.default\">\n\t\t\t\t<div class=\"elementor-widget-container\">\n\t\t\t\t\t\t\t\t\t<p>Sineu est\u00e1 situado en el coraz\u00f3n de la isla, rodeado de peque\u00f1os pueblos y de un hermoso paisaje. Este peque\u00f1o pueblo es muy conocido por el gran mercadillo que tiene lugar todos los mi\u00e9rcoles por la ma\u00f1ana. Sineu es uno de los pueblos m\u00e1s ant\u00edguos de Mallorca con elementos de estilo g\u00f3tico. Una visita a la antigua iglesia parroquial de Santa Maria vale tanto la peno como tambi\u00e9n dar un paseo por las calles que le llevar\u00e1n de vuelta a la Edad Media. En el centro de Sineu hay algunos restaurantes tradicionales donde la cocina mallorquina se presenta con un ambiente lleno de historia. Dos ciudades importantes, Inca y Manacor se encuentran dentro de un radio de 20 kil\u00f3metros. El aeropuerto internacional y la ciudad de Palma se encuentran a unos 40 minutos.<\/p>\t\t\t\t\t\t\t\t<\/div>\n\t\t\t\t<\/div>\n\t\t\t\t\t<\/div>\n\t\t\t\t<\/div>\n\t\t<div class=\"elementor-element elementor-element-3014bc22 e-flex e-con-boxed e-con e-parent\" data-id=\"3014bc22\" data-element_type=\"container\">\n\t\t\t\t\t<div class=\"e-con-inner\">\n\t\t\t\t\t<\/div>\n\t\t\t\t<\/div>\n\t\t\t\t<\/div>","protected":false},"excerpt":{"rendered":"<p>Sineu est\u00e1 situado en el coraz\u00f3n de la isla, rodeado de peque\u00f1os pueblos y de un hermoso paisaje. Este peque\u00f1o pueblo es muy conocido por el gran mercadillo que tiene lugar todos los mi\u00e9rcoles por la ma\u00f1ana. Sineu es uno de los pueblos m\u00e1s ant\u00edguos de Mallorca con elementos de estilo g\u00f3tico. Una visita a la antigua iglesia parroquial de Santa Maria vale tanto la peno como tambi\u00e9n dar un paseo por las calles que le llevar\u00e1n de vuelta a la Edad Media. En el centro de Sineu hay algunos restaurantes tradicionales donde la cocina mallorquina se presenta con un ambiente lleno de historia. Dos ciudades importantes, Inca y Manacor se encuentran dentro de un radio de 20 kil\u00f3metros. El aeropuerto internacional y la ciudad de Palma se encuentran a unos 40 minutos.<\/p>","protected":false},"author":5,"featured_media":0,"parent":325,"menu_order":0,"comment_status":"closed","ping_status":"closed","template":"","meta":{"_acf_changed":false,"footnotes":""},"categories":[],"tags":[],"class_list":["post-140796","page","type-page","status-publish","hentry"],"acf":[],"yoast_head":"<!-- This site is optimized with the Yoast SEO Premium plugin v24.4 (Yoast SEO v26.8) - https:\/\/yoast.com\/product\/yoast-seo-premium-wordpress\/ -->\n<title>Sineu - Lucie Hauri | Exclusive Real Estate<\/title>\n<meta name=\"robots\" content=\"index, follow, max-snippet:-1, max-image-preview:large, max-video-preview:-1\" \/>\n<link rel=\"canonical\" href=\"https:\/\/www.lucie-hauri.com\/es\/region\/sineu\/\" \/>\n<meta property=\"og:locale\" content=\"es_ES\" \/>\n<meta property=\"og:type\" content=\"article\" \/>\n<meta property=\"og:title\" content=\"Sineu - Lucie Hauri | Exclusive Real Estate\" \/>\n<meta property=\"og:description\" content=\"Sineu liegt im Herzen der Insel, umringt von kleinen Ortschaften und eingebettet in eine sch\u00f6ne Landschaft. Bekannt ist diese h\u00fcbsche kleine Stadt unter anderem f\u00fcr den gro\u00dfen Markt, der jeden Mittwochmorgen stattfindet. Sineu ist eine der \u00e4ltesten St\u00e4dte Mallorcas mit Bauelementen aus der Gotik. Ein Besuch in der alten Pfarrkirche Santa Maria lohnt sich ebenso wie ein Gang durch die Stra\u00dfen, die einen in das Mittelalter entf\u00fchren. Im Zentrum von Sineu gibt es einige traditionelle Restaurants, in denen sich die mallorquinische K\u00fcche mit einem Ambiente voller Geschichte pr\u00e4sentiert. Zwei gr\u00f6\u00dfere St\u00e4dte, Inca und Manacor befinden sich im Umkreis von ca. 20 Kilometern. Den internationalen Flughafen und die Stadt Palma erreicht man in ca. 40 Min.\" \/>\n<meta property=\"og:url\" content=\"https:\/\/www.lucie-hauri.com\/es\/region\/sineu\/\" \/>\n<meta property=\"og:site_name\" content=\"Lucie Hauri | Exclusive Real Estate\" \/>\n<meta property=\"article:modified_time\" content=\"2024-01-18T23:23:07+00:00\" \/>\n<meta name=\"twitter:card\" content=\"summary_large_image\" \/>\n<meta name=\"twitter:label1\" content=\"Tiempo de lectura\" \/>\n\t<meta name=\"twitter:data1\" content=\"1 minuto\" \/>\n<script type=\"application\/ld+json\" class=\"yoast-schema-graph\">{\"@context\":\"https:\/\/schema.org\",\"@graph\":[{\"@type\":\"WebPage\",\"@id\":\"https:\/\/www.lucie-hauri.com\/es\/region\/sineu\/\",\"url\":\"https:\/\/www.lucie-hauri.com\/es\/region\/sineu\/\",\"name\":\"Sineu - Lucie Hauri | Exclusive Real Estate\",\"isPartOf\":{\"@id\":\"https:\/\/www.lucie-hauri.com\/en\/#website\"},\"datePublished\":\"2024-01-18T23:22:32+00:00\",\"dateModified\":\"2024-01-18T23:23:07+00:00\",\"breadcrumb\":{\"@id\":\"https:\/\/www.lucie-hauri.com\/es\/region\/sineu\/#breadcrumb\"},\"inLanguage\":\"es\",\"potentialAction\":[{\"@type\":\"ReadAction\",\"target\":[\"https:\/\/www.lucie-hauri.com\/es\/region\/sineu\/\"]}]},{\"@type\":\"BreadcrumbList\",\"@id\":\"https:\/\/www.lucie-hauri.com\/es\/region\/sineu\/#breadcrumb\",\"itemListElement\":[{\"@type\":\"ListItem\",\"position\":1,\"name\":\"Region\",\"item\":\"https:\/\/www.lucie-hauri.com\/en\/region\/\"},{\"@type\":\"ListItem\",\"position\":2,\"name\":\"Sineu\"}]},{\"@type\":\"WebSite\",\"@id\":\"https:\/\/www.lucie-hauri.com\/en\/#website\",\"url\":\"https:\/\/www.lucie-hauri.com\/en\/\",\"name\":\"Lucie Hauri | Exclusive Real Estate\",\"description\":\"\",\"potentialAction\":[{\"@type\":\"SearchAction\",\"target\":{\"@type\":\"EntryPoint\",\"urlTemplate\":\"https:\/\/www.lucie-hauri.com\/en\/?s={search_term_string}\"},\"query-input\":{\"@type\":\"PropertyValueSpecification\",\"valueRequired\":true,\"valueName\":\"search_term_string\"}}],\"inLanguage\":\"es\"}]}<\/script>\n<!-- \/ Yoast SEO Premium plugin. -->","yoast_head_json":{"title":"Sineu - Lucie Hauri | Exclusive Real Estate","robots":{"index":"index","follow":"follow","max-snippet":"max-snippet:-1","max-image-preview":"max-image-preview:large","max-video-preview":"max-video-preview:-1"},"canonical":"https:\/\/www.lucie-hauri.com\/es\/region\/sineu\/","og_locale":"es_ES","og_type":"article","og_title":"Sineu - Lucie Hauri | Exclusive Real Estate","og_description":"Sineu liegt im Herzen der Insel, umringt von kleinen Ortschaften und eingebettet in eine sch\u00f6ne Landschaft. Bekannt ist diese h\u00fcbsche kleine Stadt unter anderem f\u00fcr den gro\u00dfen Markt, der jeden Mittwochmorgen stattfindet. Sineu ist eine der \u00e4ltesten St\u00e4dte Mallorcas mit Bauelementen aus der Gotik. Ein Besuch in der alten Pfarrkirche Santa Maria lohnt sich ebenso wie ein Gang durch die Stra\u00dfen, die einen in das Mittelalter entf\u00fchren. Im Zentrum von Sineu gibt es einige traditionelle Restaurants, in denen sich die mallorquinische K\u00fcche mit einem Ambiente voller Geschichte pr\u00e4sentiert. Zwei gr\u00f6\u00dfere St\u00e4dte, Inca und Manacor befinden sich im Umkreis von ca. 20 Kilometern. Den internationalen Flughafen und die Stadt Palma erreicht man in ca. 40 Min.","og_url":"https:\/\/www.lucie-hauri.com\/es\/region\/sineu\/","og_site_name":"Lucie Hauri | Exclusive Real Estate","article_modified_time":"2024-01-18T23:23:07+00:00","twitter_card":"summary_large_image","twitter_misc":{"Tiempo de lectura":"1 minuto"},"schema":{"@context":"https:\/\/schema.org","@graph":[{"@type":"WebPage","@id":"https:\/\/www.lucie-hauri.com\/es\/region\/sineu\/","url":"https:\/\/www.lucie-hauri.com\/es\/region\/sineu\/","name":"Sineu - Lucie Hauri | Exclusive Real Estate","isPartOf":{"@id":"https:\/\/www.lucie-hauri.com\/en\/#website"},"datePublished":"2024-01-18T23:22:32+00:00","dateModified":"2024-01-18T23:23:07+00:00","breadcrumb":{"@id":"https:\/\/www.lucie-hauri.com\/es\/region\/sineu\/#breadcrumb"},"inLanguage":"es","potentialAction":[{"@type":"ReadAction","target":["https:\/\/www.lucie-hauri.com\/es\/region\/sineu\/"]}]},{"@type":"BreadcrumbList","@id":"https:\/\/www.lucie-hauri.com\/es\/region\/sineu\/#breadcrumb","itemListElement":[{"@type":"ListItem","position":1,"name":"Region","item":"https:\/\/www.lucie-hauri.com\/en\/region\/"},{"@type":"ListItem","position":2,"name":"Sineu"}]},{"@type":"WebSite","@id":"https:\/\/www.lucie-hauri.com\/en\/#website","url":"https:\/\/www.lucie-hauri.com\/en\/","name":"Lucie Hauri | Exclusive Real Estate","description":"","potentialAction":[{"@type":"SearchAction","target":{"@type":"EntryPoint","urlTemplate":"https:\/\/www.lucie-hauri.com\/en\/?s={search_term_string}"},"query-input":{"@type":"PropertyValueSpecification","valueRequired":true,"valueName":"search_term_string"}}],"inLanguage":"es"}]}},"_links":{"self":[{"href":"https:\/\/www.lucie-hauri.com\/es\/wp-json\/wp\/v2\/pages\/140796","targetHints":{"allow":["GET"]}}],"collection":[{"href":"https:\/\/www.lucie-hauri.com\/es\/wp-json\/wp\/v2\/pages"}],"about":[{"href":"https:\/\/www.lucie-hauri.com\/es\/wp-json\/wp\/v2\/types\/page"}],"author":[{"embeddable":true,"href":"https:\/\/www.lucie-hauri.com\/es\/wp-json\/wp\/v2\/users\/5"}],"replies":[{"embeddable":true,"href":"https:\/\/www.lucie-hauri.com\/es\/wp-json\/wp\/v2\/comments?post=140796"}],"version-history":[{"count":0,"href":"https:\/\/www.lucie-hauri.com\/es\/wp-json\/wp\/v2\/pages\/140796\/revisions"}],"up":[{"embeddable":true,"href":"https:\/\/www.lucie-hauri.com\/es\/wp-json\/wp\/v2\/pages\/325"}],"wp:attachment":[{"href":"https:\/\/www.lucie-hauri.com\/es\/wp-json\/wp\/v2\/media?parent=140796"}],"wp:term":[{"taxonomy":"category","embeddable":true,"href":"https:\/\/www.lucie-hauri.com\/es\/wp-json\/wp\/v2\/categories?post=140796"},{"taxonomy":"post_tag","embeddable":true,"href":"https:\/\/www.lucie-hauri.com\/es\/wp-json\/wp\/v2\/tags?post=140796"}],"curies":[{"name":"wp","href":"https:\/\/api.w.org\/{rel}","templated":true}]}}