{"id":140784,"date":"2024-01-19T00:15:26","date_gmt":"2024-01-18T23:15:26","guid":{"rendered":"https:\/\/lucie-hauri.hostpress.me\/?page_id=140784"},"modified":"2024-01-19T00:16:41","modified_gmt":"2024-01-18T23:16:41","slug":"son-carrio","status":"publish","type":"page","link":"https:\/\/www.lucie-hauri.com\/es\/region\/son-carrio\/","title":{"rendered":"Son Carri\u00f3"},"content":{"rendered":"<div data-elementor-type=\"wp-page\" data-elementor-id=\"140784\" class=\"elementor elementor-140784\" data-elementor-post-type=\"page\">\n\t\t\t\t<div class=\"elementor-element elementor-element-2e9ea754 e-flex e-con-boxed e-con e-parent\" data-id=\"2e9ea754\" data-element_type=\"container\">\n\t\t\t\t\t<div class=\"e-con-inner\">\n\t\t\t\t<div class=\"elementor-element elementor-element-3bde5c2b elementor-widget elementor-widget-text-editor\" data-id=\"3bde5c2b\" data-element_type=\"widget\" data-widget_type=\"text-editor.default\">\n\t\t\t\t<div class=\"elementor-widget-container\">\n\t\t\t\t\t\t\t\t\t<p>Son Carri\u00f3 es un pueblo peque\u00f1o y tranquilo con s\u00f3lo aprox. 1.100 habitantes y se encuentra a unos 4 km sureste de la localidad de Sant Lloren\u00e7. Posibilidades de compra y restaurantes solo hay pocos en Son Carri\u00f3. Estos se encuentran m\u00e1s bien en las ciudades alrededores, como en Manacor a unos 7 km. Pero tambi\u00e9n Sa Coma, Porto Cristo y Cala Millor son f\u00e1cil accesible \u2013 aqu\u00ed tambi\u00e9n hay muchas tiendas, as\u00ed como una buena selecci\u00f3n de restaurantes, cafeter\u00edas y bares.<\/p><p>Son Carri\u00f3 se encuentra a una distancia de aprox. 57 kil\u00f3metros desde la capital de la isla Palma de Mallorca. El aeropuerto internacional est\u00e1 a unos 51 kil\u00f3metros.<\/p>\t\t\t\t\t\t\t\t<\/div>\n\t\t\t\t<\/div>\n\t\t\t\t\t<\/div>\n\t\t\t\t<\/div>\n\t\t<div class=\"elementor-element elementor-element-3014bc22 e-flex e-con-boxed e-con e-parent\" data-id=\"3014bc22\" data-element_type=\"container\">\n\t\t\t\t\t<div class=\"e-con-inner\">\n\t\t\t\t\t<\/div>\n\t\t\t\t<\/div>\n\t\t\t\t<\/div>","protected":false},"excerpt":{"rendered":"<p>Son Carri\u00f3 ist ein kleiner und beschaulicher Ort mit nur ca. 1.100 Einwohnern, ca. 4 km s\u00fcd\u00f6stlich des Ortes Sant Llorenc gelegen. Einkaufsm\u00f6glichkeiten und Restaurants sind in Son Carri\u00f3 nur wenige zu finden. Diese gibt eher in den umliegenden St\u00e4dten, wie beispielsweise im ca. 7 km entfernten Manacor. Aber auch Sa Coma, Porto Cristo und Cala Millor sind schnell erreichbar \u2013 hier bieten sich ebenfalls zahlreiche Einkaufsm\u00f6glichkeiten sowie eine gute Auswahl an Restaurants, Caf\u00e9s und Bars. Von der Inselhauptstadt Palma ist Son Carri\u00f3 etwa 57 Kilometer entfernt, vom internationalen Flughafen ungef\u00e4hr 51 Kilometer.<\/p>","protected":false},"author":5,"featured_media":0,"parent":325,"menu_order":0,"comment_status":"closed","ping_status":"closed","template":"","meta":{"_acf_changed":false,"footnotes":""},"categories":[],"tags":[],"class_list":["post-140784","page","type-page","status-publish","hentry"],"acf":[],"yoast_head":"<!-- This site is optimized with the Yoast SEO Premium plugin v24.4 (Yoast SEO v26.8) - https:\/\/yoast.com\/product\/yoast-seo-premium-wordpress\/ -->\n<title>Son Carri\u00f3 - Lucie Hauri | Exclusive Real Estate<\/title>\n<meta name=\"robots\" content=\"index, follow, max-snippet:-1, max-image-preview:large, max-video-preview:-1\" \/>\n<link rel=\"canonical\" href=\"https:\/\/www.lucie-hauri.com\/es\/region\/son-carrio\/\" \/>\n<meta property=\"og:locale\" content=\"es_ES\" \/>\n<meta property=\"og:type\" content=\"article\" \/>\n<meta property=\"og:title\" content=\"Son Carri\u00f3 - Lucie Hauri | Exclusive Real Estate\" \/>\n<meta property=\"og:description\" content=\"Son Carri\u00f3 ist ein kleiner und beschaulicher Ort mit nur ca. 1.100 Einwohnern, ca. 4 km s\u00fcd\u00f6stlich des Ortes Sant Llorenc gelegen. Einkaufsm\u00f6glichkeiten und Restaurants sind in Son Carri\u00f3 nur wenige zu finden. Diese gibt eher in den umliegenden St\u00e4dten, wie beispielsweise im ca. 7 km entfernten Manacor. Aber auch Sa Coma, Porto Cristo und Cala Millor sind schnell erreichbar \u2013 hier bieten sich ebenfalls zahlreiche Einkaufsm\u00f6glichkeiten sowie eine gute Auswahl an Restaurants, Caf\u00e9s und Bars. Von der Inselhauptstadt Palma ist Son Carri\u00f3 etwa 57 Kilometer entfernt, vom internationalen Flughafen ungef\u00e4hr 51 Kilometer.\" \/>\n<meta property=\"og:url\" content=\"https:\/\/www.lucie-hauri.com\/es\/region\/son-carrio\/\" \/>\n<meta property=\"og:site_name\" content=\"Lucie Hauri | Exclusive Real Estate\" \/>\n<meta property=\"article:modified_time\" content=\"2024-01-18T23:16:41+00:00\" \/>\n<meta name=\"twitter:card\" content=\"summary_large_image\" \/>\n<meta name=\"twitter:label1\" content=\"Tiempo de lectura\" \/>\n\t<meta name=\"twitter:data1\" content=\"1 minuto\" \/>\n<script type=\"application\/ld+json\" class=\"yoast-schema-graph\">{\"@context\":\"https:\/\/schema.org\",\"@graph\":[{\"@type\":\"WebPage\",\"@id\":\"https:\/\/www.lucie-hauri.com\/de\/region\/son-carrio\/\",\"url\":\"https:\/\/www.lucie-hauri.com\/de\/region\/son-carrio\/\",\"name\":\"Son Carri\u00f3 - Lucie Hauri | Exclusive Real Estate\",\"isPartOf\":{\"@id\":\"https:\/\/www.lucie-hauri.com\/en\/#website\"},\"datePublished\":\"2024-01-18T23:15:26+00:00\",\"dateModified\":\"2024-01-18T23:16:41+00:00\",\"breadcrumb\":{\"@id\":\"https:\/\/www.lucie-hauri.com\/de\/region\/son-carrio\/#breadcrumb\"},\"inLanguage\":\"es\",\"potentialAction\":[{\"@type\":\"ReadAction\",\"target\":[\"https:\/\/www.lucie-hauri.com\/de\/region\/son-carrio\/\"]}]},{\"@type\":\"BreadcrumbList\",\"@id\":\"https:\/\/www.lucie-hauri.com\/de\/region\/son-carrio\/#breadcrumb\",\"itemListElement\":[{\"@type\":\"ListItem\",\"position\":1,\"name\":\"Region\",\"item\":\"https:\/\/www.lucie-hauri.com\/en\/region\/\"},{\"@type\":\"ListItem\",\"position\":2,\"name\":\"Son Carri\u00f3\"}]},{\"@type\":\"WebSite\",\"@id\":\"https:\/\/www.lucie-hauri.com\/en\/#website\",\"url\":\"https:\/\/www.lucie-hauri.com\/en\/\",\"name\":\"Lucie Hauri | Exclusive Real Estate\",\"description\":\"\",\"potentialAction\":[{\"@type\":\"SearchAction\",\"target\":{\"@type\":\"EntryPoint\",\"urlTemplate\":\"https:\/\/www.lucie-hauri.com\/en\/?s={search_term_string}\"},\"query-input\":{\"@type\":\"PropertyValueSpecification\",\"valueRequired\":true,\"valueName\":\"search_term_string\"}}],\"inLanguage\":\"es\"}]}<\/script>\n<!-- \/ Yoast SEO Premium plugin. -->","yoast_head_json":{"title":"Son Carri\u00f3 - Lucie Hauri | Exclusive Real Estate","robots":{"index":"index","follow":"follow","max-snippet":"max-snippet:-1","max-image-preview":"max-image-preview:large","max-video-preview":"max-video-preview:-1"},"canonical":"https:\/\/www.lucie-hauri.com\/es\/region\/son-carrio\/","og_locale":"es_ES","og_type":"article","og_title":"Son Carri\u00f3 - Lucie Hauri | Exclusive Real Estate","og_description":"Son Carri\u00f3 ist ein kleiner und beschaulicher Ort mit nur ca. 1.100 Einwohnern, ca. 4 km s\u00fcd\u00f6stlich des Ortes Sant Llorenc gelegen. Einkaufsm\u00f6glichkeiten und Restaurants sind in Son Carri\u00f3 nur wenige zu finden. Diese gibt eher in den umliegenden St\u00e4dten, wie beispielsweise im ca. 7 km entfernten Manacor. Aber auch Sa Coma, Porto Cristo und Cala Millor sind schnell erreichbar \u2013 hier bieten sich ebenfalls zahlreiche Einkaufsm\u00f6glichkeiten sowie eine gute Auswahl an Restaurants, Caf\u00e9s und Bars. Von der Inselhauptstadt Palma ist Son Carri\u00f3 etwa 57 Kilometer entfernt, vom internationalen Flughafen ungef\u00e4hr 51 Kilometer.","og_url":"https:\/\/www.lucie-hauri.com\/es\/region\/son-carrio\/","og_site_name":"Lucie Hauri | Exclusive Real Estate","article_modified_time":"2024-01-18T23:16:41+00:00","twitter_card":"summary_large_image","twitter_misc":{"Tiempo de lectura":"1 minuto"},"schema":{"@context":"https:\/\/schema.org","@graph":[{"@type":"WebPage","@id":"https:\/\/www.lucie-hauri.com\/de\/region\/son-carrio\/","url":"https:\/\/www.lucie-hauri.com\/de\/region\/son-carrio\/","name":"Son Carri\u00f3 - Lucie Hauri | Exclusive Real Estate","isPartOf":{"@id":"https:\/\/www.lucie-hauri.com\/en\/#website"},"datePublished":"2024-01-18T23:15:26+00:00","dateModified":"2024-01-18T23:16:41+00:00","breadcrumb":{"@id":"https:\/\/www.lucie-hauri.com\/de\/region\/son-carrio\/#breadcrumb"},"inLanguage":"es","potentialAction":[{"@type":"ReadAction","target":["https:\/\/www.lucie-hauri.com\/de\/region\/son-carrio\/"]}]},{"@type":"BreadcrumbList","@id":"https:\/\/www.lucie-hauri.com\/de\/region\/son-carrio\/#breadcrumb","itemListElement":[{"@type":"ListItem","position":1,"name":"Region","item":"https:\/\/www.lucie-hauri.com\/en\/region\/"},{"@type":"ListItem","position":2,"name":"Son Carri\u00f3"}]},{"@type":"WebSite","@id":"https:\/\/www.lucie-hauri.com\/en\/#website","url":"https:\/\/www.lucie-hauri.com\/en\/","name":"Lucie Hauri | Exclusive Real Estate","description":"","potentialAction":[{"@type":"SearchAction","target":{"@type":"EntryPoint","urlTemplate":"https:\/\/www.lucie-hauri.com\/en\/?s={search_term_string}"},"query-input":{"@type":"PropertyValueSpecification","valueRequired":true,"valueName":"search_term_string"}}],"inLanguage":"es"}]}},"_links":{"self":[{"href":"https:\/\/www.lucie-hauri.com\/es\/wp-json\/wp\/v2\/pages\/140784","targetHints":{"allow":["GET"]}}],"collection":[{"href":"https:\/\/www.lucie-hauri.com\/es\/wp-json\/wp\/v2\/pages"}],"about":[{"href":"https:\/\/www.lucie-hauri.com\/es\/wp-json\/wp\/v2\/types\/page"}],"author":[{"embeddable":true,"href":"https:\/\/www.lucie-hauri.com\/es\/wp-json\/wp\/v2\/users\/5"}],"replies":[{"embeddable":true,"href":"https:\/\/www.lucie-hauri.com\/es\/wp-json\/wp\/v2\/comments?post=140784"}],"version-history":[{"count":0,"href":"https:\/\/www.lucie-hauri.com\/es\/wp-json\/wp\/v2\/pages\/140784\/revisions"}],"up":[{"embeddable":true,"href":"https:\/\/www.lucie-hauri.com\/es\/wp-json\/wp\/v2\/pages\/325"}],"wp:attachment":[{"href":"https:\/\/www.lucie-hauri.com\/es\/wp-json\/wp\/v2\/media?parent=140784"}],"wp:term":[{"taxonomy":"category","embeddable":true,"href":"https:\/\/www.lucie-hauri.com\/es\/wp-json\/wp\/v2\/categories?post=140784"},{"taxonomy":"post_tag","embeddable":true,"href":"https:\/\/www.lucie-hauri.com\/es\/wp-json\/wp\/v2\/tags?post=140784"}],"curies":[{"name":"wp","href":"https:\/\/api.w.org\/{rel}","templated":true}]}}