{"id":140745,"date":"2024-01-18T23:37:13","date_gmt":"2024-01-18T22:37:13","guid":{"rendered":"https:\/\/lucie-hauri.hostpress.me\/?page_id=140745"},"modified":"2024-01-18T23:37:53","modified_gmt":"2024-01-18T22:37:53","slug":"colonia-sant-jordi","status":"publish","type":"page","link":"https:\/\/www.lucie-hauri.com\/es\/region\/colonia-sant-jordi\/","title":{"rendered":"Colonia Sant Jordi"},"content":{"rendered":"<div data-elementor-type=\"wp-page\" data-elementor-id=\"140745\" class=\"elementor elementor-140745\" data-elementor-post-type=\"page\">\n\t\t\t\t<div class=\"elementor-element elementor-element-2e9ea754 e-flex e-con-boxed e-con e-parent\" data-id=\"2e9ea754\" data-element_type=\"container\">\n\t\t\t\t\t<div class=\"e-con-inner\">\n\t\t\t\t<div class=\"elementor-element elementor-element-3bde5c2b elementor-widget elementor-widget-text-editor\" data-id=\"3bde5c2b\" data-element_type=\"widget\" data-widget_type=\"text-editor.default\">\n\t\t\t\t<div class=\"elementor-widget-container\">\n\t\t\t\t\t\t\t\t\t<p>Se encuentra en el extremo sur de Mallorca Colonia Sant Jordi, que es considerado a\u00fan hoy en d\u00eda por muchos conocedores Mallorca sigue siendo un secreto. Aqu\u00ed podr\u00e1 encontrar la playa m\u00e1s hermosa de la isla \u2018Es Trenc\u2019, con sus dunas de arena virgen y la reserva natural adyacente. La playa de Es Trenc es arena muy fina, plano de la ca\u00edda en el mar y por lo tanto muy adecuado para familias con ni\u00f1os. El agua es cristalina. Tambi\u00e9n al otro lado de la ciudad hay en las playas de Els Dols y Es Carb\u00f3 opciones muy agradable para tener vacaciones en la playa. En la temporada de verano se ofrecer\u00e1 en la playa numerosas instalaciones deportivas. A lo largo del puerto es un peque\u00f1o paseo mar\u00edtimo, varios restaurantes, cafeter\u00edas y tiendas.<\/p><p>Los dos campos de golf de 18 hoyos de Son Antem son a unos 20 minutos. Palma y el aeropuerto internacional se puede llegar en unos 40 minutos.<\/p>\t\t\t\t\t\t\t\t<\/div>\n\t\t\t\t<\/div>\n\t\t\t\t\t<\/div>\n\t\t\t\t<\/div>\n\t\t<div class=\"elementor-element elementor-element-3014bc22 e-flex e-con-boxed e-con e-parent\" data-id=\"3014bc22\" data-element_type=\"container\">\n\t\t\t\t\t<div class=\"e-con-inner\">\n\t\t\t\t\t<\/div>\n\t\t\t\t<\/div>\n\t\t\t\t<\/div>","protected":false},"excerpt":{"rendered":"<p>An der S\u00fcdspitze Mallorcas liegt Colonia Sant Jordi, das auch heute f\u00fcr viele Mallorca-Kenner noch als Geheimtipp gilt. Hier findet man den wohl sch\u00f6nsten Strand der Insel: Es Trenc mit seiner unber\u00fchrten D\u00fcnenlandschaft und dem angrenzenden Naturschutzgebiet. Der Strand von Es Trenc ist sehr feinsandig, f\u00e4llt flach ins Meer ab und ist deshalb auch f\u00fcr Familien mit Kindern bestens geeignet. Das Wasser ist glasklar. Auch zur anderen Seite des Ortes gibt es mit den Str\u00e4nden von Els Dols und Es Carbo sehr sch\u00f6ne M\u00f6glichkeiten f\u00fcr einen Strand- und Badeurlaub. In der Sommersaison werden im Ort und am Strand zahlreiche Sportm\u00f6glichkeiten angeboten. Am Hafen gibt es eine kleine Promenade sowie verschiedene Restaurants, Cafes und Gesch\u00e4fte. Die beiden 18-Loch Golfpl\u00e4tze Son Antem liegen ca. 20 Minuten entfernt. Palma und der internationale Flughafen sind in etwa 40 Minuten zu erreichen.<\/p>","protected":false},"author":5,"featured_media":0,"parent":325,"menu_order":0,"comment_status":"closed","ping_status":"closed","template":"","meta":{"_acf_changed":false,"footnotes":""},"categories":[],"tags":[],"class_list":["post-140745","page","type-page","status-publish","hentry"],"acf":[],"yoast_head":"<!-- This site is optimized with the Yoast SEO Premium plugin v24.4 (Yoast SEO v26.8) - https:\/\/yoast.com\/product\/yoast-seo-premium-wordpress\/ -->\n<title>Colonia Sant Jordi - Lucie Hauri | Exclusive Real Estate<\/title>\n<meta name=\"robots\" content=\"index, follow, max-snippet:-1, max-image-preview:large, max-video-preview:-1\" \/>\n<link rel=\"canonical\" href=\"https:\/\/www.lucie-hauri.com\/es\/region\/colonia-sant-jordi\/\" \/>\n<meta property=\"og:locale\" content=\"es_ES\" \/>\n<meta property=\"og:type\" content=\"article\" \/>\n<meta property=\"og:title\" content=\"Colonia Sant Jordi - Lucie Hauri | Exclusive Real Estate\" \/>\n<meta property=\"og:description\" content=\"An der S\u00fcdspitze Mallorcas liegt Colonia Sant Jordi, das auch heute f\u00fcr viele Mallorca-Kenner noch als Geheimtipp gilt. Hier findet man den wohl sch\u00f6nsten Strand der Insel: Es Trenc mit seiner unber\u00fchrten D\u00fcnenlandschaft und dem angrenzenden Naturschutzgebiet. Der Strand von Es Trenc ist sehr feinsandig, f\u00e4llt flach ins Meer ab und ist deshalb auch f\u00fcr Familien mit Kindern bestens geeignet. Das Wasser ist glasklar. Auch zur anderen Seite des Ortes gibt es mit den Str\u00e4nden von Els Dols und Es Carbo sehr sch\u00f6ne M\u00f6glichkeiten f\u00fcr einen Strand- und Badeurlaub. In der Sommersaison werden im Ort und am Strand zahlreiche Sportm\u00f6glichkeiten angeboten. Am Hafen gibt es eine kleine Promenade sowie verschiedene Restaurants, Cafes und Gesch\u00e4fte. Die beiden 18-Loch Golfpl\u00e4tze Son Antem liegen ca. 20 Minuten entfernt. Palma und der internationale Flughafen sind in etwa 40 Minuten zu erreichen.\" \/>\n<meta property=\"og:url\" content=\"https:\/\/www.lucie-hauri.com\/es\/region\/colonia-sant-jordi\/\" \/>\n<meta property=\"og:site_name\" content=\"Lucie Hauri | Exclusive Real Estate\" \/>\n<meta property=\"article:modified_time\" content=\"2024-01-18T22:37:53+00:00\" \/>\n<meta name=\"twitter:card\" content=\"summary_large_image\" \/>\n<meta name=\"twitter:label1\" content=\"Tiempo de lectura\" \/>\n\t<meta name=\"twitter:data1\" content=\"1 minuto\" \/>\n<script type=\"application\/ld+json\" class=\"yoast-schema-graph\">{\"@context\":\"https:\/\/schema.org\",\"@graph\":[{\"@type\":\"WebPage\",\"@id\":\"https:\/\/www.lucie-hauri.com\/es\/region\/colonia-sant-jordi\/\",\"url\":\"https:\/\/www.lucie-hauri.com\/es\/region\/colonia-sant-jordi\/\",\"name\":\"Colonia Sant Jordi - Lucie Hauri | Exclusive Real Estate\",\"isPartOf\":{\"@id\":\"https:\/\/www.lucie-hauri.com\/en\/#website\"},\"datePublished\":\"2024-01-18T22:37:13+00:00\",\"dateModified\":\"2024-01-18T22:37:53+00:00\",\"breadcrumb\":{\"@id\":\"https:\/\/www.lucie-hauri.com\/es\/region\/colonia-sant-jordi\/#breadcrumb\"},\"inLanguage\":\"es\",\"potentialAction\":[{\"@type\":\"ReadAction\",\"target\":[\"https:\/\/www.lucie-hauri.com\/es\/region\/colonia-sant-jordi\/\"]}]},{\"@type\":\"BreadcrumbList\",\"@id\":\"https:\/\/www.lucie-hauri.com\/es\/region\/colonia-sant-jordi\/#breadcrumb\",\"itemListElement\":[{\"@type\":\"ListItem\",\"position\":1,\"name\":\"Region\",\"item\":\"https:\/\/www.lucie-hauri.com\/en\/region\/\"},{\"@type\":\"ListItem\",\"position\":2,\"name\":\"Colonia Sant Jordi\"}]},{\"@type\":\"WebSite\",\"@id\":\"https:\/\/www.lucie-hauri.com\/en\/#website\",\"url\":\"https:\/\/www.lucie-hauri.com\/en\/\",\"name\":\"Lucie Hauri | Exclusive Real Estate\",\"description\":\"\",\"potentialAction\":[{\"@type\":\"SearchAction\",\"target\":{\"@type\":\"EntryPoint\",\"urlTemplate\":\"https:\/\/www.lucie-hauri.com\/en\/?s={search_term_string}\"},\"query-input\":{\"@type\":\"PropertyValueSpecification\",\"valueRequired\":true,\"valueName\":\"search_term_string\"}}],\"inLanguage\":\"es\"}]}<\/script>\n<!-- \/ Yoast SEO Premium plugin. -->","yoast_head_json":{"title":"Colonia Sant Jordi - Lucie Hauri | Exclusive Real Estate","robots":{"index":"index","follow":"follow","max-snippet":"max-snippet:-1","max-image-preview":"max-image-preview:large","max-video-preview":"max-video-preview:-1"},"canonical":"https:\/\/www.lucie-hauri.com\/es\/region\/colonia-sant-jordi\/","og_locale":"es_ES","og_type":"article","og_title":"Colonia Sant Jordi - Lucie Hauri | Exclusive Real Estate","og_description":"An der S\u00fcdspitze Mallorcas liegt Colonia Sant Jordi, das auch heute f\u00fcr viele Mallorca-Kenner noch als Geheimtipp gilt. Hier findet man den wohl sch\u00f6nsten Strand der Insel: Es Trenc mit seiner unber\u00fchrten D\u00fcnenlandschaft und dem angrenzenden Naturschutzgebiet. Der Strand von Es Trenc ist sehr feinsandig, f\u00e4llt flach ins Meer ab und ist deshalb auch f\u00fcr Familien mit Kindern bestens geeignet. Das Wasser ist glasklar. Auch zur anderen Seite des Ortes gibt es mit den Str\u00e4nden von Els Dols und Es Carbo sehr sch\u00f6ne M\u00f6glichkeiten f\u00fcr einen Strand- und Badeurlaub. In der Sommersaison werden im Ort und am Strand zahlreiche Sportm\u00f6glichkeiten angeboten. Am Hafen gibt es eine kleine Promenade sowie verschiedene Restaurants, Cafes und Gesch\u00e4fte. Die beiden 18-Loch Golfpl\u00e4tze Son Antem liegen ca. 20 Minuten entfernt. Palma und der internationale Flughafen sind in etwa 40 Minuten zu erreichen.","og_url":"https:\/\/www.lucie-hauri.com\/es\/region\/colonia-sant-jordi\/","og_site_name":"Lucie Hauri | Exclusive Real Estate","article_modified_time":"2024-01-18T22:37:53+00:00","twitter_card":"summary_large_image","twitter_misc":{"Tiempo de lectura":"1 minuto"},"schema":{"@context":"https:\/\/schema.org","@graph":[{"@type":"WebPage","@id":"https:\/\/www.lucie-hauri.com\/es\/region\/colonia-sant-jordi\/","url":"https:\/\/www.lucie-hauri.com\/es\/region\/colonia-sant-jordi\/","name":"Colonia Sant Jordi - Lucie Hauri | Exclusive Real Estate","isPartOf":{"@id":"https:\/\/www.lucie-hauri.com\/en\/#website"},"datePublished":"2024-01-18T22:37:13+00:00","dateModified":"2024-01-18T22:37:53+00:00","breadcrumb":{"@id":"https:\/\/www.lucie-hauri.com\/es\/region\/colonia-sant-jordi\/#breadcrumb"},"inLanguage":"es","potentialAction":[{"@type":"ReadAction","target":["https:\/\/www.lucie-hauri.com\/es\/region\/colonia-sant-jordi\/"]}]},{"@type":"BreadcrumbList","@id":"https:\/\/www.lucie-hauri.com\/es\/region\/colonia-sant-jordi\/#breadcrumb","itemListElement":[{"@type":"ListItem","position":1,"name":"Region","item":"https:\/\/www.lucie-hauri.com\/en\/region\/"},{"@type":"ListItem","position":2,"name":"Colonia Sant Jordi"}]},{"@type":"WebSite","@id":"https:\/\/www.lucie-hauri.com\/en\/#website","url":"https:\/\/www.lucie-hauri.com\/en\/","name":"Lucie Hauri | Exclusive Real Estate","description":"","potentialAction":[{"@type":"SearchAction","target":{"@type":"EntryPoint","urlTemplate":"https:\/\/www.lucie-hauri.com\/en\/?s={search_term_string}"},"query-input":{"@type":"PropertyValueSpecification","valueRequired":true,"valueName":"search_term_string"}}],"inLanguage":"es"}]}},"_links":{"self":[{"href":"https:\/\/www.lucie-hauri.com\/es\/wp-json\/wp\/v2\/pages\/140745","targetHints":{"allow":["GET"]}}],"collection":[{"href":"https:\/\/www.lucie-hauri.com\/es\/wp-json\/wp\/v2\/pages"}],"about":[{"href":"https:\/\/www.lucie-hauri.com\/es\/wp-json\/wp\/v2\/types\/page"}],"author":[{"embeddable":true,"href":"https:\/\/www.lucie-hauri.com\/es\/wp-json\/wp\/v2\/users\/5"}],"replies":[{"embeddable":true,"href":"https:\/\/www.lucie-hauri.com\/es\/wp-json\/wp\/v2\/comments?post=140745"}],"version-history":[{"count":0,"href":"https:\/\/www.lucie-hauri.com\/es\/wp-json\/wp\/v2\/pages\/140745\/revisions"}],"up":[{"embeddable":true,"href":"https:\/\/www.lucie-hauri.com\/es\/wp-json\/wp\/v2\/pages\/325"}],"wp:attachment":[{"href":"https:\/\/www.lucie-hauri.com\/es\/wp-json\/wp\/v2\/media?parent=140745"}],"wp:term":[{"taxonomy":"category","embeddable":true,"href":"https:\/\/www.lucie-hauri.com\/es\/wp-json\/wp\/v2\/categories?post=140745"},{"taxonomy":"post_tag","embeddable":true,"href":"https:\/\/www.lucie-hauri.com\/es\/wp-json\/wp\/v2\/tags?post=140745"}],"curies":[{"name":"wp","href":"https:\/\/api.w.org\/{rel}","templated":true}]}}