{"id":140739,"date":"2024-01-18T23:33:10","date_gmt":"2024-01-18T22:33:10","guid":{"rendered":"https:\/\/lucie-hauri.hostpress.me\/?page_id=140739"},"modified":"2024-01-18T23:34:06","modified_gmt":"2024-01-18T22:34:06","slug":"es-llombards","status":"publish","type":"page","link":"https:\/\/www.lucie-hauri.com\/es\/region\/es-llombards\/","title":{"rendered":"Es Llombards"},"content":{"rendered":"<div data-elementor-type=\"wp-page\" data-elementor-id=\"140739\" class=\"elementor elementor-140739\" data-elementor-post-type=\"page\">\n\t\t\t\t<div class=\"elementor-element elementor-element-2e9ea754 e-flex e-con-boxed e-con e-parent\" data-id=\"2e9ea754\" data-element_type=\"container\">\n\t\t\t\t\t<div class=\"e-con-inner\">\n\t\t\t\t<div class=\"elementor-element elementor-element-3bde5c2b elementor-widget elementor-widget-text-editor\" data-id=\"3bde5c2b\" data-element_type=\"widget\" data-widget_type=\"text-editor.default\">\n\t\t\t\t<div class=\"elementor-widget-container\">\n\t\t\t\t\t\t\t\t\t<p>Conduciendo de Santany\u00ed hacia Ses Salines o a la playa de Es Trenc pasar\u00e1 por el pueblecito de Llombards, que es un sitio acogedor y maravilloso. En el centro del pueblo hay dos caf\u00e9s, un restaurante, una panader\u00eda, una igl\u00e9sia y una escuela. Es Llombards est\u00e1 rodeado por grandes terrenos rurales con preciosos almendros que muestran su preciosa floraci\u00f3n en primavera. La playa mas cercana es la preciosa playa de Cala Llombards a tan solo 5 minutos. La playa del parque natural de Es Trenc, la playa mas larga de la isla, est\u00e1 a unos 10 minutos en coche.<\/p><p>El pueblo mas cercano es Santany\u00ed y est\u00e1 a unos 5 minutos, el campo de golf Vall d\u2019Or est\u00e1 a unos 20 minutos y Palma y el a\u00e9ropuerto a unos 50 min.<\/p>\t\t\t\t\t\t\t\t<\/div>\n\t\t\t\t<\/div>\n\t\t\t\t\t<\/div>\n\t\t\t\t<\/div>\n\t\t<div class=\"elementor-element elementor-element-3014bc22 e-flex e-con-boxed e-con e-parent\" data-id=\"3014bc22\" data-element_type=\"container\">\n\t\t\t\t\t<div class=\"e-con-inner\">\n\t\t\t\t\t<\/div>\n\t\t\t\t<\/div>\n\t\t\t\t<\/div>","protected":false},"excerpt":{"rendered":"<p>Die kleine Ortschaft Llombards liegt auf dem Weg von Santany\u00ed Richtung Ses Salines\/ Es Trenc. Der Ort ist sehr gem\u00fctlich, ruhig und wundervoll authentisch. Das Dorfleben zentriert sich auf zwei kleine Caf\u00e9s, ein Restaurant, B\u00e4ckerladen, Kirche und eine Schule. Landschaftlich liegt Llombards wundersch\u00f6n eingebettet in l\u00e4ndlichem Gebiet mit gro\u00dfen Feldern und im Fr\u00fchjahr herrlich bl\u00fchenden Mandelb\u00e4umen. Die Bucht Cala Llombards liegt nur 5 Autominuten entfernt. Santany\u00ed ist in weniger als 10 Minuten zu erreichen, der Naturstrand Es Trenc liegt ebenfalls nur ca. 10 Minuten entfernt.<\/p>","protected":false},"author":5,"featured_media":0,"parent":325,"menu_order":0,"comment_status":"closed","ping_status":"closed","template":"","meta":{"_acf_changed":false,"footnotes":""},"categories":[],"tags":[],"class_list":["post-140739","page","type-page","status-publish","hentry"],"acf":[],"yoast_head":"<!-- This site is optimized with the Yoast SEO Premium plugin v24.4 (Yoast SEO v26.8) - https:\/\/yoast.com\/product\/yoast-seo-premium-wordpress\/ -->\n<title>Es Llombards - Lucie Hauri | Exclusive Real Estate<\/title>\n<meta name=\"robots\" content=\"index, follow, max-snippet:-1, max-image-preview:large, max-video-preview:-1\" \/>\n<link rel=\"canonical\" href=\"https:\/\/www.lucie-hauri.com\/es\/region\/es-llombards\/\" \/>\n<meta property=\"og:locale\" content=\"es_ES\" \/>\n<meta property=\"og:type\" content=\"article\" \/>\n<meta property=\"og:title\" content=\"Es Llombards - Lucie Hauri | Exclusive Real Estate\" \/>\n<meta property=\"og:description\" content=\"Die kleine Ortschaft Llombards liegt auf dem Weg von Santany\u00ed Richtung Ses Salines\/ Es Trenc. Der Ort ist sehr gem\u00fctlich, ruhig und wundervoll authentisch. Das Dorfleben zentriert sich auf zwei kleine Caf\u00e9s, ein Restaurant, B\u00e4ckerladen, Kirche und eine Schule. Landschaftlich liegt Llombards wundersch\u00f6n eingebettet in l\u00e4ndlichem Gebiet mit gro\u00dfen Feldern und im Fr\u00fchjahr herrlich bl\u00fchenden Mandelb\u00e4umen. Die Bucht Cala Llombards liegt nur 5 Autominuten entfernt. Santany\u00ed ist in weniger als 10 Minuten zu erreichen, der Naturstrand Es Trenc liegt ebenfalls nur ca. 10 Minuten entfernt.\" \/>\n<meta property=\"og:url\" content=\"https:\/\/www.lucie-hauri.com\/es\/region\/es-llombards\/\" \/>\n<meta property=\"og:site_name\" content=\"Lucie Hauri | Exclusive Real Estate\" \/>\n<meta property=\"article:modified_time\" content=\"2024-01-18T22:34:06+00:00\" \/>\n<meta name=\"twitter:card\" content=\"summary_large_image\" \/>\n<meta name=\"twitter:label1\" content=\"Tiempo de lectura\" \/>\n\t<meta name=\"twitter:data1\" content=\"1 minuto\" \/>\n<script type=\"application\/ld+json\" class=\"yoast-schema-graph\">{\"@context\":\"https:\/\/schema.org\",\"@graph\":[{\"@type\":\"WebPage\",\"@id\":\"https:\/\/www.lucie-hauri.com\/de\/region\/es-llombards\/\",\"url\":\"https:\/\/www.lucie-hauri.com\/de\/region\/es-llombards\/\",\"name\":\"Es Llombards - Lucie Hauri | Exclusive Real Estate\",\"isPartOf\":{\"@id\":\"https:\/\/www.lucie-hauri.com\/en\/#website\"},\"datePublished\":\"2024-01-18T22:33:10+00:00\",\"dateModified\":\"2024-01-18T22:34:06+00:00\",\"breadcrumb\":{\"@id\":\"https:\/\/www.lucie-hauri.com\/de\/region\/es-llombards\/#breadcrumb\"},\"inLanguage\":\"es\",\"potentialAction\":[{\"@type\":\"ReadAction\",\"target\":[\"https:\/\/www.lucie-hauri.com\/de\/region\/es-llombards\/\"]}]},{\"@type\":\"BreadcrumbList\",\"@id\":\"https:\/\/www.lucie-hauri.com\/de\/region\/es-llombards\/#breadcrumb\",\"itemListElement\":[{\"@type\":\"ListItem\",\"position\":1,\"name\":\"Region\",\"item\":\"https:\/\/www.lucie-hauri.com\/en\/region\/\"},{\"@type\":\"ListItem\",\"position\":2,\"name\":\"Es Llombards\"}]},{\"@type\":\"WebSite\",\"@id\":\"https:\/\/www.lucie-hauri.com\/en\/#website\",\"url\":\"https:\/\/www.lucie-hauri.com\/en\/\",\"name\":\"Lucie Hauri | Exclusive Real Estate\",\"description\":\"\",\"potentialAction\":[{\"@type\":\"SearchAction\",\"target\":{\"@type\":\"EntryPoint\",\"urlTemplate\":\"https:\/\/www.lucie-hauri.com\/en\/?s={search_term_string}\"},\"query-input\":{\"@type\":\"PropertyValueSpecification\",\"valueRequired\":true,\"valueName\":\"search_term_string\"}}],\"inLanguage\":\"es\"}]}<\/script>\n<!-- \/ Yoast SEO Premium plugin. -->","yoast_head_json":{"title":"Es Llombards - Lucie Hauri | Exclusive Real Estate","robots":{"index":"index","follow":"follow","max-snippet":"max-snippet:-1","max-image-preview":"max-image-preview:large","max-video-preview":"max-video-preview:-1"},"canonical":"https:\/\/www.lucie-hauri.com\/es\/region\/es-llombards\/","og_locale":"es_ES","og_type":"article","og_title":"Es Llombards - Lucie Hauri | Exclusive Real Estate","og_description":"Die kleine Ortschaft Llombards liegt auf dem Weg von Santany\u00ed Richtung Ses Salines\/ Es Trenc. Der Ort ist sehr gem\u00fctlich, ruhig und wundervoll authentisch. Das Dorfleben zentriert sich auf zwei kleine Caf\u00e9s, ein Restaurant, B\u00e4ckerladen, Kirche und eine Schule. Landschaftlich liegt Llombards wundersch\u00f6n eingebettet in l\u00e4ndlichem Gebiet mit gro\u00dfen Feldern und im Fr\u00fchjahr herrlich bl\u00fchenden Mandelb\u00e4umen. Die Bucht Cala Llombards liegt nur 5 Autominuten entfernt. Santany\u00ed ist in weniger als 10 Minuten zu erreichen, der Naturstrand Es Trenc liegt ebenfalls nur ca. 10 Minuten entfernt.","og_url":"https:\/\/www.lucie-hauri.com\/es\/region\/es-llombards\/","og_site_name":"Lucie Hauri | Exclusive Real Estate","article_modified_time":"2024-01-18T22:34:06+00:00","twitter_card":"summary_large_image","twitter_misc":{"Tiempo de lectura":"1 minuto"},"schema":{"@context":"https:\/\/schema.org","@graph":[{"@type":"WebPage","@id":"https:\/\/www.lucie-hauri.com\/de\/region\/es-llombards\/","url":"https:\/\/www.lucie-hauri.com\/de\/region\/es-llombards\/","name":"Es Llombards - Lucie Hauri | Exclusive Real Estate","isPartOf":{"@id":"https:\/\/www.lucie-hauri.com\/en\/#website"},"datePublished":"2024-01-18T22:33:10+00:00","dateModified":"2024-01-18T22:34:06+00:00","breadcrumb":{"@id":"https:\/\/www.lucie-hauri.com\/de\/region\/es-llombards\/#breadcrumb"},"inLanguage":"es","potentialAction":[{"@type":"ReadAction","target":["https:\/\/www.lucie-hauri.com\/de\/region\/es-llombards\/"]}]},{"@type":"BreadcrumbList","@id":"https:\/\/www.lucie-hauri.com\/de\/region\/es-llombards\/#breadcrumb","itemListElement":[{"@type":"ListItem","position":1,"name":"Region","item":"https:\/\/www.lucie-hauri.com\/en\/region\/"},{"@type":"ListItem","position":2,"name":"Es Llombards"}]},{"@type":"WebSite","@id":"https:\/\/www.lucie-hauri.com\/en\/#website","url":"https:\/\/www.lucie-hauri.com\/en\/","name":"Lucie Hauri | Exclusive Real Estate","description":"","potentialAction":[{"@type":"SearchAction","target":{"@type":"EntryPoint","urlTemplate":"https:\/\/www.lucie-hauri.com\/en\/?s={search_term_string}"},"query-input":{"@type":"PropertyValueSpecification","valueRequired":true,"valueName":"search_term_string"}}],"inLanguage":"es"}]}},"_links":{"self":[{"href":"https:\/\/www.lucie-hauri.com\/es\/wp-json\/wp\/v2\/pages\/140739","targetHints":{"allow":["GET"]}}],"collection":[{"href":"https:\/\/www.lucie-hauri.com\/es\/wp-json\/wp\/v2\/pages"}],"about":[{"href":"https:\/\/www.lucie-hauri.com\/es\/wp-json\/wp\/v2\/types\/page"}],"author":[{"embeddable":true,"href":"https:\/\/www.lucie-hauri.com\/es\/wp-json\/wp\/v2\/users\/5"}],"replies":[{"embeddable":true,"href":"https:\/\/www.lucie-hauri.com\/es\/wp-json\/wp\/v2\/comments?post=140739"}],"version-history":[{"count":0,"href":"https:\/\/www.lucie-hauri.com\/es\/wp-json\/wp\/v2\/pages\/140739\/revisions"}],"up":[{"embeddable":true,"href":"https:\/\/www.lucie-hauri.com\/es\/wp-json\/wp\/v2\/pages\/325"}],"wp:attachment":[{"href":"https:\/\/www.lucie-hauri.com\/es\/wp-json\/wp\/v2\/media?parent=140739"}],"wp:term":[{"taxonomy":"category","embeddable":true,"href":"https:\/\/www.lucie-hauri.com\/es\/wp-json\/wp\/v2\/categories?post=140739"},{"taxonomy":"post_tag","embeddable":true,"href":"https:\/\/www.lucie-hauri.com\/es\/wp-json\/wp\/v2\/tags?post=140739"}],"curies":[{"name":"wp","href":"https:\/\/api.w.org\/{rel}","templated":true}]}}