{"id":138802,"date":"2024-01-17T18:25:28","date_gmt":"2024-01-17T17:25:28","guid":{"rendered":"https:\/\/lucie-hauri.hostpress.me\/?page_id=138802"},"modified":"2024-04-17T07:54:25","modified_gmt":"2024-04-17T06:54:25","slug":"arta","status":"publish","type":"page","link":"https:\/\/www.lucie-hauri.com\/es\/region\/arta\/","title":{"rendered":"Art\u00e0"},"content":{"rendered":"<div data-elementor-type=\"wp-page\" data-elementor-id=\"138802\" class=\"elementor elementor-138802\" data-elementor-post-type=\"page\">\n\t\t\t\t<div class=\"elementor-element elementor-element-2e9ea754 e-flex e-con-boxed e-con e-parent\" data-id=\"2e9ea754\" data-element_type=\"container\">\n\t\t\t\t\t<div class=\"e-con-inner\">\n\t\t\t\t<div class=\"elementor-element elementor-element-3bde5c2b elementor-widget elementor-widget-text-editor\" data-id=\"3bde5c2b\" data-element_type=\"widget\" data-widget_type=\"text-editor.default\">\n\t\t\t\t<div class=\"elementor-widget-container\">\n\t\t\t\t\t\t\t\t\t<p>El bonito pueblo de Art\u00e0 se encuentra en la costa norte de Mallorca.<\/p><p>Este pueblo tiene algunos supermercados, asi como restaurantes y bares. Una vez por semana se realiza el mercado. La playa m\u00e1s cercana est\u00e1 a unos 15 min. en coche, y el campo de golf m\u00e1s cercano a unos 10 min.<\/p><p>El aeropuerto y el centro de Palma est\u00e1n a aproximadamente una hora en coche.<\/p><p>El centro del pueblo Art\u00e0 es el viejo castillo del siglo 14.<\/p>\t\t\t\t\t\t\t\t<\/div>\n\t\t\t\t<\/div>\n\t\t\t\t\t<\/div>\n\t\t\t\t<\/div>\n\t\t\t\t<\/div>","protected":false},"excerpt":{"rendered":"<p>Das h\u00fcbsche \u00d6rtchen Art\u00e0 liegt an der Nordostk\u00fcste Mallorcas. Der Ort verf\u00fcgt \u00fcber einige Superm\u00e4rkte sowie verschiedene Restaurants und Bars. Einmal in der Woche findet ein sehr sch\u00f6ner mallorquinischer Markt statt. Der n\u00e4chste Strand ist etwa 15 Minuten entfernt. Zum n\u00e4chsten Golfplatz ben\u00f6tigt man ca. 10 Autominuten. Die Inselhauptstadt Palma und der internationale Flughafen liegen in einer Entfernung von ca. 1 Stunde. Mittelpunkt des charmanten Ortes Art\u00e0 ist die alte Burg aus dem 14. Jahrhundert.<\/p>","protected":false},"author":5,"featured_media":156892,"parent":325,"menu_order":0,"comment_status":"closed","ping_status":"closed","template":"","meta":{"_acf_changed":false,"footnotes":""},"categories":[],"tags":[],"class_list":["post-138802","page","type-page","status-publish","has-post-thumbnail","hentry"],"acf":[],"yoast_head":"<!-- This site is optimized with the Yoast SEO Premium plugin v24.4 (Yoast SEO v26.8) - https:\/\/yoast.com\/product\/yoast-seo-premium-wordpress\/ -->\n<title>Art\u00e0 - Lucie Hauri | Exclusive Real Estate<\/title>\n<meta name=\"robots\" content=\"index, follow, max-snippet:-1, max-image-preview:large, max-video-preview:-1\" \/>\n<link rel=\"canonical\" href=\"https:\/\/www.lucie-hauri.com\/es\/region\/arta\/\" \/>\n<meta property=\"og:locale\" content=\"es_ES\" \/>\n<meta property=\"og:type\" content=\"article\" \/>\n<meta property=\"og:title\" content=\"Art\u00e0 - Lucie Hauri | Exclusive Real Estate\" \/>\n<meta property=\"og:description\" content=\"Das h\u00fcbsche \u00d6rtchen Art\u00e0 liegt an der Nordostk\u00fcste Mallorcas. Der Ort verf\u00fcgt \u00fcber einige Superm\u00e4rkte sowie verschiedene Restaurants und Bars. Einmal in der Woche findet ein sehr sch\u00f6ner mallorquinischer Markt statt. Der n\u00e4chste Strand ist etwa 15 Minuten entfernt. Zum n\u00e4chsten Golfplatz ben\u00f6tigt man ca. 10 Autominuten. Die Inselhauptstadt Palma und der internationale Flughafen liegen in einer Entfernung von ca. 1 Stunde. Mittelpunkt des charmanten Ortes Art\u00e0 ist die alte Burg aus dem 14. Jahrhundert.\" \/>\n<meta property=\"og:url\" content=\"https:\/\/www.lucie-hauri.com\/es\/region\/arta\/\" \/>\n<meta property=\"og:site_name\" content=\"Lucie Hauri | Exclusive Real Estate\" \/>\n<meta property=\"article:modified_time\" content=\"2024-04-17T06:54:25+00:00\" \/>\n<meta property=\"og:image\" content=\"https:\/\/www.lucie-hauri.com\/wp-content\/uploads\/2024\/04\/Arta_2-e1461440251818-1.jpg\" \/>\n\t<meta property=\"og:image:width\" content=\"950\" \/>\n\t<meta property=\"og:image:height\" content=\"391\" \/>\n\t<meta property=\"og:image:type\" content=\"image\/jpeg\" \/>\n<meta name=\"twitter:card\" content=\"summary_large_image\" \/>\n<meta name=\"twitter:label1\" content=\"Tiempo de lectura\" \/>\n\t<meta name=\"twitter:data1\" content=\"1 minuto\" \/>\n<script type=\"application\/ld+json\" class=\"yoast-schema-graph\">{\"@context\":\"https:\/\/schema.org\",\"@graph\":[{\"@type\":\"WebPage\",\"@id\":\"https:\/\/www.lucie-hauri.com\/en\/region\/arta\/\",\"url\":\"https:\/\/www.lucie-hauri.com\/en\/region\/arta\/\",\"name\":\"Art\u00e0 - Lucie Hauri | Exclusive Real Estate\",\"isPartOf\":{\"@id\":\"https:\/\/www.lucie-hauri.com\/en\/#website\"},\"primaryImageOfPage\":{\"@id\":\"https:\/\/www.lucie-hauri.com\/en\/region\/arta\/#primaryimage\"},\"image\":{\"@id\":\"https:\/\/www.lucie-hauri.com\/en\/region\/arta\/#primaryimage\"},\"thumbnailUrl\":\"https:\/\/www.lucie-hauri.com\/wp-content\/uploads\/2024\/04\/Arta_2-e1461440251818-1.jpg\",\"datePublished\":\"2024-01-17T17:25:28+00:00\",\"dateModified\":\"2024-04-17T06:54:25+00:00\",\"breadcrumb\":{\"@id\":\"https:\/\/www.lucie-hauri.com\/en\/region\/arta\/#breadcrumb\"},\"inLanguage\":\"es\",\"potentialAction\":[{\"@type\":\"ReadAction\",\"target\":[\"https:\/\/www.lucie-hauri.com\/en\/region\/arta\/\"]}]},{\"@type\":\"ImageObject\",\"inLanguage\":\"es\",\"@id\":\"https:\/\/www.lucie-hauri.com\/en\/region\/arta\/#primaryimage\",\"url\":\"https:\/\/www.lucie-hauri.com\/wp-content\/uploads\/2024\/04\/Arta_2-e1461440251818-1.jpg\",\"contentUrl\":\"https:\/\/www.lucie-hauri.com\/wp-content\/uploads\/2024\/04\/Arta_2-e1461440251818-1.jpg\",\"width\":950,\"height\":391},{\"@type\":\"BreadcrumbList\",\"@id\":\"https:\/\/www.lucie-hauri.com\/en\/region\/arta\/#breadcrumb\",\"itemListElement\":[{\"@type\":\"ListItem\",\"position\":1,\"name\":\"Region\",\"item\":\"https:\/\/www.lucie-hauri.com\/en\/region\/\"},{\"@type\":\"ListItem\",\"position\":2,\"name\":\"Art\u00e0\"}]},{\"@type\":\"WebSite\",\"@id\":\"https:\/\/www.lucie-hauri.com\/en\/#website\",\"url\":\"https:\/\/www.lucie-hauri.com\/en\/\",\"name\":\"Lucie Hauri | Exclusive Real Estate\",\"description\":\"\",\"potentialAction\":[{\"@type\":\"SearchAction\",\"target\":{\"@type\":\"EntryPoint\",\"urlTemplate\":\"https:\/\/www.lucie-hauri.com\/en\/?s={search_term_string}\"},\"query-input\":{\"@type\":\"PropertyValueSpecification\",\"valueRequired\":true,\"valueName\":\"search_term_string\"}}],\"inLanguage\":\"es\"}]}<\/script>\n<!-- \/ Yoast SEO Premium plugin. -->","yoast_head_json":{"title":"Art\u00e0 - Lucie Hauri | Exclusive Real Estate","robots":{"index":"index","follow":"follow","max-snippet":"max-snippet:-1","max-image-preview":"max-image-preview:large","max-video-preview":"max-video-preview:-1"},"canonical":"https:\/\/www.lucie-hauri.com\/es\/region\/arta\/","og_locale":"es_ES","og_type":"article","og_title":"Art\u00e0 - Lucie Hauri | Exclusive Real Estate","og_description":"Das h\u00fcbsche \u00d6rtchen Art\u00e0 liegt an der Nordostk\u00fcste Mallorcas. Der Ort verf\u00fcgt \u00fcber einige Superm\u00e4rkte sowie verschiedene Restaurants und Bars. Einmal in der Woche findet ein sehr sch\u00f6ner mallorquinischer Markt statt. Der n\u00e4chste Strand ist etwa 15 Minuten entfernt. Zum n\u00e4chsten Golfplatz ben\u00f6tigt man ca. 10 Autominuten. Die Inselhauptstadt Palma und der internationale Flughafen liegen in einer Entfernung von ca. 1 Stunde. Mittelpunkt des charmanten Ortes Art\u00e0 ist die alte Burg aus dem 14. Jahrhundert.","og_url":"https:\/\/www.lucie-hauri.com\/es\/region\/arta\/","og_site_name":"Lucie Hauri | Exclusive Real Estate","article_modified_time":"2024-04-17T06:54:25+00:00","og_image":[{"width":950,"height":391,"url":"https:\/\/www.lucie-hauri.com\/wp-content\/uploads\/2024\/04\/Arta_2-e1461440251818-1.jpg","type":"image\/jpeg"}],"twitter_card":"summary_large_image","twitter_misc":{"Tiempo de lectura":"1 minuto"},"schema":{"@context":"https:\/\/schema.org","@graph":[{"@type":"WebPage","@id":"https:\/\/www.lucie-hauri.com\/en\/region\/arta\/","url":"https:\/\/www.lucie-hauri.com\/en\/region\/arta\/","name":"Art\u00e0 - Lucie Hauri | Exclusive Real Estate","isPartOf":{"@id":"https:\/\/www.lucie-hauri.com\/en\/#website"},"primaryImageOfPage":{"@id":"https:\/\/www.lucie-hauri.com\/en\/region\/arta\/#primaryimage"},"image":{"@id":"https:\/\/www.lucie-hauri.com\/en\/region\/arta\/#primaryimage"},"thumbnailUrl":"https:\/\/www.lucie-hauri.com\/wp-content\/uploads\/2024\/04\/Arta_2-e1461440251818-1.jpg","datePublished":"2024-01-17T17:25:28+00:00","dateModified":"2024-04-17T06:54:25+00:00","breadcrumb":{"@id":"https:\/\/www.lucie-hauri.com\/en\/region\/arta\/#breadcrumb"},"inLanguage":"es","potentialAction":[{"@type":"ReadAction","target":["https:\/\/www.lucie-hauri.com\/en\/region\/arta\/"]}]},{"@type":"ImageObject","inLanguage":"es","@id":"https:\/\/www.lucie-hauri.com\/en\/region\/arta\/#primaryimage","url":"https:\/\/www.lucie-hauri.com\/wp-content\/uploads\/2024\/04\/Arta_2-e1461440251818-1.jpg","contentUrl":"https:\/\/www.lucie-hauri.com\/wp-content\/uploads\/2024\/04\/Arta_2-e1461440251818-1.jpg","width":950,"height":391},{"@type":"BreadcrumbList","@id":"https:\/\/www.lucie-hauri.com\/en\/region\/arta\/#breadcrumb","itemListElement":[{"@type":"ListItem","position":1,"name":"Region","item":"https:\/\/www.lucie-hauri.com\/en\/region\/"},{"@type":"ListItem","position":2,"name":"Art\u00e0"}]},{"@type":"WebSite","@id":"https:\/\/www.lucie-hauri.com\/en\/#website","url":"https:\/\/www.lucie-hauri.com\/en\/","name":"Lucie Hauri | Exclusive Real Estate","description":"","potentialAction":[{"@type":"SearchAction","target":{"@type":"EntryPoint","urlTemplate":"https:\/\/www.lucie-hauri.com\/en\/?s={search_term_string}"},"query-input":{"@type":"PropertyValueSpecification","valueRequired":true,"valueName":"search_term_string"}}],"inLanguage":"es"}]}},"_links":{"self":[{"href":"https:\/\/www.lucie-hauri.com\/es\/wp-json\/wp\/v2\/pages\/138802","targetHints":{"allow":["GET"]}}],"collection":[{"href":"https:\/\/www.lucie-hauri.com\/es\/wp-json\/wp\/v2\/pages"}],"about":[{"href":"https:\/\/www.lucie-hauri.com\/es\/wp-json\/wp\/v2\/types\/page"}],"author":[{"embeddable":true,"href":"https:\/\/www.lucie-hauri.com\/es\/wp-json\/wp\/v2\/users\/5"}],"replies":[{"embeddable":true,"href":"https:\/\/www.lucie-hauri.com\/es\/wp-json\/wp\/v2\/comments?post=138802"}],"version-history":[{"count":0,"href":"https:\/\/www.lucie-hauri.com\/es\/wp-json\/wp\/v2\/pages\/138802\/revisions"}],"up":[{"embeddable":true,"href":"https:\/\/www.lucie-hauri.com\/es\/wp-json\/wp\/v2\/pages\/325"}],"wp:featuredmedia":[{"embeddable":true,"href":"https:\/\/www.lucie-hauri.com\/es\/wp-json\/wp\/v2\/media\/156892"}],"wp:attachment":[{"href":"https:\/\/www.lucie-hauri.com\/es\/wp-json\/wp\/v2\/media?parent=138802"}],"wp:term":[{"taxonomy":"category","embeddable":true,"href":"https:\/\/www.lucie-hauri.com\/es\/wp-json\/wp\/v2\/categories?post=138802"},{"taxonomy":"post_tag","embeddable":true,"href":"https:\/\/www.lucie-hauri.com\/es\/wp-json\/wp\/v2\/tags?post=138802"}],"curies":[{"name":"wp","href":"https:\/\/api.w.org\/{rel}","templated":true}]}}