{"id":140790,"date":"2024-01-19T00:19:08","date_gmt":"2024-01-18T23:19:08","guid":{"rendered":"https:\/\/lucie-hauri.hostpress.me\/?page_id=140790"},"modified":"2024-01-19T00:20:06","modified_gmt":"2024-01-18T23:20:06","slug":"son-serra-de-marina","status":"publish","type":"page","link":"https:\/\/www.lucie-hauri.com\/en\/region\/son-serra-de-marina\/","title":{"rendered":"Son Serra de Marina"},"content":{"rendered":"<div data-elementor-type=\"wp-page\" data-elementor-id=\"140790\" class=\"elementor elementor-140790\" data-elementor-post-type=\"page\">\n\t\t\t\t<div class=\"elementor-element elementor-element-2e9ea754 e-flex e-con-boxed e-con e-parent\" data-id=\"2e9ea754\" data-element_type=\"container\">\n\t\t\t\t\t<div class=\"e-con-inner\">\n\t\t\t\t<div class=\"elementor-element elementor-element-3bde5c2b elementor-widget elementor-widget-text-editor\" data-id=\"3bde5c2b\" data-element_type=\"widget\" data-widget_type=\"text-editor.default\">\n\t\t\t\t<div class=\"elementor-widget-container\">\n\t\t\t\t\t\t\t\t\t<p>Son Serra de Marina is a small village closed to the sea with one of the most beautiful beaches of Majorca. There are no hotels and the originality of nature on the beach is unique. Long walks on the beach in this idyll with the pleasure of the sunsets are an experience, because a natural trail leads along the sea to the neighboring village. The sand \u2013 and dune scenery develops here very variously. Pine trees, bushes, shrubs, grasses and plant world of Mediterranean flowering accompany the viewer. Particularly impressive are the color contrasts and the scenery with the mountains, the pine trees and the wide hinterland.<\/p><p>Two very good and well-known restaurants are located directly by the sea, which are also open all the year round. Son Serra has several restaurants, a pharmacy, two small supermarkets where you can buy the most necessary things, and a doctor. There is also a small harbor where boat enthusiasts can anchor their boat. In the village there live many local families as well as residents from northern Europe. Son Serra combines all the amenities which the Majorca enthusiasts are looking for.<\/p>\t\t\t\t\t\t\t\t<\/div>\n\t\t\t\t<\/div>\n\t\t\t\t\t<\/div>\n\t\t\t\t<\/div>\n\t\t<div class=\"elementor-element elementor-element-3014bc22 e-flex e-con-boxed e-con e-parent\" data-id=\"3014bc22\" data-element_type=\"container\">\n\t\t\t\t\t<div class=\"e-con-inner\">\n\t\t\t\t\t<\/div>\n\t\t\t\t<\/div>\n\t\t\t\t<\/div>","protected":false},"excerpt":{"rendered":"<p>Son Serra de Marina ist ein kleines Dorf direkt am Meer und man ist an einem der sch\u00f6nsten Str\u00e4nde Mallorcas. Es gibt keine Hotels und die Urspr\u00fcnglichkeit der Natur am Strand ist einzigartig. Lange Strandspazierg\u00e4nge in dieser Idylle mit dem Genuss der Sonnenunterg\u00e4nge sind ein Erlebnis, denn ein nat\u00fcrlicher Wander-Weg f\u00fchrt am Meer entlang bis ins Nachbar-Dorf. Die Sand \u2013 und D\u00fcnenlandschaft gestaltet sich hier sehr vielf\u00e4ltig. Pinien, B\u00fcsche, Str\u00e4ucher, Gr\u00e4ser und eine mediterran bl\u00fchende Pflanzenwelt begleiten den Betrachter. Besonders eindrucksvoll sind die farblichen Kontraste und die Kulisse mit den Bergen, den Pinien und dem weiten Hinterland. Zwei sehr gute und bekannte Restaurants befinden sich direkt am Meer, die auch ganzj\u00e4hrig ge\u00f6ffnet sind. Man findet in Son Serra nebst einigen Restaurants auch eine Apotheke, zwei kleine Superm\u00e4rkte wo man die n\u00f6tigsten Dinge wie Lebensmittel und das Fr\u00fchst\u00fcck einkaufen kann und einen Arzt. Au\u00dferdem gibt es einen kleinen Hafen wo Schiffsliebhaber ihr Boot ankern k\u00f6nnen. Im Dorf selbst wohnen viele einheimische Familien sowie auch residente aus dem n\u00f6rdlichen Europa. Son Serra vereint alle Annehmlichkeiten, die der Mallorca-Liebhaber sucht.<\/p>","protected":false},"author":5,"featured_media":0,"parent":325,"menu_order":0,"comment_status":"closed","ping_status":"closed","template":"","meta":{"_acf_changed":false,"footnotes":""},"categories":[],"tags":[],"class_list":["post-140790","page","type-page","status-publish","hentry"],"acf":[],"yoast_head":"<!-- This site is optimized with the Yoast SEO Premium plugin v24.4 (Yoast SEO v26.8) - https:\/\/yoast.com\/product\/yoast-seo-premium-wordpress\/ -->\n<title>Son Serra de Marina - Lucie Hauri | Exclusive Real Estate<\/title>\n<meta name=\"robots\" content=\"index, follow, max-snippet:-1, max-image-preview:large, max-video-preview:-1\" \/>\n<link rel=\"canonical\" href=\"https:\/\/www.lucie-hauri.com\/en\/region\/son-serra-de-marina\/\" \/>\n<meta property=\"og:locale\" content=\"en_US\" \/>\n<meta property=\"og:type\" content=\"article\" \/>\n<meta property=\"og:title\" content=\"Son Serra de Marina - Lucie Hauri | Exclusive Real Estate\" \/>\n<meta property=\"og:description\" content=\"Son Serra de Marina ist ein kleines Dorf direkt am Meer und man ist an einem der sch\u00f6nsten Str\u00e4nde Mallorcas. Es gibt keine Hotels und die Urspr\u00fcnglichkeit der Natur am Strand ist einzigartig. Lange Strandspazierg\u00e4nge in dieser Idylle mit dem Genuss der Sonnenunterg\u00e4nge sind ein Erlebnis, denn ein nat\u00fcrlicher Wander-Weg f\u00fchrt am Meer entlang bis ins Nachbar-Dorf. Die Sand \u2013 und D\u00fcnenlandschaft gestaltet sich hier sehr vielf\u00e4ltig. Pinien, B\u00fcsche, Str\u00e4ucher, Gr\u00e4ser und eine mediterran bl\u00fchende Pflanzenwelt begleiten den Betrachter. Besonders eindrucksvoll sind die farblichen Kontraste und die Kulisse mit den Bergen, den Pinien und dem weiten Hinterland. Zwei sehr gute und bekannte Restaurants befinden sich direkt am Meer, die auch ganzj\u00e4hrig ge\u00f6ffnet sind. Man findet in Son Serra nebst einigen Restaurants auch eine Apotheke, zwei kleine Superm\u00e4rkte wo man die n\u00f6tigsten Dinge wie Lebensmittel und das Fr\u00fchst\u00fcck einkaufen kann und einen Arzt. Au\u00dferdem gibt es einen kleinen Hafen wo Schiffsliebhaber ihr Boot ankern k\u00f6nnen. Im Dorf selbst wohnen viele einheimische Familien sowie auch residente aus dem n\u00f6rdlichen Europa. Son Serra vereint alle Annehmlichkeiten, die der Mallorca-Liebhaber sucht.\" \/>\n<meta property=\"og:url\" content=\"https:\/\/www.lucie-hauri.com\/en\/region\/son-serra-de-marina\/\" \/>\n<meta property=\"og:site_name\" content=\"Lucie Hauri | Exclusive Real Estate\" \/>\n<meta property=\"article:modified_time\" content=\"2024-01-18T23:20:06+00:00\" \/>\n<meta name=\"twitter:card\" content=\"summary_large_image\" \/>\n<meta name=\"twitter:label1\" content=\"Est. reading time\" \/>\n\t<meta name=\"twitter:data1\" content=\"1 minute\" \/>\n<script type=\"application\/ld+json\" class=\"yoast-schema-graph\">{\"@context\":\"https:\/\/schema.org\",\"@graph\":[{\"@type\":\"WebPage\",\"@id\":\"https:\/\/www.lucie-hauri.com\/en\/region\/son-serra-de-marina\/\",\"url\":\"https:\/\/www.lucie-hauri.com\/en\/region\/son-serra-de-marina\/\",\"name\":\"Son Serra de Marina - Lucie Hauri | Exclusive Real Estate\",\"isPartOf\":{\"@id\":\"https:\/\/www.lucie-hauri.com\/en\/#website\"},\"datePublished\":\"2024-01-18T23:19:08+00:00\",\"dateModified\":\"2024-01-18T23:20:06+00:00\",\"breadcrumb\":{\"@id\":\"https:\/\/www.lucie-hauri.com\/en\/region\/son-serra-de-marina\/#breadcrumb\"},\"inLanguage\":\"en-US\",\"potentialAction\":[{\"@type\":\"ReadAction\",\"target\":[\"https:\/\/www.lucie-hauri.com\/en\/region\/son-serra-de-marina\/\"]}]},{\"@type\":\"BreadcrumbList\",\"@id\":\"https:\/\/www.lucie-hauri.com\/en\/region\/son-serra-de-marina\/#breadcrumb\",\"itemListElement\":[{\"@type\":\"ListItem\",\"position\":1,\"name\":\"Region\",\"item\":\"https:\/\/www.lucie-hauri.com\/en\/region\/\"},{\"@type\":\"ListItem\",\"position\":2,\"name\":\"Son Serra de Marina\"}]},{\"@type\":\"WebSite\",\"@id\":\"https:\/\/www.lucie-hauri.com\/en\/#website\",\"url\":\"https:\/\/www.lucie-hauri.com\/en\/\",\"name\":\"Lucie Hauri | Exclusive Real Estate\",\"description\":\"\",\"potentialAction\":[{\"@type\":\"SearchAction\",\"target\":{\"@type\":\"EntryPoint\",\"urlTemplate\":\"https:\/\/www.lucie-hauri.com\/en\/?s={search_term_string}\"},\"query-input\":{\"@type\":\"PropertyValueSpecification\",\"valueRequired\":true,\"valueName\":\"search_term_string\"}}],\"inLanguage\":\"en-US\"}]}<\/script>\n<!-- \/ Yoast SEO Premium plugin. -->","yoast_head_json":{"title":"Son Serra de Marina - Lucie Hauri | Exclusive Real Estate","robots":{"index":"index","follow":"follow","max-snippet":"max-snippet:-1","max-image-preview":"max-image-preview:large","max-video-preview":"max-video-preview:-1"},"canonical":"https:\/\/www.lucie-hauri.com\/en\/region\/son-serra-de-marina\/","og_locale":"en_US","og_type":"article","og_title":"Son Serra de Marina - Lucie Hauri | Exclusive Real Estate","og_description":"Son Serra de Marina ist ein kleines Dorf direkt am Meer und man ist an einem der sch\u00f6nsten Str\u00e4nde Mallorcas. Es gibt keine Hotels und die Urspr\u00fcnglichkeit der Natur am Strand ist einzigartig. Lange Strandspazierg\u00e4nge in dieser Idylle mit dem Genuss der Sonnenunterg\u00e4nge sind ein Erlebnis, denn ein nat\u00fcrlicher Wander-Weg f\u00fchrt am Meer entlang bis ins Nachbar-Dorf. Die Sand \u2013 und D\u00fcnenlandschaft gestaltet sich hier sehr vielf\u00e4ltig. Pinien, B\u00fcsche, Str\u00e4ucher, Gr\u00e4ser und eine mediterran bl\u00fchende Pflanzenwelt begleiten den Betrachter. Besonders eindrucksvoll sind die farblichen Kontraste und die Kulisse mit den Bergen, den Pinien und dem weiten Hinterland. Zwei sehr gute und bekannte Restaurants befinden sich direkt am Meer, die auch ganzj\u00e4hrig ge\u00f6ffnet sind. Man findet in Son Serra nebst einigen Restaurants auch eine Apotheke, zwei kleine Superm\u00e4rkte wo man die n\u00f6tigsten Dinge wie Lebensmittel und das Fr\u00fchst\u00fcck einkaufen kann und einen Arzt. Au\u00dferdem gibt es einen kleinen Hafen wo Schiffsliebhaber ihr Boot ankern k\u00f6nnen. Im Dorf selbst wohnen viele einheimische Familien sowie auch residente aus dem n\u00f6rdlichen Europa. Son Serra vereint alle Annehmlichkeiten, die der Mallorca-Liebhaber sucht.","og_url":"https:\/\/www.lucie-hauri.com\/en\/region\/son-serra-de-marina\/","og_site_name":"Lucie Hauri | Exclusive Real Estate","article_modified_time":"2024-01-18T23:20:06+00:00","twitter_card":"summary_large_image","twitter_misc":{"Est. reading time":"1 minute"},"schema":{"@context":"https:\/\/schema.org","@graph":[{"@type":"WebPage","@id":"https:\/\/www.lucie-hauri.com\/en\/region\/son-serra-de-marina\/","url":"https:\/\/www.lucie-hauri.com\/en\/region\/son-serra-de-marina\/","name":"Son Serra de Marina - Lucie Hauri | Exclusive Real Estate","isPartOf":{"@id":"https:\/\/www.lucie-hauri.com\/en\/#website"},"datePublished":"2024-01-18T23:19:08+00:00","dateModified":"2024-01-18T23:20:06+00:00","breadcrumb":{"@id":"https:\/\/www.lucie-hauri.com\/en\/region\/son-serra-de-marina\/#breadcrumb"},"inLanguage":"en-US","potentialAction":[{"@type":"ReadAction","target":["https:\/\/www.lucie-hauri.com\/en\/region\/son-serra-de-marina\/"]}]},{"@type":"BreadcrumbList","@id":"https:\/\/www.lucie-hauri.com\/en\/region\/son-serra-de-marina\/#breadcrumb","itemListElement":[{"@type":"ListItem","position":1,"name":"Region","item":"https:\/\/www.lucie-hauri.com\/en\/region\/"},{"@type":"ListItem","position":2,"name":"Son Serra de Marina"}]},{"@type":"WebSite","@id":"https:\/\/www.lucie-hauri.com\/en\/#website","url":"https:\/\/www.lucie-hauri.com\/en\/","name":"Lucie Hauri | Exclusive real estate","description":"","potentialAction":[{"@type":"SearchAction","target":{"@type":"EntryPoint","urlTemplate":"https:\/\/www.lucie-hauri.com\/en\/?s={search_term_string}"},"query-input":{"@type":"PropertyValueSpecification","valueRequired":true,"valueName":"search_term_string"}}],"inLanguage":"en-US"}]}},"_links":{"self":[{"href":"https:\/\/www.lucie-hauri.com\/en\/wp-json\/wp\/v2\/pages\/140790","targetHints":{"allow":["GET"]}}],"collection":[{"href":"https:\/\/www.lucie-hauri.com\/en\/wp-json\/wp\/v2\/pages"}],"about":[{"href":"https:\/\/www.lucie-hauri.com\/en\/wp-json\/wp\/v2\/types\/page"}],"author":[{"embeddable":true,"href":"https:\/\/www.lucie-hauri.com\/en\/wp-json\/wp\/v2\/users\/5"}],"replies":[{"embeddable":true,"href":"https:\/\/www.lucie-hauri.com\/en\/wp-json\/wp\/v2\/comments?post=140790"}],"version-history":[{"count":0,"href":"https:\/\/www.lucie-hauri.com\/en\/wp-json\/wp\/v2\/pages\/140790\/revisions"}],"up":[{"embeddable":true,"href":"https:\/\/www.lucie-hauri.com\/en\/wp-json\/wp\/v2\/pages\/325"}],"wp:attachment":[{"href":"https:\/\/www.lucie-hauri.com\/en\/wp-json\/wp\/v2\/media?parent=140790"}],"wp:term":[{"taxonomy":"category","embeddable":true,"href":"https:\/\/www.lucie-hauri.com\/en\/wp-json\/wp\/v2\/categories?post=140790"},{"taxonomy":"post_tag","embeddable":true,"href":"https:\/\/www.lucie-hauri.com\/en\/wp-json\/wp\/v2\/tags?post=140790"}],"curies":[{"name":"wp","href":"https:\/\/api.w.org\/{rel}","templated":true}]}}