{"id":140757,"date":"2024-01-18T23:50:02","date_gmt":"2024-01-18T22:50:02","guid":{"rendered":"https:\/\/lucie-hauri.hostpress.me\/?page_id=140757"},"modified":"2024-01-18T23:56:36","modified_gmt":"2024-01-18T22:56:36","slug":"cala-santanyi","status":"publish","type":"page","link":"https:\/\/www.lucie-hauri.com\/en\/region\/cala-santanyi\/","title":{"rendered":"Cala Santany\u00ed"},"content":{"rendered":"<div data-elementor-type=\"wp-page\" data-elementor-id=\"140757\" class=\"elementor elementor-140757\" data-elementor-post-type=\"page\">\n\t\t\t\t<div class=\"elementor-element elementor-element-2e9ea754 e-flex e-con-boxed e-con e-parent\" data-id=\"2e9ea754\" data-element_type=\"container\">\n\t\t\t\t\t<div class=\"e-con-inner\">\n\t\t\t\t<div class=\"elementor-element elementor-element-3bde5c2b elementor-widget elementor-widget-text-editor\" data-id=\"3bde5c2b\" data-element_type=\"widget\" data-widget_type=\"text-editor.default\">\n\t\t\t\t<div class=\"elementor-widget-container\">\n\t\t\t\t\t\t\t\t\t<p>Cala Santany\u00ed is a small cove and village that comes under the municipality of Santany\u00ed.<\/p>\t\t\t\t\t\t\t\t<\/div>\n\t\t\t\t<\/div>\n\t\t\t\t\t<\/div>\n\t\t\t\t<\/div>\n\t\t<div class=\"elementor-element elementor-element-3014bc22 e-flex e-con-boxed e-con e-parent\" data-id=\"3014bc22\" data-element_type=\"container\">\n\t\t\t\t\t<div class=\"e-con-inner\">\n\t\t\t\t<div class=\"elementor-element elementor-element-3e1bd058 elementor-arrows-position-inside elementor-pagination-position-outside elementor-widget elementor-widget-image-carousel\" data-id=\"3e1bd058\" data-element_type=\"widget\" data-settings=\"{&quot;image_spacing_custom&quot;:{&quot;unit&quot;:&quot;px&quot;,&quot;size&quot;:15,&quot;sizes&quot;:[]},&quot;slides_to_show&quot;:&quot;3&quot;,&quot;navigation&quot;:&quot;both&quot;,&quot;autoplay&quot;:&quot;yes&quot;,&quot;pause_on_hover&quot;:&quot;yes&quot;,&quot;pause_on_interaction&quot;:&quot;yes&quot;,&quot;autoplay_speed&quot;:5000,&quot;infinite&quot;:&quot;yes&quot;,&quot;speed&quot;:500,&quot;image_spacing_custom_tablet&quot;:{&quot;unit&quot;:&quot;px&quot;,&quot;size&quot;:&quot;&quot;,&quot;sizes&quot;:[]},&quot;image_spacing_custom_mobile&quot;:{&quot;unit&quot;:&quot;px&quot;,&quot;size&quot;:&quot;&quot;,&quot;sizes&quot;:[]}}\" data-widget_type=\"image-carousel.default\">\n\t\t\t\t<div class=\"elementor-widget-container\">\n\t\t\t\t\t\t\t<div class=\"elementor-image-carousel-wrapper swiper\" role=\"region\" aria-roledescription=\"carousel\" aria-label=\"Bild Karussell\" dir=\"ltr\">\n\t\t\t<div class=\"elementor-image-carousel swiper-wrapper\" aria-live=\"off\">\n\t\t\t\t\t\t\t\t<div class=\"swiper-slide\" role=\"group\" aria-roledescription=\"slide\" aria-label=\"1 von 3\"><a data-elementor-open-lightbox=\"yes\" data-elementor-lightbox-slideshow=\"3e1bd058\" data-e-action-hash=\"#elementor-action%3Aaction%3Dlightbox%26settings%3DeyJpZCI6NTc5OTIsInVybCI6Imh0dHBzOlwvXC93d3cubHVjaWUtaGF1cmkuY29tXC93cC1jb250ZW50XC91cGxvYWRzXC8yMDE2XC8wN1wvQ2FsYS1TYW50YW55aS0zLWUxNDY3ODIyOTg4NzE0LmpwZyIsInNsaWRlc2hvdyI6IjNlMWJkMDU4In0%3D\" href=\"https:\/\/www.lucie-hauri.com\/wp-content\/uploads\/2016\/07\/Cala-Santanyi-3-e1467822988714.jpg\"><figure class=\"swiper-slide-inner\"><img decoding=\"async\" class=\"swiper-slide-image\" src=\"https:\/\/www.lucie-hauri.com\/wp-content\/uploads\/elementor\/thumbs\/Cala-Santanyi-3-e1467822988714-qltvtl872h6pvlm3k833zsiybrlhfemhi7de4h6vrq.jpg\" alt=\"Cala Santanyi Mallorca Immobilien\" \/><\/figure><\/a><\/div><div class=\"swiper-slide\" role=\"group\" aria-roledescription=\"slide\" aria-label=\"2 von 3\"><a data-elementor-open-lightbox=\"yes\" data-elementor-lightbox-slideshow=\"3e1bd058\" data-e-action-hash=\"#elementor-action%3Aaction%3Dlightbox%26settings%3DeyJpZCI6NTc5OTQsInVybCI6Imh0dHBzOlwvXC93d3cubHVjaWUtaGF1cmkuY29tXC93cC1jb250ZW50XC91cGxvYWRzXC8yMDE2XC8wN1wvQ2FsYS1TYW50YW55aS02LWUxNDY3ODIyODM0MjE5LmpwZyIsInNsaWRlc2hvdyI6IjNlMWJkMDU4In0%3D\" href=\"https:\/\/www.lucie-hauri.com\/wp-content\/uploads\/2016\/07\/Cala-Santanyi-6-e1467822834219.jpg\"><figure class=\"swiper-slide-inner\"><img decoding=\"async\" class=\"swiper-slide-image\" src=\"https:\/\/www.lucie-hauri.com\/wp-content\/uploads\/elementor\/thumbs\/Cala-Santanyi-6-e1467822834219-qltvtl872h6pvlm3k833zsiybrlhfemhi7de4h6vrq.jpg\" alt=\"Cala Santanyi Mallorca Immobilien\" \/><\/figure><\/a><\/div><div class=\"swiper-slide\" role=\"group\" aria-roledescription=\"slide\" aria-label=\"3 von 3\"><a data-elementor-open-lightbox=\"yes\" data-elementor-lightbox-slideshow=\"3e1bd058\" data-e-action-hash=\"#elementor-action%3Aaction%3Dlightbox%26settings%3DeyJpZCI6MTQwNzYyLCJ1cmwiOiJodHRwczpcL1wvd3d3Lmx1Y2llLWhhdXJpLmNvbVwvd3AtY29udGVudFwvdXBsb2Fkc1wvMjAyNFwvMDFcL2NhbGEtc2FudGFueWktNC53ZWJwIiwic2xpZGVzaG93IjoiM2UxYmQwNTgifQ%3D%3D\" href=\"https:\/\/www.lucie-hauri.com\/wp-content\/uploads\/2024\/01\/cala-santanyi-4.webp\"><figure class=\"swiper-slide-inner\"><img decoding=\"async\" class=\"swiper-slide-image\" src=\"https:\/\/www.lucie-hauri.com\/wp-content\/uploads\/elementor\/thumbs\/cala-santanyi-4-qltvtqv87heft9dwnaiver3pw2topl8vizab04yiqe.webp\" alt=\"cala-santanyi-4\" \/><\/figure><\/a><\/div>\t\t\t<\/div>\n\t\t\t\t\t\t\t\t\t\t\t\t<div class=\"elementor-swiper-button elementor-swiper-button-prev\" role=\"button\" tabindex=\"0\">\n\t\t\t\t\t\t<i aria-hidden=\"true\" class=\"eicon-chevron-left\"><\/i>\t\t\t\t\t<\/div>\n\t\t\t\t\t<div class=\"elementor-swiper-button elementor-swiper-button-next\" role=\"button\" tabindex=\"0\">\n\t\t\t\t\t\t<i aria-hidden=\"true\" class=\"eicon-chevron-right\"><\/i>\t\t\t\t\t<\/div>\n\t\t\t\t\n\t\t\t\t\t\t\t\t\t<div class=\"swiper-pagination\"><\/div>\n\t\t\t\t\t\t\t\t\t<\/div>\n\t\t\t\t\t\t<\/div>\n\t\t\t\t<\/div>\n\t\t\t\t<div class=\"elementor-element elementor-element-60574c elementor-widget elementor-widget-text-editor\" data-id=\"60574c\" data-element_type=\"widget\" data-widget_type=\"text-editor.default\">\n\t\t\t\t<div class=\"elementor-widget-container\">\n\t\t\t\t\t\t\t\t\t<p>Here you will find a beautiful sandy beach with crystal clear water, several good restaurants, bars, shops and supermarkets.<\/p><p>Santany\u00ed, 5 min drive away, is a historically grown village with a multifaceted cultural offer.<\/p><p>Palma and the international airport can be reached in approx. 45 minutes, the 18 hole golf course Vall d\u2019Or in approx. 15 minutes.<\/p>\t\t\t\t\t\t\t\t<\/div>\n\t\t\t\t<\/div>\n\t\t\t\t\t<\/div>\n\t\t\t\t<\/div>\n\t\t\t\t<\/div>","protected":false},"excerpt":{"rendered":"<p>Cala Santany\u00ed liegt abseits vom gro\u00dfen Touristentrubel und geh\u00f6rt zu den landschaftlich sch\u00f6nsten Orten im S\u00fcdosten Mallorcas. Cala Santany\u00ed hat einen sehr h\u00fcbschen Sandstrand, gute Restaurants, Bars, Gesch\u00e4fte und Superm\u00e4rkte. In nur 3 km Entfernung liegt der n\u00e4chst gr\u00f6\u00dfere Ort Santany\u00ed, in dem ganzj\u00e4hrig etwas geboten wird. Zwei Mal w\u00f6chentlich stattfindende M\u00e4rkte laden zum bunten Treiben ein. Au\u00dfer dem Strand von Cala Santany\u00ed liegen die malerischen Buchten Cala Mondrag\u00f3 und Cala Llombards in der N\u00e4he. Einer der zehn sch\u00f6nsten Str\u00e4nde der Welt \u2013 der Naturstrand \u2019Es Trenc\u2019 \u2013 befindet sich in 12 km Entfernung. Palma und der internationale Flughafen sind in nur 45 Minuten zu erreichen, der 18-Loch Golfplatz Vall d\u2019Or in ca. 15 Minuten.<\/p>","protected":false},"author":5,"featured_media":134258,"parent":325,"menu_order":0,"comment_status":"closed","ping_status":"closed","template":"","meta":{"_acf_changed":false,"footnotes":""},"categories":[],"tags":[],"class_list":["post-140757","page","type-page","status-publish","has-post-thumbnail","hentry"],"acf":[],"yoast_head":"<!-- This site is optimized with the Yoast SEO Premium plugin v24.4 (Yoast SEO v26.8) - https:\/\/yoast.com\/product\/yoast-seo-premium-wordpress\/ -->\n<title>Cala Santany\u00ed - Lucie Hauri | Exclusive Real Estate<\/title>\n<meta name=\"robots\" content=\"index, follow, max-snippet:-1, max-image-preview:large, max-video-preview:-1\" \/>\n<link rel=\"canonical\" href=\"https:\/\/www.lucie-hauri.com\/en\/region\/cala-santanyi\/\" \/>\n<meta property=\"og:locale\" content=\"en_US\" \/>\n<meta property=\"og:type\" content=\"article\" \/>\n<meta property=\"og:title\" content=\"Cala Santany\u00ed - Lucie Hauri | Exclusive Real Estate\" \/>\n<meta property=\"og:description\" content=\"Cala Santany\u00ed liegt abseits vom gro\u00dfen Touristentrubel und geh\u00f6rt zu den landschaftlich sch\u00f6nsten Orten im S\u00fcdosten Mallorcas. Cala Santany\u00ed hat einen sehr h\u00fcbschen Sandstrand, gute Restaurants, Bars, Gesch\u00e4fte und Superm\u00e4rkte. In nur 3 km Entfernung liegt der n\u00e4chst gr\u00f6\u00dfere Ort Santany\u00ed, in dem ganzj\u00e4hrig etwas geboten wird. Zwei Mal w\u00f6chentlich stattfindende M\u00e4rkte laden zum bunten Treiben ein. Au\u00dfer dem Strand von Cala Santany\u00ed liegen die malerischen Buchten Cala Mondrag\u00f3 und Cala Llombards in der N\u00e4he. Einer der zehn sch\u00f6nsten Str\u00e4nde der Welt \u2013 der Naturstrand \u2019Es Trenc\u2019 \u2013 befindet sich in 12 km Entfernung. Palma und der internationale Flughafen sind in nur 45 Minuten zu erreichen, der 18-Loch Golfplatz Vall d\u2019Or in ca. 15 Minuten.\" \/>\n<meta property=\"og:url\" content=\"https:\/\/www.lucie-hauri.com\/en\/region\/cala-santanyi\/\" \/>\n<meta property=\"og:site_name\" content=\"Lucie Hauri | Exclusive Real Estate\" \/>\n<meta property=\"article:modified_time\" content=\"2024-01-18T22:56:36+00:00\" \/>\n<meta property=\"og:image\" content=\"https:\/\/www.lucie-hauri.com\/wp-content\/uploads\/2016\/06\/Cala-Santanyi-2-e1467823297661-620x272-1.jpg\" \/>\n\t<meta property=\"og:image:width\" content=\"620\" \/>\n\t<meta property=\"og:image:height\" content=\"272\" \/>\n\t<meta property=\"og:image:type\" content=\"image\/jpeg\" \/>\n<meta name=\"twitter:card\" content=\"summary_large_image\" \/>\n<meta name=\"twitter:label1\" content=\"Est. reading time\" \/>\n\t<meta name=\"twitter:data1\" content=\"3 minutes\" \/>\n<script type=\"application\/ld+json\" class=\"yoast-schema-graph\">{\"@context\":\"https:\/\/schema.org\",\"@graph\":[{\"@type\":\"WebPage\",\"@id\":\"https:\/\/www.lucie-hauri.com\/en\/region\/cala-santanyi\/\",\"url\":\"https:\/\/www.lucie-hauri.com\/en\/region\/cala-santanyi\/\",\"name\":\"Cala Santany\u00ed - Lucie Hauri | Exclusive Real Estate\",\"isPartOf\":{\"@id\":\"https:\/\/www.lucie-hauri.com\/en\/#website\"},\"primaryImageOfPage\":{\"@id\":\"https:\/\/www.lucie-hauri.com\/en\/region\/cala-santanyi\/#primaryimage\"},\"image\":{\"@id\":\"https:\/\/www.lucie-hauri.com\/en\/region\/cala-santanyi\/#primaryimage\"},\"thumbnailUrl\":\"https:\/\/www.lucie-hauri.com\/wp-content\/uploads\/2016\/06\/Cala-Santanyi-2-e1467823297661-620x272-1.jpg\",\"datePublished\":\"2024-01-18T22:50:02+00:00\",\"dateModified\":\"2024-01-18T22:56:36+00:00\",\"breadcrumb\":{\"@id\":\"https:\/\/www.lucie-hauri.com\/en\/region\/cala-santanyi\/#breadcrumb\"},\"inLanguage\":\"en-US\",\"potentialAction\":[{\"@type\":\"ReadAction\",\"target\":[\"https:\/\/www.lucie-hauri.com\/en\/region\/cala-santanyi\/\"]}]},{\"@type\":\"ImageObject\",\"inLanguage\":\"en-US\",\"@id\":\"https:\/\/www.lucie-hauri.com\/en\/region\/cala-santanyi\/#primaryimage\",\"url\":\"https:\/\/www.lucie-hauri.com\/wp-content\/uploads\/2016\/06\/Cala-Santanyi-2-e1467823297661-620x272-1.jpg\",\"contentUrl\":\"https:\/\/www.lucie-hauri.com\/wp-content\/uploads\/2016\/06\/Cala-Santanyi-2-e1467823297661-620x272-1.jpg\",\"width\":620,\"height\":272},{\"@type\":\"BreadcrumbList\",\"@id\":\"https:\/\/www.lucie-hauri.com\/en\/region\/cala-santanyi\/#breadcrumb\",\"itemListElement\":[{\"@type\":\"ListItem\",\"position\":1,\"name\":\"Region\",\"item\":\"https:\/\/www.lucie-hauri.com\/en\/region\/\"},{\"@type\":\"ListItem\",\"position\":2,\"name\":\"Cala Santany\u00ed\"}]},{\"@type\":\"WebSite\",\"@id\":\"https:\/\/www.lucie-hauri.com\/en\/#website\",\"url\":\"https:\/\/www.lucie-hauri.com\/en\/\",\"name\":\"Lucie Hauri | Exclusive Real Estate\",\"description\":\"\",\"potentialAction\":[{\"@type\":\"SearchAction\",\"target\":{\"@type\":\"EntryPoint\",\"urlTemplate\":\"https:\/\/www.lucie-hauri.com\/en\/?s={search_term_string}\"},\"query-input\":{\"@type\":\"PropertyValueSpecification\",\"valueRequired\":true,\"valueName\":\"search_term_string\"}}],\"inLanguage\":\"en-US\"}]}<\/script>\n<!-- \/ Yoast SEO Premium plugin. -->","yoast_head_json":{"title":"Cala Santany\u00ed - Lucie Hauri | Exclusive Real Estate","robots":{"index":"index","follow":"follow","max-snippet":"max-snippet:-1","max-image-preview":"max-image-preview:large","max-video-preview":"max-video-preview:-1"},"canonical":"https:\/\/www.lucie-hauri.com\/en\/region\/cala-santanyi\/","og_locale":"en_US","og_type":"article","og_title":"Cala Santany\u00ed - Lucie Hauri | Exclusive Real Estate","og_description":"Cala Santany\u00ed liegt abseits vom gro\u00dfen Touristentrubel und geh\u00f6rt zu den landschaftlich sch\u00f6nsten Orten im S\u00fcdosten Mallorcas. Cala Santany\u00ed hat einen sehr h\u00fcbschen Sandstrand, gute Restaurants, Bars, Gesch\u00e4fte und Superm\u00e4rkte. In nur 3 km Entfernung liegt der n\u00e4chst gr\u00f6\u00dfere Ort Santany\u00ed, in dem ganzj\u00e4hrig etwas geboten wird. Zwei Mal w\u00f6chentlich stattfindende M\u00e4rkte laden zum bunten Treiben ein. Au\u00dfer dem Strand von Cala Santany\u00ed liegen die malerischen Buchten Cala Mondrag\u00f3 und Cala Llombards in der N\u00e4he. Einer der zehn sch\u00f6nsten Str\u00e4nde der Welt \u2013 der Naturstrand \u2019Es Trenc\u2019 \u2013 befindet sich in 12 km Entfernung. Palma und der internationale Flughafen sind in nur 45 Minuten zu erreichen, der 18-Loch Golfplatz Vall d\u2019Or in ca. 15 Minuten.","og_url":"https:\/\/www.lucie-hauri.com\/en\/region\/cala-santanyi\/","og_site_name":"Lucie Hauri | Exclusive Real Estate","article_modified_time":"2024-01-18T22:56:36+00:00","og_image":[{"width":620,"height":272,"url":"https:\/\/www.lucie-hauri.com\/wp-content\/uploads\/2016\/06\/Cala-Santanyi-2-e1467823297661-620x272-1.jpg","type":"image\/jpeg"}],"twitter_card":"summary_large_image","twitter_misc":{"Est. reading time":"3 minutes"},"schema":{"@context":"https:\/\/schema.org","@graph":[{"@type":"WebPage","@id":"https:\/\/www.lucie-hauri.com\/en\/region\/cala-santanyi\/","url":"https:\/\/www.lucie-hauri.com\/en\/region\/cala-santanyi\/","name":"Cala Santany\u00ed - Lucie Hauri | Exclusive Real Estate","isPartOf":{"@id":"https:\/\/www.lucie-hauri.com\/en\/#website"},"primaryImageOfPage":{"@id":"https:\/\/www.lucie-hauri.com\/en\/region\/cala-santanyi\/#primaryimage"},"image":{"@id":"https:\/\/www.lucie-hauri.com\/en\/region\/cala-santanyi\/#primaryimage"},"thumbnailUrl":"https:\/\/www.lucie-hauri.com\/wp-content\/uploads\/2016\/06\/Cala-Santanyi-2-e1467823297661-620x272-1.jpg","datePublished":"2024-01-18T22:50:02+00:00","dateModified":"2024-01-18T22:56:36+00:00","breadcrumb":{"@id":"https:\/\/www.lucie-hauri.com\/en\/region\/cala-santanyi\/#breadcrumb"},"inLanguage":"en-US","potentialAction":[{"@type":"ReadAction","target":["https:\/\/www.lucie-hauri.com\/en\/region\/cala-santanyi\/"]}]},{"@type":"ImageObject","inLanguage":"en-US","@id":"https:\/\/www.lucie-hauri.com\/en\/region\/cala-santanyi\/#primaryimage","url":"https:\/\/www.lucie-hauri.com\/wp-content\/uploads\/2016\/06\/Cala-Santanyi-2-e1467823297661-620x272-1.jpg","contentUrl":"https:\/\/www.lucie-hauri.com\/wp-content\/uploads\/2016\/06\/Cala-Santanyi-2-e1467823297661-620x272-1.jpg","width":620,"height":272},{"@type":"BreadcrumbList","@id":"https:\/\/www.lucie-hauri.com\/en\/region\/cala-santanyi\/#breadcrumb","itemListElement":[{"@type":"ListItem","position":1,"name":"Region","item":"https:\/\/www.lucie-hauri.com\/en\/region\/"},{"@type":"ListItem","position":2,"name":"Cala Santany\u00ed"}]},{"@type":"WebSite","@id":"https:\/\/www.lucie-hauri.com\/en\/#website","url":"https:\/\/www.lucie-hauri.com\/en\/","name":"Lucie Hauri | Exclusive real estate","description":"","potentialAction":[{"@type":"SearchAction","target":{"@type":"EntryPoint","urlTemplate":"https:\/\/www.lucie-hauri.com\/en\/?s={search_term_string}"},"query-input":{"@type":"PropertyValueSpecification","valueRequired":true,"valueName":"search_term_string"}}],"inLanguage":"en-US"}]}},"_links":{"self":[{"href":"https:\/\/www.lucie-hauri.com\/en\/wp-json\/wp\/v2\/pages\/140757","targetHints":{"allow":["GET"]}}],"collection":[{"href":"https:\/\/www.lucie-hauri.com\/en\/wp-json\/wp\/v2\/pages"}],"about":[{"href":"https:\/\/www.lucie-hauri.com\/en\/wp-json\/wp\/v2\/types\/page"}],"author":[{"embeddable":true,"href":"https:\/\/www.lucie-hauri.com\/en\/wp-json\/wp\/v2\/users\/5"}],"replies":[{"embeddable":true,"href":"https:\/\/www.lucie-hauri.com\/en\/wp-json\/wp\/v2\/comments?post=140757"}],"version-history":[{"count":0,"href":"https:\/\/www.lucie-hauri.com\/en\/wp-json\/wp\/v2\/pages\/140757\/revisions"}],"up":[{"embeddable":true,"href":"https:\/\/www.lucie-hauri.com\/en\/wp-json\/wp\/v2\/pages\/325"}],"wp:featuredmedia":[{"embeddable":true,"href":"https:\/\/www.lucie-hauri.com\/en\/wp-json\/wp\/v2\/media\/134258"}],"wp:attachment":[{"href":"https:\/\/www.lucie-hauri.com\/en\/wp-json\/wp\/v2\/media?parent=140757"}],"wp:term":[{"taxonomy":"category","embeddable":true,"href":"https:\/\/www.lucie-hauri.com\/en\/wp-json\/wp\/v2\/categories?post=140757"},{"taxonomy":"post_tag","embeddable":true,"href":"https:\/\/www.lucie-hauri.com\/en\/wp-json\/wp\/v2\/tags?post=140757"}],"curies":[{"name":"wp","href":"https:\/\/api.w.org\/{rel}","templated":true}]}}