{"id":140693,"date":"2024-01-18T22:59:02","date_gmt":"2024-01-18T21:59:02","guid":{"rendered":"https:\/\/lucie-hauri.hostpress.me\/?page_id=140693"},"modified":"2024-04-17T08:24:06","modified_gmt":"2024-04-17T07:24:06","slug":"shorta","status":"publish","type":"page","link":"https:\/\/www.lucie-hauri.com\/en\/region\/shorta\/","title":{"rendered":"S\u2019Horta"},"content":{"rendered":"<div data-elementor-type=\"wp-page\" data-elementor-id=\"140693\" class=\"elementor elementor-140693\" data-elementor-post-type=\"page\">\n\t\t\t\t<div class=\"elementor-element elementor-element-2e9ea754 e-flex e-con-boxed e-con e-parent\" data-id=\"2e9ea754\" data-element_type=\"container\">\n\t\t\t\t\t<div class=\"e-con-inner\">\n\t\t\t\t<div class=\"elementor-element elementor-element-3bde5c2b elementor-widget elementor-widget-text-editor\" data-id=\"3bde5c2b\" data-element_type=\"widget\" data-widget_type=\"text-editor.default\">\n\t\t\t\t<div class=\"elementor-widget-container\">\n\t\t\t\t\t\t\t\t\t<p>The small village of S\u2019Horta is situated on the main road between Cala d\u2019Or and Porto Colom in the southeast of Mallorca. It has the protection of the mountains from behind with the Castell de Santueri on top. There is an excellent view down to the near sea, where you see the white houses of Cala d\u2019Or which is one of the most important touristic centres with its wonderful marina and the many little beaches.<\/p><p>In S\u2019Horta you will find a few bars, local shops, a bank and a large beautiful church where selected musical events are organized.\n<br><br>\nIt\u2019s located on the main road between Cala d\u2019Or and Porto Colom. The village is overlooked by the \u2018Castell de Santueri\u2019 and most of the properties in and around the village look out over the sloping countryside to the sea.<\/p><p>Vall d\u2019Or Golf course is only 5 min away. The capital Palma and the international airport are approx. 45 min drive away.<\/p>\t\t\t\t\t\t\t\t<\/div>\n\t\t\t\t<\/div>\n\t\t\t\t\t<\/div>\n\t\t\t\t<\/div>\n\t\t<div class=\"elementor-element elementor-element-3014bc22 e-flex e-con-boxed e-con e-parent\" data-id=\"3014bc22\" data-element_type=\"container\">\n\t\t\t\t\t<div class=\"e-con-inner\">\n\t\t\t\t\t<\/div>\n\t\t\t\t<\/div>\n\t\t\t\t<\/div>","protected":false},"excerpt":{"rendered":"<p>S\u2019Horta liegt im S\u00fcdosten Mallorcas und geh\u00f6rt zur Gemeinde Felanitx. Der Ort schmiegt sich an die H\u00fcgel, auf deren h\u00f6chster Erhebung das Castell de Santueri thront. Der Blick geht hinunter zum nahen Meer, wo Cala d\u2019Or, eines der wichtigsten touristischen Zentren mit seinem gro\u00dfen wundersch\u00f6nen Yachthafen und den vielen kleinen Badebuchten liegt. In S\u2019Horta gibt es einige Bars, kleine Gesch\u00e4fte, eine Bank und eine wundersch\u00f6ne Kirche, in der immer wieder musikalische Events organisiert werden. Der Vall d\u2019Or Golfplatz liegt nur 5 Minuten entfernt. Der Flughafen und Palma sind in ca. 45 Autominuten zu erreichen.<\/p>","protected":false},"author":5,"featured_media":156923,"parent":325,"menu_order":0,"comment_status":"closed","ping_status":"closed","template":"","meta":{"_acf_changed":false,"footnotes":""},"categories":[],"tags":[],"class_list":["post-140693","page","type-page","status-publish","has-post-thumbnail","hentry"],"acf":[],"yoast_head":"<!-- This site is optimized with the Yoast SEO Premium plugin v24.4 (Yoast SEO v26.8) - https:\/\/yoast.com\/product\/yoast-seo-premium-wordpress\/ -->\n<title>S\u2019Horta - Lucie Hauri | Exclusive Real Estate<\/title>\n<meta name=\"robots\" content=\"index, follow, max-snippet:-1, max-image-preview:large, max-video-preview:-1\" \/>\n<link rel=\"canonical\" href=\"https:\/\/www.lucie-hauri.com\/en\/region\/shorta\/\" \/>\n<meta property=\"og:locale\" content=\"en_US\" \/>\n<meta property=\"og:type\" content=\"article\" \/>\n<meta property=\"og:title\" content=\"S\u2019Horta - Lucie Hauri | Exclusive Real Estate\" \/>\n<meta property=\"og:description\" content=\"S\u2019Horta liegt im S\u00fcdosten Mallorcas und geh\u00f6rt zur Gemeinde Felanitx. Der Ort schmiegt sich an die H\u00fcgel, auf deren h\u00f6chster Erhebung das Castell de Santueri thront. Der Blick geht hinunter zum nahen Meer, wo Cala d\u2019Or, eines der wichtigsten touristischen Zentren mit seinem gro\u00dfen wundersch\u00f6nen Yachthafen und den vielen kleinen Badebuchten liegt. In S\u2019Horta gibt es einige Bars, kleine Gesch\u00e4fte, eine Bank und eine wundersch\u00f6ne Kirche, in der immer wieder musikalische Events organisiert werden. Der Vall d\u2019Or Golfplatz liegt nur 5 Minuten entfernt. Der Flughafen und Palma sind in ca. 45 Autominuten zu erreichen.\" \/>\n<meta property=\"og:url\" content=\"https:\/\/www.lucie-hauri.com\/en\/region\/shorta\/\" \/>\n<meta property=\"og:site_name\" content=\"Lucie Hauri | Exclusive Real Estate\" \/>\n<meta property=\"article:modified_time\" content=\"2024-04-17T07:24:06+00:00\" \/>\n<meta property=\"og:image\" content=\"https:\/\/www.lucie-hauri.com\/wp-content\/uploads\/2024\/04\/Shorta_2-e1461496705325.jpg\" \/>\n\t<meta property=\"og:image:width\" content=\"945\" \/>\n\t<meta property=\"og:image:height\" content=\"390\" \/>\n\t<meta property=\"og:image:type\" content=\"image\/jpeg\" \/>\n<meta name=\"twitter:card\" content=\"summary_large_image\" \/>\n<meta name=\"twitter:label1\" content=\"Est. reading time\" \/>\n\t<meta name=\"twitter:data1\" content=\"1 minute\" \/>\n<script type=\"application\/ld+json\" class=\"yoast-schema-graph\">{\"@context\":\"https:\/\/schema.org\",\"@graph\":[{\"@type\":\"WebPage\",\"@id\":\"https:\/\/www.lucie-hauri.com\/en\/region\/shorta\/\",\"url\":\"https:\/\/www.lucie-hauri.com\/en\/region\/shorta\/\",\"name\":\"S\u2019Horta - Lucie Hauri | Exclusive Real Estate\",\"isPartOf\":{\"@id\":\"https:\/\/www.lucie-hauri.com\/en\/#website\"},\"primaryImageOfPage\":{\"@id\":\"https:\/\/www.lucie-hauri.com\/en\/region\/shorta\/#primaryimage\"},\"image\":{\"@id\":\"https:\/\/www.lucie-hauri.com\/en\/region\/shorta\/#primaryimage\"},\"thumbnailUrl\":\"https:\/\/www.lucie-hauri.com\/wp-content\/uploads\/2024\/04\/Shorta_2-e1461496705325.jpg\",\"datePublished\":\"2024-01-18T21:59:02+00:00\",\"dateModified\":\"2024-04-17T07:24:06+00:00\",\"breadcrumb\":{\"@id\":\"https:\/\/www.lucie-hauri.com\/en\/region\/shorta\/#breadcrumb\"},\"inLanguage\":\"en-US\",\"potentialAction\":[{\"@type\":\"ReadAction\",\"target\":[\"https:\/\/www.lucie-hauri.com\/en\/region\/shorta\/\"]}]},{\"@type\":\"ImageObject\",\"inLanguage\":\"en-US\",\"@id\":\"https:\/\/www.lucie-hauri.com\/en\/region\/shorta\/#primaryimage\",\"url\":\"https:\/\/www.lucie-hauri.com\/wp-content\/uploads\/2024\/04\/Shorta_2-e1461496705325.jpg\",\"contentUrl\":\"https:\/\/www.lucie-hauri.com\/wp-content\/uploads\/2024\/04\/Shorta_2-e1461496705325.jpg\",\"width\":945,\"height\":390},{\"@type\":\"BreadcrumbList\",\"@id\":\"https:\/\/www.lucie-hauri.com\/en\/region\/shorta\/#breadcrumb\",\"itemListElement\":[{\"@type\":\"ListItem\",\"position\":1,\"name\":\"Region\",\"item\":\"https:\/\/www.lucie-hauri.com\/en\/region\/\"},{\"@type\":\"ListItem\",\"position\":2,\"name\":\"S\u2019Horta\"}]},{\"@type\":\"WebSite\",\"@id\":\"https:\/\/www.lucie-hauri.com\/en\/#website\",\"url\":\"https:\/\/www.lucie-hauri.com\/en\/\",\"name\":\"Lucie Hauri | Exclusive Real Estate\",\"description\":\"\",\"potentialAction\":[{\"@type\":\"SearchAction\",\"target\":{\"@type\":\"EntryPoint\",\"urlTemplate\":\"https:\/\/www.lucie-hauri.com\/en\/?s={search_term_string}\"},\"query-input\":{\"@type\":\"PropertyValueSpecification\",\"valueRequired\":true,\"valueName\":\"search_term_string\"}}],\"inLanguage\":\"en-US\"}]}<\/script>\n<!-- \/ Yoast SEO Premium plugin. -->","yoast_head_json":{"title":"S\u2019Horta - Lucie Hauri | Exclusive Real Estate","robots":{"index":"index","follow":"follow","max-snippet":"max-snippet:-1","max-image-preview":"max-image-preview:large","max-video-preview":"max-video-preview:-1"},"canonical":"https:\/\/www.lucie-hauri.com\/en\/region\/shorta\/","og_locale":"en_US","og_type":"article","og_title":"S\u2019Horta - Lucie Hauri | Exclusive Real Estate","og_description":"S\u2019Horta liegt im S\u00fcdosten Mallorcas und geh\u00f6rt zur Gemeinde Felanitx. Der Ort schmiegt sich an die H\u00fcgel, auf deren h\u00f6chster Erhebung das Castell de Santueri thront. Der Blick geht hinunter zum nahen Meer, wo Cala d\u2019Or, eines der wichtigsten touristischen Zentren mit seinem gro\u00dfen wundersch\u00f6nen Yachthafen und den vielen kleinen Badebuchten liegt. In S\u2019Horta gibt es einige Bars, kleine Gesch\u00e4fte, eine Bank und eine wundersch\u00f6ne Kirche, in der immer wieder musikalische Events organisiert werden. Der Vall d\u2019Or Golfplatz liegt nur 5 Minuten entfernt. Der Flughafen und Palma sind in ca. 45 Autominuten zu erreichen.","og_url":"https:\/\/www.lucie-hauri.com\/en\/region\/shorta\/","og_site_name":"Lucie Hauri | Exclusive Real Estate","article_modified_time":"2024-04-17T07:24:06+00:00","og_image":[{"width":945,"height":390,"url":"https:\/\/www.lucie-hauri.com\/wp-content\/uploads\/2024\/04\/Shorta_2-e1461496705325.jpg","type":"image\/jpeg"}],"twitter_card":"summary_large_image","twitter_misc":{"Est. reading time":"1 minute"},"schema":{"@context":"https:\/\/schema.org","@graph":[{"@type":"WebPage","@id":"https:\/\/www.lucie-hauri.com\/en\/region\/shorta\/","url":"https:\/\/www.lucie-hauri.com\/en\/region\/shorta\/","name":"S\u2019Horta - Lucie Hauri | Exclusive Real Estate","isPartOf":{"@id":"https:\/\/www.lucie-hauri.com\/en\/#website"},"primaryImageOfPage":{"@id":"https:\/\/www.lucie-hauri.com\/en\/region\/shorta\/#primaryimage"},"image":{"@id":"https:\/\/www.lucie-hauri.com\/en\/region\/shorta\/#primaryimage"},"thumbnailUrl":"https:\/\/www.lucie-hauri.com\/wp-content\/uploads\/2024\/04\/Shorta_2-e1461496705325.jpg","datePublished":"2024-01-18T21:59:02+00:00","dateModified":"2024-04-17T07:24:06+00:00","breadcrumb":{"@id":"https:\/\/www.lucie-hauri.com\/en\/region\/shorta\/#breadcrumb"},"inLanguage":"en-US","potentialAction":[{"@type":"ReadAction","target":["https:\/\/www.lucie-hauri.com\/en\/region\/shorta\/"]}]},{"@type":"ImageObject","inLanguage":"en-US","@id":"https:\/\/www.lucie-hauri.com\/en\/region\/shorta\/#primaryimage","url":"https:\/\/www.lucie-hauri.com\/wp-content\/uploads\/2024\/04\/Shorta_2-e1461496705325.jpg","contentUrl":"https:\/\/www.lucie-hauri.com\/wp-content\/uploads\/2024\/04\/Shorta_2-e1461496705325.jpg","width":945,"height":390},{"@type":"BreadcrumbList","@id":"https:\/\/www.lucie-hauri.com\/en\/region\/shorta\/#breadcrumb","itemListElement":[{"@type":"ListItem","position":1,"name":"Region","item":"https:\/\/www.lucie-hauri.com\/en\/region\/"},{"@type":"ListItem","position":2,"name":"S\u2019Horta"}]},{"@type":"WebSite","@id":"https:\/\/www.lucie-hauri.com\/en\/#website","url":"https:\/\/www.lucie-hauri.com\/en\/","name":"Lucie Hauri | Exclusive real estate","description":"","potentialAction":[{"@type":"SearchAction","target":{"@type":"EntryPoint","urlTemplate":"https:\/\/www.lucie-hauri.com\/en\/?s={search_term_string}"},"query-input":{"@type":"PropertyValueSpecification","valueRequired":true,"valueName":"search_term_string"}}],"inLanguage":"en-US"}]}},"_links":{"self":[{"href":"https:\/\/www.lucie-hauri.com\/en\/wp-json\/wp\/v2\/pages\/140693","targetHints":{"allow":["GET"]}}],"collection":[{"href":"https:\/\/www.lucie-hauri.com\/en\/wp-json\/wp\/v2\/pages"}],"about":[{"href":"https:\/\/www.lucie-hauri.com\/en\/wp-json\/wp\/v2\/types\/page"}],"author":[{"embeddable":true,"href":"https:\/\/www.lucie-hauri.com\/en\/wp-json\/wp\/v2\/users\/5"}],"replies":[{"embeddable":true,"href":"https:\/\/www.lucie-hauri.com\/en\/wp-json\/wp\/v2\/comments?post=140693"}],"version-history":[{"count":0,"href":"https:\/\/www.lucie-hauri.com\/en\/wp-json\/wp\/v2\/pages\/140693\/revisions"}],"up":[{"embeddable":true,"href":"https:\/\/www.lucie-hauri.com\/en\/wp-json\/wp\/v2\/pages\/325"}],"wp:featuredmedia":[{"embeddable":true,"href":"https:\/\/www.lucie-hauri.com\/en\/wp-json\/wp\/v2\/media\/156923"}],"wp:attachment":[{"href":"https:\/\/www.lucie-hauri.com\/en\/wp-json\/wp\/v2\/media?parent=140693"}],"wp:term":[{"taxonomy":"category","embeddable":true,"href":"https:\/\/www.lucie-hauri.com\/en\/wp-json\/wp\/v2\/categories?post=140693"},{"taxonomy":"post_tag","embeddable":true,"href":"https:\/\/www.lucie-hauri.com\/en\/wp-json\/wp\/v2\/tags?post=140693"}],"curies":[{"name":"wp","href":"https:\/\/api.w.org\/{rel}","templated":true}]}}