{"id":140643,"date":"2024-01-18T22:07:34","date_gmt":"2024-01-18T21:07:34","guid":{"rendered":"https:\/\/lucie-hauri.hostpress.me\/?page_id=140643"},"modified":"2024-04-17T08:05:45","modified_gmt":"2024-04-17T07:05:45","slug":"cas-concos","status":"publish","type":"page","link":"https:\/\/www.lucie-hauri.com\/en\/region\/cas-concos\/","title":{"rendered":"Cas Concos"},"content":{"rendered":"<div data-elementor-type=\"wp-page\" data-elementor-id=\"140643\" class=\"elementor elementor-140643\" data-elementor-post-type=\"page\">\n\t\t\t\t<div class=\"elementor-element elementor-element-2e9ea754 e-flex e-con-boxed e-con e-parent\" data-id=\"2e9ea754\" data-element_type=\"container\">\n\t\t\t\t\t<div class=\"e-con-inner\">\n\t\t\t\t<div class=\"elementor-element elementor-element-3bde5c2b elementor-widget elementor-widget-text-editor\" data-id=\"3bde5c2b\" data-element_type=\"widget\" data-widget_type=\"text-editor.default\">\n\t\t\t\t<div class=\"elementor-widget-container\">\n\t\t\t\t\t\t\t\t\t<p>The lovely village of Cas Concos is situated in the southeast of Mallorca and comes under the municipality of Felanitx. On one hand it is a calm and pristine village which is very popular because of its authentic charm, on the other hand it has become a place of innovation and growth because of the openings of good restaurants and interesting little shops. Locals and residents pay a visit to the bars and restaurants, do their daily shopping and have a chat with friends and neighbours.<\/p><p>Felanitx and Santany\u00ed are 10 minutes drive away, the 18-hole golf course about 15 minutes. Near Santany\u00ed there are several lovely beaches.\n<br><br>\nPalma and the international airport can be reached in approx. 45 minutes.<\/p>\t\t\t\t\t\t\t\t<\/div>\n\t\t\t\t<\/div>\n\t\t\t\t\t<\/div>\n\t\t\t\t<\/div>\n\t\t<div class=\"elementor-element elementor-element-3014bc22 e-flex e-con-boxed e-con e-parent\" data-id=\"3014bc22\" data-element_type=\"container\">\n\t\t\t\t\t<div class=\"e-con-inner\">\n\t\t\t\t\t<\/div>\n\t\t\t\t<\/div>\n\t\t\t\t<\/div>","protected":false},"excerpt":{"rendered":"<p>Der Ort Cas Concos wirkt auf der einen Seite sehr ruhig und urspr\u00fcnglich und geh\u00f6rt zu den Ortschaften, die ganz besonders aufgrund ihrer authentischen Ausstrahlung bei vielen Inselbewohnern sehr beliebt sind. Einheimische und Residenten besuchen Bars und Restaurants, erledigen ihre t\u00e4glichen Eink\u00e4ufe und f\u00fchren auf der Stra\u00dfe lange Gespr\u00e4che mit Nachbarn und Freunden. Auf der anderen Seite ist Cas Concos in den letzten Jahren durch die Er\u00f6ffnung neuer Restaurants und Gesch\u00e4fte auch zu einem Ort der Bewegung und des Wachstums geworden. Die n\u00e4chsten gr\u00f6\u00dferen Orte sind Felanitx und Santany\u00ed, die ca. 10 Autominuten entfernt liegen und mit ihren M\u00e4rkten am Mittwoch, Samstag und Sonntag ein reges Treiben bieten. Der Golfplatz Vall d\u2019Or ist in ca. 15 Minuten zu erreichen. Das touristische Zentrum Cala d\u2019Or mit seinem grossen Yachthafen sowie zahlreiche Badebuchten liegen ebenfalls nur in ca. 15 Minuten Entfernung. Zur Inselhauptstadt Palma und zum Flughafen f\u00e4hrt man ca. 40 Autominuten.<\/p>","protected":false},"author":5,"featured_media":156903,"parent":325,"menu_order":0,"comment_status":"closed","ping_status":"closed","template":"","meta":{"_acf_changed":false,"footnotes":""},"categories":[],"tags":[],"class_list":["post-140643","page","type-page","status-publish","has-post-thumbnail","hentry"],"acf":[],"yoast_head":"<!-- This site is optimized with the Yoast SEO Premium plugin v24.4 (Yoast SEO v26.8) - https:\/\/yoast.com\/product\/yoast-seo-premium-wordpress\/ -->\n<title>Cas Concos - Lucie Hauri | Exclusive Real Estate<\/title>\n<meta name=\"robots\" content=\"index, follow, max-snippet:-1, max-image-preview:large, max-video-preview:-1\" \/>\n<link rel=\"canonical\" href=\"https:\/\/www.lucie-hauri.com\/en\/region\/cas-concos\/\" \/>\n<meta property=\"og:locale\" content=\"en_US\" \/>\n<meta property=\"og:type\" content=\"article\" \/>\n<meta property=\"og:title\" content=\"Cas Concos - Lucie Hauri | Exclusive Real Estate\" \/>\n<meta property=\"og:description\" content=\"Der Ort Cas Concos wirkt auf der einen Seite sehr ruhig und urspr\u00fcnglich und geh\u00f6rt zu den Ortschaften, die ganz besonders aufgrund ihrer authentischen Ausstrahlung bei vielen Inselbewohnern sehr beliebt sind. Einheimische und Residenten besuchen Bars und Restaurants, erledigen ihre t\u00e4glichen Eink\u00e4ufe und f\u00fchren auf der Stra\u00dfe lange Gespr\u00e4che mit Nachbarn und Freunden. Auf der anderen Seite ist Cas Concos in den letzten Jahren durch die Er\u00f6ffnung neuer Restaurants und Gesch\u00e4fte auch zu einem Ort der Bewegung und des Wachstums geworden. Die n\u00e4chsten gr\u00f6\u00dferen Orte sind Felanitx und Santany\u00ed, die ca. 10 Autominuten entfernt liegen und mit ihren M\u00e4rkten am Mittwoch, Samstag und Sonntag ein reges Treiben bieten. Der Golfplatz Vall d\u2019Or ist in ca. 15 Minuten zu erreichen. Das touristische Zentrum Cala d\u2019Or mit seinem grossen Yachthafen sowie zahlreiche Badebuchten liegen ebenfalls nur in ca. 15 Minuten Entfernung. Zur Inselhauptstadt Palma und zum Flughafen f\u00e4hrt man ca. 40 Autominuten.\" \/>\n<meta property=\"og:url\" content=\"https:\/\/www.lucie-hauri.com\/en\/region\/cas-concos\/\" \/>\n<meta property=\"og:site_name\" content=\"Lucie Hauri | Exclusive Real Estate\" \/>\n<meta property=\"article:modified_time\" content=\"2024-04-17T07:05:45+00:00\" \/>\n<meta property=\"og:image\" content=\"https:\/\/www.lucie-hauri.com\/wp-content\/uploads\/2024\/04\/Cas-Concos_oben-e1461491397854.jpg\" \/>\n\t<meta property=\"og:image:width\" content=\"950\" \/>\n\t<meta property=\"og:image:height\" content=\"418\" \/>\n\t<meta property=\"og:image:type\" content=\"image\/jpeg\" \/>\n<meta name=\"twitter:card\" content=\"summary_large_image\" \/>\n<meta name=\"twitter:label1\" content=\"Est. reading time\" \/>\n\t<meta name=\"twitter:data1\" content=\"2 minutes\" \/>\n<script type=\"application\/ld+json\" class=\"yoast-schema-graph\">{\"@context\":\"https:\/\/schema.org\",\"@graph\":[{\"@type\":\"WebPage\",\"@id\":\"https:\/\/www.lucie-hauri.com\/en\/region\/cas-concos\/\",\"url\":\"https:\/\/www.lucie-hauri.com\/en\/region\/cas-concos\/\",\"name\":\"Cas Concos - Lucie Hauri | Exclusive Real Estate\",\"isPartOf\":{\"@id\":\"https:\/\/www.lucie-hauri.com\/en\/#website\"},\"primaryImageOfPage\":{\"@id\":\"https:\/\/www.lucie-hauri.com\/en\/region\/cas-concos\/#primaryimage\"},\"image\":{\"@id\":\"https:\/\/www.lucie-hauri.com\/en\/region\/cas-concos\/#primaryimage\"},\"thumbnailUrl\":\"https:\/\/www.lucie-hauri.com\/wp-content\/uploads\/2024\/04\/Cas-Concos_oben-e1461491397854.jpg\",\"datePublished\":\"2024-01-18T21:07:34+00:00\",\"dateModified\":\"2024-04-17T07:05:45+00:00\",\"breadcrumb\":{\"@id\":\"https:\/\/www.lucie-hauri.com\/en\/region\/cas-concos\/#breadcrumb\"},\"inLanguage\":\"en-US\",\"potentialAction\":[{\"@type\":\"ReadAction\",\"target\":[\"https:\/\/www.lucie-hauri.com\/en\/region\/cas-concos\/\"]}]},{\"@type\":\"ImageObject\",\"inLanguage\":\"en-US\",\"@id\":\"https:\/\/www.lucie-hauri.com\/en\/region\/cas-concos\/#primaryimage\",\"url\":\"https:\/\/www.lucie-hauri.com\/wp-content\/uploads\/2024\/04\/Cas-Concos_oben-e1461491397854.jpg\",\"contentUrl\":\"https:\/\/www.lucie-hauri.com\/wp-content\/uploads\/2024\/04\/Cas-Concos_oben-e1461491397854.jpg\",\"width\":950,\"height\":418},{\"@type\":\"BreadcrumbList\",\"@id\":\"https:\/\/www.lucie-hauri.com\/en\/region\/cas-concos\/#breadcrumb\",\"itemListElement\":[{\"@type\":\"ListItem\",\"position\":1,\"name\":\"Region\",\"item\":\"https:\/\/www.lucie-hauri.com\/en\/region\/\"},{\"@type\":\"ListItem\",\"position\":2,\"name\":\"Cas Concos\"}]},{\"@type\":\"WebSite\",\"@id\":\"https:\/\/www.lucie-hauri.com\/en\/#website\",\"url\":\"https:\/\/www.lucie-hauri.com\/en\/\",\"name\":\"Lucie Hauri | Exclusive Real Estate\",\"description\":\"\",\"potentialAction\":[{\"@type\":\"SearchAction\",\"target\":{\"@type\":\"EntryPoint\",\"urlTemplate\":\"https:\/\/www.lucie-hauri.com\/en\/?s={search_term_string}\"},\"query-input\":{\"@type\":\"PropertyValueSpecification\",\"valueRequired\":true,\"valueName\":\"search_term_string\"}}],\"inLanguage\":\"en-US\"}]}<\/script>\n<!-- \/ Yoast SEO Premium plugin. -->","yoast_head_json":{"title":"Cas Concos - Lucie Hauri | Exclusive Real Estate","robots":{"index":"index","follow":"follow","max-snippet":"max-snippet:-1","max-image-preview":"max-image-preview:large","max-video-preview":"max-video-preview:-1"},"canonical":"https:\/\/www.lucie-hauri.com\/en\/region\/cas-concos\/","og_locale":"en_US","og_type":"article","og_title":"Cas Concos - Lucie Hauri | Exclusive Real Estate","og_description":"Der Ort Cas Concos wirkt auf der einen Seite sehr ruhig und urspr\u00fcnglich und geh\u00f6rt zu den Ortschaften, die ganz besonders aufgrund ihrer authentischen Ausstrahlung bei vielen Inselbewohnern sehr beliebt sind. Einheimische und Residenten besuchen Bars und Restaurants, erledigen ihre t\u00e4glichen Eink\u00e4ufe und f\u00fchren auf der Stra\u00dfe lange Gespr\u00e4che mit Nachbarn und Freunden. Auf der anderen Seite ist Cas Concos in den letzten Jahren durch die Er\u00f6ffnung neuer Restaurants und Gesch\u00e4fte auch zu einem Ort der Bewegung und des Wachstums geworden. Die n\u00e4chsten gr\u00f6\u00dferen Orte sind Felanitx und Santany\u00ed, die ca. 10 Autominuten entfernt liegen und mit ihren M\u00e4rkten am Mittwoch, Samstag und Sonntag ein reges Treiben bieten. Der Golfplatz Vall d\u2019Or ist in ca. 15 Minuten zu erreichen. Das touristische Zentrum Cala d\u2019Or mit seinem grossen Yachthafen sowie zahlreiche Badebuchten liegen ebenfalls nur in ca. 15 Minuten Entfernung. Zur Inselhauptstadt Palma und zum Flughafen f\u00e4hrt man ca. 40 Autominuten.","og_url":"https:\/\/www.lucie-hauri.com\/en\/region\/cas-concos\/","og_site_name":"Lucie Hauri | Exclusive Real Estate","article_modified_time":"2024-04-17T07:05:45+00:00","og_image":[{"width":950,"height":418,"url":"https:\/\/www.lucie-hauri.com\/wp-content\/uploads\/2024\/04\/Cas-Concos_oben-e1461491397854.jpg","type":"image\/jpeg"}],"twitter_card":"summary_large_image","twitter_misc":{"Est. reading time":"2 minutes"},"schema":{"@context":"https:\/\/schema.org","@graph":[{"@type":"WebPage","@id":"https:\/\/www.lucie-hauri.com\/en\/region\/cas-concos\/","url":"https:\/\/www.lucie-hauri.com\/en\/region\/cas-concos\/","name":"Cas Concos - Lucie Hauri | Exclusive Real Estate","isPartOf":{"@id":"https:\/\/www.lucie-hauri.com\/en\/#website"},"primaryImageOfPage":{"@id":"https:\/\/www.lucie-hauri.com\/en\/region\/cas-concos\/#primaryimage"},"image":{"@id":"https:\/\/www.lucie-hauri.com\/en\/region\/cas-concos\/#primaryimage"},"thumbnailUrl":"https:\/\/www.lucie-hauri.com\/wp-content\/uploads\/2024\/04\/Cas-Concos_oben-e1461491397854.jpg","datePublished":"2024-01-18T21:07:34+00:00","dateModified":"2024-04-17T07:05:45+00:00","breadcrumb":{"@id":"https:\/\/www.lucie-hauri.com\/en\/region\/cas-concos\/#breadcrumb"},"inLanguage":"en-US","potentialAction":[{"@type":"ReadAction","target":["https:\/\/www.lucie-hauri.com\/en\/region\/cas-concos\/"]}]},{"@type":"ImageObject","inLanguage":"en-US","@id":"https:\/\/www.lucie-hauri.com\/en\/region\/cas-concos\/#primaryimage","url":"https:\/\/www.lucie-hauri.com\/wp-content\/uploads\/2024\/04\/Cas-Concos_oben-e1461491397854.jpg","contentUrl":"https:\/\/www.lucie-hauri.com\/wp-content\/uploads\/2024\/04\/Cas-Concos_oben-e1461491397854.jpg","width":950,"height":418},{"@type":"BreadcrumbList","@id":"https:\/\/www.lucie-hauri.com\/en\/region\/cas-concos\/#breadcrumb","itemListElement":[{"@type":"ListItem","position":1,"name":"Region","item":"https:\/\/www.lucie-hauri.com\/en\/region\/"},{"@type":"ListItem","position":2,"name":"Cas Concos"}]},{"@type":"WebSite","@id":"https:\/\/www.lucie-hauri.com\/en\/#website","url":"https:\/\/www.lucie-hauri.com\/en\/","name":"Lucie Hauri | Exclusive real estate","description":"","potentialAction":[{"@type":"SearchAction","target":{"@type":"EntryPoint","urlTemplate":"https:\/\/www.lucie-hauri.com\/en\/?s={search_term_string}"},"query-input":{"@type":"PropertyValueSpecification","valueRequired":true,"valueName":"search_term_string"}}],"inLanguage":"en-US"}]}},"_links":{"self":[{"href":"https:\/\/www.lucie-hauri.com\/en\/wp-json\/wp\/v2\/pages\/140643","targetHints":{"allow":["GET"]}}],"collection":[{"href":"https:\/\/www.lucie-hauri.com\/en\/wp-json\/wp\/v2\/pages"}],"about":[{"href":"https:\/\/www.lucie-hauri.com\/en\/wp-json\/wp\/v2\/types\/page"}],"author":[{"embeddable":true,"href":"https:\/\/www.lucie-hauri.com\/en\/wp-json\/wp\/v2\/users\/5"}],"replies":[{"embeddable":true,"href":"https:\/\/www.lucie-hauri.com\/en\/wp-json\/wp\/v2\/comments?post=140643"}],"version-history":[{"count":0,"href":"https:\/\/www.lucie-hauri.com\/en\/wp-json\/wp\/v2\/pages\/140643\/revisions"}],"up":[{"embeddable":true,"href":"https:\/\/www.lucie-hauri.com\/en\/wp-json\/wp\/v2\/pages\/325"}],"wp:featuredmedia":[{"embeddable":true,"href":"https:\/\/www.lucie-hauri.com\/en\/wp-json\/wp\/v2\/media\/156903"}],"wp:attachment":[{"href":"https:\/\/www.lucie-hauri.com\/en\/wp-json\/wp\/v2\/media?parent=140643"}],"wp:term":[{"taxonomy":"category","embeddable":true,"href":"https:\/\/www.lucie-hauri.com\/en\/wp-json\/wp\/v2\/categories?post=140643"},{"taxonomy":"post_tag","embeddable":true,"href":"https:\/\/www.lucie-hauri.com\/en\/wp-json\/wp\/v2\/tags?post=140643"}],"curies":[{"name":"wp","href":"https:\/\/api.w.org\/{rel}","templated":true}]}}