{"id":140210,"date":"2024-01-17T19:21:06","date_gmt":"2024-01-17T18:21:06","guid":{"rendered":"https:\/\/lucie-hauri.hostpress.me\/?page_id=140210"},"modified":"2024-04-17T08:02:14","modified_gmt":"2024-04-17T07:02:14","slug":"cala-murada","status":"publish","type":"page","link":"https:\/\/www.lucie-hauri.com\/en\/region\/cala-murada\/","title":{"rendered":"Cala Murada"},"content":{"rendered":"<div data-elementor-type=\"wp-page\" data-elementor-id=\"140210\" class=\"elementor elementor-140210\" data-elementor-post-type=\"page\">\n\t\t\t\t<div class=\"elementor-element elementor-element-2e9ea754 e-flex e-con-boxed e-con e-parent\" data-id=\"2e9ea754\" data-element_type=\"container\">\n\t\t\t\t\t<div class=\"e-con-inner\">\n\t\t\t\t<div class=\"elementor-element elementor-element-3bde5c2b elementor-widget elementor-widget-text-editor\" data-id=\"3bde5c2b\" data-element_type=\"widget\" data-widget_type=\"text-editor.default\">\n\t\t\t\t<div class=\"elementor-widget-container\">\n\t\t\t\t\t\t\t\t\t<p>Cala Murada is a tiny, idyllic, quiet coastal place in the southeast of Majorca, with a pretty beach.Infrastructure includes banks, supermarkets, hairdresser, laundry, various crafts, restaurants and bars. Porto Cristo, Porto Colom and several hidden beaches are nearby.<\/p>\t\t\t\t\t\t\t\t<\/div>\n\t\t\t\t<\/div>\n\t\t\t\t\t<\/div>\n\t\t\t\t<\/div>\n\t\t<div class=\"elementor-element elementor-element-3014bc22 e-flex e-con-boxed e-con e-parent\" data-id=\"3014bc22\" data-element_type=\"container\">\n\t\t\t\t\t<div class=\"e-con-inner\">\n\t\t\t\t<div class=\"elementor-element elementor-element-c868564 elementor-arrows-position-inside elementor-pagination-position-outside elementor-widget elementor-widget-image-carousel\" data-id=\"c868564\" data-element_type=\"widget\" data-settings=\"{&quot;image_spacing_custom&quot;:{&quot;unit&quot;:&quot;px&quot;,&quot;size&quot;:15,&quot;sizes&quot;:[]},&quot;slides_to_show&quot;:&quot;3&quot;,&quot;navigation&quot;:&quot;both&quot;,&quot;autoplay&quot;:&quot;yes&quot;,&quot;pause_on_hover&quot;:&quot;yes&quot;,&quot;pause_on_interaction&quot;:&quot;yes&quot;,&quot;autoplay_speed&quot;:5000,&quot;infinite&quot;:&quot;yes&quot;,&quot;speed&quot;:500,&quot;image_spacing_custom_tablet&quot;:{&quot;unit&quot;:&quot;px&quot;,&quot;size&quot;:&quot;&quot;,&quot;sizes&quot;:[]},&quot;image_spacing_custom_mobile&quot;:{&quot;unit&quot;:&quot;px&quot;,&quot;size&quot;:&quot;&quot;,&quot;sizes&quot;:[]}}\" data-widget_type=\"image-carousel.default\">\n\t\t\t\t<div class=\"elementor-widget-container\">\n\t\t\t\t\t\t\t<div class=\"elementor-image-carousel-wrapper swiper\" role=\"region\" aria-roledescription=\"carousel\" aria-label=\"Image Carousel\" dir=\"ltr\" data-no-translation-aria-label=\"\">\n\t\t\t<div class=\"elementor-image-carousel swiper-wrapper\" aria-live=\"off\">\n\t\t\t\t\t\t\t\t<div class=\"swiper-slide\" role=\"group\" aria-roledescription=\"slide\" aria-label=\"1 von 3\" data-no-translation-aria-label=\"\"><a data-elementor-open-lightbox=\"yes\" data-elementor-lightbox-slideshow=\"c868564\" data-e-action-hash=\"#elementor-action%3Aaction%3Dlightbox%26settings%3DeyJpZCI6MTU2ODk1LCJ1cmwiOiJodHRwczpcL1wvd3d3Lmx1Y2llLWhhdXJpLmNvbVwvd3AtY29udGVudFwvdXBsb2Fkc1wvMjAyNFwvMDRcL0NhbGEtTXVyYWRhXzEuanBnIiwic2xpZGVzaG93IjoiYzg2ODU2NCJ9\" href=\"https:\/\/www.lucie-hauri.com\/wp-content\/uploads\/2024\/04\/Cala-Murada_1.jpg\"><figure class=\"swiper-slide-inner\"><img decoding=\"async\" class=\"swiper-slide-image\" src=\"https:\/\/www.lucie-hauri.com\/wp-content\/uploads\/elementor\/thumbs\/Cala-Murada_1-qmtz631wdiok0c57ome3swn71c7f6o2g0cyeqp7rdi.jpg\" alt=\"\" \/><\/figure><\/a><\/div><div class=\"swiper-slide\" role=\"group\" aria-roledescription=\"slide\" aria-label=\"2 von 3\" data-no-translation-aria-label=\"\"><a data-elementor-open-lightbox=\"yes\" data-elementor-lightbox-slideshow=\"c868564\" data-e-action-hash=\"#elementor-action%3Aaction%3Dlightbox%26settings%3DeyJpZCI6MTU2ODk3LCJ1cmwiOiJodHRwczpcL1wvd3d3Lmx1Y2llLWhhdXJpLmNvbVwvd3AtY29udGVudFwvdXBsb2Fkc1wvMjAyNFwvMDRcL0NhbGEtTXVyYWRhXzIuanBnIiwic2xpZGVzaG93IjoiYzg2ODU2NCJ9\" href=\"https:\/\/www.lucie-hauri.com\/wp-content\/uploads\/2024\/04\/Cala-Murada_2.jpg\"><figure class=\"swiper-slide-inner\"><img decoding=\"async\" class=\"swiper-slide-image\" src=\"https:\/\/www.lucie-hauri.com\/wp-content\/uploads\/elementor\/thumbs\/Cala-Murada_2-qmtz66t94utparzr2o0m2vp1evow1ghdcvkcnt26om.jpg\" alt=\"\" \/><\/figure><\/a><\/div><div class=\"swiper-slide\" role=\"group\" aria-roledescription=\"slide\" aria-label=\"3 von 3\" data-no-translation-aria-label=\"\"><a data-elementor-open-lightbox=\"yes\" data-elementor-lightbox-slideshow=\"c868564\" data-e-action-hash=\"#elementor-action%3Aaction%3Dlightbox%26settings%3DeyJpZCI6MTU2ODk2LCJ1cmwiOiJodHRwczpcL1wvd3d3Lmx1Y2llLWhhdXJpLmNvbVwvd3AtY29udGVudFwvdXBsb2Fkc1wvMjAyNFwvMDRcL0NhbGEtTXVyYWRhXzMuanBnIiwic2xpZGVzaG93IjoiYzg2ODU2NCJ9\" href=\"https:\/\/www.lucie-hauri.com\/wp-content\/uploads\/2024\/04\/Cala-Murada_3.jpg\"><figure class=\"swiper-slide-inner\"><img decoding=\"async\" class=\"swiper-slide-image\" src=\"https:\/\/www.lucie-hauri.com\/wp-content\/uploads\/elementor\/thumbs\/Cala-Murada_3-qmtz64xkr6r4nk2hdn7cxw6483y5m29wom9dp94z12.jpg\" alt=\"\" \/><\/figure><\/a><\/div>\t\t\t<\/div>\n\t\t\t\t\t\t\t\t\t\t\t\t<div class=\"elementor-swiper-button elementor-swiper-button-prev\" role=\"button\" tabindex=\"0\">\n\t\t\t\t\t\t<i aria-hidden=\"true\" class=\"eicon-chevron-left\"><\/i>\t\t\t\t\t<\/div>\n\t\t\t\t\t<div class=\"elementor-swiper-button elementor-swiper-button-next\" role=\"button\" tabindex=\"0\">\n\t\t\t\t\t\t<i aria-hidden=\"true\" class=\"eicon-chevron-right\"><\/i>\t\t\t\t\t<\/div>\n\t\t\t\t\n\t\t\t\t\t\t\t\t\t<div class=\"swiper-pagination\"><\/div>\n\t\t\t\t\t\t\t\t\t<\/div>\n\t\t\t\t\t\t<\/div>\n\t\t\t\t<\/div>\n\t\t\t\t<div class=\"elementor-element elementor-element-60574c elementor-widget elementor-widget-text-editor\" data-id=\"60574c\" data-element_type=\"widget\" data-widget_type=\"text-editor.default\">\n\t\t\t\t<div class=\"elementor-widget-container\">\n\t\t\t\t\t\t\t\t\t<p>Porto Colom is one of the extraordinarily beautiful fishing villages in the southeast of Mallorca. Its appeal lies in its charm, its bays, its marina and also in its cosiness and tranquillity.<\/p><p>The 18-hole-golf course is only a five minutes drive away. Palma and the international airport can be reached in a fifty minutes drive.<\/p>\t\t\t\t\t\t\t\t<\/div>\n\t\t\t\t<\/div>\n\t\t\t\t\t<\/div>\n\t\t\t\t<\/div>\n\t\t\t\t<\/div>","protected":false},"excerpt":{"rendered":"<p>Im S\u00fcdosten Mallorcas liegt der kleine Ort Cala Murada, benannt nach der gleichnamigen Bucht, an der er sich befindet. Der Ort geh\u00f6rt zur Gemeinde Manacor und besteht vorwiegend aus Ferienh\u00e4usern und ein paar Restaurants, Bars und Caf\u00e9s. Superm\u00e4rkte und eine Bank findet man hier selbstverst\u00e4ndlich auch \u2013 im Gegensatz zu gro\u00dfen Hotelanlagen, die man hier vergeblich sucht. Zum Strand sind es zu Fu\u00df nur wenige Minuten. Die Urbanisation Cala Murada besticht durch ihre vielseitige Bebauung sowie ein ganzj\u00e4hriges Leben. Cala Murada liegt s\u00fcdlich von Calas de Mallorca, der n\u00e4chstgelegene Strand ist die Doppelbucht Cala Domingos.<\/p>","protected":false},"author":5,"featured_media":156901,"parent":325,"menu_order":0,"comment_status":"closed","ping_status":"closed","template":"","meta":{"_acf_changed":false,"footnotes":""},"categories":[],"tags":[],"class_list":["post-140210","page","type-page","status-publish","has-post-thumbnail","hentry"],"acf":[],"yoast_head":"<!-- This site is optimized with the Yoast SEO Premium plugin v24.4 (Yoast SEO v26.8) - https:\/\/yoast.com\/product\/yoast-seo-premium-wordpress\/ -->\n<title>Cala Murada - Lucie Hauri | Exclusive Real Estate<\/title>\n<meta name=\"robots\" content=\"index, follow, max-snippet:-1, max-image-preview:large, max-video-preview:-1\" \/>\n<link rel=\"canonical\" href=\"https:\/\/www.lucie-hauri.com\/en\/region\/cala-murada\/\" \/>\n<meta property=\"og:locale\" content=\"en_US\" \/>\n<meta property=\"og:type\" content=\"article\" \/>\n<meta property=\"og:title\" content=\"Cala Murada - Lucie Hauri | Exclusive Real Estate\" \/>\n<meta property=\"og:description\" content=\"Im S\u00fcdosten Mallorcas liegt der kleine Ort Cala Murada, benannt nach der gleichnamigen Bucht, an der er sich befindet. Der Ort geh\u00f6rt zur Gemeinde Manacor und besteht vorwiegend aus Ferienh\u00e4usern und ein paar Restaurants, Bars und Caf\u00e9s. Superm\u00e4rkte und eine Bank findet man hier selbstverst\u00e4ndlich auch \u2013 im Gegensatz zu gro\u00dfen Hotelanlagen, die man hier vergeblich sucht. Zum Strand sind es zu Fu\u00df nur wenige Minuten. Die Urbanisation Cala Murada besticht durch ihre vielseitige Bebauung sowie ein ganzj\u00e4hriges Leben. Cala Murada liegt s\u00fcdlich von Calas de Mallorca, der n\u00e4chstgelegene Strand ist die Doppelbucht Cala Domingos.\" \/>\n<meta property=\"og:url\" content=\"https:\/\/www.lucie-hauri.com\/en\/region\/cala-murada\/\" \/>\n<meta property=\"og:site_name\" content=\"Lucie Hauri | Exclusive Real Estate\" \/>\n<meta property=\"article:modified_time\" content=\"2024-04-17T07:02:14+00:00\" \/>\n<meta property=\"og:image\" content=\"https:\/\/www.lucie-hauri.com\/wp-content\/uploads\/2024\/04\/Cala-Murada_oben-e1461482718603.jpg\" \/>\n\t<meta property=\"og:image:width\" content=\"948\" \/>\n\t<meta property=\"og:image:height\" content=\"471\" \/>\n\t<meta property=\"og:image:type\" content=\"image\/jpeg\" \/>\n<meta name=\"twitter:card\" content=\"summary_large_image\" \/>\n<meta name=\"twitter:label1\" content=\"Est. reading time\" \/>\n\t<meta name=\"twitter:data1\" content=\"2 minutes\" \/>\n<script type=\"application\/ld+json\" class=\"yoast-schema-graph\">{\"@context\":\"https:\/\/schema.org\",\"@graph\":[{\"@type\":\"WebPage\",\"@id\":\"https:\/\/www.lucie-hauri.com\/en\/region\/cala-murada\/\",\"url\":\"https:\/\/www.lucie-hauri.com\/en\/region\/cala-murada\/\",\"name\":\"Cala Murada - Lucie Hauri | Exclusive Real Estate\",\"isPartOf\":{\"@id\":\"https:\/\/www.lucie-hauri.com\/en\/#website\"},\"primaryImageOfPage\":{\"@id\":\"https:\/\/www.lucie-hauri.com\/en\/region\/cala-murada\/#primaryimage\"},\"image\":{\"@id\":\"https:\/\/www.lucie-hauri.com\/en\/region\/cala-murada\/#primaryimage\"},\"thumbnailUrl\":\"https:\/\/www.lucie-hauri.com\/wp-content\/uploads\/2024\/04\/Cala-Murada_oben-e1461482718603.jpg\",\"datePublished\":\"2024-01-17T18:21:06+00:00\",\"dateModified\":\"2024-04-17T07:02:14+00:00\",\"breadcrumb\":{\"@id\":\"https:\/\/www.lucie-hauri.com\/en\/region\/cala-murada\/#breadcrumb\"},\"inLanguage\":\"en-US\",\"potentialAction\":[{\"@type\":\"ReadAction\",\"target\":[\"https:\/\/www.lucie-hauri.com\/en\/region\/cala-murada\/\"]}]},{\"@type\":\"ImageObject\",\"inLanguage\":\"en-US\",\"@id\":\"https:\/\/www.lucie-hauri.com\/en\/region\/cala-murada\/#primaryimage\",\"url\":\"https:\/\/www.lucie-hauri.com\/wp-content\/uploads\/2024\/04\/Cala-Murada_oben-e1461482718603.jpg\",\"contentUrl\":\"https:\/\/www.lucie-hauri.com\/wp-content\/uploads\/2024\/04\/Cala-Murada_oben-e1461482718603.jpg\",\"width\":948,\"height\":471},{\"@type\":\"BreadcrumbList\",\"@id\":\"https:\/\/www.lucie-hauri.com\/en\/region\/cala-murada\/#breadcrumb\",\"itemListElement\":[{\"@type\":\"ListItem\",\"position\":1,\"name\":\"Region\",\"item\":\"https:\/\/www.lucie-hauri.com\/en\/region\/\"},{\"@type\":\"ListItem\",\"position\":2,\"name\":\"Cala Murada\"}]},{\"@type\":\"WebSite\",\"@id\":\"https:\/\/www.lucie-hauri.com\/en\/#website\",\"url\":\"https:\/\/www.lucie-hauri.com\/en\/\",\"name\":\"Lucie Hauri | Exclusive Real Estate\",\"description\":\"\",\"potentialAction\":[{\"@type\":\"SearchAction\",\"target\":{\"@type\":\"EntryPoint\",\"urlTemplate\":\"https:\/\/www.lucie-hauri.com\/en\/?s={search_term_string}\"},\"query-input\":{\"@type\":\"PropertyValueSpecification\",\"valueRequired\":true,\"valueName\":\"search_term_string\"}}],\"inLanguage\":\"en-US\"}]}<\/script>\n<!-- \/ Yoast SEO Premium plugin. -->","yoast_head_json":{"title":"Cala Murada - Lucie Hauri | Exclusive Real Estate","robots":{"index":"index","follow":"follow","max-snippet":"max-snippet:-1","max-image-preview":"max-image-preview:large","max-video-preview":"max-video-preview:-1"},"canonical":"https:\/\/www.lucie-hauri.com\/en\/region\/cala-murada\/","og_locale":"en_US","og_type":"article","og_title":"Cala Murada - Lucie Hauri | Exclusive Real Estate","og_description":"Im S\u00fcdosten Mallorcas liegt der kleine Ort Cala Murada, benannt nach der gleichnamigen Bucht, an der er sich befindet. Der Ort geh\u00f6rt zur Gemeinde Manacor und besteht vorwiegend aus Ferienh\u00e4usern und ein paar Restaurants, Bars und Caf\u00e9s. Superm\u00e4rkte und eine Bank findet man hier selbstverst\u00e4ndlich auch \u2013 im Gegensatz zu gro\u00dfen Hotelanlagen, die man hier vergeblich sucht. Zum Strand sind es zu Fu\u00df nur wenige Minuten. Die Urbanisation Cala Murada besticht durch ihre vielseitige Bebauung sowie ein ganzj\u00e4hriges Leben. Cala Murada liegt s\u00fcdlich von Calas de Mallorca, der n\u00e4chstgelegene Strand ist die Doppelbucht Cala Domingos.","og_url":"https:\/\/www.lucie-hauri.com\/en\/region\/cala-murada\/","og_site_name":"Lucie Hauri | Exclusive Real Estate","article_modified_time":"2024-04-17T07:02:14+00:00","og_image":[{"width":948,"height":471,"url":"https:\/\/www.lucie-hauri.com\/wp-content\/uploads\/2024\/04\/Cala-Murada_oben-e1461482718603.jpg","type":"image\/jpeg"}],"twitter_card":"summary_large_image","twitter_misc":{"Est. reading time":"2 minutes"},"schema":{"@context":"https:\/\/schema.org","@graph":[{"@type":"WebPage","@id":"https:\/\/www.lucie-hauri.com\/en\/region\/cala-murada\/","url":"https:\/\/www.lucie-hauri.com\/en\/region\/cala-murada\/","name":"Cala Murada - Lucie Hauri | Exclusive Real Estate","isPartOf":{"@id":"https:\/\/www.lucie-hauri.com\/en\/#website"},"primaryImageOfPage":{"@id":"https:\/\/www.lucie-hauri.com\/en\/region\/cala-murada\/#primaryimage"},"image":{"@id":"https:\/\/www.lucie-hauri.com\/en\/region\/cala-murada\/#primaryimage"},"thumbnailUrl":"https:\/\/www.lucie-hauri.com\/wp-content\/uploads\/2024\/04\/Cala-Murada_oben-e1461482718603.jpg","datePublished":"2024-01-17T18:21:06+00:00","dateModified":"2024-04-17T07:02:14+00:00","breadcrumb":{"@id":"https:\/\/www.lucie-hauri.com\/en\/region\/cala-murada\/#breadcrumb"},"inLanguage":"en-US","potentialAction":[{"@type":"ReadAction","target":["https:\/\/www.lucie-hauri.com\/en\/region\/cala-murada\/"]}]},{"@type":"ImageObject","inLanguage":"en-US","@id":"https:\/\/www.lucie-hauri.com\/en\/region\/cala-murada\/#primaryimage","url":"https:\/\/www.lucie-hauri.com\/wp-content\/uploads\/2024\/04\/Cala-Murada_oben-e1461482718603.jpg","contentUrl":"https:\/\/www.lucie-hauri.com\/wp-content\/uploads\/2024\/04\/Cala-Murada_oben-e1461482718603.jpg","width":948,"height":471},{"@type":"BreadcrumbList","@id":"https:\/\/www.lucie-hauri.com\/en\/region\/cala-murada\/#breadcrumb","itemListElement":[{"@type":"ListItem","position":1,"name":"Region","item":"https:\/\/www.lucie-hauri.com\/en\/region\/"},{"@type":"ListItem","position":2,"name":"Cala Murada"}]},{"@type":"WebSite","@id":"https:\/\/www.lucie-hauri.com\/en\/#website","url":"https:\/\/www.lucie-hauri.com\/en\/","name":"Lucie Hauri | Exclusive real estate","description":"","potentialAction":[{"@type":"SearchAction","target":{"@type":"EntryPoint","urlTemplate":"https:\/\/www.lucie-hauri.com\/en\/?s={search_term_string}"},"query-input":{"@type":"PropertyValueSpecification","valueRequired":true,"valueName":"search_term_string"}}],"inLanguage":"en-US"}]}},"_links":{"self":[{"href":"https:\/\/www.lucie-hauri.com\/en\/wp-json\/wp\/v2\/pages\/140210","targetHints":{"allow":["GET"]}}],"collection":[{"href":"https:\/\/www.lucie-hauri.com\/en\/wp-json\/wp\/v2\/pages"}],"about":[{"href":"https:\/\/www.lucie-hauri.com\/en\/wp-json\/wp\/v2\/types\/page"}],"author":[{"embeddable":true,"href":"https:\/\/www.lucie-hauri.com\/en\/wp-json\/wp\/v2\/users\/5"}],"replies":[{"embeddable":true,"href":"https:\/\/www.lucie-hauri.com\/en\/wp-json\/wp\/v2\/comments?post=140210"}],"version-history":[{"count":0,"href":"https:\/\/www.lucie-hauri.com\/en\/wp-json\/wp\/v2\/pages\/140210\/revisions"}],"up":[{"embeddable":true,"href":"https:\/\/www.lucie-hauri.com\/en\/wp-json\/wp\/v2\/pages\/325"}],"wp:featuredmedia":[{"embeddable":true,"href":"https:\/\/www.lucie-hauri.com\/en\/wp-json\/wp\/v2\/media\/156901"}],"wp:attachment":[{"href":"https:\/\/www.lucie-hauri.com\/en\/wp-json\/wp\/v2\/media?parent=140210"}],"wp:term":[{"taxonomy":"category","embeddable":true,"href":"https:\/\/www.lucie-hauri.com\/en\/wp-json\/wp\/v2\/categories?post=140210"},{"taxonomy":"post_tag","embeddable":true,"href":"https:\/\/www.lucie-hauri.com\/en\/wp-json\/wp\/v2\/tags?post=140210"}],"curies":[{"name":"wp","href":"https:\/\/api.w.org\/{rel}","templated":true}]}}