{"id":143100,"date":"2024-01-25T09:01:04","date_gmt":"2024-01-25T08:01:04","guid":{"rendered":"https:\/\/lucie-hauri.hostpress.me\/?page_id=143100"},"modified":"2024-04-26T09:52:21","modified_gmt":"2024-04-26T08:52:21","slug":"serviceleistungen","status":"publish","type":"page","link":"https:\/\/www.lucie-hauri.com\/de\/serviceleistungen\/","title":{"rendered":"Serviceleistungen"},"content":{"rendered":"\t\t<div data-elementor-type=\"wp-page\" data-elementor-id=\"143100\" class=\"elementor elementor-143100\" data-elementor-post-type=\"page\">\n\t\t\t\t<div class=\"elementor-element elementor-element-e30a0f3 e-flex e-con-boxed e-con e-parent\" data-id=\"e30a0f3\" data-element_type=\"container\">\n\t\t\t\t\t<div class=\"e-con-inner\">\n\t\t<div class=\"elementor-element elementor-element-78d1add0 e-flex e-con-boxed e-con e-child\" data-id=\"78d1add0\" data-element_type=\"container\">\n\t\t\t\t\t<div class=\"e-con-inner\">\n\t\t<div class=\"elementor-element elementor-element-2c34a410 e-con-full e-flex e-con e-child\" data-id=\"2c34a410\" data-element_type=\"container\" data-settings=\"{&quot;background_background&quot;:&quot;classic&quot;}\">\n\t\t<div class=\"elementor-element elementor-element-232df237 e-con-full e-flex e-con e-child\" data-id=\"232df237\" data-element_type=\"container\">\n\t\t\t\t<div class=\"elementor-element elementor-element-628c14a elementor-widget elementor-widget-heading\" data-id=\"628c14a\" data-element_type=\"widget\" data-widget_type=\"heading.default\">\n\t\t\t\t<div class=\"elementor-widget-container\">\n\t\t\t\t\t<h2 class=\"elementor-heading-title elementor-size-default\">Auch nach dem Kauf stehen wir Ihnen weiterhin zur Verf\u00fcgung<\/h2>\t\t\t\t<\/div>\n\t\t\t\t<\/div>\n\t\t\t\t<div class=\"elementor-element elementor-element-644b662 elementor-widget elementor-widget-spacer\" data-id=\"644b662\" data-element_type=\"widget\" data-widget_type=\"spacer.default\">\n\t\t\t\t<div class=\"elementor-widget-container\">\n\t\t\t\t\t\t\t<div class=\"elementor-spacer\">\n\t\t\t<div class=\"elementor-spacer-inner\"><\/div>\n\t\t<\/div>\n\t\t\t\t\t\t<\/div>\n\t\t\t\t<\/div>\n\t\t\t\t<div class=\"elementor-element elementor-element-2b5e0c2a elementor-widget elementor-widget-heading\" data-id=\"2b5e0c2a\" data-element_type=\"widget\" data-widget_type=\"heading.default\">\n\t\t\t\t<div class=\"elementor-widget-container\">\n\t\t\t\t\t<h2 class=\"elementor-heading-title elementor-size-default\">Unser Team und unsere Kooperationspartner stehen Ihnen rund um den Bereich Verwaltungsdienstleistungen zur Seite.<\/h2>\t\t\t\t<\/div>\n\t\t\t\t<\/div>\n\t\t\t\t<div class=\"elementor-element elementor-element-61af3bd7 elementor-widget elementor-widget-spacer\" data-id=\"61af3bd7\" data-element_type=\"widget\" data-widget_type=\"spacer.default\">\n\t\t\t\t<div class=\"elementor-widget-container\">\n\t\t\t\t\t\t\t<div class=\"elementor-spacer\">\n\t\t\t<div class=\"elementor-spacer-inner\"><\/div>\n\t\t<\/div>\n\t\t\t\t\t\t<\/div>\n\t\t\t\t<\/div>\n\t\t\t\t<div class=\"elementor-element elementor-element-a9ca081 elementor-widget elementor-widget-image\" data-id=\"a9ca081\" data-element_type=\"widget\" data-widget_type=\"image.default\">\n\t\t\t\t<div class=\"elementor-widget-container\">\n\t\t\t\t\t\t\t\t\t\t\t\t\t\t\t<img fetchpriority=\"high\" decoding=\"async\" width=\"920\" height=\"360\" src=\"https:\/\/www.lucie-hauri.com\/wp-content\/uploads\/2024\/01\/serviceleistungen.webp\" class=\"attachment-full size-full wp-image-143106\" alt=\"\" srcset=\"https:\/\/www.lucie-hauri.com\/wp-content\/uploads\/2024\/01\/serviceleistungen.webp 920w, https:\/\/www.lucie-hauri.com\/wp-content\/uploads\/2024\/01\/serviceleistungen-300x117.webp 300w, https:\/\/www.lucie-hauri.com\/wp-content\/uploads\/2024\/01\/serviceleistungen-768x301.webp 768w, https:\/\/www.lucie-hauri.com\/wp-content\/uploads\/2024\/01\/serviceleistungen-18x7.webp 18w\" sizes=\"(max-width: 920px) 100vw, 920px\" \/>\t\t\t\t\t\t\t\t\t\t\t\t\t\t\t<\/div>\n\t\t\t\t<\/div>\n\t\t\t\t<div class=\"elementor-element elementor-element-406e2cc4 elementor-widget elementor-widget-spacer\" data-id=\"406e2cc4\" data-element_type=\"widget\" data-widget_type=\"spacer.default\">\n\t\t\t\t<div class=\"elementor-widget-container\">\n\t\t\t\t\t\t\t<div class=\"elementor-spacer\">\n\t\t\t<div class=\"elementor-spacer-inner\"><\/div>\n\t\t<\/div>\n\t\t\t\t\t\t<\/div>\n\t\t\t\t<\/div>\n\t\t\t\t<div class=\"elementor-element elementor-element-22f35a9 elementor-widget elementor-widget-text-editor\" data-id=\"22f35a9\" data-element_type=\"widget\" data-widget_type=\"text-editor.default\">\n\t\t\t\t<div class=\"elementor-widget-container\">\n\t\t\t\t\t\t\t\t\t<p>Wir freuen uns, Sie auch nach dem Kauf weiterhin begleiten zu d\u00fcrfen! Unser engagiertes Team und unsere zuverl\u00e4ssigen Kooperationspartner sind stets an Ihrer Seite, um Ihnen umfassende Unterst\u00fctzung im Bereich der Verwaltungsdienstleistungen zu bieten.<\/p><p>Wir verstehen, dass jede Kundin und jeder Kunde einzigartig ist, und widmen uns daher mit Hingabe der individuellen Betreuung und Beratung.<\/p><p>Ihre Zufriedenheit und Ihr Erfolg sind uns wichtig, und wir sind stolz darauf, Ihnen eine fortlaufende, pers\u00f6nliche und fachkundige Unterst\u00fctzung anzubieten. Zusammen arbeiten wir daran, Ihre Erfahrungen mit unseren Dienstleistungen nicht nur zufriedenstellend, sondern au\u00dfergew\u00f6hnlich zu gestalten.<\/p><p>Wir sind immer nur einen Anruf oder eine E-Mail entfernt, wenn Sie uns brauchen!<\/p>\t\t\t\t\t\t\t\t<\/div>\n\t\t\t\t<\/div>\n\t\t<div class=\"elementor-element elementor-element-1bb42cbd e-flex e-con-boxed e-con e-child\" data-id=\"1bb42cbd\" data-element_type=\"container\">\n\t\t\t\t\t<div class=\"e-con-inner\">\n\t\t\t\t<div class=\"elementor-element elementor-element-76e494b elementor-share-buttons--view-icon elementor-share-buttons--skin-minimal elementor-share-buttons--shape-rounded elementor-share-buttons--color-custom elementor-grid-0 elementor-widget elementor-widget-share-buttons\" data-id=\"76e494b\" data-element_type=\"widget\" data-widget_type=\"share-buttons.default\">\n\t\t\t\t<div class=\"elementor-widget-container\">\n\t\t\t\t\t\t\t<div class=\"elementor-grid\" role=\"list\">\n\t\t\t\t\t\t\t\t<div class=\"elementor-grid-item\" role=\"listitem\">\n\t\t\t\t\t\t<div class=\"elementor-share-btn elementor-share-btn_facebook\" role=\"button\" tabindex=\"0\" aria-label=\"Teilen auf facebook\">\n\t\t\t\t\t\t\t\t\t\t\t\t\t\t\t<span class=\"elementor-share-btn__icon\">\n\t\t\t\t\t\t\t\t<i class=\"fab fa-facebook\" aria-hidden=\"true\"><\/i>\t\t\t\t\t\t\t<\/span>\n\t\t\t\t\t\t\t\t\t\t\t\t\t\t\t\t\t\t\t\t<\/div>\n\t\t\t\t\t<\/div>\n\t\t\t\t\t\t\t\t\t<div class=\"elementor-grid-item\" role=\"listitem\">\n\t\t\t\t\t\t<div class=\"elementor-share-btn elementor-share-btn_twitter\" role=\"button\" tabindex=\"0\" aria-label=\"Teilen auf twitter\">\n\t\t\t\t\t\t\t\t\t\t\t\t\t\t\t<span class=\"elementor-share-btn__icon\">\n\t\t\t\t\t\t\t\t<i class=\"fab fa-twitter\" aria-hidden=\"true\"><\/i>\t\t\t\t\t\t\t<\/span>\n\t\t\t\t\t\t\t\t\t\t\t\t\t\t\t\t\t\t\t\t<\/div>\n\t\t\t\t\t<\/div>\n\t\t\t\t\t\t\t\t\t<div class=\"elementor-grid-item\" role=\"listitem\">\n\t\t\t\t\t\t<div class=\"elementor-share-btn elementor-share-btn_linkedin\" role=\"button\" tabindex=\"0\" aria-label=\"Teilen auf linkedin\">\n\t\t\t\t\t\t\t\t\t\t\t\t\t\t\t<span class=\"elementor-share-btn__icon\">\n\t\t\t\t\t\t\t\t<i class=\"fab fa-linkedin\" aria-hidden=\"true\"><\/i>\t\t\t\t\t\t\t<\/span>\n\t\t\t\t\t\t\t\t\t\t\t\t\t\t\t\t\t\t\t\t<\/div>\n\t\t\t\t\t<\/div>\n\t\t\t\t\t\t\t\t\t<div class=\"elementor-grid-item\" role=\"listitem\">\n\t\t\t\t\t\t<div class=\"elementor-share-btn elementor-share-btn_whatsapp\" role=\"button\" tabindex=\"0\" aria-label=\"Teilen auf whatsapp\">\n\t\t\t\t\t\t\t\t\t\t\t\t\t\t\t<span class=\"elementor-share-btn__icon\">\n\t\t\t\t\t\t\t\t<i class=\"fab fa-whatsapp\" aria-hidden=\"true\"><\/i>\t\t\t\t\t\t\t<\/span>\n\t\t\t\t\t\t\t\t\t\t\t\t\t\t\t\t\t\t\t\t<\/div>\n\t\t\t\t\t<\/div>\n\t\t\t\t\t\t<\/div>\n\t\t\t\t\t\t<\/div>\n\t\t\t\t<\/div>\n\t\t\t\t<div class=\"elementor-element elementor-element-7ef4b501 elementor-widget elementor-widget-text-editor\" data-id=\"7ef4b501\" data-element_type=\"widget\" data-widget_type=\"text-editor.default\">\n\t\t\t\t<div class=\"elementor-widget-container\">\n\t\t\t\t\t\t\t\t\t<p>Seite teilen:<\/p>\t\t\t\t\t\t\t\t<\/div>\n\t\t\t\t<\/div>\n\t\t\t\t\t<\/div>\n\t\t\t\t<\/div>\n\t\t\t\t<\/div>\n\t\t\t\t<\/div>\n\t\t<div class=\"elementor-element elementor-element-59e11919 e-con-full e-flex e-con e-child\" data-id=\"59e11919\" data-element_type=\"container\" data-settings=\"{&quot;background_background&quot;:&quot;classic&quot;}\">\n\t\t<div class=\"elementor-element elementor-element-74781524 e-flex e-con-boxed e-con e-child\" data-id=\"74781524\" data-element_type=\"container\" data-settings=\"{&quot;background_background&quot;:&quot;classic&quot;}\">\n\t\t\t\t\t<div class=\"e-con-inner\">\n\t\t<div class=\"elementor-element elementor-element-6beee05 e-flex e-con-boxed e-con e-child\" data-id=\"6beee05\" data-element_type=\"container\" data-settings=\"{&quot;background_background&quot;:&quot;classic&quot;}\">\n\t\t\t\t\t<div class=\"e-con-inner\">\n\t\t\t\t<div class=\"elementor-element elementor-element-7db3ead elementor-widget__width-initial elementor-widget elementor-widget-heading\" data-id=\"7db3ead\" data-element_type=\"widget\" data-widget_type=\"heading.default\">\n\t\t\t\t<div class=\"elementor-widget-container\">\n\t\t\t\t\t<h2 class=\"elementor-heading-title elementor-size-default\">Wir freuen uns auf Sie!<\/h2>\t\t\t\t<\/div>\n\t\t\t\t<\/div>\n\t\t\t\t<div class=\"elementor-element elementor-element-bd7b8b5 elementor-widget-divider--view-line elementor-widget elementor-widget-divider\" data-id=\"bd7b8b5\" data-element_type=\"widget\" data-widget_type=\"divider.default\">\n\t\t\t\t<div class=\"elementor-widget-container\">\n\t\t\t\t\t\t\t<div class=\"elementor-divider\">\n\t\t\t<span class=\"elementor-divider-separator\">\n\t\t\t\t\t\t<\/span>\n\t\t<\/div>\n\t\t\t\t\t\t<\/div>\n\t\t\t\t<\/div>\n\t\t\t\t<div class=\"elementor-element elementor-element-d89bda3 elementor-widget elementor-widget-text-editor\" data-id=\"d89bda3\" data-element_type=\"widget\" data-widget_type=\"text-editor.default\">\n\t\t\t\t<div class=\"elementor-widget-container\">\n\t\t\t\t\t\t\t\t\t<p>Kontaktieren Sie uns unter:<\/p>\t\t\t\t\t\t\t\t<\/div>\n\t\t\t\t<\/div>\n\t\t\t\t<div class=\"elementor-element elementor-element-809ae1c elementor-icon-list--layout-traditional elementor-list-item-link-full_width elementor-widget elementor-widget-icon-list\" data-id=\"809ae1c\" data-element_type=\"widget\" data-widget_type=\"icon-list.default\">\n\t\t\t\t<div class=\"elementor-widget-container\">\n\t\t\t\t\t\t\t<ul class=\"elementor-icon-list-items\">\n\t\t\t\t\t\t\t<li class=\"elementor-icon-list-item\">\n\t\t\t\t\t\t\t\t\t\t\t<a href=\"tel:+34%20971%20825%20062\">\n\n\t\t\t\t\t\t\t\t\t\t\t\t<span class=\"elementor-icon-list-icon\">\n\t\t\t\t\t\t\t<svg xmlns=\"http:\/\/www.w3.org\/2000\/svg\" xmlns:xlink=\"http:\/\/www.w3.org\/1999\/xlink\" id=\"Ebene_1\" x=\"0px\" y=\"0px\" viewBox=\"0 0 1920 1080\" style=\"enable-background:new 0 0 1920 1080;\" xml:space=\"preserve\"> <g> <g> <path d=\"M1171.3,626.5c-14.9-15.5-32.8-23.8-51.8-23.8c-18.9,0-36.9,8.1-52.4,23.6l-48.4,48.3c-4-2.1-8-4.1-11.8-6.1 c-5.5-2.8-10.7-5.4-15.2-8.1c-45.4-28.8-86.7-66.4-126.2-115c-19.2-24.2-32-44.6-41.4-65.3c12.6-11.5,24.2-23.4,35.6-34.9 c4.3-4.3,8.6-8.7,12.9-13c32.2-32.2,32.2-73.9,0-106.1l-41.8-41.8c-4.8-4.8-9.7-9.7-14.3-14.6c-9.2-9.5-18.9-19.3-28.8-28.5 c-14.9-14.7-32.6-22.5-51.3-22.5s-36.8,7.8-52.1,22.5c-0.2,0.2-0.2,0.2-0.3,0.3l-52.1,52.6c-19.6,19.6-30.8,43.5-33.3,71.3 c-3.7,44.8,9.5,86.4,19.6,113.7c24.8,67,61.9,129,117.2,195.6c67.1,80.2,147.9,143.5,240.2,188.1c35.2,16.7,82.3,36.5,134.9,39.8 c3.2,0.2,6.6,0.3,9.7,0.3c35.4,0,65.1-12.7,88.4-38c0.2-0.3,0.5-0.5,0.6-0.8c8-9.7,17.2-18.4,26.8-27.7 c6.6-6.3,13.3-12.9,19.9-19.8c15.2-15.8,23.1-34.2,23.1-53c0-19-8.1-37.2-23.6-52.6L1171.3,626.5z M1226.1,787.9 C1226,787.9,1226,788,1226.1,787.9c-6,6.4-12.1,12.3-18.7,18.7c-10,9.5-20.1,19.5-29.6,30.7c-15.5,16.6-33.7,24.4-57.6,24.4 c-2.3,0-4.8,0-7.1-0.2c-45.5-2.9-87.8-20.7-119.5-35.9c-86.7-42-162.9-101.6-226.2-177.2c-52.3-63-87.2-121.2-110.3-183.8 c-14.3-38.2-19.5-67.9-17.2-95.9c1.5-17.9,8.4-32.8,21.1-45.5l52.3-52.3c7.5-7,15.5-10.9,23.3-10.9c9.7,0,17.5,5.8,22.4,10.7 c0.2,0.2,0.3,0.3,0.5,0.5c9.3,8.7,18.2,17.8,27.6,27.4c4.8,4.9,9.7,9.8,14.6,14.9l41.8,41.8c16.2,16.2,16.2,31.3,0,47.5 c-4.4,4.4-8.7,8.9-13.2,13.2c-12.9,13.2-25.1,25.4-38.5,37.4c-0.3,0.3-0.6,0.5-0.8,0.8c-13.2,13.2-10.7,26.1-8,34.8 c0.2,0.5,0.3,0.9,0.5,1.4c10.9,26.4,26.2,51.2,49.5,80.8l0.2,0.2c42.3,52.1,86.9,92.7,136.1,123.8c6.3,4,12.7,7.2,18.9,10.3 c5.5,2.8,10.7,5.4,15.2,8.1c0.6,0.3,1.2,0.8,1.8,1.1c5.2,2.6,10.1,3.8,15.2,3.8c12.7,0,20.7-8,23.3-10.6l52.4-52.4 c5.2-5.2,13.5-11.5,23.1-11.5c9.5,0,17.3,6,22.1,11.2c0.2,0.2,0.2,0.2,0.3,0.3l84.4,84.4C1241.8,755.6,1241.8,771.6,1226.1,787.9z \"><\/path> <path d=\"M989.8,349.4c40.2,6.7,76.6,25.7,105.7,54.9s48,65.6,54.9,105.7c1.7,10.1,10.4,17.2,20.4,17.2c1.2,0,2.3-0.2,3.5-0.3 c11.3-1.8,18.9-12.6,17-23.9c-8.3-48.6-31.3-92.9-66.4-128s-79.4-58.1-128-66.4c-11.3-1.8-21.9,5.7-23.9,16.9 C971.1,336.7,978.5,347.6,989.8,349.4z\"><\/path> <path d=\"M1322.7,497c-13.6-80-51.3-152.8-109.3-210.7s-130.7-95.6-210.7-109.3c-11.2-2-21.8,5.7-23.8,16.9 c-1.8,11.3,5.7,21.9,17,23.9c71.4,12.1,136.6,46,188.4,97.6c51.8,51.8,85.5,116.9,97.6,188.4c1.7,10.1,10.4,17.2,20.4,17.2 c1.2,0,2.3-0.2,3.5-0.3C1317,518.9,1324.7,508.2,1322.7,497z\"><\/path> <\/g> <\/g> <\/svg>\t\t\t\t\t\t<\/span>\n\t\t\t\t\t\t\t\t\t\t<span class=\"elementor-icon-list-text\">+34 971 825 062<\/span>\n\t\t\t\t\t\t\t\t\t\t\t<\/a>\n\t\t\t\t\t\t\t\t\t<\/li>\n\t\t\t\t\t\t\t\t<li class=\"elementor-icon-list-item\">\n\t\t\t\t\t\t\t\t\t\t\t<a href=\"mailto:info@lucie-hauri.com\">\n\n\t\t\t\t\t\t\t\t\t\t\t\t<span class=\"elementor-icon-list-icon\">\n\t\t\t\t\t\t\t<svg xmlns=\"http:\/\/www.w3.org\/2000\/svg\" xmlns:xlink=\"http:\/\/www.w3.org\/1999\/xlink\" id=\"Ebene_1\" x=\"0px\" y=\"0px\" viewBox=\"0 0 1920 1080\" style=\"enable-background:new 0 0 1920 1080;\" xml:space=\"preserve\"> <path d=\"M956.6,878.8c-93.5,0-181.4-36.4-247.5-102.5s-102.5-154-102.5-247.5S643,347.4,709.1,281.3s154-102.5,247.5-102.5 s181.4,36.4,247.5,102.5c66.1,66.1,102.5,154,102.5,247.5v46.1c0,22.8-6.4,45-18.7,64.2c-22.1,34.7-59.8,55.4-100.9,55.4 c-44,0-82.6-23.9-103.3-59.5c-30.4,36.4-76.1,59.5-127.1,59.5c-91.4,0-165.7-74.3-165.7-165.7s74.3-165.7,165.7-165.7 s165.7,74.3,165.7,165.7v46.1c0,35.7,29.1,64.7,64.7,64.7c22.3,0,42.7-11.2,54.6-30c6.6-10.4,10.1-22.4,10.1-34.7v-46.1 c0-78.8-30.7-152.9-86.4-208.7c-55.7-55.7-129.9-86.4-208.7-86.4s-152.9,30.7-208.7,86.4c-55.8,55.7-86.4,129.9-86.4,208.7 s30.7,152.9,86.4,208.7c55.7,55.7,129.9,86.4,208.7,86.4c60.8,0,119-18.3,168.7-52.9c12.4-8.7,29.6-5.6,38.2,6.8 c8.7,12.4,5.6,29.6-6.8,38.2C1097.8,857,1028.5,878.8,956.6,878.8z M956.6,418c-61.2,0-110.8,49.7-110.8,110.8 s49.7,110.8,110.8,110.8s110.8-49.7,110.8-110.8S1017.7,418,956.6,418z\"><\/path> <\/svg>\t\t\t\t\t\t<\/span>\n\t\t\t\t\t\t\t\t\t\t<span class=\"elementor-icon-list-text\">info@lucie-hauri.com<\/span>\n\t\t\t\t\t\t\t\t\t\t\t<\/a>\n\t\t\t\t\t\t\t\t\t<\/li>\n\t\t\t\t\t\t<\/ul>\n\t\t\t\t\t\t<\/div>\n\t\t\t\t<\/div>\n\t\t\t\t\t<\/div>\n\t\t\t\t<\/div>\n\t\t\t\t<div class=\"elementor-element elementor-element-5500ddf4 elementor-widget elementor-widget-spacer\" data-id=\"5500ddf4\" data-element_type=\"widget\" data-widget_type=\"spacer.default\">\n\t\t\t\t<div class=\"elementor-widget-container\">\n\t\t\t\t\t\t\t<div class=\"elementor-spacer\">\n\t\t\t<div class=\"elementor-spacer-inner\"><\/div>\n\t\t<\/div>\n\t\t\t\t\t\t<\/div>\n\t\t\t\t<\/div>\n\t\t\t\t\t<\/div>\n\t\t\t\t<\/div>\n\t\t\t\t<\/div>\n\t\t\t\t\t<\/div>\n\t\t\t\t<\/div>\n\t\t\t\t\t<\/div>\n\t\t\t\t<\/div>\n\t\t\t\t<\/div>\n\t\t","protected":false},"excerpt":{"rendered":"<p>Auch nach dem Kauf stehen wir Ihnen weiterhin zur Verf\u00fcgung Unser Team und unsere Kooperationspartner stehen Ihnen rund um den Bereich Verwaltungsdienstleistungen zur Seite. Wir freuen uns, Sie auch nach dem Kauf weiterhin begleiten zu d\u00fcrfen! Unser engagiertes Team und unsere zuverl\u00e4ssigen Kooperationspartner sind stets an Ihrer Seite, um Ihnen umfassende Unterst\u00fctzung im Bereich der Verwaltungsdienstleistungen zu bieten. Wir verstehen, dass jede Kundin und jeder Kunde einzigartig ist, und widmen uns daher mit Hingabe der individuellen Betreuung und Beratung. Ihre Zufriedenheit und Ihr Erfolg sind uns wichtig, und wir sind stolz darauf, Ihnen eine fortlaufende, pers\u00f6nliche und fachkundige Unterst\u00fctzung anzubieten. Zusammen arbeiten wir daran, Ihre Erfahrungen mit unseren Dienstleistungen nicht nur zufriedenstellend, sondern au\u00dfergew\u00f6hnlich zu gestalten. Wir sind immer nur einen Anruf oder eine E-Mail entfernt, wenn Sie uns brauchen! Seite teilen: Wir freuen uns auf Sie! Kontaktieren Sie uns unter: +34 971 825 062 info@lucie-hauri.com<\/p>\n","protected":false},"author":5,"featured_media":0,"parent":0,"menu_order":0,"comment_status":"closed","ping_status":"closed","template":"","meta":{"_acf_changed":false,"footnotes":""},"categories":[],"tags":[],"class_list":["post-143100","page","type-page","status-publish","hentry"],"acf":[],"yoast_head":"<!-- This site is optimized with the Yoast SEO Premium plugin v24.4 (Yoast SEO v26.8) - https:\/\/yoast.com\/product\/yoast-seo-premium-wordpress\/ -->\n<title>Serviceleistungen - Lucie Hauri | Exclusive Real Estate<\/title>\n<meta name=\"robots\" content=\"index, follow, max-snippet:-1, max-image-preview:large, max-video-preview:-1\" \/>\n<link rel=\"canonical\" href=\"https:\/\/www.lucie-hauri.com\/de\/serviceleistungen\/\" \/>\n<meta property=\"og:locale\" content=\"de_DE\" \/>\n<meta property=\"og:type\" content=\"article\" \/>\n<meta property=\"og:title\" content=\"Serviceleistungen - Lucie Hauri | Exclusive Real Estate\" \/>\n<meta property=\"og:description\" content=\"Auch nach dem Kauf stehen wir Ihnen weiterhin zur Verf\u00fcgung Unser Team und unsere Kooperationspartner stehen Ihnen rund um den Bereich Verwaltungsdienstleistungen zur Seite. Wir freuen uns, Sie auch nach dem Kauf weiterhin begleiten zu d\u00fcrfen! Unser engagiertes Team und unsere zuverl\u00e4ssigen Kooperationspartner sind stets an Ihrer Seite, um Ihnen umfassende Unterst\u00fctzung im Bereich der Verwaltungsdienstleistungen zu bieten. Wir verstehen, dass jede Kundin und jeder Kunde einzigartig ist, und widmen uns daher mit Hingabe der individuellen Betreuung und Beratung. Ihre Zufriedenheit und Ihr Erfolg sind uns wichtig, und wir sind stolz darauf, Ihnen eine fortlaufende, pers\u00f6nliche und fachkundige Unterst\u00fctzung anzubieten. Zusammen arbeiten wir daran, Ihre Erfahrungen mit unseren Dienstleistungen nicht nur zufriedenstellend, sondern au\u00dfergew\u00f6hnlich zu gestalten. Wir sind immer nur einen Anruf oder eine E-Mail entfernt, wenn Sie uns brauchen! Seite teilen: Wir freuen uns auf Sie! Kontaktieren Sie uns unter: +34 971 825 062 info@lucie-hauri.com\" \/>\n<meta property=\"og:url\" content=\"https:\/\/www.lucie-hauri.com\/de\/serviceleistungen\/\" \/>\n<meta property=\"og:site_name\" content=\"Lucie Hauri | Exclusive Real Estate\" \/>\n<meta property=\"article:modified_time\" content=\"2024-04-26T08:52:21+00:00\" \/>\n<meta property=\"og:image\" content=\"https:\/\/www.lucie-hauri.com\/wp-content\/uploads\/2024\/01\/serviceleistungen.webp\" \/>\n<meta name=\"twitter:card\" content=\"summary_large_image\" \/>\n<meta name=\"twitter:label1\" content=\"Gesch\u00e4tzte Lesezeit\" \/>\n\t<meta name=\"twitter:data1\" content=\"2\u00a0Minuten\" \/>\n<script type=\"application\/ld+json\" class=\"yoast-schema-graph\">{\"@context\":\"https:\/\/schema.org\",\"@graph\":[{\"@type\":\"WebPage\",\"@id\":\"https:\/\/www.lucie-hauri.com\/es\/servicio\/\",\"url\":\"https:\/\/www.lucie-hauri.com\/es\/servicio\/\",\"name\":\"Serviceleistungen - Lucie Hauri | Exclusive Real Estate\",\"isPartOf\":{\"@id\":\"https:\/\/www.lucie-hauri.com\/en\/#website\"},\"primaryImageOfPage\":{\"@id\":\"https:\/\/www.lucie-hauri.com\/es\/servicio\/#primaryimage\"},\"image\":{\"@id\":\"https:\/\/www.lucie-hauri.com\/es\/servicio\/#primaryimage\"},\"thumbnailUrl\":\"https:\/\/www.lucie-hauri.com\/wp-content\/uploads\/2024\/01\/serviceleistungen.webp\",\"datePublished\":\"2024-01-25T08:01:04+00:00\",\"dateModified\":\"2024-04-26T08:52:21+00:00\",\"inLanguage\":\"de\",\"potentialAction\":[{\"@type\":\"ReadAction\",\"target\":[\"https:\/\/www.lucie-hauri.com\/es\/servicio\/\"]}]},{\"@type\":\"ImageObject\",\"inLanguage\":\"de\",\"@id\":\"https:\/\/www.lucie-hauri.com\/es\/servicio\/#primaryimage\",\"url\":\"https:\/\/www.lucie-hauri.com\/wp-content\/uploads\/2024\/01\/serviceleistungen.webp\",\"contentUrl\":\"https:\/\/www.lucie-hauri.com\/wp-content\/uploads\/2024\/01\/serviceleistungen.webp\"},{\"@type\":\"WebSite\",\"@id\":\"https:\/\/www.lucie-hauri.com\/en\/#website\",\"url\":\"https:\/\/www.lucie-hauri.com\/en\/\",\"name\":\"Lucie Hauri | Exclusive Real Estate\",\"description\":\"\",\"potentialAction\":[{\"@type\":\"SearchAction\",\"target\":{\"@type\":\"EntryPoint\",\"urlTemplate\":\"https:\/\/www.lucie-hauri.com\/en\/?s={search_term_string}\"},\"query-input\":{\"@type\":\"PropertyValueSpecification\",\"valueRequired\":true,\"valueName\":\"search_term_string\"}}],\"inLanguage\":\"de\"}]}<\/script>\n<!-- \/ Yoast SEO Premium plugin. -->","yoast_head_json":{"title":"Serviceleistungen - Lucie Hauri | Exclusive Real Estate","robots":{"index":"index","follow":"follow","max-snippet":"max-snippet:-1","max-image-preview":"max-image-preview:large","max-video-preview":"max-video-preview:-1"},"canonical":"https:\/\/www.lucie-hauri.com\/de\/serviceleistungen\/","og_locale":"de_DE","og_type":"article","og_title":"Serviceleistungen - Lucie Hauri | Exclusive Real Estate","og_description":"Auch nach dem Kauf stehen wir Ihnen weiterhin zur Verf\u00fcgung Unser Team und unsere Kooperationspartner stehen Ihnen rund um den Bereich Verwaltungsdienstleistungen zur Seite. Wir freuen uns, Sie auch nach dem Kauf weiterhin begleiten zu d\u00fcrfen! Unser engagiertes Team und unsere zuverl\u00e4ssigen Kooperationspartner sind stets an Ihrer Seite, um Ihnen umfassende Unterst\u00fctzung im Bereich der Verwaltungsdienstleistungen zu bieten. Wir verstehen, dass jede Kundin und jeder Kunde einzigartig ist, und widmen uns daher mit Hingabe der individuellen Betreuung und Beratung. Ihre Zufriedenheit und Ihr Erfolg sind uns wichtig, und wir sind stolz darauf, Ihnen eine fortlaufende, pers\u00f6nliche und fachkundige Unterst\u00fctzung anzubieten. Zusammen arbeiten wir daran, Ihre Erfahrungen mit unseren Dienstleistungen nicht nur zufriedenstellend, sondern au\u00dfergew\u00f6hnlich zu gestalten. Wir sind immer nur einen Anruf oder eine E-Mail entfernt, wenn Sie uns brauchen! Seite teilen: Wir freuen uns auf Sie! Kontaktieren Sie uns unter: +34 971 825 062 info@lucie-hauri.com","og_url":"https:\/\/www.lucie-hauri.com\/de\/serviceleistungen\/","og_site_name":"Lucie Hauri | Exclusive Real Estate","article_modified_time":"2024-04-26T08:52:21+00:00","og_image":[{"url":"https:\/\/www.lucie-hauri.com\/wp-content\/uploads\/2024\/01\/serviceleistungen.webp","type":"","width":"","height":""}],"twitter_card":"summary_large_image","twitter_misc":{"Gesch\u00e4tzte Lesezeit":"2\u00a0Minuten"},"schema":{"@context":"https:\/\/schema.org","@graph":[{"@type":"WebPage","@id":"https:\/\/www.lucie-hauri.com\/es\/servicio\/","url":"https:\/\/www.lucie-hauri.com\/es\/servicio\/","name":"Serviceleistungen - Lucie Hauri | Exclusive Real Estate","isPartOf":{"@id":"https:\/\/www.lucie-hauri.com\/en\/#website"},"primaryImageOfPage":{"@id":"https:\/\/www.lucie-hauri.com\/es\/servicio\/#primaryimage"},"image":{"@id":"https:\/\/www.lucie-hauri.com\/es\/servicio\/#primaryimage"},"thumbnailUrl":"https:\/\/www.lucie-hauri.com\/wp-content\/uploads\/2024\/01\/serviceleistungen.webp","datePublished":"2024-01-25T08:01:04+00:00","dateModified":"2024-04-26T08:52:21+00:00","inLanguage":"de","potentialAction":[{"@type":"ReadAction","target":["https:\/\/www.lucie-hauri.com\/es\/servicio\/"]}]},{"@type":"ImageObject","inLanguage":"de","@id":"https:\/\/www.lucie-hauri.com\/es\/servicio\/#primaryimage","url":"https:\/\/www.lucie-hauri.com\/wp-content\/uploads\/2024\/01\/serviceleistungen.webp","contentUrl":"https:\/\/www.lucie-hauri.com\/wp-content\/uploads\/2024\/01\/serviceleistungen.webp"},{"@type":"WebSite","@id":"https:\/\/www.lucie-hauri.com\/en\/#website","url":"https:\/\/www.lucie-hauri.com\/en\/","name":"Lucie Hauri | Exclusive Real Estate","description":"","potentialAction":[{"@type":"SearchAction","target":{"@type":"EntryPoint","urlTemplate":"https:\/\/www.lucie-hauri.com\/en\/?s={search_term_string}"},"query-input":{"@type":"PropertyValueSpecification","valueRequired":true,"valueName":"search_term_string"}}],"inLanguage":"de"}]}},"_links":{"self":[{"href":"https:\/\/www.lucie-hauri.com\/de\/wp-json\/wp\/v2\/pages\/143100","targetHints":{"allow":["GET"]}}],"collection":[{"href":"https:\/\/www.lucie-hauri.com\/de\/wp-json\/wp\/v2\/pages"}],"about":[{"href":"https:\/\/www.lucie-hauri.com\/de\/wp-json\/wp\/v2\/types\/page"}],"author":[{"embeddable":true,"href":"https:\/\/www.lucie-hauri.com\/de\/wp-json\/wp\/v2\/users\/5"}],"replies":[{"embeddable":true,"href":"https:\/\/www.lucie-hauri.com\/de\/wp-json\/wp\/v2\/comments?post=143100"}],"version-history":[{"count":0,"href":"https:\/\/www.lucie-hauri.com\/de\/wp-json\/wp\/v2\/pages\/143100\/revisions"}],"wp:attachment":[{"href":"https:\/\/www.lucie-hauri.com\/de\/wp-json\/wp\/v2\/media?parent=143100"}],"wp:term":[{"taxonomy":"category","embeddable":true,"href":"https:\/\/www.lucie-hauri.com\/de\/wp-json\/wp\/v2\/categories?post=143100"},{"taxonomy":"post_tag","embeddable":true,"href":"https:\/\/www.lucie-hauri.com\/de\/wp-json\/wp\/v2\/tags?post=143100"}],"curies":[{"name":"wp","href":"https:\/\/api.w.org\/{rel}","templated":true}]}}