{"id":140814,"date":"2024-01-19T00:35:13","date_gmt":"2024-01-18T23:35:13","guid":{"rendered":"https:\/\/lucie-hauri.hostpress.me\/?page_id=140814"},"modified":"2024-01-19T00:42:58","modified_gmt":"2024-01-18T23:42:58","slug":"genova","status":"publish","type":"page","link":"https:\/\/www.lucie-hauri.com\/de\/region\/genova\/","title":{"rendered":"Genova"},"content":{"rendered":"\t\t<div data-elementor-type=\"wp-page\" data-elementor-id=\"140814\" class=\"elementor elementor-140814\" data-elementor-post-type=\"page\">\n\t\t\t\t<div class=\"elementor-element elementor-element-2e9ea754 e-flex e-con-boxed e-con e-parent\" data-id=\"2e9ea754\" data-element_type=\"container\">\n\t\t\t\t\t<div class=\"e-con-inner\">\n\t\t\t\t<div class=\"elementor-element elementor-element-3bde5c2b elementor-widget elementor-widget-text-editor\" data-id=\"3bde5c2b\" data-element_type=\"widget\" data-widget_type=\"text-editor.default\">\n\t\t\t\t<div class=\"elementor-widget-container\">\n\t\t\t\t\t\t\t\t\t<p>Genova war einst nur ein kleines Dorf, etwa 5 km vom Zentrum von Palma entfernt. Im Laufe der Jahre wurde die Fl\u00e4che dazwischen bebaut und Genova ist mittlerweile ein weiterer Bezirk Palmas. Es befindet sich am Fu\u00dfe des Naburgesa Berges.<br \/>Das Zentrum von Genova ist eine Mischung aus vielen Arten von Wohnbauten. Das Gebiet als solches ist attraktiv und nicht wenige Ausl\u00e4nder leben hier. In den letzten Jahren wurden eine Reihe von erstklassigen Wohnungen hier gebaut, viele davon mit herrlichem Blick \u00fcber die Bucht von Palma.<\/p><p>Ein Teil von Genova hat viele gute Restaurants, und es ist ein gut besuchter Ort, um zu Abend zu essen.<\/p><p>Besonders empfehlenswert ist das Can Pedro mit einer exzellenten Speisekarte und einem sehr guten Preis-Leistungs-Verh\u00e4ltnis. Folgt man der Stra\u00dfe den Berg hinauf auf Na Bourgesa, so finden Sie dort ein Restaurant mit einem fantastischen Blick \u00fcber Palma.\u00a0<span lang=\"en-US\">Die Besonderheit hier ist Lammbraten.<\/span><\/p><p>In der Umgebung von Genova finden sich viele sch\u00f6ne H\u00e4user. Da die Bergseite von Osten nach S\u00fcden ausgerichtet ist, ist es sch\u00f6n k\u00fchl im Sommer.<\/p><p>Der Flughafen ist nur ca. 10 Minuten enternt.<\/p>\t\t\t\t\t\t\t\t<\/div>\n\t\t\t\t<\/div>\n\t\t\t\t\t<\/div>\n\t\t\t\t<\/div>\n\t\t<div class=\"elementor-element elementor-element-3014bc22 e-flex e-con-boxed e-con e-parent\" data-id=\"3014bc22\" data-element_type=\"container\">\n\t\t\t\t\t<div class=\"e-con-inner\">\n\t\t\t\t\t<\/div>\n\t\t\t\t<\/div>\n\t\t\t\t<\/div>\n\t\t","protected":false},"excerpt":{"rendered":"<p>Genova war einst nur ein kleines Dorf, etwa 5 km vom Zentrum von Palma entfernt. Im Laufe der Jahre wurde die Fl\u00e4che dazwischen bebaut und Genova ist mittlerweile ein weiterer Bezirk Palmas. Es befindet sich am Fu\u00dfe des Naburgesa Berges.Das Zentrum von Genova ist eine Mischung aus vielen Arten von Wohnbauten. Das Gebiet als solches ist attraktiv und nicht wenige Ausl\u00e4nder leben hier. In den letzten Jahren wurden eine Reihe von erstklassigen Wohnungen hier gebaut, viele davon mit herrlichem Blick \u00fcber die Bucht von Palma. Ein Teil von Genova hat viele gute Restaurants, und es ist ein gut besuchter Ort, um zu Abend zu essen. Besonders empfehlenswert ist das Can Pedro mit einer exzellenten Speisekarte und einem sehr guten Preis-Leistungs-Verh\u00e4ltnis. Folgt man der Stra\u00dfe den Berg hinauf auf Na Bourgesa, so finden Sie dort ein Restaurant mit einem fantastischen Blick \u00fcber Palma.\u00a0Die Besonderheit hier ist Lammbraten. In der Umgebung von Genova finden sich viele sch\u00f6ne H\u00e4user. Da die Bergseite von Osten nach S\u00fcden ausgerichtet ist, ist es sch\u00f6n k\u00fchl im Sommer. Der Flughafen ist nur ca. 10 Minuten enternt.<\/p>\n","protected":false},"author":5,"featured_media":0,"parent":325,"menu_order":0,"comment_status":"closed","ping_status":"closed","template":"","meta":{"_acf_changed":false,"footnotes":""},"categories":[],"tags":[],"class_list":["post-140814","page","type-page","status-publish","hentry"],"acf":[],"yoast_head":"<!-- This site is optimized with the Yoast SEO Premium plugin v24.4 (Yoast SEO v26.8) - https:\/\/yoast.com\/product\/yoast-seo-premium-wordpress\/ -->\n<title>Genova - Lucie Hauri | Exclusive Real Estate<\/title>\n<meta name=\"robots\" content=\"index, follow, max-snippet:-1, max-image-preview:large, max-video-preview:-1\" \/>\n<link rel=\"canonical\" href=\"https:\/\/www.lucie-hauri.com\/de\/region\/genova\/\" \/>\n<meta property=\"og:locale\" content=\"de_DE\" \/>\n<meta property=\"og:type\" content=\"article\" \/>\n<meta property=\"og:title\" content=\"Genova - Lucie Hauri | Exclusive Real Estate\" \/>\n<meta property=\"og:description\" content=\"Genova war einst nur ein kleines Dorf, etwa 5 km vom Zentrum von Palma entfernt. Im Laufe der Jahre wurde die Fl\u00e4che dazwischen bebaut und Genova ist mittlerweile ein weiterer Bezirk Palmas. Es befindet sich am Fu\u00dfe des Naburgesa Berges.Das Zentrum von Genova ist eine Mischung aus vielen Arten von Wohnbauten. Das Gebiet als solches ist attraktiv und nicht wenige Ausl\u00e4nder leben hier. In den letzten Jahren wurden eine Reihe von erstklassigen Wohnungen hier gebaut, viele davon mit herrlichem Blick \u00fcber die Bucht von Palma. Ein Teil von Genova hat viele gute Restaurants, und es ist ein gut besuchter Ort, um zu Abend zu essen. Besonders empfehlenswert ist das Can Pedro mit einer exzellenten Speisekarte und einem sehr guten Preis-Leistungs-Verh\u00e4ltnis. Folgt man der Stra\u00dfe den Berg hinauf auf Na Bourgesa, so finden Sie dort ein Restaurant mit einem fantastischen Blick \u00fcber Palma.\u00a0Die Besonderheit hier ist Lammbraten. In der Umgebung von Genova finden sich viele sch\u00f6ne H\u00e4user. Da die Bergseite von Osten nach S\u00fcden ausgerichtet ist, ist es sch\u00f6n k\u00fchl im Sommer. Der Flughafen ist nur ca. 10 Minuten enternt.\" \/>\n<meta property=\"og:url\" content=\"https:\/\/www.lucie-hauri.com\/de\/region\/genova\/\" \/>\n<meta property=\"og:site_name\" content=\"Lucie Hauri | Exclusive Real Estate\" \/>\n<meta property=\"article:modified_time\" content=\"2024-01-18T23:42:58+00:00\" \/>\n<meta name=\"twitter:card\" content=\"summary_large_image\" \/>\n<meta name=\"twitter:label1\" content=\"Gesch\u00e4tzte Lesezeit\" \/>\n\t<meta name=\"twitter:data1\" content=\"2\u00a0Minuten\" \/>\n<script type=\"application\/ld+json\" class=\"yoast-schema-graph\">{\"@context\":\"https:\/\/schema.org\",\"@graph\":[{\"@type\":\"WebPage\",\"@id\":\"https:\/\/www.lucie-hauri.com\/en\/region\/genova\/\",\"url\":\"https:\/\/www.lucie-hauri.com\/en\/region\/genova\/\",\"name\":\"Genova - Lucie Hauri | Exclusive Real Estate\",\"isPartOf\":{\"@id\":\"https:\/\/www.lucie-hauri.com\/en\/#website\"},\"datePublished\":\"2024-01-18T23:35:13+00:00\",\"dateModified\":\"2024-01-18T23:42:58+00:00\",\"breadcrumb\":{\"@id\":\"https:\/\/www.lucie-hauri.com\/en\/region\/genova\/#breadcrumb\"},\"inLanguage\":\"de\",\"potentialAction\":[{\"@type\":\"ReadAction\",\"target\":[\"https:\/\/www.lucie-hauri.com\/en\/region\/genova\/\"]}]},{\"@type\":\"BreadcrumbList\",\"@id\":\"https:\/\/www.lucie-hauri.com\/en\/region\/genova\/#breadcrumb\",\"itemListElement\":[{\"@type\":\"ListItem\",\"position\":1,\"name\":\"Region\",\"item\":\"https:\/\/www.lucie-hauri.com\/en\/region\/\"},{\"@type\":\"ListItem\",\"position\":2,\"name\":\"Genova\"}]},{\"@type\":\"WebSite\",\"@id\":\"https:\/\/www.lucie-hauri.com\/en\/#website\",\"url\":\"https:\/\/www.lucie-hauri.com\/en\/\",\"name\":\"Lucie Hauri | Exclusive Real Estate\",\"description\":\"\",\"potentialAction\":[{\"@type\":\"SearchAction\",\"target\":{\"@type\":\"EntryPoint\",\"urlTemplate\":\"https:\/\/www.lucie-hauri.com\/en\/?s={search_term_string}\"},\"query-input\":{\"@type\":\"PropertyValueSpecification\",\"valueRequired\":true,\"valueName\":\"search_term_string\"}}],\"inLanguage\":\"de\"}]}<\/script>\n<!-- \/ Yoast SEO Premium plugin. -->","yoast_head_json":{"title":"Genova - Lucie Hauri | Exclusive Real Estate","robots":{"index":"index","follow":"follow","max-snippet":"max-snippet:-1","max-image-preview":"max-image-preview:large","max-video-preview":"max-video-preview:-1"},"canonical":"https:\/\/www.lucie-hauri.com\/de\/region\/genova\/","og_locale":"de_DE","og_type":"article","og_title":"Genova - Lucie Hauri | Exclusive Real Estate","og_description":"Genova war einst nur ein kleines Dorf, etwa 5 km vom Zentrum von Palma entfernt. Im Laufe der Jahre wurde die Fl\u00e4che dazwischen bebaut und Genova ist mittlerweile ein weiterer Bezirk Palmas. Es befindet sich am Fu\u00dfe des Naburgesa Berges.Das Zentrum von Genova ist eine Mischung aus vielen Arten von Wohnbauten. Das Gebiet als solches ist attraktiv und nicht wenige Ausl\u00e4nder leben hier. In den letzten Jahren wurden eine Reihe von erstklassigen Wohnungen hier gebaut, viele davon mit herrlichem Blick \u00fcber die Bucht von Palma. Ein Teil von Genova hat viele gute Restaurants, und es ist ein gut besuchter Ort, um zu Abend zu essen. Besonders empfehlenswert ist das Can Pedro mit einer exzellenten Speisekarte und einem sehr guten Preis-Leistungs-Verh\u00e4ltnis. Folgt man der Stra\u00dfe den Berg hinauf auf Na Bourgesa, so finden Sie dort ein Restaurant mit einem fantastischen Blick \u00fcber Palma.\u00a0Die Besonderheit hier ist Lammbraten. In der Umgebung von Genova finden sich viele sch\u00f6ne H\u00e4user. Da die Bergseite von Osten nach S\u00fcden ausgerichtet ist, ist es sch\u00f6n k\u00fchl im Sommer. Der Flughafen ist nur ca. 10 Minuten enternt.","og_url":"https:\/\/www.lucie-hauri.com\/de\/region\/genova\/","og_site_name":"Lucie Hauri | Exclusive Real Estate","article_modified_time":"2024-01-18T23:42:58+00:00","twitter_card":"summary_large_image","twitter_misc":{"Gesch\u00e4tzte Lesezeit":"2\u00a0Minuten"},"schema":{"@context":"https:\/\/schema.org","@graph":[{"@type":"WebPage","@id":"https:\/\/www.lucie-hauri.com\/en\/region\/genova\/","url":"https:\/\/www.lucie-hauri.com\/en\/region\/genova\/","name":"Genova - Lucie Hauri | Exclusive Real Estate","isPartOf":{"@id":"https:\/\/www.lucie-hauri.com\/en\/#website"},"datePublished":"2024-01-18T23:35:13+00:00","dateModified":"2024-01-18T23:42:58+00:00","breadcrumb":{"@id":"https:\/\/www.lucie-hauri.com\/en\/region\/genova\/#breadcrumb"},"inLanguage":"de","potentialAction":[{"@type":"ReadAction","target":["https:\/\/www.lucie-hauri.com\/en\/region\/genova\/"]}]},{"@type":"BreadcrumbList","@id":"https:\/\/www.lucie-hauri.com\/en\/region\/genova\/#breadcrumb","itemListElement":[{"@type":"ListItem","position":1,"name":"Region","item":"https:\/\/www.lucie-hauri.com\/en\/region\/"},{"@type":"ListItem","position":2,"name":"Genova"}]},{"@type":"WebSite","@id":"https:\/\/www.lucie-hauri.com\/en\/#website","url":"https:\/\/www.lucie-hauri.com\/en\/","name":"Lucie Hauri | Exclusive Real Estate","description":"","potentialAction":[{"@type":"SearchAction","target":{"@type":"EntryPoint","urlTemplate":"https:\/\/www.lucie-hauri.com\/en\/?s={search_term_string}"},"query-input":{"@type":"PropertyValueSpecification","valueRequired":true,"valueName":"search_term_string"}}],"inLanguage":"de"}]}},"_links":{"self":[{"href":"https:\/\/www.lucie-hauri.com\/de\/wp-json\/wp\/v2\/pages\/140814","targetHints":{"allow":["GET"]}}],"collection":[{"href":"https:\/\/www.lucie-hauri.com\/de\/wp-json\/wp\/v2\/pages"}],"about":[{"href":"https:\/\/www.lucie-hauri.com\/de\/wp-json\/wp\/v2\/types\/page"}],"author":[{"embeddable":true,"href":"https:\/\/www.lucie-hauri.com\/de\/wp-json\/wp\/v2\/users\/5"}],"replies":[{"embeddable":true,"href":"https:\/\/www.lucie-hauri.com\/de\/wp-json\/wp\/v2\/comments?post=140814"}],"version-history":[{"count":0,"href":"https:\/\/www.lucie-hauri.com\/de\/wp-json\/wp\/v2\/pages\/140814\/revisions"}],"up":[{"embeddable":true,"href":"https:\/\/www.lucie-hauri.com\/de\/wp-json\/wp\/v2\/pages\/325"}],"wp:attachment":[{"href":"https:\/\/www.lucie-hauri.com\/de\/wp-json\/wp\/v2\/media?parent=140814"}],"wp:term":[{"taxonomy":"category","embeddable":true,"href":"https:\/\/www.lucie-hauri.com\/de\/wp-json\/wp\/v2\/categories?post=140814"},{"taxonomy":"post_tag","embeddable":true,"href":"https:\/\/www.lucie-hauri.com\/de\/wp-json\/wp\/v2\/tags?post=140814"}],"curies":[{"name":"wp","href":"https:\/\/api.w.org\/{rel}","templated":true}]}}