{"id":140802,"date":"2024-01-19T00:25:33","date_gmt":"2024-01-18T23:25:33","guid":{"rendered":"https:\/\/lucie-hauri.hostpress.me\/?page_id=140802"},"modified":"2024-01-19T00:27:12","modified_gmt":"2024-01-18T23:27:12","slug":"son-prohens","status":"publish","type":"page","link":"https:\/\/www.lucie-hauri.com\/de\/region\/son-prohens\/","title":{"rendered":"Son Prohens"},"content":{"rendered":"\t\t<div data-elementor-type=\"wp-page\" data-elementor-id=\"140802\" class=\"elementor elementor-140802\" data-elementor-post-type=\"page\">\n\t\t\t\t<div class=\"elementor-element elementor-element-2e9ea754 e-flex e-con-boxed e-con e-parent\" data-id=\"2e9ea754\" data-element_type=\"container\">\n\t\t\t\t\t<div class=\"e-con-inner\">\n\t\t\t\t<div class=\"elementor-element elementor-element-3bde5c2b elementor-widget elementor-widget-text-editor\" data-id=\"3bde5c2b\" data-element_type=\"widget\" data-widget_type=\"text-editor.default\">\n\t\t\t\t<div class=\"elementor-widget-container\">\n\t\t\t\t\t\t\t\t\t<p>Son Prohens besteht aus einem wundervollem ruhigen und h\u00fcgeligen Fincagebiet und weiten Feldern, dass das urspr\u00fcngliche Mallorca noch wiedergibt. Die nahegelegenen Orte wie Porto Colom und Felanitx bieten diverse Einkaufsm\u00f6glichkeiten, Bars und Restaurants.<\/p><p>Porto Colom geh\u00f6rt zu den ganz besonders sch\u00f6nen Fischerorten im S\u00fcdosten Mallorcas. Er besticht durch seinen Charme, seine Buchten, dem Hafenbereich und auch durch seine Gem\u00fctlichkeit und Ruhe. Diese kleine Stadt Felanitx, frei vom touristischen Rummel, lebt mit ihren zahlreichen Gesch\u00e4ften und B\u00fcros den mallorquinischen Alltag. Jeden Sonntag findet hier ein gro\u00dfer Markt statt, der sich mit seinen vielseitigen St\u00e4nden durch das gesamte Dorfzentrum zieht.<\/p><p>Der n\u00e4chste Strand ist in ca. 15 Minuten zu erreichen. Der 18-Loch Golfplatz Vall d\u2019Or liegt in einer Entfernung von ca. 10 Autominuten.<\/p><p>Die Inselhauptstadt Palma und der Flughafen sind in ca. 40 Minuten zu erreichen.<\/p>\t\t\t\t\t\t\t\t<\/div>\n\t\t\t\t<\/div>\n\t\t\t\t\t<\/div>\n\t\t\t\t<\/div>\n\t\t<div class=\"elementor-element elementor-element-3014bc22 e-flex e-con-boxed e-con e-parent\" data-id=\"3014bc22\" data-element_type=\"container\">\n\t\t\t\t\t<div class=\"e-con-inner\">\n\t\t\t\t\t<\/div>\n\t\t\t\t<\/div>\n\t\t\t\t<\/div>\n\t\t","protected":false},"excerpt":{"rendered":"<p>Son Prohens besteht aus einem wundervollem ruhigen und h\u00fcgeligen Fincagebiet und weiten Feldern, dass das urspr\u00fcngliche Mallorca noch wiedergibt. Die nahegelegenen Orte wie Porto Colom und Felanitx bieten diverse Einkaufsm\u00f6glichkeiten, Bars und Restaurants. Porto Colom geh\u00f6rt zu den ganz besonders sch\u00f6nen Fischerorten im S\u00fcdosten Mallorcas. Er besticht durch seinen Charme, seine Buchten, dem Hafenbereich und auch durch seine Gem\u00fctlichkeit und Ruhe. Diese kleine Stadt Felanitx, frei vom touristischen Rummel, lebt mit ihren zahlreichen Gesch\u00e4ften und B\u00fcros den mallorquinischen Alltag. Jeden Sonntag findet hier ein gro\u00dfer Markt statt, der sich mit seinen vielseitigen St\u00e4nden durch das gesamte Dorfzentrum zieht. Der n\u00e4chste Strand ist in ca. 15 Minuten zu erreichen. Der 18-Loch Golfplatz Vall d\u2019Or liegt in einer Entfernung von ca. 10 Autominuten. Die Inselhauptstadt Palma und der Flughafen sind in ca. 40 Minuten zu erreichen.<\/p>\n","protected":false},"author":5,"featured_media":0,"parent":325,"menu_order":0,"comment_status":"closed","ping_status":"closed","template":"","meta":{"_acf_changed":false,"footnotes":""},"categories":[],"tags":[],"class_list":["post-140802","page","type-page","status-publish","hentry"],"acf":[],"yoast_head":"<!-- This site is optimized with the Yoast SEO Premium plugin v24.4 (Yoast SEO v26.8) - https:\/\/yoast.com\/product\/yoast-seo-premium-wordpress\/ -->\n<title>Son Prohens - Lucie Hauri | Exclusive Real Estate<\/title>\n<meta name=\"robots\" content=\"index, follow, max-snippet:-1, max-image-preview:large, max-video-preview:-1\" \/>\n<link rel=\"canonical\" href=\"https:\/\/www.lucie-hauri.com\/de\/region\/son-prohens\/\" \/>\n<meta property=\"og:locale\" content=\"de_DE\" \/>\n<meta property=\"og:type\" content=\"article\" \/>\n<meta property=\"og:title\" content=\"Son Prohens - Lucie Hauri | Exclusive Real Estate\" \/>\n<meta property=\"og:description\" content=\"Son Prohens besteht aus einem wundervollem ruhigen und h\u00fcgeligen Fincagebiet und weiten Feldern, dass das urspr\u00fcngliche Mallorca noch wiedergibt. Die nahegelegenen Orte wie Porto Colom und Felanitx bieten diverse Einkaufsm\u00f6glichkeiten, Bars und Restaurants. Porto Colom geh\u00f6rt zu den ganz besonders sch\u00f6nen Fischerorten im S\u00fcdosten Mallorcas. Er besticht durch seinen Charme, seine Buchten, dem Hafenbereich und auch durch seine Gem\u00fctlichkeit und Ruhe. Diese kleine Stadt Felanitx, frei vom touristischen Rummel, lebt mit ihren zahlreichen Gesch\u00e4ften und B\u00fcros den mallorquinischen Alltag. Jeden Sonntag findet hier ein gro\u00dfer Markt statt, der sich mit seinen vielseitigen St\u00e4nden durch das gesamte Dorfzentrum zieht. Der n\u00e4chste Strand ist in ca. 15 Minuten zu erreichen. Der 18-Loch Golfplatz Vall d\u2019Or liegt in einer Entfernung von ca. 10 Autominuten. Die Inselhauptstadt Palma und der Flughafen sind in ca. 40 Minuten zu erreichen.\" \/>\n<meta property=\"og:url\" content=\"https:\/\/www.lucie-hauri.com\/de\/region\/son-prohens\/\" \/>\n<meta property=\"og:site_name\" content=\"Lucie Hauri | Exclusive Real Estate\" \/>\n<meta property=\"article:modified_time\" content=\"2024-01-18T23:27:12+00:00\" \/>\n<meta name=\"twitter:card\" content=\"summary_large_image\" \/>\n<meta name=\"twitter:label1\" content=\"Gesch\u00e4tzte Lesezeit\" \/>\n\t<meta name=\"twitter:data1\" content=\"1\u00a0Minute\" \/>\n<script type=\"application\/ld+json\" class=\"yoast-schema-graph\">{\"@context\":\"https:\/\/schema.org\",\"@graph\":[{\"@type\":\"WebPage\",\"@id\":\"https:\/\/www.lucie-hauri.com\/de\/region\/son-prohens\/\",\"url\":\"https:\/\/www.lucie-hauri.com\/de\/region\/son-prohens\/\",\"name\":\"Son Prohens - Lucie Hauri | Exclusive Real Estate\",\"isPartOf\":{\"@id\":\"https:\/\/www.lucie-hauri.com\/en\/#website\"},\"datePublished\":\"2024-01-18T23:25:33+00:00\",\"dateModified\":\"2024-01-18T23:27:12+00:00\",\"breadcrumb\":{\"@id\":\"https:\/\/www.lucie-hauri.com\/de\/region\/son-prohens\/#breadcrumb\"},\"inLanguage\":\"de\",\"potentialAction\":[{\"@type\":\"ReadAction\",\"target\":[\"https:\/\/www.lucie-hauri.com\/de\/region\/son-prohens\/\"]}]},{\"@type\":\"BreadcrumbList\",\"@id\":\"https:\/\/www.lucie-hauri.com\/de\/region\/son-prohens\/#breadcrumb\",\"itemListElement\":[{\"@type\":\"ListItem\",\"position\":1,\"name\":\"Region\",\"item\":\"https:\/\/www.lucie-hauri.com\/en\/region\/\"},{\"@type\":\"ListItem\",\"position\":2,\"name\":\"Son Prohens\"}]},{\"@type\":\"WebSite\",\"@id\":\"https:\/\/www.lucie-hauri.com\/en\/#website\",\"url\":\"https:\/\/www.lucie-hauri.com\/en\/\",\"name\":\"Lucie Hauri | Exclusive Real Estate\",\"description\":\"\",\"potentialAction\":[{\"@type\":\"SearchAction\",\"target\":{\"@type\":\"EntryPoint\",\"urlTemplate\":\"https:\/\/www.lucie-hauri.com\/en\/?s={search_term_string}\"},\"query-input\":{\"@type\":\"PropertyValueSpecification\",\"valueRequired\":true,\"valueName\":\"search_term_string\"}}],\"inLanguage\":\"de\"}]}<\/script>\n<!-- \/ Yoast SEO Premium plugin. -->","yoast_head_json":{"title":"Son Prohens - Lucie Hauri | Exclusive Real Estate","robots":{"index":"index","follow":"follow","max-snippet":"max-snippet:-1","max-image-preview":"max-image-preview:large","max-video-preview":"max-video-preview:-1"},"canonical":"https:\/\/www.lucie-hauri.com\/de\/region\/son-prohens\/","og_locale":"de_DE","og_type":"article","og_title":"Son Prohens - Lucie Hauri | Exclusive Real Estate","og_description":"Son Prohens besteht aus einem wundervollem ruhigen und h\u00fcgeligen Fincagebiet und weiten Feldern, dass das urspr\u00fcngliche Mallorca noch wiedergibt. Die nahegelegenen Orte wie Porto Colom und Felanitx bieten diverse Einkaufsm\u00f6glichkeiten, Bars und Restaurants. Porto Colom geh\u00f6rt zu den ganz besonders sch\u00f6nen Fischerorten im S\u00fcdosten Mallorcas. Er besticht durch seinen Charme, seine Buchten, dem Hafenbereich und auch durch seine Gem\u00fctlichkeit und Ruhe. Diese kleine Stadt Felanitx, frei vom touristischen Rummel, lebt mit ihren zahlreichen Gesch\u00e4ften und B\u00fcros den mallorquinischen Alltag. Jeden Sonntag findet hier ein gro\u00dfer Markt statt, der sich mit seinen vielseitigen St\u00e4nden durch das gesamte Dorfzentrum zieht. Der n\u00e4chste Strand ist in ca. 15 Minuten zu erreichen. Der 18-Loch Golfplatz Vall d\u2019Or liegt in einer Entfernung von ca. 10 Autominuten. Die Inselhauptstadt Palma und der Flughafen sind in ca. 40 Minuten zu erreichen.","og_url":"https:\/\/www.lucie-hauri.com\/de\/region\/son-prohens\/","og_site_name":"Lucie Hauri | Exclusive Real Estate","article_modified_time":"2024-01-18T23:27:12+00:00","twitter_card":"summary_large_image","twitter_misc":{"Gesch\u00e4tzte Lesezeit":"1\u00a0Minute"},"schema":{"@context":"https:\/\/schema.org","@graph":[{"@type":"WebPage","@id":"https:\/\/www.lucie-hauri.com\/de\/region\/son-prohens\/","url":"https:\/\/www.lucie-hauri.com\/de\/region\/son-prohens\/","name":"Son Prohens - Lucie Hauri | Exclusive Real Estate","isPartOf":{"@id":"https:\/\/www.lucie-hauri.com\/en\/#website"},"datePublished":"2024-01-18T23:25:33+00:00","dateModified":"2024-01-18T23:27:12+00:00","breadcrumb":{"@id":"https:\/\/www.lucie-hauri.com\/de\/region\/son-prohens\/#breadcrumb"},"inLanguage":"de","potentialAction":[{"@type":"ReadAction","target":["https:\/\/www.lucie-hauri.com\/de\/region\/son-prohens\/"]}]},{"@type":"BreadcrumbList","@id":"https:\/\/www.lucie-hauri.com\/de\/region\/son-prohens\/#breadcrumb","itemListElement":[{"@type":"ListItem","position":1,"name":"Region","item":"https:\/\/www.lucie-hauri.com\/en\/region\/"},{"@type":"ListItem","position":2,"name":"Son Prohens"}]},{"@type":"WebSite","@id":"https:\/\/www.lucie-hauri.com\/en\/#website","url":"https:\/\/www.lucie-hauri.com\/en\/","name":"Lucie Hauri | Exclusive Real Estate","description":"","potentialAction":[{"@type":"SearchAction","target":{"@type":"EntryPoint","urlTemplate":"https:\/\/www.lucie-hauri.com\/en\/?s={search_term_string}"},"query-input":{"@type":"PropertyValueSpecification","valueRequired":true,"valueName":"search_term_string"}}],"inLanguage":"de"}]}},"_links":{"self":[{"href":"https:\/\/www.lucie-hauri.com\/de\/wp-json\/wp\/v2\/pages\/140802","targetHints":{"allow":["GET"]}}],"collection":[{"href":"https:\/\/www.lucie-hauri.com\/de\/wp-json\/wp\/v2\/pages"}],"about":[{"href":"https:\/\/www.lucie-hauri.com\/de\/wp-json\/wp\/v2\/types\/page"}],"author":[{"embeddable":true,"href":"https:\/\/www.lucie-hauri.com\/de\/wp-json\/wp\/v2\/users\/5"}],"replies":[{"embeddable":true,"href":"https:\/\/www.lucie-hauri.com\/de\/wp-json\/wp\/v2\/comments?post=140802"}],"version-history":[{"count":0,"href":"https:\/\/www.lucie-hauri.com\/de\/wp-json\/wp\/v2\/pages\/140802\/revisions"}],"up":[{"embeddable":true,"href":"https:\/\/www.lucie-hauri.com\/de\/wp-json\/wp\/v2\/pages\/325"}],"wp:attachment":[{"href":"https:\/\/www.lucie-hauri.com\/de\/wp-json\/wp\/v2\/media?parent=140802"}],"wp:term":[{"taxonomy":"category","embeddable":true,"href":"https:\/\/www.lucie-hauri.com\/de\/wp-json\/wp\/v2\/categories?post=140802"},{"taxonomy":"post_tag","embeddable":true,"href":"https:\/\/www.lucie-hauri.com\/de\/wp-json\/wp\/v2\/tags?post=140802"}],"curies":[{"name":"wp","href":"https:\/\/api.w.org\/{rel}","templated":true}]}}