{"id":140796,"date":"2024-01-19T00:22:32","date_gmt":"2024-01-18T23:22:32","guid":{"rendered":"https:\/\/lucie-hauri.hostpress.me\/?page_id=140796"},"modified":"2024-01-19T00:23:07","modified_gmt":"2024-01-18T23:23:07","slug":"sineu","status":"publish","type":"page","link":"https:\/\/www.lucie-hauri.com\/de\/region\/sineu\/","title":{"rendered":"Sineu"},"content":{"rendered":"\t\t<div data-elementor-type=\"wp-page\" data-elementor-id=\"140796\" class=\"elementor elementor-140796\" data-elementor-post-type=\"page\">\n\t\t\t\t<div class=\"elementor-element elementor-element-2e9ea754 e-flex e-con-boxed e-con e-parent\" data-id=\"2e9ea754\" data-element_type=\"container\">\n\t\t\t\t\t<div class=\"e-con-inner\">\n\t\t\t\t<div class=\"elementor-element elementor-element-3bde5c2b elementor-widget elementor-widget-text-editor\" data-id=\"3bde5c2b\" data-element_type=\"widget\" data-widget_type=\"text-editor.default\">\n\t\t\t\t<div class=\"elementor-widget-container\">\n\t\t\t\t\t\t\t\t\t<p>Sineu liegt im Herzen der Insel, umringt von kleinen Ortschaften und eingebettet in eine sch\u00f6ne Landschaft. Bekannt ist diese h\u00fcbsche kleine Stadt unter anderem f\u00fcr den gro\u00dfen Markt, der jeden Mittwochmorgen stattfindet. Sineu ist eine der \u00e4ltesten St\u00e4dte Mallorcas mit Bauelementen aus der Gotik. Ein Besuch in der alten Pfarrkirche Santa Maria lohnt sich ebenso wie ein Gang durch die Stra\u00dfen, die einen in das Mittelalter entf\u00fchren. Im Zentrum von Sineu gibt es einige traditionelle Restaurants, in denen sich die mallorquinische K\u00fcche mit einem Ambiente voller Geschichte pr\u00e4sentiert. Zwei gr\u00f6\u00dfere St\u00e4dte, Inca und Manacor befinden sich im Umkreis von ca. 20 Kilometern. Den internationalen Flughafen und die Stadt Palma erreicht man in ca. 40 Min.<\/p>\t\t\t\t\t\t\t\t<\/div>\n\t\t\t\t<\/div>\n\t\t\t\t\t<\/div>\n\t\t\t\t<\/div>\n\t\t<div class=\"elementor-element elementor-element-3014bc22 e-flex e-con-boxed e-con e-parent\" data-id=\"3014bc22\" data-element_type=\"container\">\n\t\t\t\t\t<div class=\"e-con-inner\">\n\t\t\t\t\t<\/div>\n\t\t\t\t<\/div>\n\t\t\t\t<\/div>\n\t\t","protected":false},"excerpt":{"rendered":"<p>Sineu liegt im Herzen der Insel, umringt von kleinen Ortschaften und eingebettet in eine sch\u00f6ne Landschaft. Bekannt ist diese h\u00fcbsche kleine Stadt unter anderem f\u00fcr den gro\u00dfen Markt, der jeden Mittwochmorgen stattfindet. Sineu ist eine der \u00e4ltesten St\u00e4dte Mallorcas mit Bauelementen aus der Gotik. Ein Besuch in der alten Pfarrkirche Santa Maria lohnt sich ebenso wie ein Gang durch die Stra\u00dfen, die einen in das Mittelalter entf\u00fchren. Im Zentrum von Sineu gibt es einige traditionelle Restaurants, in denen sich die mallorquinische K\u00fcche mit einem Ambiente voller Geschichte pr\u00e4sentiert. Zwei gr\u00f6\u00dfere St\u00e4dte, Inca und Manacor befinden sich im Umkreis von ca. 20 Kilometern. Den internationalen Flughafen und die Stadt Palma erreicht man in ca. 40 Min.<\/p>\n","protected":false},"author":5,"featured_media":0,"parent":325,"menu_order":0,"comment_status":"closed","ping_status":"closed","template":"","meta":{"_acf_changed":false,"footnotes":""},"categories":[],"tags":[],"class_list":["post-140796","page","type-page","status-publish","hentry"],"acf":[],"yoast_head":"<!-- This site is optimized with the Yoast SEO Premium plugin v24.4 (Yoast SEO v26.8) - https:\/\/yoast.com\/product\/yoast-seo-premium-wordpress\/ -->\n<title>Sineu - Lucie Hauri | Exclusive Real Estate<\/title>\n<meta name=\"robots\" content=\"index, follow, max-snippet:-1, max-image-preview:large, max-video-preview:-1\" \/>\n<link rel=\"canonical\" href=\"https:\/\/www.lucie-hauri.com\/de\/region\/sineu\/\" \/>\n<meta property=\"og:locale\" content=\"de_DE\" \/>\n<meta property=\"og:type\" content=\"article\" \/>\n<meta property=\"og:title\" content=\"Sineu - Lucie Hauri | Exclusive Real Estate\" \/>\n<meta property=\"og:description\" content=\"Sineu liegt im Herzen der Insel, umringt von kleinen Ortschaften und eingebettet in eine sch\u00f6ne Landschaft. Bekannt ist diese h\u00fcbsche kleine Stadt unter anderem f\u00fcr den gro\u00dfen Markt, der jeden Mittwochmorgen stattfindet. Sineu ist eine der \u00e4ltesten St\u00e4dte Mallorcas mit Bauelementen aus der Gotik. Ein Besuch in der alten Pfarrkirche Santa Maria lohnt sich ebenso wie ein Gang durch die Stra\u00dfen, die einen in das Mittelalter entf\u00fchren. Im Zentrum von Sineu gibt es einige traditionelle Restaurants, in denen sich die mallorquinische K\u00fcche mit einem Ambiente voller Geschichte pr\u00e4sentiert. Zwei gr\u00f6\u00dfere St\u00e4dte, Inca und Manacor befinden sich im Umkreis von ca. 20 Kilometern. Den internationalen Flughafen und die Stadt Palma erreicht man in ca. 40 Min.\" \/>\n<meta property=\"og:url\" content=\"https:\/\/www.lucie-hauri.com\/de\/region\/sineu\/\" \/>\n<meta property=\"og:site_name\" content=\"Lucie Hauri | Exclusive Real Estate\" \/>\n<meta property=\"article:modified_time\" content=\"2024-01-18T23:23:07+00:00\" \/>\n<meta name=\"twitter:card\" content=\"summary_large_image\" \/>\n<meta name=\"twitter:label1\" content=\"Gesch\u00e4tzte Lesezeit\" \/>\n\t<meta name=\"twitter:data1\" content=\"1\u00a0Minute\" \/>\n<script type=\"application\/ld+json\" class=\"yoast-schema-graph\">{\"@context\":\"https:\/\/schema.org\",\"@graph\":[{\"@type\":\"WebPage\",\"@id\":\"https:\/\/www.lucie-hauri.com\/es\/region\/sineu\/\",\"url\":\"https:\/\/www.lucie-hauri.com\/es\/region\/sineu\/\",\"name\":\"Sineu - Lucie Hauri | Exclusive Real Estate\",\"isPartOf\":{\"@id\":\"https:\/\/www.lucie-hauri.com\/en\/#website\"},\"datePublished\":\"2024-01-18T23:22:32+00:00\",\"dateModified\":\"2024-01-18T23:23:07+00:00\",\"breadcrumb\":{\"@id\":\"https:\/\/www.lucie-hauri.com\/es\/region\/sineu\/#breadcrumb\"},\"inLanguage\":\"de\",\"potentialAction\":[{\"@type\":\"ReadAction\",\"target\":[\"https:\/\/www.lucie-hauri.com\/es\/region\/sineu\/\"]}]},{\"@type\":\"BreadcrumbList\",\"@id\":\"https:\/\/www.lucie-hauri.com\/es\/region\/sineu\/#breadcrumb\",\"itemListElement\":[{\"@type\":\"ListItem\",\"position\":1,\"name\":\"Region\",\"item\":\"https:\/\/www.lucie-hauri.com\/en\/region\/\"},{\"@type\":\"ListItem\",\"position\":2,\"name\":\"Sineu\"}]},{\"@type\":\"WebSite\",\"@id\":\"https:\/\/www.lucie-hauri.com\/en\/#website\",\"url\":\"https:\/\/www.lucie-hauri.com\/en\/\",\"name\":\"Lucie Hauri | Exclusive Real Estate\",\"description\":\"\",\"potentialAction\":[{\"@type\":\"SearchAction\",\"target\":{\"@type\":\"EntryPoint\",\"urlTemplate\":\"https:\/\/www.lucie-hauri.com\/en\/?s={search_term_string}\"},\"query-input\":{\"@type\":\"PropertyValueSpecification\",\"valueRequired\":true,\"valueName\":\"search_term_string\"}}],\"inLanguage\":\"de\"}]}<\/script>\n<!-- \/ Yoast SEO Premium plugin. -->","yoast_head_json":{"title":"Sineu - Lucie Hauri | Exclusive Real Estate","robots":{"index":"index","follow":"follow","max-snippet":"max-snippet:-1","max-image-preview":"max-image-preview:large","max-video-preview":"max-video-preview:-1"},"canonical":"https:\/\/www.lucie-hauri.com\/de\/region\/sineu\/","og_locale":"de_DE","og_type":"article","og_title":"Sineu - Lucie Hauri | Exclusive Real Estate","og_description":"Sineu liegt im Herzen der Insel, umringt von kleinen Ortschaften und eingebettet in eine sch\u00f6ne Landschaft. Bekannt ist diese h\u00fcbsche kleine Stadt unter anderem f\u00fcr den gro\u00dfen Markt, der jeden Mittwochmorgen stattfindet. Sineu ist eine der \u00e4ltesten St\u00e4dte Mallorcas mit Bauelementen aus der Gotik. Ein Besuch in der alten Pfarrkirche Santa Maria lohnt sich ebenso wie ein Gang durch die Stra\u00dfen, die einen in das Mittelalter entf\u00fchren. Im Zentrum von Sineu gibt es einige traditionelle Restaurants, in denen sich die mallorquinische K\u00fcche mit einem Ambiente voller Geschichte pr\u00e4sentiert. Zwei gr\u00f6\u00dfere St\u00e4dte, Inca und Manacor befinden sich im Umkreis von ca. 20 Kilometern. Den internationalen Flughafen und die Stadt Palma erreicht man in ca. 40 Min.","og_url":"https:\/\/www.lucie-hauri.com\/de\/region\/sineu\/","og_site_name":"Lucie Hauri | Exclusive Real Estate","article_modified_time":"2024-01-18T23:23:07+00:00","twitter_card":"summary_large_image","twitter_misc":{"Gesch\u00e4tzte Lesezeit":"1\u00a0Minute"},"schema":{"@context":"https:\/\/schema.org","@graph":[{"@type":"WebPage","@id":"https:\/\/www.lucie-hauri.com\/es\/region\/sineu\/","url":"https:\/\/www.lucie-hauri.com\/es\/region\/sineu\/","name":"Sineu - Lucie Hauri | Exclusive Real Estate","isPartOf":{"@id":"https:\/\/www.lucie-hauri.com\/en\/#website"},"datePublished":"2024-01-18T23:22:32+00:00","dateModified":"2024-01-18T23:23:07+00:00","breadcrumb":{"@id":"https:\/\/www.lucie-hauri.com\/es\/region\/sineu\/#breadcrumb"},"inLanguage":"de","potentialAction":[{"@type":"ReadAction","target":["https:\/\/www.lucie-hauri.com\/es\/region\/sineu\/"]}]},{"@type":"BreadcrumbList","@id":"https:\/\/www.lucie-hauri.com\/es\/region\/sineu\/#breadcrumb","itemListElement":[{"@type":"ListItem","position":1,"name":"Region","item":"https:\/\/www.lucie-hauri.com\/en\/region\/"},{"@type":"ListItem","position":2,"name":"Sineu"}]},{"@type":"WebSite","@id":"https:\/\/www.lucie-hauri.com\/en\/#website","url":"https:\/\/www.lucie-hauri.com\/en\/","name":"Lucie Hauri | Exclusive Real Estate","description":"","potentialAction":[{"@type":"SearchAction","target":{"@type":"EntryPoint","urlTemplate":"https:\/\/www.lucie-hauri.com\/en\/?s={search_term_string}"},"query-input":{"@type":"PropertyValueSpecification","valueRequired":true,"valueName":"search_term_string"}}],"inLanguage":"de"}]}},"_links":{"self":[{"href":"https:\/\/www.lucie-hauri.com\/de\/wp-json\/wp\/v2\/pages\/140796","targetHints":{"allow":["GET"]}}],"collection":[{"href":"https:\/\/www.lucie-hauri.com\/de\/wp-json\/wp\/v2\/pages"}],"about":[{"href":"https:\/\/www.lucie-hauri.com\/de\/wp-json\/wp\/v2\/types\/page"}],"author":[{"embeddable":true,"href":"https:\/\/www.lucie-hauri.com\/de\/wp-json\/wp\/v2\/users\/5"}],"replies":[{"embeddable":true,"href":"https:\/\/www.lucie-hauri.com\/de\/wp-json\/wp\/v2\/comments?post=140796"}],"version-history":[{"count":0,"href":"https:\/\/www.lucie-hauri.com\/de\/wp-json\/wp\/v2\/pages\/140796\/revisions"}],"up":[{"embeddable":true,"href":"https:\/\/www.lucie-hauri.com\/de\/wp-json\/wp\/v2\/pages\/325"}],"wp:attachment":[{"href":"https:\/\/www.lucie-hauri.com\/de\/wp-json\/wp\/v2\/media?parent=140796"}],"wp:term":[{"taxonomy":"category","embeddable":true,"href":"https:\/\/www.lucie-hauri.com\/de\/wp-json\/wp\/v2\/categories?post=140796"},{"taxonomy":"post_tag","embeddable":true,"href":"https:\/\/www.lucie-hauri.com\/de\/wp-json\/wp\/v2\/tags?post=140796"}],"curies":[{"name":"wp","href":"https:\/\/api.w.org\/{rel}","templated":true}]}}