{"id":140766,"date":"2024-01-19T00:02:23","date_gmt":"2024-01-18T23:02:23","guid":{"rendered":"https:\/\/lucie-hauri.hostpress.me\/?page_id=140766"},"modified":"2024-01-19T00:03:34","modified_gmt":"2024-01-18T23:03:34","slug":"cala-mandia","status":"publish","type":"page","link":"https:\/\/www.lucie-hauri.com\/de\/region\/cala-mandia\/","title":{"rendered":"Cala Mandia"},"content":{"rendered":"\t\t<div data-elementor-type=\"wp-page\" data-elementor-id=\"140766\" class=\"elementor elementor-140766\" data-elementor-post-type=\"page\">\n\t\t\t\t<div class=\"elementor-element elementor-element-2e9ea754 e-flex e-con-boxed e-con e-parent\" data-id=\"2e9ea754\" data-element_type=\"container\">\n\t\t\t\t\t<div class=\"e-con-inner\">\n\t\t\t\t<div class=\"elementor-element elementor-element-3bde5c2b elementor-widget elementor-widget-text-editor\" data-id=\"3bde5c2b\" data-element_type=\"widget\" data-widget_type=\"text-editor.default\">\n\t\t\t\t<div class=\"elementor-widget-container\">\n\t\t\t\t\t\t\t\t\t<p>Cala Mandia liegt an der Ostk\u00fcste, s\u00fcdlich von Porto Cristo. Drei sch\u00f6ne Buchten mit Sandstrand, Cala Romantica, Cala Mandia und Cala Anguila, bilden zusammen die drei Str\u00e4nde dieser Siedlung.<\/p><p>Porto Cristo mit den weltber\u00fchmten Tropfsteinh\u00f6hlen \u2018Coves del Drac\u2019 liegt nur wenige Minuten entfernt und im ca. 20 Minuten entfernten Manacor befindet sich die bekannte Kunstperlenfabrik Majorica. Monatgs findet hier au\u00dferdem der Wochenmarkt statt.<\/p><p>Die Inselhauptstadt Palma und der internationale Flughafen liegen in einer Entfernung von ca. 1 Stunde.<\/p>\t\t\t\t\t\t\t\t<\/div>\n\t\t\t\t<\/div>\n\t\t\t\t\t<\/div>\n\t\t\t\t<\/div>\n\t\t<div class=\"elementor-element elementor-element-3014bc22 e-flex e-con-boxed e-con e-parent\" data-id=\"3014bc22\" data-element_type=\"container\">\n\t\t\t\t\t<div class=\"e-con-inner\">\n\t\t\t\t\t<\/div>\n\t\t\t\t<\/div>\n\t\t\t\t<\/div>\n\t\t","protected":false},"excerpt":{"rendered":"<p>Cala Mandia liegt an der Ostk\u00fcste, s\u00fcdlich von Porto Cristo. Drei sch\u00f6ne Buchten mit Sandstrand, Cala Romantica, Cala Mandia und Cala Anguila, bilden zusammen die drei Str\u00e4nde dieser Siedlung. Porto Cristo mit den weltber\u00fchmten Tropfsteinh\u00f6hlen \u2018Coves del Drac\u2019 liegt nur wenige Minuten entfernt und im ca. 20 Minuten entfernten Manacor befindet sich die bekannte Kunstperlenfabrik Majorica. Monatgs findet hier au\u00dferdem der Wochenmarkt statt. Die Inselhauptstadt Palma und der internationale Flughafen liegen in einer Entfernung von ca. 1 Stunde.<\/p>\n","protected":false},"author":5,"featured_media":0,"parent":325,"menu_order":0,"comment_status":"closed","ping_status":"closed","template":"","meta":{"_acf_changed":false,"footnotes":""},"categories":[],"tags":[],"class_list":["post-140766","page","type-page","status-publish","hentry"],"acf":[],"yoast_head":"<!-- This site is optimized with the Yoast SEO Premium plugin v24.4 (Yoast SEO v26.8) - https:\/\/yoast.com\/product\/yoast-seo-premium-wordpress\/ -->\n<title>Cala Mandia - Lucie Hauri | Exclusive Real Estate<\/title>\n<meta name=\"robots\" content=\"index, follow, max-snippet:-1, max-image-preview:large, max-video-preview:-1\" \/>\n<link rel=\"canonical\" href=\"https:\/\/www.lucie-hauri.com\/de\/region\/cala-mandia\/\" \/>\n<meta property=\"og:locale\" content=\"de_DE\" \/>\n<meta property=\"og:type\" content=\"article\" \/>\n<meta property=\"og:title\" content=\"Cala Mandia - Lucie Hauri | Exclusive Real Estate\" \/>\n<meta property=\"og:description\" content=\"Cala Mandia liegt an der Ostk\u00fcste, s\u00fcdlich von Porto Cristo. Drei sch\u00f6ne Buchten mit Sandstrand, Cala Romantica, Cala Mandia und Cala Anguila, bilden zusammen die drei Str\u00e4nde dieser Siedlung. Porto Cristo mit den weltber\u00fchmten Tropfsteinh\u00f6hlen \u2018Coves del Drac\u2019 liegt nur wenige Minuten entfernt und im ca. 20 Minuten entfernten Manacor befindet sich die bekannte Kunstperlenfabrik Majorica. Monatgs findet hier au\u00dferdem der Wochenmarkt statt. Die Inselhauptstadt Palma und der internationale Flughafen liegen in einer Entfernung von ca. 1 Stunde.\" \/>\n<meta property=\"og:url\" content=\"https:\/\/www.lucie-hauri.com\/de\/region\/cala-mandia\/\" \/>\n<meta property=\"og:site_name\" content=\"Lucie Hauri | Exclusive Real Estate\" \/>\n<meta property=\"article:modified_time\" content=\"2024-01-18T23:03:34+00:00\" \/>\n<meta name=\"twitter:card\" content=\"summary_large_image\" \/>\n<meta name=\"twitter:label1\" content=\"Gesch\u00e4tzte Lesezeit\" \/>\n\t<meta name=\"twitter:data1\" content=\"1\u00a0Minute\" \/>\n<script type=\"application\/ld+json\" class=\"yoast-schema-graph\">{\"@context\":\"https:\/\/schema.org\",\"@graph\":[{\"@type\":\"WebPage\",\"@id\":\"https:\/\/www.lucie-hauri.com\/de\/region\/cala-mandia\/\",\"url\":\"https:\/\/www.lucie-hauri.com\/de\/region\/cala-mandia\/\",\"name\":\"Cala Mandia - Lucie Hauri | Exclusive Real Estate\",\"isPartOf\":{\"@id\":\"https:\/\/www.lucie-hauri.com\/en\/#website\"},\"datePublished\":\"2024-01-18T23:02:23+00:00\",\"dateModified\":\"2024-01-18T23:03:34+00:00\",\"breadcrumb\":{\"@id\":\"https:\/\/www.lucie-hauri.com\/de\/region\/cala-mandia\/#breadcrumb\"},\"inLanguage\":\"de\",\"potentialAction\":[{\"@type\":\"ReadAction\",\"target\":[\"https:\/\/www.lucie-hauri.com\/de\/region\/cala-mandia\/\"]}]},{\"@type\":\"BreadcrumbList\",\"@id\":\"https:\/\/www.lucie-hauri.com\/de\/region\/cala-mandia\/#breadcrumb\",\"itemListElement\":[{\"@type\":\"ListItem\",\"position\":1,\"name\":\"Region\",\"item\":\"https:\/\/www.lucie-hauri.com\/en\/region\/\"},{\"@type\":\"ListItem\",\"position\":2,\"name\":\"Cala Mandia\"}]},{\"@type\":\"WebSite\",\"@id\":\"https:\/\/www.lucie-hauri.com\/en\/#website\",\"url\":\"https:\/\/www.lucie-hauri.com\/en\/\",\"name\":\"Lucie Hauri | Exclusive Real Estate\",\"description\":\"\",\"potentialAction\":[{\"@type\":\"SearchAction\",\"target\":{\"@type\":\"EntryPoint\",\"urlTemplate\":\"https:\/\/www.lucie-hauri.com\/en\/?s={search_term_string}\"},\"query-input\":{\"@type\":\"PropertyValueSpecification\",\"valueRequired\":true,\"valueName\":\"search_term_string\"}}],\"inLanguage\":\"de\"}]}<\/script>\n<!-- \/ Yoast SEO Premium plugin. -->","yoast_head_json":{"title":"Cala Mandia - Lucie Hauri | Exclusive Real Estate","robots":{"index":"index","follow":"follow","max-snippet":"max-snippet:-1","max-image-preview":"max-image-preview:large","max-video-preview":"max-video-preview:-1"},"canonical":"https:\/\/www.lucie-hauri.com\/de\/region\/cala-mandia\/","og_locale":"de_DE","og_type":"article","og_title":"Cala Mandia - Lucie Hauri | Exclusive Real Estate","og_description":"Cala Mandia liegt an der Ostk\u00fcste, s\u00fcdlich von Porto Cristo. Drei sch\u00f6ne Buchten mit Sandstrand, Cala Romantica, Cala Mandia und Cala Anguila, bilden zusammen die drei Str\u00e4nde dieser Siedlung. Porto Cristo mit den weltber\u00fchmten Tropfsteinh\u00f6hlen \u2018Coves del Drac\u2019 liegt nur wenige Minuten entfernt und im ca. 20 Minuten entfernten Manacor befindet sich die bekannte Kunstperlenfabrik Majorica. Monatgs findet hier au\u00dferdem der Wochenmarkt statt. Die Inselhauptstadt Palma und der internationale Flughafen liegen in einer Entfernung von ca. 1 Stunde.","og_url":"https:\/\/www.lucie-hauri.com\/de\/region\/cala-mandia\/","og_site_name":"Lucie Hauri | Exclusive Real Estate","article_modified_time":"2024-01-18T23:03:34+00:00","twitter_card":"summary_large_image","twitter_misc":{"Gesch\u00e4tzte Lesezeit":"1\u00a0Minute"},"schema":{"@context":"https:\/\/schema.org","@graph":[{"@type":"WebPage","@id":"https:\/\/www.lucie-hauri.com\/de\/region\/cala-mandia\/","url":"https:\/\/www.lucie-hauri.com\/de\/region\/cala-mandia\/","name":"Cala Mandia - Lucie Hauri | Exclusive Real Estate","isPartOf":{"@id":"https:\/\/www.lucie-hauri.com\/en\/#website"},"datePublished":"2024-01-18T23:02:23+00:00","dateModified":"2024-01-18T23:03:34+00:00","breadcrumb":{"@id":"https:\/\/www.lucie-hauri.com\/de\/region\/cala-mandia\/#breadcrumb"},"inLanguage":"de","potentialAction":[{"@type":"ReadAction","target":["https:\/\/www.lucie-hauri.com\/de\/region\/cala-mandia\/"]}]},{"@type":"BreadcrumbList","@id":"https:\/\/www.lucie-hauri.com\/de\/region\/cala-mandia\/#breadcrumb","itemListElement":[{"@type":"ListItem","position":1,"name":"Region","item":"https:\/\/www.lucie-hauri.com\/en\/region\/"},{"@type":"ListItem","position":2,"name":"Cala Mandia"}]},{"@type":"WebSite","@id":"https:\/\/www.lucie-hauri.com\/en\/#website","url":"https:\/\/www.lucie-hauri.com\/en\/","name":"Lucie Hauri | Exclusive Real Estate","description":"","potentialAction":[{"@type":"SearchAction","target":{"@type":"EntryPoint","urlTemplate":"https:\/\/www.lucie-hauri.com\/en\/?s={search_term_string}"},"query-input":{"@type":"PropertyValueSpecification","valueRequired":true,"valueName":"search_term_string"}}],"inLanguage":"de"}]}},"_links":{"self":[{"href":"https:\/\/www.lucie-hauri.com\/de\/wp-json\/wp\/v2\/pages\/140766","targetHints":{"allow":["GET"]}}],"collection":[{"href":"https:\/\/www.lucie-hauri.com\/de\/wp-json\/wp\/v2\/pages"}],"about":[{"href":"https:\/\/www.lucie-hauri.com\/de\/wp-json\/wp\/v2\/types\/page"}],"author":[{"embeddable":true,"href":"https:\/\/www.lucie-hauri.com\/de\/wp-json\/wp\/v2\/users\/5"}],"replies":[{"embeddable":true,"href":"https:\/\/www.lucie-hauri.com\/de\/wp-json\/wp\/v2\/comments?post=140766"}],"version-history":[{"count":0,"href":"https:\/\/www.lucie-hauri.com\/de\/wp-json\/wp\/v2\/pages\/140766\/revisions"}],"up":[{"embeddable":true,"href":"https:\/\/www.lucie-hauri.com\/de\/wp-json\/wp\/v2\/pages\/325"}],"wp:attachment":[{"href":"https:\/\/www.lucie-hauri.com\/de\/wp-json\/wp\/v2\/media?parent=140766"}],"wp:term":[{"taxonomy":"category","embeddable":true,"href":"https:\/\/www.lucie-hauri.com\/de\/wp-json\/wp\/v2\/categories?post=140766"},{"taxonomy":"post_tag","embeddable":true,"href":"https:\/\/www.lucie-hauri.com\/de\/wp-json\/wp\/v2\/tags?post=140766"}],"curies":[{"name":"wp","href":"https:\/\/api.w.org\/{rel}","templated":true}]}}