{"id":140687,"date":"2024-01-18T22:53:03","date_gmt":"2024-01-18T21:53:03","guid":{"rendered":"https:\/\/lucie-hauri.hostpress.me\/?page_id=140687"},"modified":"2024-04-17T08:22:42","modified_gmt":"2024-04-17T07:22:42","slug":"porto-petro","status":"publish","type":"page","link":"https:\/\/www.lucie-hauri.com\/de\/region\/porto-petro\/","title":{"rendered":"Porto Petro"},"content":{"rendered":"\t\t<div data-elementor-type=\"wp-page\" data-elementor-id=\"140687\" class=\"elementor elementor-140687\" data-elementor-post-type=\"page\">\n\t\t\t\t<div class=\"elementor-element elementor-element-2e9ea754 e-flex e-con-boxed e-con e-parent\" data-id=\"2e9ea754\" data-element_type=\"container\">\n\t\t\t\t\t<div class=\"e-con-inner\">\n\t\t\t\t<div class=\"elementor-element elementor-element-3bde5c2b elementor-widget elementor-widget-text-editor\" data-id=\"3bde5c2b\" data-element_type=\"widget\" data-widget_type=\"text-editor.default\">\n\t\t\t\t<div class=\"elementor-widget-container\">\n\t\t\t\t\t\t\t\t\t<p>Porto Petro, ein wundersch\u00f6n gelegenes Fischerdorf mit kleinem Yachthafen und Uferpromenade, befindet sich in unmittelbarer N\u00e4he des Ferienortes Cala d\u2019Or und nur wenige Minuten von der herrlichen Badebucht Cala Mondrag\u00f3 entfernt. Von der Hafenpromenade aus mit ihren zahlreichen Restaurants genie\u00dft man einen wundersch\u00f6nen Blick \u00fcber die Buchten und das Meer.<\/p>\t\t\t\t\t\t\t\t<\/div>\n\t\t\t\t<\/div>\n\t\t\t\t\t<\/div>\n\t\t\t\t<\/div>\n\t\t<div class=\"elementor-element elementor-element-3014bc22 e-flex e-con-boxed e-con e-parent\" data-id=\"3014bc22\" data-element_type=\"container\">\n\t\t\t\t\t<div class=\"e-con-inner\">\n\t\t\t\t<div class=\"elementor-element elementor-element-3e1bd058 elementor-arrows-position-inside elementor-pagination-position-outside elementor-widget elementor-widget-image-carousel\" data-id=\"3e1bd058\" data-element_type=\"widget\" data-settings=\"{&quot;image_spacing_custom&quot;:{&quot;unit&quot;:&quot;px&quot;,&quot;size&quot;:15,&quot;sizes&quot;:[]},&quot;slides_to_show&quot;:&quot;3&quot;,&quot;navigation&quot;:&quot;both&quot;,&quot;autoplay&quot;:&quot;yes&quot;,&quot;pause_on_hover&quot;:&quot;yes&quot;,&quot;pause_on_interaction&quot;:&quot;yes&quot;,&quot;autoplay_speed&quot;:5000,&quot;infinite&quot;:&quot;yes&quot;,&quot;speed&quot;:500,&quot;image_spacing_custom_tablet&quot;:{&quot;unit&quot;:&quot;px&quot;,&quot;size&quot;:&quot;&quot;,&quot;sizes&quot;:[]},&quot;image_spacing_custom_mobile&quot;:{&quot;unit&quot;:&quot;px&quot;,&quot;size&quot;:&quot;&quot;,&quot;sizes&quot;:[]}}\" data-widget_type=\"image-carousel.default\">\n\t\t\t\t<div class=\"elementor-widget-container\">\n\t\t\t\t\t\t\t<div class=\"elementor-image-carousel-wrapper swiper\" role=\"region\" aria-roledescription=\"carousel\" aria-label=\"Carrusel de im\u00e1genes\" dir=\"ltr\">\n\t\t\t<div class=\"elementor-image-carousel swiper-wrapper\" aria-live=\"off\">\n\t\t\t\t\t\t\t\t<div class=\"swiper-slide\" role=\"group\" aria-roledescription=\"slide\" aria-label=\"1 de 3\"><a data-elementor-open-lightbox=\"yes\" data-elementor-lightbox-slideshow=\"3e1bd058\" data-e-action-hash=\"#elementor-action%3Aaction%3Dlightbox%26settings%3DeyJpZCI6MTU2OTE3LCJ1cmwiOiJodHRwczpcL1wvd3d3Lmx1Y2llLWhhdXJpLmNvbVwvd3AtY29udGVudFwvdXBsb2Fkc1wvMjAyNFwvMDRcL1BvcnRvLVBldHJvXzEuanBnIiwic2xpZGVzaG93IjoiM2UxYmQwNTgifQ%3D%3D\" href=\"https:\/\/www.lucie-hauri.com\/wp-content\/uploads\/2024\/04\/Porto-Petro_1.jpg\"><figure class=\"swiper-slide-inner\"><img decoding=\"async\" class=\"swiper-slide-image\" src=\"https:\/\/www.lucie-hauri.com\/wp-content\/uploads\/elementor\/thumbs\/Porto-Petro_1-qmu0343qixw9z261ted5x2lahreqns6w7u7mtq8qqe.jpg\" alt=\"\" \/><\/figure><\/a><\/div><div class=\"swiper-slide\" role=\"group\" aria-roledescription=\"slide\" aria-label=\"2 de 3\"><a data-elementor-open-lightbox=\"yes\" data-elementor-lightbox-slideshow=\"3e1bd058\" data-e-action-hash=\"#elementor-action%3Aaction%3Dlightbox%26settings%3DeyJpZCI6MTU2OTE5LCJ1cmwiOiJodHRwczpcL1wvd3d3Lmx1Y2llLWhhdXJpLmNvbVwvd3AtY29udGVudFwvdXBsb2Fkc1wvMjAyNFwvMDRcL1BvcnRvLVBldHJvXzIuanBnIiwic2xpZGVzaG93IjoiM2UxYmQwNTgifQ%3D%3D\" href=\"https:\/\/www.lucie-hauri.com\/wp-content\/uploads\/2024\/04\/Porto-Petro_2.jpg\"><figure class=\"swiper-slide-inner\"><img decoding=\"async\" class=\"swiper-slide-image\" src=\"https:\/\/www.lucie-hauri.com\/wp-content\/uploads\/elementor\/thumbs\/Porto-Petro_2-qmu037v3aa1f9i0l7fzo71n4vaw7ikltkctkqu361i.jpg\" alt=\"\" \/><\/figure><\/a><\/div><div class=\"swiper-slide\" role=\"group\" aria-roledescription=\"slide\" aria-label=\"3 de 3\"><a data-elementor-open-lightbox=\"yes\" data-elementor-lightbox-slideshow=\"3e1bd058\" data-e-action-hash=\"#elementor-action%3Aaction%3Dlightbox%26settings%3DeyJpZCI6MTU2OTE4LCJ1cmwiOiJodHRwczpcL1wvd3d3Lmx1Y2llLWhhdXJpLmNvbVwvd3AtY29udGVudFwvdXBsb2Fkc1wvMjAyNFwvMDRcL1BvcnRvLVBldHJvXzMuanBnIiwic2xpZGVzaG93IjoiM2UxYmQwNTgifQ%3D%3D\" href=\"https:\/\/www.lucie-hauri.com\/wp-content\/uploads\/2024\/04\/Porto-Petro_3.jpg\"><figure class=\"swiper-slide-inner\"><img decoding=\"async\" class=\"swiper-slide-image\" src=\"https:\/\/www.lucie-hauri.com\/wp-content\/uploads\/elementor\/thumbs\/Porto-Petro_3-qmu035zewlyuma3bif6f2247oj5h36ecw3ilsa5ydy.jpg\" alt=\"\" \/><\/figure><\/a><\/div>\t\t\t<\/div>\n\t\t\t\t\t\t\t\t\t\t\t\t<div class=\"elementor-swiper-button elementor-swiper-button-prev\" role=\"button\" tabindex=\"0\">\n\t\t\t\t\t\t<i aria-hidden=\"true\" class=\"eicon-chevron-left\"><\/i>\t\t\t\t\t<\/div>\n\t\t\t\t\t<div class=\"elementor-swiper-button elementor-swiper-button-next\" role=\"button\" tabindex=\"0\">\n\t\t\t\t\t\t<i aria-hidden=\"true\" class=\"eicon-chevron-right\"><\/i>\t\t\t\t\t<\/div>\n\t\t\t\t\n\t\t\t\t\t\t\t\t\t<div class=\"swiper-pagination\"><\/div>\n\t\t\t\t\t\t\t\t\t<\/div>\n\t\t\t\t\t\t<\/div>\n\t\t\t\t<\/div>\n\t\t\t\t<div class=\"elementor-element elementor-element-60574c elementor-widget elementor-widget-text-editor\" data-id=\"60574c\" data-element_type=\"widget\" data-widget_type=\"text-editor.default\">\n\t\t\t\t<div class=\"elementor-widget-container\">\n\t\t\t\t\t\t\t\t\t<p>Im hinteren Teil von Porto Petro hat sich im Laufe vieler Jahre ein wundervoll ruhiges Wohngebiet von hohem Standard gebildet. Dieser Ortsteil ist gewachsen, viele Anpflanzungen durchziehen das Wohngebiet und durch die Hafen- und Meeresn\u00e4he erh\u00e4lt diese Gegend nautisches Flair.<\/p><p>Der Golfplatz Vall d\u2019Or liegt ca. 15 Minuten entfernt, Palma und der internationale Flughafen sind in ca. 50 Minuten zu erreichen.<\/p>\t\t\t\t\t\t\t\t<\/div>\n\t\t\t\t<\/div>\n\t\t\t\t\t<\/div>\n\t\t\t\t<\/div>\n\t\t\t\t<\/div>\n\t\t","protected":false},"excerpt":{"rendered":"<p>Porto Petro, ein wundersch\u00f6n gelegenes Fischerdorf mit kleinem Yachthafen und Uferpromenade, befindet sich in unmittelbarer N\u00e4he des Ferienortes Cala d\u2019Or und nur wenige Minuten von der herrlichen Badebucht Cala Mondrag\u00f3 entfernt. Von der Hafenpromenade aus mit ihren zahlreichen Restaurants genie\u00dft man einen wundersch\u00f6nen Blick \u00fcber die Buchten und das Meer. Im hinteren Teil von Porto Petro hat sich im Laufe vieler Jahre ein wundervoll ruhiges Wohngebiet von hohem Standard gebildet. Dieser Ortsteil ist gewachsen, viele Anpflanzungen durchziehen das Wohngebiet und durch die Hafen- und Meeresn\u00e4he erh\u00e4lt diese Gegend nautisches Flair. Der Golfplatz Vall d\u2019Or liegt ca. 15 Minuten entfernt, Palma und der internationale Flughafen sind in ca. 50 Minuten zu erreichen.<\/p>\n","protected":false},"author":5,"featured_media":524,"parent":325,"menu_order":0,"comment_status":"closed","ping_status":"closed","template":"","meta":{"_acf_changed":false,"footnotes":""},"categories":[],"tags":[],"class_list":["post-140687","page","type-page","status-publish","has-post-thumbnail","hentry"],"acf":[],"yoast_head":"<!-- This site is optimized with the Yoast SEO Premium plugin v24.4 (Yoast SEO v26.8) - https:\/\/yoast.com\/product\/yoast-seo-premium-wordpress\/ -->\n<title>Porto Petro - Lucie Hauri | Exclusive Real Estate<\/title>\n<meta name=\"robots\" content=\"index, follow, max-snippet:-1, max-image-preview:large, max-video-preview:-1\" \/>\n<link rel=\"canonical\" href=\"https:\/\/www.lucie-hauri.com\/de\/region\/porto-petro\/\" \/>\n<meta property=\"og:locale\" content=\"de_DE\" \/>\n<meta property=\"og:type\" content=\"article\" \/>\n<meta property=\"og:title\" content=\"Porto Petro - Lucie Hauri | Exclusive Real Estate\" \/>\n<meta property=\"og:description\" content=\"Porto Petro, ein wundersch\u00f6n gelegenes Fischerdorf mit kleinem Yachthafen und Uferpromenade, befindet sich in unmittelbarer N\u00e4he des Ferienortes Cala d\u2019Or und nur wenige Minuten von der herrlichen Badebucht Cala Mondrag\u00f3 entfernt. Von der Hafenpromenade aus mit ihren zahlreichen Restaurants genie\u00dft man einen wundersch\u00f6nen Blick \u00fcber die Buchten und das Meer. Im hinteren Teil von Porto Petro hat sich im Laufe vieler Jahre ein wundervoll ruhiges Wohngebiet von hohem Standard gebildet. Dieser Ortsteil ist gewachsen, viele Anpflanzungen durchziehen das Wohngebiet und durch die Hafen- und Meeresn\u00e4he erh\u00e4lt diese Gegend nautisches Flair. Der Golfplatz Vall d\u2019Or liegt ca. 15 Minuten entfernt, Palma und der internationale Flughafen sind in ca. 50 Minuten zu erreichen.\" \/>\n<meta property=\"og:url\" content=\"https:\/\/www.lucie-hauri.com\/de\/region\/porto-petro\/\" \/>\n<meta property=\"og:site_name\" content=\"Lucie Hauri | Exclusive Real Estate\" \/>\n<meta property=\"article:modified_time\" content=\"2024-04-17T07:22:42+00:00\" \/>\n<meta property=\"og:image\" content=\"https:\/\/www.lucie-hauri.com\/wp-content\/uploads\/2023\/12\/Startseite_Hafen-Porto-Petro.webp\" \/>\n\t<meta property=\"og:image:width\" content=\"950\" \/>\n\t<meta property=\"og:image:height\" content=\"628\" \/>\n\t<meta property=\"og:image:type\" content=\"image\/webp\" \/>\n<meta name=\"twitter:card\" content=\"summary_large_image\" \/>\n<meta name=\"twitter:label1\" content=\"Gesch\u00e4tzte Lesezeit\" \/>\n\t<meta name=\"twitter:data1\" content=\"3\u00a0Minuten\" \/>\n<script type=\"application\/ld+json\" class=\"yoast-schema-graph\">{\"@context\":\"https:\/\/schema.org\",\"@graph\":[{\"@type\":\"WebPage\",\"@id\":\"https:\/\/www.lucie-hauri.com\/es\/region\/porto-petro\/\",\"url\":\"https:\/\/www.lucie-hauri.com\/es\/region\/porto-petro\/\",\"name\":\"Porto Petro - Lucie Hauri | Exclusive Real Estate\",\"isPartOf\":{\"@id\":\"https:\/\/www.lucie-hauri.com\/en\/#website\"},\"primaryImageOfPage\":{\"@id\":\"https:\/\/www.lucie-hauri.com\/es\/region\/porto-petro\/#primaryimage\"},\"image\":{\"@id\":\"https:\/\/www.lucie-hauri.com\/es\/region\/porto-petro\/#primaryimage\"},\"thumbnailUrl\":\"https:\/\/www.lucie-hauri.com\/wp-content\/uploads\/2023\/12\/Startseite_Hafen-Porto-Petro.webp\",\"datePublished\":\"2024-01-18T21:53:03+00:00\",\"dateModified\":\"2024-04-17T07:22:42+00:00\",\"breadcrumb\":{\"@id\":\"https:\/\/www.lucie-hauri.com\/es\/region\/porto-petro\/#breadcrumb\"},\"inLanguage\":\"de\",\"potentialAction\":[{\"@type\":\"ReadAction\",\"target\":[\"https:\/\/www.lucie-hauri.com\/es\/region\/porto-petro\/\"]}]},{\"@type\":\"ImageObject\",\"inLanguage\":\"de\",\"@id\":\"https:\/\/www.lucie-hauri.com\/es\/region\/porto-petro\/#primaryimage\",\"url\":\"https:\/\/www.lucie-hauri.com\/wp-content\/uploads\/2023\/12\/Startseite_Hafen-Porto-Petro.webp\",\"contentUrl\":\"https:\/\/www.lucie-hauri.com\/wp-content\/uploads\/2023\/12\/Startseite_Hafen-Porto-Petro.webp\",\"width\":950,\"height\":628},{\"@type\":\"BreadcrumbList\",\"@id\":\"https:\/\/www.lucie-hauri.com\/es\/region\/porto-petro\/#breadcrumb\",\"itemListElement\":[{\"@type\":\"ListItem\",\"position\":1,\"name\":\"Region\",\"item\":\"https:\/\/www.lucie-hauri.com\/en\/region\/\"},{\"@type\":\"ListItem\",\"position\":2,\"name\":\"Porto Petro\"}]},{\"@type\":\"WebSite\",\"@id\":\"https:\/\/www.lucie-hauri.com\/en\/#website\",\"url\":\"https:\/\/www.lucie-hauri.com\/en\/\",\"name\":\"Lucie Hauri | Exclusive Real Estate\",\"description\":\"\",\"potentialAction\":[{\"@type\":\"SearchAction\",\"target\":{\"@type\":\"EntryPoint\",\"urlTemplate\":\"https:\/\/www.lucie-hauri.com\/en\/?s={search_term_string}\"},\"query-input\":{\"@type\":\"PropertyValueSpecification\",\"valueRequired\":true,\"valueName\":\"search_term_string\"}}],\"inLanguage\":\"de\"}]}<\/script>\n<!-- \/ Yoast SEO Premium plugin. -->","yoast_head_json":{"title":"Porto Petro - Lucie Hauri | Exclusive Real Estate","robots":{"index":"index","follow":"follow","max-snippet":"max-snippet:-1","max-image-preview":"max-image-preview:large","max-video-preview":"max-video-preview:-1"},"canonical":"https:\/\/www.lucie-hauri.com\/de\/region\/porto-petro\/","og_locale":"de_DE","og_type":"article","og_title":"Porto Petro - Lucie Hauri | Exclusive Real Estate","og_description":"Porto Petro, ein wundersch\u00f6n gelegenes Fischerdorf mit kleinem Yachthafen und Uferpromenade, befindet sich in unmittelbarer N\u00e4he des Ferienortes Cala d\u2019Or und nur wenige Minuten von der herrlichen Badebucht Cala Mondrag\u00f3 entfernt. Von der Hafenpromenade aus mit ihren zahlreichen Restaurants genie\u00dft man einen wundersch\u00f6nen Blick \u00fcber die Buchten und das Meer. Im hinteren Teil von Porto Petro hat sich im Laufe vieler Jahre ein wundervoll ruhiges Wohngebiet von hohem Standard gebildet. Dieser Ortsteil ist gewachsen, viele Anpflanzungen durchziehen das Wohngebiet und durch die Hafen- und Meeresn\u00e4he erh\u00e4lt diese Gegend nautisches Flair. Der Golfplatz Vall d\u2019Or liegt ca. 15 Minuten entfernt, Palma und der internationale Flughafen sind in ca. 50 Minuten zu erreichen.","og_url":"https:\/\/www.lucie-hauri.com\/de\/region\/porto-petro\/","og_site_name":"Lucie Hauri | Exclusive Real Estate","article_modified_time":"2024-04-17T07:22:42+00:00","og_image":[{"width":950,"height":628,"url":"https:\/\/www.lucie-hauri.com\/wp-content\/uploads\/2023\/12\/Startseite_Hafen-Porto-Petro.webp","type":"image\/webp"}],"twitter_card":"summary_large_image","twitter_misc":{"Gesch\u00e4tzte Lesezeit":"3\u00a0Minuten"},"schema":{"@context":"https:\/\/schema.org","@graph":[{"@type":"WebPage","@id":"https:\/\/www.lucie-hauri.com\/es\/region\/porto-petro\/","url":"https:\/\/www.lucie-hauri.com\/es\/region\/porto-petro\/","name":"Porto Petro - Lucie Hauri | Exclusive Real Estate","isPartOf":{"@id":"https:\/\/www.lucie-hauri.com\/en\/#website"},"primaryImageOfPage":{"@id":"https:\/\/www.lucie-hauri.com\/es\/region\/porto-petro\/#primaryimage"},"image":{"@id":"https:\/\/www.lucie-hauri.com\/es\/region\/porto-petro\/#primaryimage"},"thumbnailUrl":"https:\/\/www.lucie-hauri.com\/wp-content\/uploads\/2023\/12\/Startseite_Hafen-Porto-Petro.webp","datePublished":"2024-01-18T21:53:03+00:00","dateModified":"2024-04-17T07:22:42+00:00","breadcrumb":{"@id":"https:\/\/www.lucie-hauri.com\/es\/region\/porto-petro\/#breadcrumb"},"inLanguage":"de","potentialAction":[{"@type":"ReadAction","target":["https:\/\/www.lucie-hauri.com\/es\/region\/porto-petro\/"]}]},{"@type":"ImageObject","inLanguage":"de","@id":"https:\/\/www.lucie-hauri.com\/es\/region\/porto-petro\/#primaryimage","url":"https:\/\/www.lucie-hauri.com\/wp-content\/uploads\/2023\/12\/Startseite_Hafen-Porto-Petro.webp","contentUrl":"https:\/\/www.lucie-hauri.com\/wp-content\/uploads\/2023\/12\/Startseite_Hafen-Porto-Petro.webp","width":950,"height":628},{"@type":"BreadcrumbList","@id":"https:\/\/www.lucie-hauri.com\/es\/region\/porto-petro\/#breadcrumb","itemListElement":[{"@type":"ListItem","position":1,"name":"Region","item":"https:\/\/www.lucie-hauri.com\/en\/region\/"},{"@type":"ListItem","position":2,"name":"Porto Petro"}]},{"@type":"WebSite","@id":"https:\/\/www.lucie-hauri.com\/en\/#website","url":"https:\/\/www.lucie-hauri.com\/en\/","name":"Lucie Hauri | Exclusive Real Estate","description":"","potentialAction":[{"@type":"SearchAction","target":{"@type":"EntryPoint","urlTemplate":"https:\/\/www.lucie-hauri.com\/en\/?s={search_term_string}"},"query-input":{"@type":"PropertyValueSpecification","valueRequired":true,"valueName":"search_term_string"}}],"inLanguage":"de"}]}},"_links":{"self":[{"href":"https:\/\/www.lucie-hauri.com\/de\/wp-json\/wp\/v2\/pages\/140687","targetHints":{"allow":["GET"]}}],"collection":[{"href":"https:\/\/www.lucie-hauri.com\/de\/wp-json\/wp\/v2\/pages"}],"about":[{"href":"https:\/\/www.lucie-hauri.com\/de\/wp-json\/wp\/v2\/types\/page"}],"author":[{"embeddable":true,"href":"https:\/\/www.lucie-hauri.com\/de\/wp-json\/wp\/v2\/users\/5"}],"replies":[{"embeddable":true,"href":"https:\/\/www.lucie-hauri.com\/de\/wp-json\/wp\/v2\/comments?post=140687"}],"version-history":[{"count":0,"href":"https:\/\/www.lucie-hauri.com\/de\/wp-json\/wp\/v2\/pages\/140687\/revisions"}],"up":[{"embeddable":true,"href":"https:\/\/www.lucie-hauri.com\/de\/wp-json\/wp\/v2\/pages\/325"}],"wp:featuredmedia":[{"embeddable":true,"href":"https:\/\/www.lucie-hauri.com\/de\/wp-json\/wp\/v2\/media\/524"}],"wp:attachment":[{"href":"https:\/\/www.lucie-hauri.com\/de\/wp-json\/wp\/v2\/media?parent=140687"}],"wp:term":[{"taxonomy":"category","embeddable":true,"href":"https:\/\/www.lucie-hauri.com\/de\/wp-json\/wp\/v2\/categories?post=140687"},{"taxonomy":"post_tag","embeddable":true,"href":"https:\/\/www.lucie-hauri.com\/de\/wp-json\/wp\/v2\/tags?post=140687"}],"curies":[{"name":"wp","href":"https:\/\/api.w.org\/{rel}","templated":true}]}}