{"id":140669,"date":"2024-01-18T22:31:45","date_gmt":"2024-01-18T21:31:45","guid":{"rendered":"https:\/\/lucie-hauri.hostpress.me\/?page_id=140669"},"modified":"2024-04-17T08:11:33","modified_gmt":"2024-04-17T07:11:33","slug":"manacor","status":"publish","type":"page","link":"https:\/\/www.lucie-hauri.com\/de\/region\/manacor\/","title":{"rendered":"Manacor"},"content":{"rendered":"\t\t<div data-elementor-type=\"wp-page\" data-elementor-id=\"140669\" class=\"elementor elementor-140669\" data-elementor-post-type=\"page\">\n\t\t\t\t<div class=\"elementor-element elementor-element-2e9ea754 e-flex e-con-boxed e-con e-parent\" data-id=\"2e9ea754\" data-element_type=\"container\">\n\t\t\t\t\t<div class=\"e-con-inner\">\n\t\t\t\t<div class=\"elementor-element elementor-element-3bde5c2b elementor-widget elementor-widget-text-editor\" data-id=\"3bde5c2b\" data-element_type=\"widget\" data-widget_type=\"text-editor.default\">\n\t\t\t\t<div class=\"elementor-widget-container\">\n\t\t\t\t\t\t\t\t\t<p>Manacor liegt im Osten der Insel und ist die zweitgr\u00f6\u00dfte Stadt Mallorcas. Die Entfernung zum Flughafen und nach Palma betr\u00e4gt ca. 45 Min. montags l\u00e4dt ein quirliger Wochenmarkt rund um den Kirchplatz zum Bummeln und Schlendern ein. Es gibt unz\u00e4hlige Einkaufsm\u00f6glichkeiten und Caf\u00e9s in der Innenstadt.<\/p><p>Bekannt ist Manacor f\u00fcr die Kunstperlen-Manufaktur sowie die M\u00f6belindustrie. Zahlreiche Keramikgesch\u00e4fte reihen sich an den Strassen entlang und bieten ein buntes Stadtbild. In nur wenigen Autominuten erreichen Sie von Manacor aus die sch\u00f6nen Ortschaften mit den einladenden Badebuchten der Ostk\u00fcste.<\/p>\t\t\t\t\t\t\t\t<\/div>\n\t\t\t\t<\/div>\n\t\t\t\t\t<\/div>\n\t\t\t\t<\/div>\n\t\t<div class=\"elementor-element elementor-element-3014bc22 e-flex e-con-boxed e-con e-parent\" data-id=\"3014bc22\" data-element_type=\"container\">\n\t\t\t\t\t<div class=\"e-con-inner\">\n\t\t\t\t\t<\/div>\n\t\t\t\t<\/div>\n\t\t\t\t<\/div>\n\t\t","protected":false},"excerpt":{"rendered":"<p>Manacor liegt im Osten der Insel und ist die zweitgr\u00f6\u00dfte Stadt Mallorcas. Die Entfernung zum Flughafen und nach Palma betr\u00e4gt ca. 45 Min. montags l\u00e4dt ein quirliger Wochenmarkt rund um den Kirchplatz zum Bummeln und Schlendern ein. Es gibt unz\u00e4hlige Einkaufsm\u00f6glichkeiten und Caf\u00e9s in der Innenstadt. Bekannt ist Manacor f\u00fcr die Kunstperlen-Manufaktur sowie die M\u00f6belindustrie. Zahlreiche Keramikgesch\u00e4fte reihen sich an den Strassen entlang und bieten ein buntes Stadtbild. In nur wenigen Autominuten erreichen Sie von Manacor aus die sch\u00f6nen Ortschaften mit den einladenden Badebuchten der Ostk\u00fcste.<\/p>\n","protected":false},"author":5,"featured_media":156907,"parent":325,"menu_order":0,"comment_status":"closed","ping_status":"closed","template":"","meta":{"_acf_changed":false,"footnotes":""},"categories":[],"tags":[],"class_list":["post-140669","page","type-page","status-publish","has-post-thumbnail","hentry"],"acf":[],"yoast_head":"<!-- This site is optimized with the Yoast SEO Premium plugin v24.4 (Yoast SEO v26.8) - https:\/\/yoast.com\/product\/yoast-seo-premium-wordpress\/ -->\n<title>Manacor - Lucie Hauri | Exclusive Real Estate<\/title>\n<meta name=\"robots\" content=\"index, follow, max-snippet:-1, max-image-preview:large, max-video-preview:-1\" \/>\n<link rel=\"canonical\" href=\"https:\/\/www.lucie-hauri.com\/de\/region\/manacor\/\" \/>\n<meta property=\"og:locale\" content=\"de_DE\" \/>\n<meta property=\"og:type\" content=\"article\" \/>\n<meta property=\"og:title\" content=\"Manacor - Lucie Hauri | Exclusive Real Estate\" \/>\n<meta property=\"og:description\" content=\"Manacor liegt im Osten der Insel und ist die zweitgr\u00f6\u00dfte Stadt Mallorcas. Die Entfernung zum Flughafen und nach Palma betr\u00e4gt ca. 45 Min. montags l\u00e4dt ein quirliger Wochenmarkt rund um den Kirchplatz zum Bummeln und Schlendern ein. Es gibt unz\u00e4hlige Einkaufsm\u00f6glichkeiten und Caf\u00e9s in der Innenstadt. Bekannt ist Manacor f\u00fcr die Kunstperlen-Manufaktur sowie die M\u00f6belindustrie. Zahlreiche Keramikgesch\u00e4fte reihen sich an den Strassen entlang und bieten ein buntes Stadtbild. In nur wenigen Autominuten erreichen Sie von Manacor aus die sch\u00f6nen Ortschaften mit den einladenden Badebuchten der Ostk\u00fcste.\" \/>\n<meta property=\"og:url\" content=\"https:\/\/www.lucie-hauri.com\/de\/region\/manacor\/\" \/>\n<meta property=\"og:site_name\" content=\"Lucie Hauri | Exclusive Real Estate\" \/>\n<meta property=\"article:modified_time\" content=\"2024-04-17T07:11:33+00:00\" \/>\n<meta property=\"og:image\" content=\"https:\/\/www.lucie-hauri.com\/wp-content\/uploads\/2024\/04\/Manacor_1-e1461493715185.jpg\" \/>\n\t<meta property=\"og:image:width\" content=\"950\" \/>\n\t<meta property=\"og:image:height\" content=\"391\" \/>\n\t<meta property=\"og:image:type\" content=\"image\/jpeg\" \/>\n<meta name=\"twitter:card\" content=\"summary_large_image\" \/>\n<meta name=\"twitter:label1\" content=\"Gesch\u00e4tzte Lesezeit\" \/>\n\t<meta name=\"twitter:data1\" content=\"1\u00a0Minute\" \/>\n<script type=\"application\/ld+json\" class=\"yoast-schema-graph\">{\"@context\":\"https:\/\/schema.org\",\"@graph\":[{\"@type\":\"WebPage\",\"@id\":\"https:\/\/www.lucie-hauri.com\/en\/region\/manacor\/\",\"url\":\"https:\/\/www.lucie-hauri.com\/en\/region\/manacor\/\",\"name\":\"Manacor - Lucie Hauri | Exclusive Real Estate\",\"isPartOf\":{\"@id\":\"https:\/\/www.lucie-hauri.com\/en\/#website\"},\"primaryImageOfPage\":{\"@id\":\"https:\/\/www.lucie-hauri.com\/en\/region\/manacor\/#primaryimage\"},\"image\":{\"@id\":\"https:\/\/www.lucie-hauri.com\/en\/region\/manacor\/#primaryimage\"},\"thumbnailUrl\":\"https:\/\/www.lucie-hauri.com\/wp-content\/uploads\/2024\/04\/Manacor_1-e1461493715185.jpg\",\"datePublished\":\"2024-01-18T21:31:45+00:00\",\"dateModified\":\"2024-04-17T07:11:33+00:00\",\"breadcrumb\":{\"@id\":\"https:\/\/www.lucie-hauri.com\/en\/region\/manacor\/#breadcrumb\"},\"inLanguage\":\"de\",\"potentialAction\":[{\"@type\":\"ReadAction\",\"target\":[\"https:\/\/www.lucie-hauri.com\/en\/region\/manacor\/\"]}]},{\"@type\":\"ImageObject\",\"inLanguage\":\"de\",\"@id\":\"https:\/\/www.lucie-hauri.com\/en\/region\/manacor\/#primaryimage\",\"url\":\"https:\/\/www.lucie-hauri.com\/wp-content\/uploads\/2024\/04\/Manacor_1-e1461493715185.jpg\",\"contentUrl\":\"https:\/\/www.lucie-hauri.com\/wp-content\/uploads\/2024\/04\/Manacor_1-e1461493715185.jpg\",\"width\":950,\"height\":391},{\"@type\":\"BreadcrumbList\",\"@id\":\"https:\/\/www.lucie-hauri.com\/en\/region\/manacor\/#breadcrumb\",\"itemListElement\":[{\"@type\":\"ListItem\",\"position\":1,\"name\":\"Region\",\"item\":\"https:\/\/www.lucie-hauri.com\/en\/region\/\"},{\"@type\":\"ListItem\",\"position\":2,\"name\":\"Manacor\"}]},{\"@type\":\"WebSite\",\"@id\":\"https:\/\/www.lucie-hauri.com\/en\/#website\",\"url\":\"https:\/\/www.lucie-hauri.com\/en\/\",\"name\":\"Lucie Hauri | Exclusive Real Estate\",\"description\":\"\",\"potentialAction\":[{\"@type\":\"SearchAction\",\"target\":{\"@type\":\"EntryPoint\",\"urlTemplate\":\"https:\/\/www.lucie-hauri.com\/en\/?s={search_term_string}\"},\"query-input\":{\"@type\":\"PropertyValueSpecification\",\"valueRequired\":true,\"valueName\":\"search_term_string\"}}],\"inLanguage\":\"de\"}]}<\/script>\n<!-- \/ Yoast SEO Premium plugin. -->","yoast_head_json":{"title":"Manacor - Lucie Hauri | Exclusive Real Estate","robots":{"index":"index","follow":"follow","max-snippet":"max-snippet:-1","max-image-preview":"max-image-preview:large","max-video-preview":"max-video-preview:-1"},"canonical":"https:\/\/www.lucie-hauri.com\/de\/region\/manacor\/","og_locale":"de_DE","og_type":"article","og_title":"Manacor - Lucie Hauri | Exclusive Real Estate","og_description":"Manacor liegt im Osten der Insel und ist die zweitgr\u00f6\u00dfte Stadt Mallorcas. Die Entfernung zum Flughafen und nach Palma betr\u00e4gt ca. 45 Min. montags l\u00e4dt ein quirliger Wochenmarkt rund um den Kirchplatz zum Bummeln und Schlendern ein. Es gibt unz\u00e4hlige Einkaufsm\u00f6glichkeiten und Caf\u00e9s in der Innenstadt. Bekannt ist Manacor f\u00fcr die Kunstperlen-Manufaktur sowie die M\u00f6belindustrie. Zahlreiche Keramikgesch\u00e4fte reihen sich an den Strassen entlang und bieten ein buntes Stadtbild. In nur wenigen Autominuten erreichen Sie von Manacor aus die sch\u00f6nen Ortschaften mit den einladenden Badebuchten der Ostk\u00fcste.","og_url":"https:\/\/www.lucie-hauri.com\/de\/region\/manacor\/","og_site_name":"Lucie Hauri | Exclusive Real Estate","article_modified_time":"2024-04-17T07:11:33+00:00","og_image":[{"width":950,"height":391,"url":"https:\/\/www.lucie-hauri.com\/wp-content\/uploads\/2024\/04\/Manacor_1-e1461493715185.jpg","type":"image\/jpeg"}],"twitter_card":"summary_large_image","twitter_misc":{"Gesch\u00e4tzte Lesezeit":"1\u00a0Minute"},"schema":{"@context":"https:\/\/schema.org","@graph":[{"@type":"WebPage","@id":"https:\/\/www.lucie-hauri.com\/en\/region\/manacor\/","url":"https:\/\/www.lucie-hauri.com\/en\/region\/manacor\/","name":"Manacor - Lucie Hauri | Exclusive Real Estate","isPartOf":{"@id":"https:\/\/www.lucie-hauri.com\/en\/#website"},"primaryImageOfPage":{"@id":"https:\/\/www.lucie-hauri.com\/en\/region\/manacor\/#primaryimage"},"image":{"@id":"https:\/\/www.lucie-hauri.com\/en\/region\/manacor\/#primaryimage"},"thumbnailUrl":"https:\/\/www.lucie-hauri.com\/wp-content\/uploads\/2024\/04\/Manacor_1-e1461493715185.jpg","datePublished":"2024-01-18T21:31:45+00:00","dateModified":"2024-04-17T07:11:33+00:00","breadcrumb":{"@id":"https:\/\/www.lucie-hauri.com\/en\/region\/manacor\/#breadcrumb"},"inLanguage":"de","potentialAction":[{"@type":"ReadAction","target":["https:\/\/www.lucie-hauri.com\/en\/region\/manacor\/"]}]},{"@type":"ImageObject","inLanguage":"de","@id":"https:\/\/www.lucie-hauri.com\/en\/region\/manacor\/#primaryimage","url":"https:\/\/www.lucie-hauri.com\/wp-content\/uploads\/2024\/04\/Manacor_1-e1461493715185.jpg","contentUrl":"https:\/\/www.lucie-hauri.com\/wp-content\/uploads\/2024\/04\/Manacor_1-e1461493715185.jpg","width":950,"height":391},{"@type":"BreadcrumbList","@id":"https:\/\/www.lucie-hauri.com\/en\/region\/manacor\/#breadcrumb","itemListElement":[{"@type":"ListItem","position":1,"name":"Region","item":"https:\/\/www.lucie-hauri.com\/en\/region\/"},{"@type":"ListItem","position":2,"name":"Manacor"}]},{"@type":"WebSite","@id":"https:\/\/www.lucie-hauri.com\/en\/#website","url":"https:\/\/www.lucie-hauri.com\/en\/","name":"Lucie Hauri | Exclusive Real Estate","description":"","potentialAction":[{"@type":"SearchAction","target":{"@type":"EntryPoint","urlTemplate":"https:\/\/www.lucie-hauri.com\/en\/?s={search_term_string}"},"query-input":{"@type":"PropertyValueSpecification","valueRequired":true,"valueName":"search_term_string"}}],"inLanguage":"de"}]}},"_links":{"self":[{"href":"https:\/\/www.lucie-hauri.com\/de\/wp-json\/wp\/v2\/pages\/140669","targetHints":{"allow":["GET"]}}],"collection":[{"href":"https:\/\/www.lucie-hauri.com\/de\/wp-json\/wp\/v2\/pages"}],"about":[{"href":"https:\/\/www.lucie-hauri.com\/de\/wp-json\/wp\/v2\/types\/page"}],"author":[{"embeddable":true,"href":"https:\/\/www.lucie-hauri.com\/de\/wp-json\/wp\/v2\/users\/5"}],"replies":[{"embeddable":true,"href":"https:\/\/www.lucie-hauri.com\/de\/wp-json\/wp\/v2\/comments?post=140669"}],"version-history":[{"count":0,"href":"https:\/\/www.lucie-hauri.com\/de\/wp-json\/wp\/v2\/pages\/140669\/revisions"}],"up":[{"embeddable":true,"href":"https:\/\/www.lucie-hauri.com\/de\/wp-json\/wp\/v2\/pages\/325"}],"wp:featuredmedia":[{"embeddable":true,"href":"https:\/\/www.lucie-hauri.com\/de\/wp-json\/wp\/v2\/media\/156907"}],"wp:attachment":[{"href":"https:\/\/www.lucie-hauri.com\/de\/wp-json\/wp\/v2\/media?parent=140669"}],"wp:term":[{"taxonomy":"category","embeddable":true,"href":"https:\/\/www.lucie-hauri.com\/de\/wp-json\/wp\/v2\/categories?post=140669"},{"taxonomy":"post_tag","embeddable":true,"href":"https:\/\/www.lucie-hauri.com\/de\/wp-json\/wp\/v2\/tags?post=140669"}],"curies":[{"name":"wp","href":"https:\/\/api.w.org\/{rel}","templated":true}]}}