{"id":140663,"date":"2024-01-18T22:27:05","date_gmt":"2024-01-18T21:27:05","guid":{"rendered":"https:\/\/lucie-hauri.hostpress.me\/?page_id=140663"},"modified":"2024-04-17T08:10:08","modified_gmt":"2024-04-17T07:10:08","slug":"llucmajor","status":"publish","type":"page","link":"https:\/\/www.lucie-hauri.com\/de\/region\/llucmajor\/","title":{"rendered":"Llucmajor"},"content":{"rendered":"\t\t<div data-elementor-type=\"wp-page\" data-elementor-id=\"140663\" class=\"elementor elementor-140663\" data-elementor-post-type=\"page\">\n\t\t\t\t<div class=\"elementor-element elementor-element-2e9ea754 e-flex e-con-boxed e-con e-parent\" data-id=\"2e9ea754\" data-element_type=\"container\">\n\t\t\t\t\t<div class=\"e-con-inner\">\n\t\t\t\t<div class=\"elementor-element elementor-element-3bde5c2b elementor-widget elementor-widget-text-editor\" data-id=\"3bde5c2b\" data-element_type=\"widget\" data-widget_type=\"text-editor.default\">\n\t\t\t\t<div class=\"elementor-widget-container\">\n\t\t\t\t\t\t\t\t\t<p>Llucmajor geh\u00f6rt zu den gr\u00f6\u00dferen Orten Mallorcas.<\/p><p>Das Zentrum um den Marktplatz herum zeigt den historischen Charme. Zweimal in der Woche findet hier ein Wochenmarkt statt. Der Ort bietet viele Einkaufsm\u00f6glichkeiten und hat eine Vielzahl kleiner Restaurant und Bars.<\/p><p>Die N\u00e4he zu Palma und zum Flughafen macht ihn auch f\u00fcr viele Residenten zu einem geeigneten Zuhause.<\/p><p>Der internationale Flughafen, die Stadt Palma und der n\u00e4chste Golfplatz sind in ca. 10 Minuten Autofahrt zu erreichen.<\/p>\t\t\t\t\t\t\t\t<\/div>\n\t\t\t\t<\/div>\n\t\t\t\t\t<\/div>\n\t\t\t\t<\/div>\n\t\t<div class=\"elementor-element elementor-element-3014bc22 e-flex e-con-boxed e-con e-parent\" data-id=\"3014bc22\" data-element_type=\"container\">\n\t\t\t\t\t<div class=\"e-con-inner\">\n\t\t\t\t\t<\/div>\n\t\t\t\t<\/div>\n\t\t\t\t<\/div>\n\t\t","protected":false},"excerpt":{"rendered":"<p>Llucmajor geh\u00f6rt zu den gr\u00f6\u00dferen Orten Mallorcas. Das Zentrum um den Marktplatz herum zeigt den historischen Charme. Zweimal in der Woche findet hier ein Wochenmarkt statt. Der Ort bietet viele Einkaufsm\u00f6glichkeiten und hat eine Vielzahl kleiner Restaurant und Bars. Die N\u00e4he zu Palma und zum Flughafen macht ihn auch f\u00fcr viele Residenten zu einem geeigneten Zuhause. Der internationale Flughafen, die Stadt Palma und der n\u00e4chste Golfplatz sind in ca. 10 Minuten Autofahrt zu erreichen.<\/p>\n","protected":false},"author":5,"featured_media":156906,"parent":325,"menu_order":0,"comment_status":"closed","ping_status":"closed","template":"","meta":{"_acf_changed":false,"footnotes":""},"categories":[],"tags":[],"class_list":["post-140663","page","type-page","status-publish","has-post-thumbnail","hentry"],"acf":[],"yoast_head":"<!-- This site is optimized with the Yoast SEO Premium plugin v24.4 (Yoast SEO v26.8) - https:\/\/yoast.com\/product\/yoast-seo-premium-wordpress\/ -->\n<title>Llucmajor - Lucie Hauri | Exclusive Real Estate<\/title>\n<meta name=\"robots\" content=\"index, follow, max-snippet:-1, max-image-preview:large, max-video-preview:-1\" \/>\n<link rel=\"canonical\" href=\"https:\/\/www.lucie-hauri.com\/de\/region\/llucmajor\/\" \/>\n<meta property=\"og:locale\" content=\"de_DE\" \/>\n<meta property=\"og:type\" content=\"article\" \/>\n<meta property=\"og:title\" content=\"Llucmajor - Lucie Hauri | Exclusive Real Estate\" \/>\n<meta property=\"og:description\" content=\"Llucmajor geh\u00f6rt zu den gr\u00f6\u00dferen Orten Mallorcas. Das Zentrum um den Marktplatz herum zeigt den historischen Charme. Zweimal in der Woche findet hier ein Wochenmarkt statt. Der Ort bietet viele Einkaufsm\u00f6glichkeiten und hat eine Vielzahl kleiner Restaurant und Bars. Die N\u00e4he zu Palma und zum Flughafen macht ihn auch f\u00fcr viele Residenten zu einem geeigneten Zuhause. Der internationale Flughafen, die Stadt Palma und der n\u00e4chste Golfplatz sind in ca. 10 Minuten Autofahrt zu erreichen.\" \/>\n<meta property=\"og:url\" content=\"https:\/\/www.lucie-hauri.com\/de\/region\/llucmajor\/\" \/>\n<meta property=\"og:site_name\" content=\"Lucie Hauri | Exclusive Real Estate\" \/>\n<meta property=\"article:modified_time\" content=\"2024-04-17T07:10:08+00:00\" \/>\n<meta property=\"og:image\" content=\"https:\/\/www.lucie-hauri.com\/wp-content\/uploads\/2024\/04\/Llucmajor-Landschaft_1-e1461493161467.jpg\" \/>\n\t<meta property=\"og:image:width\" content=\"663\" \/>\n\t<meta property=\"og:image:height\" content=\"298\" \/>\n\t<meta property=\"og:image:type\" content=\"image\/jpeg\" \/>\n<meta name=\"twitter:card\" content=\"summary_large_image\" \/>\n<meta name=\"twitter:label1\" content=\"Gesch\u00e4tzte Lesezeit\" \/>\n\t<meta name=\"twitter:data1\" content=\"1\u00a0Minute\" \/>\n<script type=\"application\/ld+json\" class=\"yoast-schema-graph\">{\"@context\":\"https:\/\/schema.org\",\"@graph\":[{\"@type\":\"WebPage\",\"@id\":\"https:\/\/www.lucie-hauri.com\/en\/region\/llucmajor\/\",\"url\":\"https:\/\/www.lucie-hauri.com\/en\/region\/llucmajor\/\",\"name\":\"Llucmajor - Lucie Hauri | Exclusive Real Estate\",\"isPartOf\":{\"@id\":\"https:\/\/www.lucie-hauri.com\/en\/#website\"},\"primaryImageOfPage\":{\"@id\":\"https:\/\/www.lucie-hauri.com\/en\/region\/llucmajor\/#primaryimage\"},\"image\":{\"@id\":\"https:\/\/www.lucie-hauri.com\/en\/region\/llucmajor\/#primaryimage\"},\"thumbnailUrl\":\"https:\/\/www.lucie-hauri.com\/wp-content\/uploads\/2024\/04\/Llucmajor-Landschaft_1-e1461493161467.jpg\",\"datePublished\":\"2024-01-18T21:27:05+00:00\",\"dateModified\":\"2024-04-17T07:10:08+00:00\",\"breadcrumb\":{\"@id\":\"https:\/\/www.lucie-hauri.com\/en\/region\/llucmajor\/#breadcrumb\"},\"inLanguage\":\"de\",\"potentialAction\":[{\"@type\":\"ReadAction\",\"target\":[\"https:\/\/www.lucie-hauri.com\/en\/region\/llucmajor\/\"]}]},{\"@type\":\"ImageObject\",\"inLanguage\":\"de\",\"@id\":\"https:\/\/www.lucie-hauri.com\/en\/region\/llucmajor\/#primaryimage\",\"url\":\"https:\/\/www.lucie-hauri.com\/wp-content\/uploads\/2024\/04\/Llucmajor-Landschaft_1-e1461493161467.jpg\",\"contentUrl\":\"https:\/\/www.lucie-hauri.com\/wp-content\/uploads\/2024\/04\/Llucmajor-Landschaft_1-e1461493161467.jpg\",\"width\":663,\"height\":298},{\"@type\":\"BreadcrumbList\",\"@id\":\"https:\/\/www.lucie-hauri.com\/en\/region\/llucmajor\/#breadcrumb\",\"itemListElement\":[{\"@type\":\"ListItem\",\"position\":1,\"name\":\"Region\",\"item\":\"https:\/\/www.lucie-hauri.com\/en\/region\/\"},{\"@type\":\"ListItem\",\"position\":2,\"name\":\"Llucmajor\"}]},{\"@type\":\"WebSite\",\"@id\":\"https:\/\/www.lucie-hauri.com\/en\/#website\",\"url\":\"https:\/\/www.lucie-hauri.com\/en\/\",\"name\":\"Lucie Hauri | Exclusive Real Estate\",\"description\":\"\",\"potentialAction\":[{\"@type\":\"SearchAction\",\"target\":{\"@type\":\"EntryPoint\",\"urlTemplate\":\"https:\/\/www.lucie-hauri.com\/en\/?s={search_term_string}\"},\"query-input\":{\"@type\":\"PropertyValueSpecification\",\"valueRequired\":true,\"valueName\":\"search_term_string\"}}],\"inLanguage\":\"de\"}]}<\/script>\n<!-- \/ Yoast SEO Premium plugin. -->","yoast_head_json":{"title":"Llucmajor - Lucie Hauri | Exclusive Real Estate","robots":{"index":"index","follow":"follow","max-snippet":"max-snippet:-1","max-image-preview":"max-image-preview:large","max-video-preview":"max-video-preview:-1"},"canonical":"https:\/\/www.lucie-hauri.com\/de\/region\/llucmajor\/","og_locale":"de_DE","og_type":"article","og_title":"Llucmajor - Lucie Hauri | Exclusive Real Estate","og_description":"Llucmajor geh\u00f6rt zu den gr\u00f6\u00dferen Orten Mallorcas. Das Zentrum um den Marktplatz herum zeigt den historischen Charme. Zweimal in der Woche findet hier ein Wochenmarkt statt. Der Ort bietet viele Einkaufsm\u00f6glichkeiten und hat eine Vielzahl kleiner Restaurant und Bars. Die N\u00e4he zu Palma und zum Flughafen macht ihn auch f\u00fcr viele Residenten zu einem geeigneten Zuhause. Der internationale Flughafen, die Stadt Palma und der n\u00e4chste Golfplatz sind in ca. 10 Minuten Autofahrt zu erreichen.","og_url":"https:\/\/www.lucie-hauri.com\/de\/region\/llucmajor\/","og_site_name":"Lucie Hauri | Exclusive Real Estate","article_modified_time":"2024-04-17T07:10:08+00:00","og_image":[{"width":663,"height":298,"url":"https:\/\/www.lucie-hauri.com\/wp-content\/uploads\/2024\/04\/Llucmajor-Landschaft_1-e1461493161467.jpg","type":"image\/jpeg"}],"twitter_card":"summary_large_image","twitter_misc":{"Gesch\u00e4tzte Lesezeit":"1\u00a0Minute"},"schema":{"@context":"https:\/\/schema.org","@graph":[{"@type":"WebPage","@id":"https:\/\/www.lucie-hauri.com\/en\/region\/llucmajor\/","url":"https:\/\/www.lucie-hauri.com\/en\/region\/llucmajor\/","name":"Llucmajor - Lucie Hauri | Exclusive Real Estate","isPartOf":{"@id":"https:\/\/www.lucie-hauri.com\/en\/#website"},"primaryImageOfPage":{"@id":"https:\/\/www.lucie-hauri.com\/en\/region\/llucmajor\/#primaryimage"},"image":{"@id":"https:\/\/www.lucie-hauri.com\/en\/region\/llucmajor\/#primaryimage"},"thumbnailUrl":"https:\/\/www.lucie-hauri.com\/wp-content\/uploads\/2024\/04\/Llucmajor-Landschaft_1-e1461493161467.jpg","datePublished":"2024-01-18T21:27:05+00:00","dateModified":"2024-04-17T07:10:08+00:00","breadcrumb":{"@id":"https:\/\/www.lucie-hauri.com\/en\/region\/llucmajor\/#breadcrumb"},"inLanguage":"de","potentialAction":[{"@type":"ReadAction","target":["https:\/\/www.lucie-hauri.com\/en\/region\/llucmajor\/"]}]},{"@type":"ImageObject","inLanguage":"de","@id":"https:\/\/www.lucie-hauri.com\/en\/region\/llucmajor\/#primaryimage","url":"https:\/\/www.lucie-hauri.com\/wp-content\/uploads\/2024\/04\/Llucmajor-Landschaft_1-e1461493161467.jpg","contentUrl":"https:\/\/www.lucie-hauri.com\/wp-content\/uploads\/2024\/04\/Llucmajor-Landschaft_1-e1461493161467.jpg","width":663,"height":298},{"@type":"BreadcrumbList","@id":"https:\/\/www.lucie-hauri.com\/en\/region\/llucmajor\/#breadcrumb","itemListElement":[{"@type":"ListItem","position":1,"name":"Region","item":"https:\/\/www.lucie-hauri.com\/en\/region\/"},{"@type":"ListItem","position":2,"name":"Llucmajor"}]},{"@type":"WebSite","@id":"https:\/\/www.lucie-hauri.com\/en\/#website","url":"https:\/\/www.lucie-hauri.com\/en\/","name":"Lucie Hauri | Exclusive Real Estate","description":"","potentialAction":[{"@type":"SearchAction","target":{"@type":"EntryPoint","urlTemplate":"https:\/\/www.lucie-hauri.com\/en\/?s={search_term_string}"},"query-input":{"@type":"PropertyValueSpecification","valueRequired":true,"valueName":"search_term_string"}}],"inLanguage":"de"}]}},"_links":{"self":[{"href":"https:\/\/www.lucie-hauri.com\/de\/wp-json\/wp\/v2\/pages\/140663","targetHints":{"allow":["GET"]}}],"collection":[{"href":"https:\/\/www.lucie-hauri.com\/de\/wp-json\/wp\/v2\/pages"}],"about":[{"href":"https:\/\/www.lucie-hauri.com\/de\/wp-json\/wp\/v2\/types\/page"}],"author":[{"embeddable":true,"href":"https:\/\/www.lucie-hauri.com\/de\/wp-json\/wp\/v2\/users\/5"}],"replies":[{"embeddable":true,"href":"https:\/\/www.lucie-hauri.com\/de\/wp-json\/wp\/v2\/comments?post=140663"}],"version-history":[{"count":0,"href":"https:\/\/www.lucie-hauri.com\/de\/wp-json\/wp\/v2\/pages\/140663\/revisions"}],"up":[{"embeddable":true,"href":"https:\/\/www.lucie-hauri.com\/de\/wp-json\/wp\/v2\/pages\/325"}],"wp:featuredmedia":[{"embeddable":true,"href":"https:\/\/www.lucie-hauri.com\/de\/wp-json\/wp\/v2\/media\/156906"}],"wp:attachment":[{"href":"https:\/\/www.lucie-hauri.com\/de\/wp-json\/wp\/v2\/media?parent=140663"}],"wp:term":[{"taxonomy":"category","embeddable":true,"href":"https:\/\/www.lucie-hauri.com\/de\/wp-json\/wp\/v2\/categories?post=140663"},{"taxonomy":"post_tag","embeddable":true,"href":"https:\/\/www.lucie-hauri.com\/de\/wp-json\/wp\/v2\/tags?post=140663"}],"curies":[{"name":"wp","href":"https:\/\/api.w.org\/{rel}","templated":true}]}}