{"id":140649,"date":"2024-01-18T22:13:19","date_gmt":"2024-01-18T21:13:19","guid":{"rendered":"https:\/\/lucie-hauri.hostpress.me\/?page_id=140649"},"modified":"2024-04-17T08:06:53","modified_gmt":"2024-04-17T07:06:53","slug":"es-carritxo","status":"publish","type":"page","link":"https:\/\/www.lucie-hauri.com\/de\/region\/es-carritxo\/","title":{"rendered":"Es Carritxo"},"content":{"rendered":"\t\t<div data-elementor-type=\"wp-page\" data-elementor-id=\"140649\" class=\"elementor elementor-140649\" data-elementor-post-type=\"page\">\n\t\t\t\t<div class=\"elementor-element elementor-element-2e9ea754 e-flex e-con-boxed e-con e-parent\" data-id=\"2e9ea754\" data-element_type=\"container\">\n\t\t\t\t\t<div class=\"e-con-inner\">\n\t\t\t\t<div class=\"elementor-element elementor-element-3bde5c2b elementor-widget elementor-widget-text-editor\" data-id=\"3bde5c2b\" data-element_type=\"widget\" data-widget_type=\"text-editor.default\">\n\t\t\t\t<div class=\"elementor-widget-container\">\n\t\t\t\t\t\t\t\t\t<p>Das kleine Dorf Es Carritxo liegt inmitten der h\u00fcgeligen Landschaft, die sich von Calonge bis nach Felanitx zieht, und herrliche Panorama-Aussichten bietet. Die n\u00e4chsten Ortschaften, Calonge in die eine und Cas Concos in die andere Richtung, sind nur wenige Kilometer entfernt. Felanitx, die n\u00e4chst gr\u00f6\u00dfere Stadt, ist in ca. 10 Minuten zu erreichen und bietet diverse Einkaufsm\u00f6glichkeiten, Bars und Restaurants. Jeden Sonntag findet hier ein gro\u00dfer Markt statt.<\/p><p>Den n\u00e4chsten Strand erreicht man in ca. 10 Autominuten. Zum 18-Loch Golfplatz Vall d\u2019Or ben\u00f6tigt man ca. 5 Minuten, nach Palma und zum Flughafen ca. 45 Minuten.<\/p>\t\t\t\t\t\t\t\t<\/div>\n\t\t\t\t<\/div>\n\t\t\t\t\t<\/div>\n\t\t\t\t<\/div>\n\t\t<div class=\"elementor-element elementor-element-3014bc22 e-flex e-con-boxed e-con e-parent\" data-id=\"3014bc22\" data-element_type=\"container\">\n\t\t\t\t\t<div class=\"e-con-inner\">\n\t\t\t\t\t<\/div>\n\t\t\t\t<\/div>\n\t\t\t\t<\/div>\n\t\t","protected":false},"excerpt":{"rendered":"<p>Das kleine Dorf Es Carritxo liegt inmitten der h\u00fcgeligen Landschaft, die sich von Calonge bis nach Felanitx zieht, und herrliche Panorama-Aussichten bietet. Die n\u00e4chsten Ortschaften, Calonge in die eine und Cas Concos in die andere Richtung, sind nur wenige Kilometer entfernt. Felanitx, die n\u00e4chst gr\u00f6\u00dfere Stadt, ist in ca. 10 Minuten zu erreichen und bietet diverse Einkaufsm\u00f6glichkeiten, Bars und Restaurants. Jeden Sonntag findet hier ein gro\u00dfer Markt statt. Den n\u00e4chsten Strand erreicht man in ca. 10 Autominuten. Zum 18-Loch Golfplatz Vall d\u2019Or ben\u00f6tigt man ca. 5 Minuten, nach Palma und zum Flughafen ca. 45 Minuten.<\/p>\n","protected":false},"author":5,"featured_media":156904,"parent":325,"menu_order":0,"comment_status":"closed","ping_status":"closed","template":"","meta":{"_acf_changed":false,"footnotes":""},"categories":[],"tags":[],"class_list":["post-140649","page","type-page","status-publish","has-post-thumbnail","hentry"],"acf":[],"yoast_head":"<!-- This site is optimized with the Yoast SEO Premium plugin v24.4 (Yoast SEO v26.8) - https:\/\/yoast.com\/product\/yoast-seo-premium-wordpress\/ -->\n<title>Es Carritxo - Lucie Hauri | Exclusive Real Estate<\/title>\n<meta name=\"robots\" content=\"index, follow, max-snippet:-1, max-image-preview:large, max-video-preview:-1\" \/>\n<link rel=\"canonical\" href=\"https:\/\/www.lucie-hauri.com\/de\/region\/es-carritxo\/\" \/>\n<meta property=\"og:locale\" content=\"de_DE\" \/>\n<meta property=\"og:type\" content=\"article\" \/>\n<meta property=\"og:title\" content=\"Es Carritxo - Lucie Hauri | Exclusive Real Estate\" \/>\n<meta property=\"og:description\" content=\"Das kleine Dorf Es Carritxo liegt inmitten der h\u00fcgeligen Landschaft, die sich von Calonge bis nach Felanitx zieht, und herrliche Panorama-Aussichten bietet. Die n\u00e4chsten Ortschaften, Calonge in die eine und Cas Concos in die andere Richtung, sind nur wenige Kilometer entfernt. Felanitx, die n\u00e4chst gr\u00f6\u00dfere Stadt, ist in ca. 10 Minuten zu erreichen und bietet diverse Einkaufsm\u00f6glichkeiten, Bars und Restaurants. Jeden Sonntag findet hier ein gro\u00dfer Markt statt. Den n\u00e4chsten Strand erreicht man in ca. 10 Autominuten. Zum 18-Loch Golfplatz Vall d\u2019Or ben\u00f6tigt man ca. 5 Minuten, nach Palma und zum Flughafen ca. 45 Minuten.\" \/>\n<meta property=\"og:url\" content=\"https:\/\/www.lucie-hauri.com\/de\/region\/es-carritxo\/\" \/>\n<meta property=\"og:site_name\" content=\"Lucie Hauri | Exclusive Real Estate\" \/>\n<meta property=\"article:modified_time\" content=\"2024-04-17T07:06:53+00:00\" \/>\n<meta property=\"og:image\" content=\"https:\/\/www.lucie-hauri.com\/wp-content\/uploads\/2024\/04\/Es-Carritxo_1-e1461491983932.jpg\" \/>\n\t<meta property=\"og:image:width\" content=\"950\" \/>\n\t<meta property=\"og:image:height\" content=\"429\" \/>\n\t<meta property=\"og:image:type\" content=\"image\/jpeg\" \/>\n<meta name=\"twitter:card\" content=\"summary_large_image\" \/>\n<meta name=\"twitter:label1\" content=\"Gesch\u00e4tzte Lesezeit\" \/>\n\t<meta name=\"twitter:data1\" content=\"1\u00a0Minute\" \/>\n<script type=\"application\/ld+json\" class=\"yoast-schema-graph\">{\"@context\":\"https:\/\/schema.org\",\"@graph\":[{\"@type\":\"WebPage\",\"@id\":\"https:\/\/www.lucie-hauri.com\/en\/region\/es-carritxo\/\",\"url\":\"https:\/\/www.lucie-hauri.com\/en\/region\/es-carritxo\/\",\"name\":\"Es Carritxo - Lucie Hauri | Exclusive Real Estate\",\"isPartOf\":{\"@id\":\"https:\/\/www.lucie-hauri.com\/en\/#website\"},\"primaryImageOfPage\":{\"@id\":\"https:\/\/www.lucie-hauri.com\/en\/region\/es-carritxo\/#primaryimage\"},\"image\":{\"@id\":\"https:\/\/www.lucie-hauri.com\/en\/region\/es-carritxo\/#primaryimage\"},\"thumbnailUrl\":\"https:\/\/www.lucie-hauri.com\/wp-content\/uploads\/2024\/04\/Es-Carritxo_1-e1461491983932.jpg\",\"datePublished\":\"2024-01-18T21:13:19+00:00\",\"dateModified\":\"2024-04-17T07:06:53+00:00\",\"breadcrumb\":{\"@id\":\"https:\/\/www.lucie-hauri.com\/en\/region\/es-carritxo\/#breadcrumb\"},\"inLanguage\":\"de\",\"potentialAction\":[{\"@type\":\"ReadAction\",\"target\":[\"https:\/\/www.lucie-hauri.com\/en\/region\/es-carritxo\/\"]}]},{\"@type\":\"ImageObject\",\"inLanguage\":\"de\",\"@id\":\"https:\/\/www.lucie-hauri.com\/en\/region\/es-carritxo\/#primaryimage\",\"url\":\"https:\/\/www.lucie-hauri.com\/wp-content\/uploads\/2024\/04\/Es-Carritxo_1-e1461491983932.jpg\",\"contentUrl\":\"https:\/\/www.lucie-hauri.com\/wp-content\/uploads\/2024\/04\/Es-Carritxo_1-e1461491983932.jpg\",\"width\":950,\"height\":429},{\"@type\":\"BreadcrumbList\",\"@id\":\"https:\/\/www.lucie-hauri.com\/en\/region\/es-carritxo\/#breadcrumb\",\"itemListElement\":[{\"@type\":\"ListItem\",\"position\":1,\"name\":\"Region\",\"item\":\"https:\/\/www.lucie-hauri.com\/en\/region\/\"},{\"@type\":\"ListItem\",\"position\":2,\"name\":\"Es Carritxo\"}]},{\"@type\":\"WebSite\",\"@id\":\"https:\/\/www.lucie-hauri.com\/en\/#website\",\"url\":\"https:\/\/www.lucie-hauri.com\/en\/\",\"name\":\"Lucie Hauri | Exclusive Real Estate\",\"description\":\"\",\"potentialAction\":[{\"@type\":\"SearchAction\",\"target\":{\"@type\":\"EntryPoint\",\"urlTemplate\":\"https:\/\/www.lucie-hauri.com\/en\/?s={search_term_string}\"},\"query-input\":{\"@type\":\"PropertyValueSpecification\",\"valueRequired\":true,\"valueName\":\"search_term_string\"}}],\"inLanguage\":\"de\"}]}<\/script>\n<!-- \/ Yoast SEO Premium plugin. -->","yoast_head_json":{"title":"Es Carritxo - Lucie Hauri | Exclusive Real Estate","robots":{"index":"index","follow":"follow","max-snippet":"max-snippet:-1","max-image-preview":"max-image-preview:large","max-video-preview":"max-video-preview:-1"},"canonical":"https:\/\/www.lucie-hauri.com\/de\/region\/es-carritxo\/","og_locale":"de_DE","og_type":"article","og_title":"Es Carritxo - Lucie Hauri | Exclusive Real Estate","og_description":"Das kleine Dorf Es Carritxo liegt inmitten der h\u00fcgeligen Landschaft, die sich von Calonge bis nach Felanitx zieht, und herrliche Panorama-Aussichten bietet. Die n\u00e4chsten Ortschaften, Calonge in die eine und Cas Concos in die andere Richtung, sind nur wenige Kilometer entfernt. Felanitx, die n\u00e4chst gr\u00f6\u00dfere Stadt, ist in ca. 10 Minuten zu erreichen und bietet diverse Einkaufsm\u00f6glichkeiten, Bars und Restaurants. Jeden Sonntag findet hier ein gro\u00dfer Markt statt. Den n\u00e4chsten Strand erreicht man in ca. 10 Autominuten. Zum 18-Loch Golfplatz Vall d\u2019Or ben\u00f6tigt man ca. 5 Minuten, nach Palma und zum Flughafen ca. 45 Minuten.","og_url":"https:\/\/www.lucie-hauri.com\/de\/region\/es-carritxo\/","og_site_name":"Lucie Hauri | Exclusive Real Estate","article_modified_time":"2024-04-17T07:06:53+00:00","og_image":[{"width":950,"height":429,"url":"https:\/\/www.lucie-hauri.com\/wp-content\/uploads\/2024\/04\/Es-Carritxo_1-e1461491983932.jpg","type":"image\/jpeg"}],"twitter_card":"summary_large_image","twitter_misc":{"Gesch\u00e4tzte Lesezeit":"1\u00a0Minute"},"schema":{"@context":"https:\/\/schema.org","@graph":[{"@type":"WebPage","@id":"https:\/\/www.lucie-hauri.com\/en\/region\/es-carritxo\/","url":"https:\/\/www.lucie-hauri.com\/en\/region\/es-carritxo\/","name":"Es Carritxo - Lucie Hauri | Exclusive Real Estate","isPartOf":{"@id":"https:\/\/www.lucie-hauri.com\/en\/#website"},"primaryImageOfPage":{"@id":"https:\/\/www.lucie-hauri.com\/en\/region\/es-carritxo\/#primaryimage"},"image":{"@id":"https:\/\/www.lucie-hauri.com\/en\/region\/es-carritxo\/#primaryimage"},"thumbnailUrl":"https:\/\/www.lucie-hauri.com\/wp-content\/uploads\/2024\/04\/Es-Carritxo_1-e1461491983932.jpg","datePublished":"2024-01-18T21:13:19+00:00","dateModified":"2024-04-17T07:06:53+00:00","breadcrumb":{"@id":"https:\/\/www.lucie-hauri.com\/en\/region\/es-carritxo\/#breadcrumb"},"inLanguage":"de","potentialAction":[{"@type":"ReadAction","target":["https:\/\/www.lucie-hauri.com\/en\/region\/es-carritxo\/"]}]},{"@type":"ImageObject","inLanguage":"de","@id":"https:\/\/www.lucie-hauri.com\/en\/region\/es-carritxo\/#primaryimage","url":"https:\/\/www.lucie-hauri.com\/wp-content\/uploads\/2024\/04\/Es-Carritxo_1-e1461491983932.jpg","contentUrl":"https:\/\/www.lucie-hauri.com\/wp-content\/uploads\/2024\/04\/Es-Carritxo_1-e1461491983932.jpg","width":950,"height":429},{"@type":"BreadcrumbList","@id":"https:\/\/www.lucie-hauri.com\/en\/region\/es-carritxo\/#breadcrumb","itemListElement":[{"@type":"ListItem","position":1,"name":"Region","item":"https:\/\/www.lucie-hauri.com\/en\/region\/"},{"@type":"ListItem","position":2,"name":"Es Carritxo"}]},{"@type":"WebSite","@id":"https:\/\/www.lucie-hauri.com\/en\/#website","url":"https:\/\/www.lucie-hauri.com\/en\/","name":"Lucie Hauri | Exclusive Real Estate","description":"","potentialAction":[{"@type":"SearchAction","target":{"@type":"EntryPoint","urlTemplate":"https:\/\/www.lucie-hauri.com\/en\/?s={search_term_string}"},"query-input":{"@type":"PropertyValueSpecification","valueRequired":true,"valueName":"search_term_string"}}],"inLanguage":"de"}]}},"_links":{"self":[{"href":"https:\/\/www.lucie-hauri.com\/de\/wp-json\/wp\/v2\/pages\/140649","targetHints":{"allow":["GET"]}}],"collection":[{"href":"https:\/\/www.lucie-hauri.com\/de\/wp-json\/wp\/v2\/pages"}],"about":[{"href":"https:\/\/www.lucie-hauri.com\/de\/wp-json\/wp\/v2\/types\/page"}],"author":[{"embeddable":true,"href":"https:\/\/www.lucie-hauri.com\/de\/wp-json\/wp\/v2\/users\/5"}],"replies":[{"embeddable":true,"href":"https:\/\/www.lucie-hauri.com\/de\/wp-json\/wp\/v2\/comments?post=140649"}],"version-history":[{"count":0,"href":"https:\/\/www.lucie-hauri.com\/de\/wp-json\/wp\/v2\/pages\/140649\/revisions"}],"up":[{"embeddable":true,"href":"https:\/\/www.lucie-hauri.com\/de\/wp-json\/wp\/v2\/pages\/325"}],"wp:featuredmedia":[{"embeddable":true,"href":"https:\/\/www.lucie-hauri.com\/de\/wp-json\/wp\/v2\/media\/156904"}],"wp:attachment":[{"href":"https:\/\/www.lucie-hauri.com\/de\/wp-json\/wp\/v2\/media?parent=140649"}],"wp:term":[{"taxonomy":"category","embeddable":true,"href":"https:\/\/www.lucie-hauri.com\/de\/wp-json\/wp\/v2\/categories?post=140649"},{"taxonomy":"post_tag","embeddable":true,"href":"https:\/\/www.lucie-hauri.com\/de\/wp-json\/wp\/v2\/tags?post=140649"}],"curies":[{"name":"wp","href":"https:\/\/api.w.org\/{rel}","templated":true}]}}