{"id":140621,"date":"2024-01-18T21:52:10","date_gmt":"2024-01-18T20:52:10","guid":{"rendered":"https:\/\/lucie-hauri.hostpress.me\/?page_id=140621"},"modified":"2024-01-20T22:19:30","modified_gmt":"2024-01-20T21:19:30","slug":"calonge","status":"publish","type":"page","link":"https:\/\/www.lucie-hauri.com\/de\/region\/calonge\/","title":{"rendered":"Calonge"},"content":{"rendered":"\t\t<div data-elementor-type=\"wp-page\" data-elementor-id=\"140621\" class=\"elementor elementor-140621\" data-elementor-post-type=\"page\">\n\t\t\t\t<div class=\"elementor-element elementor-element-2e9ea754 e-flex e-con-boxed e-con e-parent\" data-id=\"2e9ea754\" data-element_type=\"container\">\n\t\t\t\t\t<div class=\"e-con-inner\">\n\t\t\t\t<div class=\"elementor-element elementor-element-3bde5c2b elementor-widget elementor-widget-text-editor\" data-id=\"3bde5c2b\" data-element_type=\"widget\" data-widget_type=\"text-editor.default\">\n\t\t\t\t<div class=\"elementor-widget-container\">\n\t\t\t\t\t\t\t\t\t<p>Calonge ist ein kleiner, ruhiger Ort, der sich zwischen den Ortschaften Cala d\u2019Or und Alquer\u00eda Blanca befindet. Einige Bars, sehr gute Restaurants, kleine Gesch\u00e4fte und Lebensmittell\u00e4den durchziehen diesen sympathischen Ort, der besonders in den letzten Jahren durch Wohnungsbau und Gesch\u00e4ftser\u00f6ffnungen neue Impulse bekommen hat.<\/p>\t\t\t\t\t\t\t\t<\/div>\n\t\t\t\t<\/div>\n\t\t\t\t\t<\/div>\n\t\t\t\t<\/div>\n\t\t<div class=\"elementor-element elementor-element-3014bc22 e-flex e-con-boxed e-con e-parent\" data-id=\"3014bc22\" data-element_type=\"container\">\n\t\t\t\t\t<div class=\"e-con-inner\">\n\t\t\t\t<div class=\"elementor-element elementor-element-3e1bd058 elementor-arrows-position-inside elementor-pagination-position-outside elementor-widget elementor-widget-image-carousel\" data-id=\"3e1bd058\" data-element_type=\"widget\" data-settings=\"{&quot;image_spacing_custom&quot;:{&quot;unit&quot;:&quot;px&quot;,&quot;size&quot;:15,&quot;sizes&quot;:[]},&quot;slides_to_show&quot;:&quot;3&quot;,&quot;navigation&quot;:&quot;both&quot;,&quot;autoplay&quot;:&quot;yes&quot;,&quot;pause_on_hover&quot;:&quot;yes&quot;,&quot;pause_on_interaction&quot;:&quot;yes&quot;,&quot;autoplay_speed&quot;:5000,&quot;infinite&quot;:&quot;yes&quot;,&quot;speed&quot;:500,&quot;image_spacing_custom_tablet&quot;:{&quot;unit&quot;:&quot;px&quot;,&quot;size&quot;:&quot;&quot;,&quot;sizes&quot;:[]},&quot;image_spacing_custom_mobile&quot;:{&quot;unit&quot;:&quot;px&quot;,&quot;size&quot;:&quot;&quot;,&quot;sizes&quot;:[]}}\" data-widget_type=\"image-carousel.default\">\n\t\t\t\t<div class=\"elementor-widget-container\">\n\t\t\t\t\t\t\t<div class=\"elementor-image-carousel-wrapper swiper\" role=\"region\" aria-roledescription=\"carousel\" aria-label=\"Bild Karussell\" dir=\"ltr\">\n\t\t\t<div class=\"elementor-image-carousel swiper-wrapper\" aria-live=\"off\">\n\t\t\t\t\t\t\t\t<div class=\"swiper-slide\" role=\"group\" aria-roledescription=\"slide\" aria-label=\"1 von 3\"><a data-elementor-open-lightbox=\"yes\" data-elementor-lightbox-slideshow=\"3e1bd058\" data-e-action-hash=\"#elementor-action%3Aaction%3Dlightbox%26settings%3DeyJpZCI6NTU1OTQsInVybCI6ZmFsc2UsInNsaWRlc2hvdyI6IjNlMWJkMDU4In0%3D\"><figure class=\"swiper-slide-inner\"><img decoding=\"async\" class=\"swiper-slide-image\" src=\"https:\/\/www.lucie-hauri.com\/wp-content\/uploads\/2016\/04\/Calonge_1.jpg\" alt=\"\" \/><\/figure><\/a><\/div><div class=\"swiper-slide\" role=\"group\" aria-roledescription=\"slide\" aria-label=\"2 von 3\"><a data-elementor-open-lightbox=\"yes\" data-elementor-lightbox-slideshow=\"3e1bd058\" data-e-action-hash=\"#elementor-action%3Aaction%3Dlightbox%26settings%3DeyJpZCI6NTU2OTYsInVybCI6ZmFsc2UsInNsaWRlc2hvdyI6IjNlMWJkMDU4In0%3D\"><figure class=\"swiper-slide-inner\"><img decoding=\"async\" class=\"swiper-slide-image\" src=\"https:\/\/www.lucie-hauri.com\/wp-content\/uploads\/2016\/04\/DSC_0716-Kopie.jpg\" alt=\"\" \/><\/figure><\/a><\/div><div class=\"swiper-slide\" role=\"group\" aria-roledescription=\"slide\" aria-label=\"3 von 3\"><a data-elementor-open-lightbox=\"yes\" data-elementor-lightbox-slideshow=\"3e1bd058\" data-e-action-hash=\"#elementor-action%3Aaction%3Dlightbox%26settings%3DeyJpZCI6NTU1OTYsInVybCI6ZmFsc2UsInNsaWRlc2hvdyI6IjNlMWJkMDU4In0%3D\"><figure class=\"swiper-slide-inner\"><img decoding=\"async\" class=\"swiper-slide-image\" src=\"https:\/\/www.lucie-hauri.com\/wp-content\/uploads\/2016\/04\/Calonge_3.jpg\" alt=\"\" \/><\/figure><\/a><\/div>\t\t\t<\/div>\n\t\t\t\t\t\t\t\t\t\t\t\t<div class=\"elementor-swiper-button elementor-swiper-button-prev\" role=\"button\" tabindex=\"0\">\n\t\t\t\t\t\t<i aria-hidden=\"true\" class=\"eicon-chevron-left\"><\/i>\t\t\t\t\t<\/div>\n\t\t\t\t\t<div class=\"elementor-swiper-button elementor-swiper-button-next\" role=\"button\" tabindex=\"0\">\n\t\t\t\t\t\t<i aria-hidden=\"true\" class=\"eicon-chevron-right\"><\/i>\t\t\t\t\t<\/div>\n\t\t\t\t\n\t\t\t\t\t\t\t\t\t<div class=\"swiper-pagination\"><\/div>\n\t\t\t\t\t\t\t\t\t<\/div>\n\t\t\t\t\t\t<\/div>\n\t\t\t\t<\/div>\n\t\t\t\t<div class=\"elementor-element elementor-element-60574c elementor-widget elementor-widget-text-editor\" data-id=\"60574c\" data-element_type=\"widget\" data-widget_type=\"text-editor.default\">\n\t\t\t\t<div class=\"elementor-widget-container\">\n\t\t\t\t\t\t\t\t\t<p>Der Ferienort Cala d\u2019Or mit seinen kleinen wundersch\u00f6nen Badebuchten liegt nur zwei Autominuten entfernt. Zum 18-Loch Golfplatz Vall d\u2019Or ben\u00f6tigt man ca. 10 Minuten und nach Palma und zum Flughafen ca. 50 Minuten.<\/p>\t\t\t\t\t\t\t\t<\/div>\n\t\t\t\t<\/div>\n\t\t\t\t\t<\/div>\n\t\t\t\t<\/div>\n\t\t\t\t<\/div>\n\t\t","protected":false},"excerpt":{"rendered":"<p>Calonge ist ein kleiner, ruhiger Ort, der sich zwischen den Ortschaften Cala d\u2019Or und Alquer\u00eda Blanca befindet. Einige Bars, sehr gute Restaurants, kleine Gesch\u00e4fte und Lebensmittell\u00e4den durchziehen diesen sympathischen Ort, der besonders in den letzten Jahren durch Wohnungsbau und Gesch\u00e4ftser\u00f6ffnungen neue Impulse bekommen hat. Der Ferienort Cala d\u2019Or mit seinen kleinen wundersch\u00f6nen Badebuchten liegt nur zwei Autominuten entfernt. Zum 18-Loch Golfplatz Vall d\u2019Or ben\u00f6tigt man ca. 10 Minuten und nach Palma und zum Flughafen ca. 50 Minuten.<\/p>\n","protected":false},"author":5,"featured_media":0,"parent":325,"menu_order":0,"comment_status":"closed","ping_status":"closed","template":"","meta":{"_acf_changed":false,"footnotes":""},"categories":[],"tags":[],"class_list":["post-140621","page","type-page","status-publish","hentry"],"acf":[],"yoast_head":"<!-- This site is optimized with the Yoast SEO Premium plugin v24.4 (Yoast SEO v26.8) - https:\/\/yoast.com\/product\/yoast-seo-premium-wordpress\/ -->\n<title>Calonge - Lucie Hauri | Exclusive Real Estate<\/title>\n<meta name=\"robots\" content=\"index, follow, max-snippet:-1, max-image-preview:large, max-video-preview:-1\" \/>\n<link rel=\"canonical\" href=\"https:\/\/www.lucie-hauri.com\/de\/region\/calonge\/\" \/>\n<meta property=\"og:locale\" content=\"de_DE\" \/>\n<meta property=\"og:type\" content=\"article\" \/>\n<meta property=\"og:title\" content=\"Calonge - Lucie Hauri | Exclusive Real Estate\" \/>\n<meta property=\"og:description\" content=\"Calonge ist ein kleiner, ruhiger Ort, der sich zwischen den Ortschaften Cala d\u2019Or und Alquer\u00eda Blanca befindet. Einige Bars, sehr gute Restaurants, kleine Gesch\u00e4fte und Lebensmittell\u00e4den durchziehen diesen sympathischen Ort, der besonders in den letzten Jahren durch Wohnungsbau und Gesch\u00e4ftser\u00f6ffnungen neue Impulse bekommen hat. Der Ferienort Cala d\u2019Or mit seinen kleinen wundersch\u00f6nen Badebuchten liegt nur zwei Autominuten entfernt. Zum 18-Loch Golfplatz Vall d\u2019Or ben\u00f6tigt man ca. 10 Minuten und nach Palma und zum Flughafen ca. 50 Minuten.\" \/>\n<meta property=\"og:url\" content=\"https:\/\/www.lucie-hauri.com\/de\/region\/calonge\/\" \/>\n<meta property=\"og:site_name\" content=\"Lucie Hauri | Exclusive Real Estate\" \/>\n<meta property=\"article:modified_time\" content=\"2024-01-20T21:19:30+00:00\" \/>\n<meta property=\"og:image\" content=\"https:\/\/www.lucie-hauri.com\/wp-content\/uploads\/elementor\/thumbs\/Calonge_1-qgp4izj2juu75t5wjm2rmt3vtbf94b7jnk2i4920d2.jpg\" \/>\n<meta name=\"twitter:card\" content=\"summary_large_image\" \/>\n<meta name=\"twitter:label1\" content=\"Gesch\u00e4tzte Lesezeit\" \/>\n\t<meta name=\"twitter:data1\" content=\"2\u00a0Minuten\" \/>\n<script type=\"application\/ld+json\" class=\"yoast-schema-graph\">{\"@context\":\"https:\/\/schema.org\",\"@graph\":[{\"@type\":\"WebPage\",\"@id\":\"https:\/\/www.lucie-hauri.com\/en\/region\/calonge\/\",\"url\":\"https:\/\/www.lucie-hauri.com\/en\/region\/calonge\/\",\"name\":\"Calonge - Lucie Hauri | Exclusive Real Estate\",\"isPartOf\":{\"@id\":\"https:\/\/www.lucie-hauri.com\/en\/#website\"},\"primaryImageOfPage\":{\"@id\":\"https:\/\/www.lucie-hauri.com\/en\/region\/calonge\/#primaryimage\"},\"image\":{\"@id\":\"https:\/\/www.lucie-hauri.com\/en\/region\/calonge\/#primaryimage\"},\"thumbnailUrl\":\"https:\/\/www.lucie-hauri.com\/wp-content\/uploads\/elementor\/thumbs\/Calonge_1-qgp4izj2juu75t5wjm2rmt3vtbf94b7jnk2i4920d2.jpg\",\"datePublished\":\"2024-01-18T20:52:10+00:00\",\"dateModified\":\"2024-01-20T21:19:30+00:00\",\"breadcrumb\":{\"@id\":\"https:\/\/www.lucie-hauri.com\/en\/region\/calonge\/#breadcrumb\"},\"inLanguage\":\"de\",\"potentialAction\":[{\"@type\":\"ReadAction\",\"target\":[\"https:\/\/www.lucie-hauri.com\/en\/region\/calonge\/\"]}]},{\"@type\":\"ImageObject\",\"inLanguage\":\"de\",\"@id\":\"https:\/\/www.lucie-hauri.com\/en\/region\/calonge\/#primaryimage\",\"url\":\"https:\/\/www.lucie-hauri.com\/wp-content\/uploads\/elementor\/thumbs\/Calonge_1-qgp4izj2juu75t5wjm2rmt3vtbf94b7jnk2i4920d2.jpg\",\"contentUrl\":\"https:\/\/www.lucie-hauri.com\/wp-content\/uploads\/elementor\/thumbs\/Calonge_1-qgp4izj2juu75t5wjm2rmt3vtbf94b7jnk2i4920d2.jpg\"},{\"@type\":\"BreadcrumbList\",\"@id\":\"https:\/\/www.lucie-hauri.com\/en\/region\/calonge\/#breadcrumb\",\"itemListElement\":[{\"@type\":\"ListItem\",\"position\":1,\"name\":\"Region\",\"item\":\"https:\/\/www.lucie-hauri.com\/en\/region\/\"},{\"@type\":\"ListItem\",\"position\":2,\"name\":\"Calonge\"}]},{\"@type\":\"WebSite\",\"@id\":\"https:\/\/www.lucie-hauri.com\/en\/#website\",\"url\":\"https:\/\/www.lucie-hauri.com\/en\/\",\"name\":\"Lucie Hauri | Exclusive Real Estate\",\"description\":\"\",\"potentialAction\":[{\"@type\":\"SearchAction\",\"target\":{\"@type\":\"EntryPoint\",\"urlTemplate\":\"https:\/\/www.lucie-hauri.com\/en\/?s={search_term_string}\"},\"query-input\":{\"@type\":\"PropertyValueSpecification\",\"valueRequired\":true,\"valueName\":\"search_term_string\"}}],\"inLanguage\":\"de\"}]}<\/script>\n<!-- \/ Yoast SEO Premium plugin. -->","yoast_head_json":{"title":"Calonge - Lucie Hauri | Exclusive Real Estate","robots":{"index":"index","follow":"follow","max-snippet":"max-snippet:-1","max-image-preview":"max-image-preview:large","max-video-preview":"max-video-preview:-1"},"canonical":"https:\/\/www.lucie-hauri.com\/de\/region\/calonge\/","og_locale":"de_DE","og_type":"article","og_title":"Calonge - Lucie Hauri | Exclusive Real Estate","og_description":"Calonge ist ein kleiner, ruhiger Ort, der sich zwischen den Ortschaften Cala d\u2019Or und Alquer\u00eda Blanca befindet. Einige Bars, sehr gute Restaurants, kleine Gesch\u00e4fte und Lebensmittell\u00e4den durchziehen diesen sympathischen Ort, der besonders in den letzten Jahren durch Wohnungsbau und Gesch\u00e4ftser\u00f6ffnungen neue Impulse bekommen hat. Der Ferienort Cala d\u2019Or mit seinen kleinen wundersch\u00f6nen Badebuchten liegt nur zwei Autominuten entfernt. Zum 18-Loch Golfplatz Vall d\u2019Or ben\u00f6tigt man ca. 10 Minuten und nach Palma und zum Flughafen ca. 50 Minuten.","og_url":"https:\/\/www.lucie-hauri.com\/de\/region\/calonge\/","og_site_name":"Lucie Hauri | Exclusive Real Estate","article_modified_time":"2024-01-20T21:19:30+00:00","og_image":[{"url":"https:\/\/www.lucie-hauri.com\/wp-content\/uploads\/elementor\/thumbs\/Calonge_1-qgp4izj2juu75t5wjm2rmt3vtbf94b7jnk2i4920d2.jpg","type":"","width":"","height":""}],"twitter_card":"summary_large_image","twitter_misc":{"Gesch\u00e4tzte Lesezeit":"2\u00a0Minuten"},"schema":{"@context":"https:\/\/schema.org","@graph":[{"@type":"WebPage","@id":"https:\/\/www.lucie-hauri.com\/en\/region\/calonge\/","url":"https:\/\/www.lucie-hauri.com\/en\/region\/calonge\/","name":"Calonge - Lucie Hauri | Exclusive Real Estate","isPartOf":{"@id":"https:\/\/www.lucie-hauri.com\/en\/#website"},"primaryImageOfPage":{"@id":"https:\/\/www.lucie-hauri.com\/en\/region\/calonge\/#primaryimage"},"image":{"@id":"https:\/\/www.lucie-hauri.com\/en\/region\/calonge\/#primaryimage"},"thumbnailUrl":"https:\/\/www.lucie-hauri.com\/wp-content\/uploads\/elementor\/thumbs\/Calonge_1-qgp4izj2juu75t5wjm2rmt3vtbf94b7jnk2i4920d2.jpg","datePublished":"2024-01-18T20:52:10+00:00","dateModified":"2024-01-20T21:19:30+00:00","breadcrumb":{"@id":"https:\/\/www.lucie-hauri.com\/en\/region\/calonge\/#breadcrumb"},"inLanguage":"de","potentialAction":[{"@type":"ReadAction","target":["https:\/\/www.lucie-hauri.com\/en\/region\/calonge\/"]}]},{"@type":"ImageObject","inLanguage":"de","@id":"https:\/\/www.lucie-hauri.com\/en\/region\/calonge\/#primaryimage","url":"https:\/\/www.lucie-hauri.com\/wp-content\/uploads\/elementor\/thumbs\/Calonge_1-qgp4izj2juu75t5wjm2rmt3vtbf94b7jnk2i4920d2.jpg","contentUrl":"https:\/\/www.lucie-hauri.com\/wp-content\/uploads\/elementor\/thumbs\/Calonge_1-qgp4izj2juu75t5wjm2rmt3vtbf94b7jnk2i4920d2.jpg"},{"@type":"BreadcrumbList","@id":"https:\/\/www.lucie-hauri.com\/en\/region\/calonge\/#breadcrumb","itemListElement":[{"@type":"ListItem","position":1,"name":"Region","item":"https:\/\/www.lucie-hauri.com\/en\/region\/"},{"@type":"ListItem","position":2,"name":"Calonge"}]},{"@type":"WebSite","@id":"https:\/\/www.lucie-hauri.com\/en\/#website","url":"https:\/\/www.lucie-hauri.com\/en\/","name":"Lucie Hauri | Exclusive Real Estate","description":"","potentialAction":[{"@type":"SearchAction","target":{"@type":"EntryPoint","urlTemplate":"https:\/\/www.lucie-hauri.com\/en\/?s={search_term_string}"},"query-input":{"@type":"PropertyValueSpecification","valueRequired":true,"valueName":"search_term_string"}}],"inLanguage":"de"}]}},"_links":{"self":[{"href":"https:\/\/www.lucie-hauri.com\/de\/wp-json\/wp\/v2\/pages\/140621","targetHints":{"allow":["GET"]}}],"collection":[{"href":"https:\/\/www.lucie-hauri.com\/de\/wp-json\/wp\/v2\/pages"}],"about":[{"href":"https:\/\/www.lucie-hauri.com\/de\/wp-json\/wp\/v2\/types\/page"}],"author":[{"embeddable":true,"href":"https:\/\/www.lucie-hauri.com\/de\/wp-json\/wp\/v2\/users\/5"}],"replies":[{"embeddable":true,"href":"https:\/\/www.lucie-hauri.com\/de\/wp-json\/wp\/v2\/comments?post=140621"}],"version-history":[{"count":0,"href":"https:\/\/www.lucie-hauri.com\/de\/wp-json\/wp\/v2\/pages\/140621\/revisions"}],"up":[{"embeddable":true,"href":"https:\/\/www.lucie-hauri.com\/de\/wp-json\/wp\/v2\/pages\/325"}],"wp:attachment":[{"href":"https:\/\/www.lucie-hauri.com\/de\/wp-json\/wp\/v2\/media?parent=140621"}],"wp:term":[{"taxonomy":"category","embeddable":true,"href":"https:\/\/www.lucie-hauri.com\/de\/wp-json\/wp\/v2\/categories?post=140621"},{"taxonomy":"post_tag","embeddable":true,"href":"https:\/\/www.lucie-hauri.com\/de\/wp-json\/wp\/v2\/tags?post=140621"}],"curies":[{"name":"wp","href":"https:\/\/api.w.org\/{rel}","templated":true}]}}