{"id":140602,"date":"2024-01-18T21:36:11","date_gmt":"2024-01-18T20:36:11","guid":{"rendered":"https:\/\/lucie-hauri.hostpress.me\/?page_id=140602"},"modified":"2024-01-20T22:21:29","modified_gmt":"2024-01-20T21:21:29","slug":"cala-ratjada","status":"publish","type":"page","link":"https:\/\/www.lucie-hauri.com\/de\/region\/cala-ratjada\/","title":{"rendered":"Cala Ratjada"},"content":{"rendered":"\t\t<div data-elementor-type=\"wp-page\" data-elementor-id=\"140602\" class=\"elementor elementor-140602\" data-elementor-post-type=\"page\">\n\t\t\t\t<div class=\"elementor-element elementor-element-2e9ea754 e-flex e-con-boxed e-con e-parent\" data-id=\"2e9ea754\" data-element_type=\"container\">\n\t\t\t\t\t<div class=\"e-con-inner\">\n\t\t\t\t<div class=\"elementor-element elementor-element-3bde5c2b elementor-widget elementor-widget-text-editor\" data-id=\"3bde5c2b\" data-element_type=\"widget\" data-widget_type=\"text-editor.default\">\n\t\t\t\t<div class=\"elementor-widget-container\">\n\t\t\t\t\t\t\t\t\t<p>Cala Ratjada liegt an der \u00e4u\u00dfersten Nordostecke Mallorcas, am Fu\u00dfe einer spitzen Landzunge. Um den urspr\u00fcnglichen, noch immer intakten Fischerhafen herum erweiterte sich der Ort nach S\u00fcden zum kleinen Sandstrand Son Moll und nordwestlich bis zur Cala Guya, die auf mehreren hundert Meter Breite einen von zerkl\u00fcfteter Felsk\u00fcste eingefassten wunderbaren Strand bietet, der in Kiefer bewachsenen D\u00fcnen ausl\u00e4uft.<\/p><p>Noch immer lebt ein Teil der Bewohner vom Fischfang, und so kann man von den um den Hafen liegenden Caf\u00e9s den Bootsbauern beim Reparieren der Schiffe oder den M\u00e4nnern beim Netzflicken zuschauen. Gute Fischrestaurants laden zum Schlemmen ein und auch das Nachtleben kommt nicht zu kurz.<\/p><p>Zwei Wahrzeichen hat der Ort: den Leuchtturm am \u00f6stlichsten Punkt Mallorcas mit einem wundersch\u00f6nen Blick auf den Ort, die K\u00fcstenlandschaft sowie die Berge, hinter denen die Sonne untergeht, und die Villa \u2018Sa Torre Cega\u2019 des Dynastiegr\u00fcnders Juan March. Heute dient sie als Museum und in dem das Geb\u00e4ude umgebenden Landschaftspark finden sich neben vielen Mittelmeergew\u00e4chsen Skulpturen aus Marmor, Granit, Stahl und Kunststoff. K\u00fcnstler wie Henry Moore, Auguste Rodin u.v.a. sind hier mit ihren Arbeiten vertreten.<\/p><p>Die n\u00e4chsten Golfpl\u00e4tze liegen in Entfernungen von 5-20 Minuten.\u00a0<span lang=\"en-US\">Nach Palma und zum Flughafen ben\u00f6tigt man ca. 1 Stunde.<\/span><\/p>\t\t\t\t\t\t\t\t<\/div>\n\t\t\t\t<\/div>\n\t\t\t\t\t<\/div>\n\t\t\t\t<\/div>\n\t\t\t\t<\/div>\n\t\t","protected":false},"excerpt":{"rendered":"<p>Cala Ratjada liegt an der \u00e4u\u00dfersten Nordostecke Mallorcas, am Fu\u00dfe einer spitzen Landzunge. Um den urspr\u00fcnglichen, noch immer intakten Fischerhafen herum erweiterte sich der Ort nach S\u00fcden zum kleinen Sandstrand Son Moll und nordwestlich bis zur Cala Guya, die auf mehreren hundert Meter Breite einen von zerkl\u00fcfteter Felsk\u00fcste eingefassten wunderbaren Strand bietet, der in Kiefer bewachsenen D\u00fcnen ausl\u00e4uft. Noch immer lebt ein Teil der Bewohner vom Fischfang, und so kann man von den um den Hafen liegenden Caf\u00e9s den Bootsbauern beim Reparieren der Schiffe oder den M\u00e4nnern beim Netzflicken zuschauen. Gute Fischrestaurants laden zum Schlemmen ein und auch das Nachtleben kommt nicht zu kurz. Zwei Wahrzeichen hat der Ort: den Leuchtturm am \u00f6stlichsten Punkt Mallorcas mit einem wundersch\u00f6nen Blick auf den Ort, die K\u00fcstenlandschaft sowie die Berge, hinter denen die Sonne untergeht, und die Villa \u2018Sa Torre Cega\u2019 des Dynastiegr\u00fcnders Juan March. Heute dient sie als Museum und in dem das Geb\u00e4ude umgebenden Landschaftspark finden sich neben vielen Mittelmeergew\u00e4chsen Skulpturen aus Marmor, Granit, Stahl und Kunststoff. K\u00fcnstler wie Henry Moore, Auguste Rodin u.v.a. sind hier mit ihren Arbeiten vertreten. Die n\u00e4chsten Golfpl\u00e4tze liegen in Entfernungen von 5-20 Minuten.\u00a0Nach Palma und zum Flughafen ben\u00f6tigt man ca. 1 Stunde.<\/p>\n","protected":false},"author":5,"featured_media":0,"parent":325,"menu_order":0,"comment_status":"closed","ping_status":"closed","template":"","meta":{"_acf_changed":false,"footnotes":""},"categories":[],"tags":[],"class_list":["post-140602","page","type-page","status-publish","hentry"],"acf":[],"yoast_head":"<!-- This site is optimized with the Yoast SEO Premium plugin v24.4 (Yoast SEO v26.8) - https:\/\/yoast.com\/product\/yoast-seo-premium-wordpress\/ -->\n<title>Cala Ratjada - Lucie Hauri | Exclusive Real Estate<\/title>\n<meta name=\"robots\" content=\"index, follow, max-snippet:-1, max-image-preview:large, max-video-preview:-1\" \/>\n<link rel=\"canonical\" href=\"https:\/\/www.lucie-hauri.com\/de\/region\/cala-ratjada\/\" \/>\n<meta property=\"og:locale\" content=\"de_DE\" \/>\n<meta property=\"og:type\" content=\"article\" \/>\n<meta property=\"og:title\" content=\"Cala Ratjada - Lucie Hauri | Exclusive Real Estate\" \/>\n<meta property=\"og:description\" content=\"Cala Ratjada liegt an der \u00e4u\u00dfersten Nordostecke Mallorcas, am Fu\u00dfe einer spitzen Landzunge. Um den urspr\u00fcnglichen, noch immer intakten Fischerhafen herum erweiterte sich der Ort nach S\u00fcden zum kleinen Sandstrand Son Moll und nordwestlich bis zur Cala Guya, die auf mehreren hundert Meter Breite einen von zerkl\u00fcfteter Felsk\u00fcste eingefassten wunderbaren Strand bietet, der in Kiefer bewachsenen D\u00fcnen ausl\u00e4uft. Noch immer lebt ein Teil der Bewohner vom Fischfang, und so kann man von den um den Hafen liegenden Caf\u00e9s den Bootsbauern beim Reparieren der Schiffe oder den M\u00e4nnern beim Netzflicken zuschauen. Gute Fischrestaurants laden zum Schlemmen ein und auch das Nachtleben kommt nicht zu kurz. Zwei Wahrzeichen hat der Ort: den Leuchtturm am \u00f6stlichsten Punkt Mallorcas mit einem wundersch\u00f6nen Blick auf den Ort, die K\u00fcstenlandschaft sowie die Berge, hinter denen die Sonne untergeht, und die Villa \u2018Sa Torre Cega\u2019 des Dynastiegr\u00fcnders Juan March. Heute dient sie als Museum und in dem das Geb\u00e4ude umgebenden Landschaftspark finden sich neben vielen Mittelmeergew\u00e4chsen Skulpturen aus Marmor, Granit, Stahl und Kunststoff. K\u00fcnstler wie Henry Moore, Auguste Rodin u.v.a. sind hier mit ihren Arbeiten vertreten. Die n\u00e4chsten Golfpl\u00e4tze liegen in Entfernungen von 5-20 Minuten.\u00a0Nach Palma und zum Flughafen ben\u00f6tigt man ca. 1 Stunde.\" \/>\n<meta property=\"og:url\" content=\"https:\/\/www.lucie-hauri.com\/de\/region\/cala-ratjada\/\" \/>\n<meta property=\"og:site_name\" content=\"Lucie Hauri | Exclusive Real Estate\" \/>\n<meta property=\"article:modified_time\" content=\"2024-01-20T21:21:29+00:00\" \/>\n<meta name=\"twitter:card\" content=\"summary_large_image\" \/>\n<meta name=\"twitter:label1\" content=\"Gesch\u00e4tzte Lesezeit\" \/>\n\t<meta name=\"twitter:data1\" content=\"2\u00a0Minuten\" \/>\n<script type=\"application\/ld+json\" class=\"yoast-schema-graph\">{\"@context\":\"https:\/\/schema.org\",\"@graph\":[{\"@type\":\"WebPage\",\"@id\":\"https:\/\/www.lucie-hauri.com\/en\/region\/cala-ratjada\/\",\"url\":\"https:\/\/www.lucie-hauri.com\/en\/region\/cala-ratjada\/\",\"name\":\"Cala Ratjada - Lucie Hauri | Exclusive Real Estate\",\"isPartOf\":{\"@id\":\"https:\/\/www.lucie-hauri.com\/en\/#website\"},\"datePublished\":\"2024-01-18T20:36:11+00:00\",\"dateModified\":\"2024-01-20T21:21:29+00:00\",\"breadcrumb\":{\"@id\":\"https:\/\/www.lucie-hauri.com\/en\/region\/cala-ratjada\/#breadcrumb\"},\"inLanguage\":\"de\",\"potentialAction\":[{\"@type\":\"ReadAction\",\"target\":[\"https:\/\/www.lucie-hauri.com\/en\/region\/cala-ratjada\/\"]}]},{\"@type\":\"BreadcrumbList\",\"@id\":\"https:\/\/www.lucie-hauri.com\/en\/region\/cala-ratjada\/#breadcrumb\",\"itemListElement\":[{\"@type\":\"ListItem\",\"position\":1,\"name\":\"Region\",\"item\":\"https:\/\/www.lucie-hauri.com\/en\/region\/\"},{\"@type\":\"ListItem\",\"position\":2,\"name\":\"Cala Ratjada\"}]},{\"@type\":\"WebSite\",\"@id\":\"https:\/\/www.lucie-hauri.com\/en\/#website\",\"url\":\"https:\/\/www.lucie-hauri.com\/en\/\",\"name\":\"Lucie Hauri | Exclusive Real Estate\",\"description\":\"\",\"potentialAction\":[{\"@type\":\"SearchAction\",\"target\":{\"@type\":\"EntryPoint\",\"urlTemplate\":\"https:\/\/www.lucie-hauri.com\/en\/?s={search_term_string}\"},\"query-input\":{\"@type\":\"PropertyValueSpecification\",\"valueRequired\":true,\"valueName\":\"search_term_string\"}}],\"inLanguage\":\"de\"}]}<\/script>\n<!-- \/ Yoast SEO Premium plugin. -->","yoast_head_json":{"title":"Cala Ratjada - Lucie Hauri | Exclusive Real Estate","robots":{"index":"index","follow":"follow","max-snippet":"max-snippet:-1","max-image-preview":"max-image-preview:large","max-video-preview":"max-video-preview:-1"},"canonical":"https:\/\/www.lucie-hauri.com\/de\/region\/cala-ratjada\/","og_locale":"de_DE","og_type":"article","og_title":"Cala Ratjada - Lucie Hauri | Exclusive Real Estate","og_description":"Cala Ratjada liegt an der \u00e4u\u00dfersten Nordostecke Mallorcas, am Fu\u00dfe einer spitzen Landzunge. Um den urspr\u00fcnglichen, noch immer intakten Fischerhafen herum erweiterte sich der Ort nach S\u00fcden zum kleinen Sandstrand Son Moll und nordwestlich bis zur Cala Guya, die auf mehreren hundert Meter Breite einen von zerkl\u00fcfteter Felsk\u00fcste eingefassten wunderbaren Strand bietet, der in Kiefer bewachsenen D\u00fcnen ausl\u00e4uft. Noch immer lebt ein Teil der Bewohner vom Fischfang, und so kann man von den um den Hafen liegenden Caf\u00e9s den Bootsbauern beim Reparieren der Schiffe oder den M\u00e4nnern beim Netzflicken zuschauen. Gute Fischrestaurants laden zum Schlemmen ein und auch das Nachtleben kommt nicht zu kurz. Zwei Wahrzeichen hat der Ort: den Leuchtturm am \u00f6stlichsten Punkt Mallorcas mit einem wundersch\u00f6nen Blick auf den Ort, die K\u00fcstenlandschaft sowie die Berge, hinter denen die Sonne untergeht, und die Villa \u2018Sa Torre Cega\u2019 des Dynastiegr\u00fcnders Juan March. Heute dient sie als Museum und in dem das Geb\u00e4ude umgebenden Landschaftspark finden sich neben vielen Mittelmeergew\u00e4chsen Skulpturen aus Marmor, Granit, Stahl und Kunststoff. K\u00fcnstler wie Henry Moore, Auguste Rodin u.v.a. sind hier mit ihren Arbeiten vertreten. Die n\u00e4chsten Golfpl\u00e4tze liegen in Entfernungen von 5-20 Minuten.\u00a0Nach Palma und zum Flughafen ben\u00f6tigt man ca. 1 Stunde.","og_url":"https:\/\/www.lucie-hauri.com\/de\/region\/cala-ratjada\/","og_site_name":"Lucie Hauri | Exclusive Real Estate","article_modified_time":"2024-01-20T21:21:29+00:00","twitter_card":"summary_large_image","twitter_misc":{"Gesch\u00e4tzte Lesezeit":"2\u00a0Minuten"},"schema":{"@context":"https:\/\/schema.org","@graph":[{"@type":"WebPage","@id":"https:\/\/www.lucie-hauri.com\/en\/region\/cala-ratjada\/","url":"https:\/\/www.lucie-hauri.com\/en\/region\/cala-ratjada\/","name":"Cala Ratjada - Lucie Hauri | Exclusive Real Estate","isPartOf":{"@id":"https:\/\/www.lucie-hauri.com\/en\/#website"},"datePublished":"2024-01-18T20:36:11+00:00","dateModified":"2024-01-20T21:21:29+00:00","breadcrumb":{"@id":"https:\/\/www.lucie-hauri.com\/en\/region\/cala-ratjada\/#breadcrumb"},"inLanguage":"de","potentialAction":[{"@type":"ReadAction","target":["https:\/\/www.lucie-hauri.com\/en\/region\/cala-ratjada\/"]}]},{"@type":"BreadcrumbList","@id":"https:\/\/www.lucie-hauri.com\/en\/region\/cala-ratjada\/#breadcrumb","itemListElement":[{"@type":"ListItem","position":1,"name":"Region","item":"https:\/\/www.lucie-hauri.com\/en\/region\/"},{"@type":"ListItem","position":2,"name":"Cala Ratjada"}]},{"@type":"WebSite","@id":"https:\/\/www.lucie-hauri.com\/en\/#website","url":"https:\/\/www.lucie-hauri.com\/en\/","name":"Lucie Hauri | Exclusive Real Estate","description":"","potentialAction":[{"@type":"SearchAction","target":{"@type":"EntryPoint","urlTemplate":"https:\/\/www.lucie-hauri.com\/en\/?s={search_term_string}"},"query-input":{"@type":"PropertyValueSpecification","valueRequired":true,"valueName":"search_term_string"}}],"inLanguage":"de"}]}},"_links":{"self":[{"href":"https:\/\/www.lucie-hauri.com\/de\/wp-json\/wp\/v2\/pages\/140602","targetHints":{"allow":["GET"]}}],"collection":[{"href":"https:\/\/www.lucie-hauri.com\/de\/wp-json\/wp\/v2\/pages"}],"about":[{"href":"https:\/\/www.lucie-hauri.com\/de\/wp-json\/wp\/v2\/types\/page"}],"author":[{"embeddable":true,"href":"https:\/\/www.lucie-hauri.com\/de\/wp-json\/wp\/v2\/users\/5"}],"replies":[{"embeddable":true,"href":"https:\/\/www.lucie-hauri.com\/de\/wp-json\/wp\/v2\/comments?post=140602"}],"version-history":[{"count":0,"href":"https:\/\/www.lucie-hauri.com\/de\/wp-json\/wp\/v2\/pages\/140602\/revisions"}],"up":[{"embeddable":true,"href":"https:\/\/www.lucie-hauri.com\/de\/wp-json\/wp\/v2\/pages\/325"}],"wp:attachment":[{"href":"https:\/\/www.lucie-hauri.com\/de\/wp-json\/wp\/v2\/media?parent=140602"}],"wp:term":[{"taxonomy":"category","embeddable":true,"href":"https:\/\/www.lucie-hauri.com\/de\/wp-json\/wp\/v2\/categories?post=140602"},{"taxonomy":"post_tag","embeddable":true,"href":"https:\/\/www.lucie-hauri.com\/de\/wp-json\/wp\/v2\/tags?post=140602"}],"curies":[{"name":"wp","href":"https:\/\/api.w.org\/{rel}","templated":true}]}}