{"id":134051,"date":"2023-12-13T09:54:38","date_gmt":"2023-12-13T09:54:38","guid":{"rendered":"https:\/\/lucie-hauri.hostpress.me\/?page_id=134051"},"modified":"2024-04-16T17:51:18","modified_gmt":"2024-04-16T16:51:18","slug":"alqueria-blanca","status":"publish","type":"page","link":"https:\/\/www.lucie-hauri.com\/de\/region\/alqueria-blanca\/","title":{"rendered":"Alquer\u00eda Blanca"},"content":{"rendered":"\t\t<div data-elementor-type=\"wp-page\" data-elementor-id=\"134051\" class=\"elementor elementor-134051\" data-elementor-post-type=\"page\">\n\t\t\t\t<div class=\"elementor-element elementor-element-2e9ea754 e-flex e-con-boxed e-con e-parent\" data-id=\"2e9ea754\" data-element_type=\"container\">\n\t\t\t\t\t<div class=\"e-con-inner\">\n\t\t\t\t<div class=\"elementor-element elementor-element-3bde5c2b elementor-widget elementor-widget-text-editor\" data-id=\"3bde5c2b\" data-element_type=\"widget\" data-widget_type=\"text-editor.default\">\n\t\t\t\t<div class=\"elementor-widget-container\">\n\t\t\t\t\t\t\t\t\t<p>Alquer\u00eda Blanca ist ein sehr sympathisches Dorf, das aufgrund seines Charmes und seiner freundlichen Einwohner ein gern besuchter Ort ist. Um die kleine \u2018Plaza\u2019 herum formieren sich Bars und Restaurants, kleine Gesch\u00e4fte und auch das Immobilienb\u00fcro Lucie Hauri.<\/p><p>Auf dem Wochenmarkt, der dienstags auf der Plaza stattfindet, wird neben frischem Obst und Gem\u00fcse auch allerlei f\u00fcr den Haushalt angeboten.<\/p>\t\t\t\t\t\t\t\t<\/div>\n\t\t\t\t<\/div>\n\t\t\t\t\t<\/div>\n\t\t\t\t<\/div>\n\t\t<div class=\"elementor-element elementor-element-25c96c16 e-flex e-con-boxed e-con e-parent\" data-id=\"25c96c16\" data-element_type=\"container\">\n\t\t\t\t\t<div class=\"e-con-inner\">\n\t\t\t\t<div class=\"elementor-element elementor-element-42e120f7 elementor-arrows-position-inside elementor-pagination-position-outside elementor-widget elementor-widget-image-carousel\" data-id=\"42e120f7\" data-element_type=\"widget\" data-settings=\"{&quot;image_spacing_custom&quot;:{&quot;unit&quot;:&quot;px&quot;,&quot;size&quot;:15,&quot;sizes&quot;:[]},&quot;slides_to_show&quot;:&quot;3&quot;,&quot;navigation&quot;:&quot;both&quot;,&quot;autoplay&quot;:&quot;yes&quot;,&quot;pause_on_hover&quot;:&quot;yes&quot;,&quot;pause_on_interaction&quot;:&quot;yes&quot;,&quot;autoplay_speed&quot;:5000,&quot;infinite&quot;:&quot;yes&quot;,&quot;speed&quot;:500,&quot;image_spacing_custom_tablet&quot;:{&quot;unit&quot;:&quot;px&quot;,&quot;size&quot;:&quot;&quot;,&quot;sizes&quot;:[]},&quot;image_spacing_custom_mobile&quot;:{&quot;unit&quot;:&quot;px&quot;,&quot;size&quot;:&quot;&quot;,&quot;sizes&quot;:[]}}\" data-widget_type=\"image-carousel.default\">\n\t\t\t\t<div class=\"elementor-widget-container\">\n\t\t\t\t\t\t\t<div class=\"elementor-image-carousel-wrapper swiper\" role=\"region\" aria-roledescription=\"carousel\" aria-label=\"Bild Karussell\" dir=\"ltr\">\n\t\t\t<div class=\"elementor-image-carousel swiper-wrapper\" aria-live=\"off\">\n\t\t\t\t\t\t\t\t<div class=\"swiper-slide\" role=\"group\" aria-roledescription=\"slide\" aria-label=\"1 von 3\"><a data-elementor-open-lightbox=\"yes\" data-elementor-lightbox-slideshow=\"42e120f7\" data-e-action-hash=\"#elementor-action%3Aaction%3Dlightbox%26settings%3DeyJpZCI6MTU2NTkxLCJ1cmwiOiJodHRwczpcL1wvd3d3Lmx1Y2llLWhhdXJpLmNvbVwvd3AtY29udGVudFwvdXBsb2Fkc1wvMjAyNFwvMDRcL0FscXVlcmlhLUJsYW5jYV8xLmpwZyIsInNsaWRlc2hvdyI6IjQyZTEyMGY3In0%3D\" href=\"https:\/\/www.lucie-hauri.com\/wp-content\/uploads\/2024\/04\/Alqueria-Blanca_1.jpg\"><figure class=\"swiper-slide-inner\"><img decoding=\"async\" class=\"swiper-slide-image\" src=\"https:\/\/www.lucie-hauri.com\/wp-content\/uploads\/elementor\/thumbs\/Alqueria-Blanca_1-qmsy0lj9p5rhv4x2nzhxdx09imi9j9c74eyyfmbj2u.jpg\" alt=\"\" \/><\/figure><\/a><\/div><div class=\"swiper-slide\" role=\"group\" aria-roledescription=\"slide\" aria-label=\"2 von 3\"><a data-elementor-open-lightbox=\"yes\" data-elementor-lightbox-slideshow=\"42e120f7\" data-e-action-hash=\"#elementor-action%3Aaction%3Dlightbox%26settings%3DeyJpZCI6MTU2NTkwLCJ1cmwiOiJodHRwczpcL1wvd3d3Lmx1Y2llLWhhdXJpLmNvbVwvd3AtY29udGVudFwvdXBsb2Fkc1wvMjAyNFwvMDRcL0FscXVlcmlhLUJsYW5jYV8yLmpwZyIsInNsaWRlc2hvdyI6IjQyZTEyMGY3In0%3D\" href=\"https:\/\/www.lucie-hauri.com\/wp-content\/uploads\/2024\/04\/Alqueria-Blanca_2.jpg\"><figure class=\"swiper-slide-inner\"><img decoding=\"async\" class=\"swiper-slide-image\" src=\"https:\/\/www.lucie-hauri.com\/wp-content\/uploads\/elementor\/thumbs\/Alqueria-Blanca_2-qmsy0jnlbhox7wzsyyoo8xhcburj3v4qg5nzh2ebfa.jpg\" alt=\"\" \/><\/figure><\/a><\/div><div class=\"swiper-slide\" role=\"group\" aria-roledescription=\"slide\" aria-label=\"3 von 3\"><a data-elementor-open-lightbox=\"yes\" data-elementor-lightbox-slideshow=\"42e120f7\" data-e-action-hash=\"#elementor-action%3Aaction%3Dlightbox%26settings%3DeyJpZCI6MTU2NTg5LCJ1cmwiOiJodHRwczpcL1wvd3d3Lmx1Y2llLWhhdXJpLmNvbVwvd3AtY29udGVudFwvdXBsb2Fkc1wvMjAyNFwvMDRcL0FscXVlcmlhLUJsYW5jYV8zLmpwZyIsInNsaWRlc2hvdyI6IjQyZTEyMGY3In0%3D\" href=\"https:\/\/www.lucie-hauri.com\/wp-content\/uploads\/2024\/04\/Alqueria-Blanca_3.jpg\"><figure class=\"swiper-slide-inner\"><img decoding=\"async\" class=\"swiper-slide-image\" src=\"https:\/\/www.lucie-hauri.com\/wp-content\/uploads\/elementor\/thumbs\/Alqueria-Blanca_3-qmsy0hrwxtmckp2j9xvf3xyf530sogx9rwd0iih3rq.jpg\" alt=\"\" \/><\/figure><\/a><\/div>\t\t\t<\/div>\n\t\t\t\t\t\t\t\t\t\t\t\t<div class=\"elementor-swiper-button elementor-swiper-button-prev\" role=\"button\" tabindex=\"0\">\n\t\t\t\t\t\t<i aria-hidden=\"true\" class=\"eicon-chevron-left\"><\/i>\t\t\t\t\t<\/div>\n\t\t\t\t\t<div class=\"elementor-swiper-button elementor-swiper-button-next\" role=\"button\" tabindex=\"0\">\n\t\t\t\t\t\t<i aria-hidden=\"true\" class=\"eicon-chevron-right\"><\/i>\t\t\t\t\t<\/div>\n\t\t\t\t\n\t\t\t\t\t\t\t\t\t<div class=\"swiper-pagination\"><\/div>\n\t\t\t\t\t\t\t\t\t<\/div>\n\t\t\t\t\t\t<\/div>\n\t\t\t\t<\/div>\n\t\t\t\t<div class=\"elementor-element elementor-element-55f22867 elementor-widget elementor-widget-text-editor\" data-id=\"55f22867\" data-element_type=\"widget\" data-widget_type=\"text-editor.default\">\n\t\t\t\t<div class=\"elementor-widget-container\">\n\t\t\t\t\t\t\t\t\t<p>Von Alquer\u00eda Blanca f\u00fchrt eine Stra\u00dfe direkt zur wundersch\u00f6nen Mondrag\u00f3-Bucht.<\/p><p>Sowohl Santany\u00ed wie auch Porto Petro sind in 5 Minuten zu erreichen, der 18-Loch Golfplatz Vall d\u2019Or in ca. 10 Minuten. Palma und der internationale Flughafen sind nur ca. 45 Minuten entfernt.<\/p>\t\t\t\t\t\t\t\t<\/div>\n\t\t\t\t<\/div>\n\t\t\t\t\t<\/div>\n\t\t\t\t<\/div>\n\t\t\t\t<\/div>\n\t\t","protected":false},"excerpt":{"rendered":"<p>Alquer\u00eda Blanca ist ein sehr sympathisches Dorf, das aufgrund seines Charmes und seiner freundlichen Einwohner ein gern besuchter Ort ist. Um die kleine \u2018Plaza\u2019 herum formieren sich Bars und Restaurants, kleine Gesch\u00e4fte und auch das Immobilienb\u00fcro Lucie Hauri. Auf dem Wochenmarkt, der dienstags auf der Plaza stattfindet, wird neben frischem Obst und Gem\u00fcse auch allerlei f\u00fcr den Haushalt angeboten. Von Alquer\u00eda Blanca f\u00fchrt eine Stra\u00dfe direkt zur wundersch\u00f6nen Mondrag\u00f3-Bucht. Sowohl Santany\u00ed wie auch Porto Petro sind in 5 Minuten zu erreichen, der 18-Loch Golfplatz Vall d\u2019Or in ca. 10 Minuten. Palma und der internationale Flughafen sind nur ca. 45 Minuten entfernt.<\/p>\n","protected":false},"author":5,"featured_media":156595,"parent":325,"menu_order":0,"comment_status":"closed","ping_status":"closed","template":"","meta":{"_acf_changed":false,"footnotes":""},"categories":[],"tags":[],"class_list":["post-134051","page","type-page","status-publish","has-post-thumbnail","hentry"],"acf":[],"yoast_head":"<!-- This site is optimized with the Yoast SEO Premium plugin v24.4 (Yoast SEO v26.8) - https:\/\/yoast.com\/product\/yoast-seo-premium-wordpress\/ -->\n<title>Alquer\u00eda Blanca - Lucie Hauri | Exclusive Real Estate<\/title>\n<meta name=\"robots\" content=\"index, follow, max-snippet:-1, max-image-preview:large, max-video-preview:-1\" \/>\n<link rel=\"canonical\" href=\"https:\/\/www.lucie-hauri.com\/de\/region\/alqueria-blanca\/\" \/>\n<meta property=\"og:locale\" content=\"de_DE\" \/>\n<meta property=\"og:type\" content=\"article\" \/>\n<meta property=\"og:title\" content=\"Alquer\u00eda Blanca - Lucie Hauri | Exclusive Real Estate\" \/>\n<meta property=\"og:description\" content=\"Alquer\u00eda Blanca ist ein sehr sympathisches Dorf, das aufgrund seines Charmes und seiner freundlichen Einwohner ein gern besuchter Ort ist. Um die kleine \u2018Plaza\u2019 herum formieren sich Bars und Restaurants, kleine Gesch\u00e4fte und auch das Immobilienb\u00fcro Lucie Hauri. Auf dem Wochenmarkt, der dienstags auf der Plaza stattfindet, wird neben frischem Obst und Gem\u00fcse auch allerlei f\u00fcr den Haushalt angeboten. Von Alquer\u00eda Blanca f\u00fchrt eine Stra\u00dfe direkt zur wundersch\u00f6nen Mondrag\u00f3-Bucht. Sowohl Santany\u00ed wie auch Porto Petro sind in 5 Minuten zu erreichen, der 18-Loch Golfplatz Vall d\u2019Or in ca. 10 Minuten. Palma und der internationale Flughafen sind nur ca. 45 Minuten entfernt.\" \/>\n<meta property=\"og:url\" content=\"https:\/\/www.lucie-hauri.com\/de\/region\/alqueria-blanca\/\" \/>\n<meta property=\"og:site_name\" content=\"Lucie Hauri | Exclusive Real Estate\" \/>\n<meta property=\"article:modified_time\" content=\"2024-04-16T16:51:18+00:00\" \/>\n<meta property=\"og:image\" content=\"https:\/\/www.lucie-hauri.com\/wp-content\/uploads\/2024\/04\/Alqueria-Blanca_oben-e1461439871226.jpg\" \/>\n\t<meta property=\"og:image:width\" content=\"950\" \/>\n\t<meta property=\"og:image:height\" content=\"353\" \/>\n\t<meta property=\"og:image:type\" content=\"image\/jpeg\" \/>\n<meta name=\"twitter:card\" content=\"summary_large_image\" \/>\n<meta name=\"twitter:label1\" content=\"Gesch\u00e4tzte Lesezeit\" \/>\n\t<meta name=\"twitter:data1\" content=\"2\u00a0Minuten\" \/>\n<script type=\"application\/ld+json\" class=\"yoast-schema-graph\">{\"@context\":\"https:\/\/schema.org\",\"@graph\":[{\"@type\":\"WebPage\",\"@id\":\"https:\/\/www.lucie-hauri.com\/es\/region\/alqueria-blanca\/\",\"url\":\"https:\/\/www.lucie-hauri.com\/es\/region\/alqueria-blanca\/\",\"name\":\"Alquer\u00eda Blanca - Lucie Hauri | Exclusive Real Estate\",\"isPartOf\":{\"@id\":\"https:\/\/www.lucie-hauri.com\/en\/#website\"},\"primaryImageOfPage\":{\"@id\":\"https:\/\/www.lucie-hauri.com\/es\/region\/alqueria-blanca\/#primaryimage\"},\"image\":{\"@id\":\"https:\/\/www.lucie-hauri.com\/es\/region\/alqueria-blanca\/#primaryimage\"},\"thumbnailUrl\":\"https:\/\/www.lucie-hauri.com\/wp-content\/uploads\/2024\/04\/Alqueria-Blanca_oben-e1461439871226.jpg\",\"datePublished\":\"2023-12-13T09:54:38+00:00\",\"dateModified\":\"2024-04-16T16:51:18+00:00\",\"breadcrumb\":{\"@id\":\"https:\/\/www.lucie-hauri.com\/es\/region\/alqueria-blanca\/#breadcrumb\"},\"inLanguage\":\"de\",\"potentialAction\":[{\"@type\":\"ReadAction\",\"target\":[\"https:\/\/www.lucie-hauri.com\/es\/region\/alqueria-blanca\/\"]}]},{\"@type\":\"ImageObject\",\"inLanguage\":\"de\",\"@id\":\"https:\/\/www.lucie-hauri.com\/es\/region\/alqueria-blanca\/#primaryimage\",\"url\":\"https:\/\/www.lucie-hauri.com\/wp-content\/uploads\/2024\/04\/Alqueria-Blanca_oben-e1461439871226.jpg\",\"contentUrl\":\"https:\/\/www.lucie-hauri.com\/wp-content\/uploads\/2024\/04\/Alqueria-Blanca_oben-e1461439871226.jpg\",\"width\":950,\"height\":353},{\"@type\":\"BreadcrumbList\",\"@id\":\"https:\/\/www.lucie-hauri.com\/es\/region\/alqueria-blanca\/#breadcrumb\",\"itemListElement\":[{\"@type\":\"ListItem\",\"position\":1,\"name\":\"Region\",\"item\":\"https:\/\/www.lucie-hauri.com\/en\/region\/\"},{\"@type\":\"ListItem\",\"position\":2,\"name\":\"Alquer\u00eda Blanca\"}]},{\"@type\":\"WebSite\",\"@id\":\"https:\/\/www.lucie-hauri.com\/en\/#website\",\"url\":\"https:\/\/www.lucie-hauri.com\/en\/\",\"name\":\"Lucie Hauri | Exclusive Real Estate\",\"description\":\"\",\"potentialAction\":[{\"@type\":\"SearchAction\",\"target\":{\"@type\":\"EntryPoint\",\"urlTemplate\":\"https:\/\/www.lucie-hauri.com\/en\/?s={search_term_string}\"},\"query-input\":{\"@type\":\"PropertyValueSpecification\",\"valueRequired\":true,\"valueName\":\"search_term_string\"}}],\"inLanguage\":\"de\"}]}<\/script>\n<!-- \/ Yoast SEO Premium plugin. -->","yoast_head_json":{"title":"Alquer\u00eda Blanca - Lucie Hauri | Exclusive Real Estate","robots":{"index":"index","follow":"follow","max-snippet":"max-snippet:-1","max-image-preview":"max-image-preview:large","max-video-preview":"max-video-preview:-1"},"canonical":"https:\/\/www.lucie-hauri.com\/de\/region\/alqueria-blanca\/","og_locale":"de_DE","og_type":"article","og_title":"Alquer\u00eda Blanca - Lucie Hauri | Exclusive Real Estate","og_description":"Alquer\u00eda Blanca ist ein sehr sympathisches Dorf, das aufgrund seines Charmes und seiner freundlichen Einwohner ein gern besuchter Ort ist. Um die kleine \u2018Plaza\u2019 herum formieren sich Bars und Restaurants, kleine Gesch\u00e4fte und auch das Immobilienb\u00fcro Lucie Hauri. Auf dem Wochenmarkt, der dienstags auf der Plaza stattfindet, wird neben frischem Obst und Gem\u00fcse auch allerlei f\u00fcr den Haushalt angeboten. Von Alquer\u00eda Blanca f\u00fchrt eine Stra\u00dfe direkt zur wundersch\u00f6nen Mondrag\u00f3-Bucht. Sowohl Santany\u00ed wie auch Porto Petro sind in 5 Minuten zu erreichen, der 18-Loch Golfplatz Vall d\u2019Or in ca. 10 Minuten. Palma und der internationale Flughafen sind nur ca. 45 Minuten entfernt.","og_url":"https:\/\/www.lucie-hauri.com\/de\/region\/alqueria-blanca\/","og_site_name":"Lucie Hauri | Exclusive Real Estate","article_modified_time":"2024-04-16T16:51:18+00:00","og_image":[{"width":950,"height":353,"url":"https:\/\/www.lucie-hauri.com\/wp-content\/uploads\/2024\/04\/Alqueria-Blanca_oben-e1461439871226.jpg","type":"image\/jpeg"}],"twitter_card":"summary_large_image","twitter_misc":{"Gesch\u00e4tzte Lesezeit":"2\u00a0Minuten"},"schema":{"@context":"https:\/\/schema.org","@graph":[{"@type":"WebPage","@id":"https:\/\/www.lucie-hauri.com\/es\/region\/alqueria-blanca\/","url":"https:\/\/www.lucie-hauri.com\/es\/region\/alqueria-blanca\/","name":"Alquer\u00eda Blanca - Lucie Hauri | Exclusive Real Estate","isPartOf":{"@id":"https:\/\/www.lucie-hauri.com\/en\/#website"},"primaryImageOfPage":{"@id":"https:\/\/www.lucie-hauri.com\/es\/region\/alqueria-blanca\/#primaryimage"},"image":{"@id":"https:\/\/www.lucie-hauri.com\/es\/region\/alqueria-blanca\/#primaryimage"},"thumbnailUrl":"https:\/\/www.lucie-hauri.com\/wp-content\/uploads\/2024\/04\/Alqueria-Blanca_oben-e1461439871226.jpg","datePublished":"2023-12-13T09:54:38+00:00","dateModified":"2024-04-16T16:51:18+00:00","breadcrumb":{"@id":"https:\/\/www.lucie-hauri.com\/es\/region\/alqueria-blanca\/#breadcrumb"},"inLanguage":"de","potentialAction":[{"@type":"ReadAction","target":["https:\/\/www.lucie-hauri.com\/es\/region\/alqueria-blanca\/"]}]},{"@type":"ImageObject","inLanguage":"de","@id":"https:\/\/www.lucie-hauri.com\/es\/region\/alqueria-blanca\/#primaryimage","url":"https:\/\/www.lucie-hauri.com\/wp-content\/uploads\/2024\/04\/Alqueria-Blanca_oben-e1461439871226.jpg","contentUrl":"https:\/\/www.lucie-hauri.com\/wp-content\/uploads\/2024\/04\/Alqueria-Blanca_oben-e1461439871226.jpg","width":950,"height":353},{"@type":"BreadcrumbList","@id":"https:\/\/www.lucie-hauri.com\/es\/region\/alqueria-blanca\/#breadcrumb","itemListElement":[{"@type":"ListItem","position":1,"name":"Region","item":"https:\/\/www.lucie-hauri.com\/en\/region\/"},{"@type":"ListItem","position":2,"name":"Alquer\u00eda Blanca"}]},{"@type":"WebSite","@id":"https:\/\/www.lucie-hauri.com\/en\/#website","url":"https:\/\/www.lucie-hauri.com\/en\/","name":"Lucie Hauri | Exclusive Real Estate","description":"","potentialAction":[{"@type":"SearchAction","target":{"@type":"EntryPoint","urlTemplate":"https:\/\/www.lucie-hauri.com\/en\/?s={search_term_string}"},"query-input":{"@type":"PropertyValueSpecification","valueRequired":true,"valueName":"search_term_string"}}],"inLanguage":"de"}]}},"_links":{"self":[{"href":"https:\/\/www.lucie-hauri.com\/de\/wp-json\/wp\/v2\/pages\/134051","targetHints":{"allow":["GET"]}}],"collection":[{"href":"https:\/\/www.lucie-hauri.com\/de\/wp-json\/wp\/v2\/pages"}],"about":[{"href":"https:\/\/www.lucie-hauri.com\/de\/wp-json\/wp\/v2\/types\/page"}],"author":[{"embeddable":true,"href":"https:\/\/www.lucie-hauri.com\/de\/wp-json\/wp\/v2\/users\/5"}],"replies":[{"embeddable":true,"href":"https:\/\/www.lucie-hauri.com\/de\/wp-json\/wp\/v2\/comments?post=134051"}],"version-history":[{"count":0,"href":"https:\/\/www.lucie-hauri.com\/de\/wp-json\/wp\/v2\/pages\/134051\/revisions"}],"up":[{"embeddable":true,"href":"https:\/\/www.lucie-hauri.com\/de\/wp-json\/wp\/v2\/pages\/325"}],"wp:featuredmedia":[{"embeddable":true,"href":"https:\/\/www.lucie-hauri.com\/de\/wp-json\/wp\/v2\/media\/156595"}],"wp:attachment":[{"href":"https:\/\/www.lucie-hauri.com\/de\/wp-json\/wp\/v2\/media?parent=134051"}],"wp:term":[{"taxonomy":"category","embeddable":true,"href":"https:\/\/www.lucie-hauri.com\/de\/wp-json\/wp\/v2\/categories?post=134051"},{"taxonomy":"post_tag","embeddable":true,"href":"https:\/\/www.lucie-hauri.com\/de\/wp-json\/wp\/v2\/tags?post=134051"}],"curies":[{"name":"wp","href":"https:\/\/api.w.org\/{rel}","templated":true}]}}